{"id":13694,"date":"2025-10-11T20:53:22","date_gmt":"2025-10-11T12:53:22","guid":{"rendered":"https:\/\/green-grasshopper-921422.hostingersite.com\/?post_type=product&#038;p=13694"},"modified":"2026-01-19T22:07:38","modified_gmt":"2026-01-19T14:07:38","slug":"fihp-9000-puffs-rgb-light-vape","status":"publish","type":"product","link":"https:\/\/agoravape.com\/pt\/product\/fihp-9000-puffs-rgb-light-vape\/","title":{"rendered":"FIHP 9000 Puffs RGB Light Vape | Vaporiza\u00e7\u00e3o descart\u00e1vel com dura\u00e7\u00e3o prolongada e recarga simples"},"content":{"rendered":"<h2 data-v-md-heading=\"what-are-the-highlights-of-the-fihp-9000-rgb-disposable-vape\" data-v-md-line=\"3\">Quais s\u00e3o os destaques do vape descart\u00e1vel FIHP 9000 RGB?<\/h2>\n<p data-v-md-line=\"4\">Se est\u00e1 cansado de vaporizadores descart\u00e1veis e de os utilizar rapidamente de cada vez, ent\u00e3o este vape facilitar\u00e1 a sua vida. O FIHP 9000 vape pode fornecer uma capacidade m\u00e1xima de 9000 baforadas por unidade, e a sua bobina de malha absorve o \u00f3leo suavemente, mantendo a del\u00edcia do in\u00edcio ao fim. Adopta um design de ativa\u00e7\u00e3o de absor\u00e7\u00e3o de \u00f3leo, sem necessidade de bot\u00f5es complicados ou opera\u00e7\u00f5es de menu.<\/p>\n<p data-v-md-line=\"6\">\u00c9 adequado para qualquer pessoa que pretenda uma utiliza\u00e7\u00e3o di\u00e1ria f\u00e1cil e uma durabilidade duradoura. Al\u00e9m disso, est\u00e1 equipado com uma interessante luz RGB que pisca quando est\u00e1 a absorver \u00f3leo, acrescentando personalidade sem atrapalhar. Pode pensar-se que este vape com uma capacidade t\u00e3o grande pode parecer volumoso, mas \u00e9 um vape de bolso simples e f\u00e1cil de utilizar que \u00e9 conveniente para transportar.<\/p>\n<h2 data-v-md-heading=\"excellent-performance-easy-and-convenient\" data-v-md-line=\"8\">Excelente desempenho, f\u00e1cil e pr\u00e1tico<\/h2>\n<p data-v-md-line=\"9\">O n\u00facleo de atomiza\u00e7\u00e3o em malha de 1,0 \u03a9 garante um aquecimento uniforme e evita a perda de sabor a meio do percurso. Uma bateria recarreg\u00e1vel de 650 mAh permite-lhe consumir at\u00e9 18 mililitros de e-l\u00edquido. Quando a bateria est\u00e1 fraca, pode reabastec\u00ea-la atrav\u00e9s da interface Tipo C. Esta pode ser a mesma do cabo de dados do seu telem\u00f3vel. F\u00e1cil de utilizar.<\/p>\n<h2 data-v-md-heading=\"specification-overview\" data-v-md-line=\"11\">Vis\u00e3o geral das especifica\u00e7\u00f5es<\/h2>\n<ul data-v-md-line=\"12\">\n<li>Frequ\u00eancia de suc\u00e7\u00e3o: at\u00e9 9000 vezes<\/li>\n<li>Teor de nicotina: 2% ou 5% (opcional para marcas pr\u00f3prias)<\/li>\n<li>Princ\u00edpio de funcionamento: Ativado por inala\u00e7\u00e3o<\/li>\n<li>Charging: Standard Type-C USB interface<\/li>\n<li>Status: Pronto para usar assim que sai da caixa<\/li>\n<\/ul>\n<h2 data-v-md-heading=\"to-create-for-you-and-your-business\" data-v-md-line=\"18\">Para criar algo para voc\u00ea e para o seu neg\u00f3cio.<\/h2>\n<p data-v-md-line=\"19\">Pode adquirir um dispositivo para utiliza\u00e7\u00e3o di\u00e1ria ou fazer um stock para a sua loja. Oferecemos embalagens por grosso de 200 unidades por caixa para simplificar o invent\u00e1rio e manter as margens de lucro. Cada caixa principal pesa aproximadamente 21 quilogramas, pelo que pode planear facilmente o seu armazenamento.<\/p>\n<p data-v-md-line=\"21\">Trabalhamos com parceiros de confian\u00e7a, como a UPS, a DPD e a DHL, para fornecer servi\u00e7os de entrega DDP em toda a Europa, garantindo uma entrega r\u00e1pida da sua encomenda, um tratamento adequado dos direitos aduaneiros e evitando acidentes aduaneiros. Invent\u00e1rio aut\u00eantico, facturas claras e entrega sem problemas.<\/p>\n<h2 data-v-md-heading=\"why-do-you-like-it\" data-v-md-line=\"23\">Por que voc\u00ea gosta disso?<\/h2>\n<ul data-v-md-line=\"24\">\n<li>Suc\u00e7\u00e3o maci\u00e7a: reduz o n\u00famero de recargas e minimiza a repeti\u00e7\u00e3o de compras.<\/li>\n<li>Sele\u00e7\u00e3o da nicotina: Escolha a concentra\u00e7\u00e3o de nicotina que se adapta ao seu cliente ou aos seus h\u00e1bitos pessoais.<\/li>\n<li>Recarreg\u00e1vel: Utiliza cada gota de e-l\u00edquido que compra.<\/li>\n<li>Bobina de malha: Sabor consistente, desde a primeira at\u00e9 \u00e0 \u00faltima dentada, proporcionando uma experi\u00eancia satisfat\u00f3ria.<\/li>\n<\/ul>\n<h2 data-v-md-heading=\"why-choose-agoravape\" data-v-md-line=\"29\">Por que escolher a AgoraVape?<\/h2>\n<p data-v-md-line=\"30\">Apenas compramos produtos genu\u00ednos 100% e somos respons\u00e1veis pelos produtos que vendemos. Como um dos distribuidores de vape de confian\u00e7a na Europa, pode desfrutar de pre\u00e7os de atacado com desconto, suporte amig\u00e1vel e servi\u00e7os de entrega r\u00e1pida DDP ao comprar vapes descart\u00e1veis FIHP 9000 Puffs RGB Light. Deseja comprar um dispositivo que os clientes costumam comprar de volta? Vamos falar sobre isso.<\/p>\n<p><script src=\"chrome-extension:\/\/fpelahbljekknahkcaegamhcndkfpfnc\/iFrame.js\" type=\"text\/javascript\"><\/script><\/p>","protected":false},"excerpt":{"rendered":"<p>&nbsp;<\/p>\n<p><script src=\"chrome-extension:\/\/fpelahbljekknahkcaegamhcndkfpfnc\/iFrame.js\" type=\"text\/javascript\"><\/script><\/p>\n<p><script src=\"chrome-extension:\/\/fpelahbljekknahkcaegamhcndkfpfnc\/iFrame.js\" type=\"text\/javascript\"><\/script><\/p>","protected":false},"featured_media":13716,"comment_status":"open","ping_status":"closed","template":"","meta":[],"product_brand":[209],"product_cat":[124,185,189,176,136,174,175,193,191,173,186,180,190],"product_tag":[],"class_list":{"0":"post-13694","1":"product","2":"type-product","3":"status-publish","4":"has-post-thumbnail","6":"product_brand-fihp","7":"product_cat-vape-by-brand","8":"product_cat-10000-puffs-high-capacity","9":"product_cat-20mg-standard-nicotine-vapes","10":"product_cat-beverage","11":"product_cat-fihp","12":"product_cat-fruit-flavors","13":"product_cat-icy-mint","14":"product_cat-mesh-coil","15":"product_cat-rechargeable-disposables","16":"product_cat-vape-by-flavor-profile","17":"product_cat-vape-by-nicotine-strength","18":"product_cat-vape-by-puff-count","19":"product_cat-vape-by-feature-or-type","21":"first","22":"onbackorder","23":"shipping-taxable","24":"purchasable","25":"product-type-variable","26":"has-default-attributes"},"tiered_pricing_type":"percentage","tiered_pricing_fixed_rules":[],"tiered_pricing_product_settings":{"layout":"default","base_unit_name":{"singular":null,"plural":null},"default_variation":null},"tiered_pricing_minimum_quantity":10,"tiered_pricing_roles_data":[],"tiered_pricing_percentage_rules":{"50":"35","100":"40","200":"44","500":"47","1000":"49"},"tiered_pricing_maximum_quantity":null,"tiered_pricing_quantity_step":"10","_links":{"self":[{"href":"https:\/\/agoravape.com\/pt\/wp-json\/wp\/v2\/product\/13694","targetHints":{"allow":["GET"]}}],"collection":[{"href":"https:\/\/agoravape.com\/pt\/wp-json\/wp\/v2\/product"}],"about":[{"href":"https:\/\/agoravape.com\/pt\/wp-json\/wp\/v2\/types\/product"}],"replies":[{"embeddable":true,"href":"https:\/\/agoravape.com\/pt\/wp-json\/wp\/v2\/comments?post=13694"}],"version-history":[{"count":0,"href":"https:\/\/agoravape.com\/pt\/wp-json\/wp\/v2\/product\/13694\/revisions"}],"wp:featuredmedia":[{"embeddable":true,"href":"https:\/\/agoravape.com\/pt\/wp-json\/wp\/v2\/media\/13716"}],"wp:attachment":[{"href":"https:\/\/agoravape.com\/pt\/wp-json\/wp\/v2\/media?parent=13694"}],"wp:term":[{"taxonomy":"product_brand","embeddable":true,"href":"https:\/\/agoravape.com\/pt\/wp-json\/wp\/v2\/product_brand?post=13694"},{"taxonomy":"product_cat","embeddable":true,"href":"https:\/\/agoravape.com\/pt\/wp-json\/wp\/v2\/product_cat?post=13694"},{"taxonomy":"product_tag","embeddable":true,"href":"https:\/\/agoravape.com\/pt\/wp-json\/wp\/v2\/product_tag?post=13694"}],"curies":[{"name":"wp","href":"https:\/\/api.w.org\/{rel}","templated":true}]}}