{"id":13732,"date":"2025-10-11T21:10:03","date_gmt":"2025-10-11T13:10:03","guid":{"rendered":"https:\/\/green-grasshopper-921422.hostingersite.com\/?post_type=product&#038;p=13732"},"modified":"2026-01-19T22:07:30","modified_gmt":"2026-01-19T14:07:30","slug":"fihp-12000-puffs-display-led-vape","status":"publish","type":"product","link":"https:\/\/agoravape.com\/pt\/product\/fihp-12000-puffs-led-display-vape\/","title":{"rendered":"FIHP 12000 Puffs LED Display Mesh Coil Vape | Sabor duradouro com controlo simples"},"content":{"rendered":"<h2 data-v-md-heading=\"what-are-the-advantages-of-fihp-12000-led-display-screen-mesh-coil-electronic-cigarettes\" data-v-md-line=\"3\"><img loading=\"lazy\" decoding=\"async\" class=\"size-full wp-image-13746 alignright\" src=\"https:\/\/agoravape.com\/wp-content\/uploads\/2025\/10\/FIHP-12000-Puffs-LED-Display-Mesh-Coil-Vape_Agora_vape-1.webp\" alt=\"\" width=\"800\" height=\"800\" srcset=\"https:\/\/agoravape.com\/wp-content\/uploads\/2025\/10\/FIHP-12000-Puffs-LED-Display-Mesh-Coil-Vape_Agora_vape-1.webp 800w, https:\/\/agoravape.com\/wp-content\/uploads\/2025\/10\/FIHP-12000-Puffs-LED-Display-Mesh-Coil-Vape_Agora_vape-1-600x600.webp 600w, https:\/\/agoravape.com\/wp-content\/uploads\/2025\/10\/FIHP-12000-Puffs-LED-Display-Mesh-Coil-Vape_Agora_vape-1-300x300.webp 300w, https:\/\/agoravape.com\/wp-content\/uploads\/2025\/10\/FIHP-12000-Puffs-LED-Display-Mesh-Coil-Vape_Agora_vape-1-150x150.webp 150w, https:\/\/agoravape.com\/wp-content\/uploads\/2025\/10\/FIHP-12000-Puffs-LED-Display-Mesh-Coil-Vape_Agora_vape-1-768x768.webp 768w\" sizes=\"auto, (max-width: 800px) 100vw, 800px\" \/><\/h2>\n<h2 data-v-md-heading=\"what-are-the-advantages-of-fihp-12000-led-display-screen-mesh-coil-electronic-cigarettes\" data-v-md-line=\"3\">Quais s\u00e3o as vantagens dos cigarros electr\u00f3nicos com ecr\u00e3 LED FIHP 12000?<\/h2>\n<p data-v-md-line=\"4\">Se est\u00e1 cansado de mudar de vape de poucos em poucos dias, este produto pode facilitar-lhe a vida. O FIHP 12000 pode fornecer uma capacidade de at\u00e9 12000 portas, com uma bobina de malha para uma experi\u00eancia de suc\u00e7\u00e3o suave e um ecr\u00e3 LED para uma visibilidade f\u00e1cil. N\u00e3o precisa de se preocupar, basta pegar nele e desfrutar.<\/p>\n<p data-v-md-line=\"6\">\u00c9 adequado para quem pretende um sabor est\u00e1vel e uma bateria de longa dura\u00e7\u00e3o sem necessidade de defini\u00e7\u00f5es complicadas. Pretende uma experi\u00eancia limpa e consistente em qualquer altura e em qualquer lugar. Este produto satisfaz as suas necessidades.<\/p>\n<h2 data-v-md-heading=\"excellent-performance-easy-and-convenient\" data-v-md-line=\"8\">Excelente desempenho, f\u00e1cil e pr\u00e1tico<\/h2>\n<p data-v-md-line=\"9\">A bobina de malha de 1,0 \u03a9 garante um sabor consistente. Isto significa que o sabor da primeira e da \u00faltima dentada \u00e9 quase id\u00eantico. Voc\u00ea pode pensar que o cheiro de dispositivos de alta suc\u00e7\u00e3o enfraquecer\u00e1 gradualmente, mas a bobina de malha pode permanecer est\u00e1vel. Quando a bateria est\u00e1 fraca, pode utilizar um cabo de dados Tipo C para a carregar. Este pode ser o mesmo cabo utilizado no seu telem\u00f3vel. \u00c9 simples.<\/p>\n<h2 data-v-md-heading=\"specification-introduction\" data-v-md-line=\"11\">Introdu\u00e7\u00e3o \u00e0 especifica\u00e7\u00e3o<\/h2>\n<ul data-v-md-line=\"12\">\n<li>Frequ\u00eancia de suc\u00e7\u00e3o: at\u00e9 12.000 vezes<\/li>\n<li>Teor de nicotina: padr\u00e3o 2% (20mg\/mL); as encomendas com marca pr\u00f3pria podem fornecer um teor de nicotina de 5%<\/li>\n<li>Capacidade do e-l\u00edquido: 20 mililitros<\/li>\n<li>M\u00e9todo de ativa\u00e7\u00e3o: Pode ser utilizado sem configura\u00e7\u00e3o<\/li>\n<li>M\u00e9todo de carregamento: Interface USB Tipo-C<\/li>\n<li>Estado: \u00d3leo pr\u00e9-carregado, recarreg\u00e1vel<\/li>\n<\/ul>\n<h2 data-v-md-heading=\"complete-flavor-series\" data-v-md-line=\"19\">S\u00e9rie completa de sabores<\/h2>\n<ul data-v-md-line=\"20\">\n<li>Rico e refrescante<\/li>\n<li>As uvas s\u00e3o refrescantes<\/li>\n<li>Cereja<\/li>\n<li>Mirtilos e framboesas<\/li>\n<li>morango kiwi<\/li>\n<li>Frutas vermelhas misturadas<\/li>\n<li>Melancia de morango<\/li>\n<li>Chiclete de Melancia<\/li>\n<li>P\u00eassego, Manga, Anan\u00e1s<\/li>\n<li>Kiwi, maracuj\u00e1, goiaba<\/li>\n<\/ul>\n<h2 data-v-md-heading=\"for-you-and-your-business\" data-v-md-line=\"31\">Para voc\u00ea e sua empresa<\/h2>\n<p data-v-md-line=\"32\">Comprar para si pr\u00f3prio? Receber\u00e1 um vape de longa dura\u00e7\u00e3o com sabor est\u00e1vel e carregamento r\u00e1pido. F\u00e1cil de utilizar. Quer fazer um stock para a sua loja? Oferecemos embalagens por grosso de 200 unidades por caixa. O peso da caixa de cart\u00e3o \u00e9 de 17,5 quilogramas, o que torna conveniente planear o armazenamento e o transporte.<\/p>\n<p data-v-md-line=\"34\">Colaboramos com parceiros de confian\u00e7a, como a UPS, DPD e DHL, para utilizar o transporte DDP (Delivered Duty Paid), a fim de garantir um desalfandegamento sem problemas das suas mercadorias, sem quaisquer incidentes inesperados na alf\u00e2ndega. Pode concentrar-se nas vendas e n\u00f3s tratamos dos documentos relevantes.<\/p>\n<h2 data-v-md-heading=\"why-do-you-like-it\" data-v-md-line=\"36\">Por que voc\u00ea gosta disso?<\/h2>\n<ul data-v-md-line=\"37\">\n<li>M\u00faltiplos ciclos de aspira\u00e7\u00e3o: maior vida \u00fatil, sem necessidade de substitui\u00e7\u00e3o frequente do equipamento.<\/li>\n<li>Sele\u00e7\u00e3o do teor de nicotina: A utiliza\u00e7\u00e3o di\u00e1ria pode escolher 2% de nicotina, enquanto as marcas privadas podem escolher 5% de nicotina.<\/li>\n<li>Recarreg\u00e1vel: 20 ml de nicotina, utiliza a \u00faltima gota.<\/li>\n<li>N\u00facleo do atomizador em malha: mant\u00e9m um sabor consistente em cada suc\u00e7\u00e3o.<\/li>\n<\/ul>\n<h2 data-v-md-heading=\"why-choose-to-collaborate-with-agoravape\" data-v-md-line=\"42\">Por que escolher colaborar com a AgoraVape?<\/h2>\n<p data-v-md-line=\"43\">Fornecemos apenas produtos genu\u00ednos 100% das nossas marcas de confian\u00e7a. Os clientes empresariais que compram cigarros electr\u00f3nicos FIHP 12000 LED display mesh coil podem desfrutar de pre\u00e7os de atacado com desconto, suporte de resposta r\u00e1pida e servi\u00e7os de entrega r\u00e1pidos e confi\u00e1veis. Contacte-nos para adquirir um dispositivo que vale a pena comprar de volta para os seus clientes.<\/p>\n<p data-v-md-line=\"43\"><img loading=\"lazy\" decoding=\"async\" class=\"aligncenter size-full wp-image-13747\" src=\"https:\/\/agoravape.com\/wp-content\/uploads\/2025\/10\/FIHP-12000-Puffs-LED-Display-Mesh-Coil-Vape_Agora_vape-2.webp\" alt=\"\" width=\"800\" height=\"800\" srcset=\"https:\/\/agoravape.com\/wp-content\/uploads\/2025\/10\/FIHP-12000-Puffs-LED-Display-Mesh-Coil-Vape_Agora_vape-2.webp 800w, https:\/\/agoravape.com\/wp-content\/uploads\/2025\/10\/FIHP-12000-Puffs-LED-Display-Mesh-Coil-Vape_Agora_vape-2-600x600.webp 600w, https:\/\/agoravape.com\/wp-content\/uploads\/2025\/10\/FIHP-12000-Puffs-LED-Display-Mesh-Coil-Vape_Agora_vape-2-300x300.webp 300w, https:\/\/agoravape.com\/wp-content\/uploads\/2025\/10\/FIHP-12000-Puffs-LED-Display-Mesh-Coil-Vape_Agora_vape-2-150x150.webp 150w, https:\/\/agoravape.com\/wp-content\/uploads\/2025\/10\/FIHP-12000-Puffs-LED-Display-Mesh-Coil-Vape_Agora_vape-2-768x768.webp 768w\" sizes=\"auto, (max-width: 800px) 100vw, 800px\" \/><\/p>","protected":false},"excerpt":{"rendered":"<p>What are the advantages of FIHP 12000 LED display screen mesh coil electronic cigarettes? If you\u2019re tired of changing your<\/p>","protected":false},"featured_media":13757,"comment_status":"open","ping_status":"closed","template":"","meta":[],"product_brand":[209],"product_cat":[124,185,1634,189,177,136,174,175,193,191,173,186,180,190,192],"product_tag":[],"class_list":{"0":"post-13732","1":"product","2":"type-product","3":"status-publish","4":"has-post-thumbnail","6":"product_brand-fihp","7":"product_cat-vape-by-brand","8":"product_cat-10000-puffs-high-capacity","9":"product_cat-12000-puffs","10":"product_cat-20mg-standard-nicotine-vapes","11":"product_cat-dessert-sweets","12":"product_cat-fihp","13":"product_cat-fruit-flavors","14":"product_cat-icy-mint","15":"product_cat-mesh-coil","16":"product_cat-rechargeable-disposables","17":"product_cat-vape-by-flavor-profile","18":"product_cat-vape-by-nicotine-strength","19":"product_cat-vape-by-puff-count","20":"product_cat-vape-by-feature-or-type","21":"product_cat-vapes-with-screens","23":"first","24":"onbackorder","25":"shipping-taxable","26":"purchasable","27":"product-type-variable","28":"has-default-attributes"},"tiered_pricing_type":"percentage","tiered_pricing_fixed_rules":[],"tiered_pricing_product_settings":{"layout":"default","base_unit_name":{"singular":null,"plural":null},"default_variation":null},"tiered_pricing_minimum_quantity":10,"tiered_pricing_roles_data":[],"tiered_pricing_percentage_rules":{"50":"35","100":"40","200":"44","500":"47","1000":"49"},"tiered_pricing_maximum_quantity":null,"tiered_pricing_quantity_step":"10","_links":{"self":[{"href":"https:\/\/agoravape.com\/pt\/wp-json\/wp\/v2\/product\/13732","targetHints":{"allow":["GET"]}}],"collection":[{"href":"https:\/\/agoravape.com\/pt\/wp-json\/wp\/v2\/product"}],"about":[{"href":"https:\/\/agoravape.com\/pt\/wp-json\/wp\/v2\/types\/product"}],"replies":[{"embeddable":true,"href":"https:\/\/agoravape.com\/pt\/wp-json\/wp\/v2\/comments?post=13732"}],"version-history":[{"count":0,"href":"https:\/\/agoravape.com\/pt\/wp-json\/wp\/v2\/product\/13732\/revisions"}],"wp:featuredmedia":[{"embeddable":true,"href":"https:\/\/agoravape.com\/pt\/wp-json\/wp\/v2\/media\/13757"}],"wp:attachment":[{"href":"https:\/\/agoravape.com\/pt\/wp-json\/wp\/v2\/media?parent=13732"}],"wp:term":[{"taxonomy":"product_brand","embeddable":true,"href":"https:\/\/agoravape.com\/pt\/wp-json\/wp\/v2\/product_brand?post=13732"},{"taxonomy":"product_cat","embeddable":true,"href":"https:\/\/agoravape.com\/pt\/wp-json\/wp\/v2\/product_cat?post=13732"},{"taxonomy":"product_tag","embeddable":true,"href":"https:\/\/agoravape.com\/pt\/wp-json\/wp\/v2\/product_tag?post=13732"}],"curies":[{"name":"wp","href":"https:\/\/api.w.org\/{rel}","templated":true}]}}