{"id":13762,"date":"2025-10-11T21:27:21","date_gmt":"2025-10-11T13:27:21","guid":{"rendered":"https:\/\/green-grasshopper-921422.hostingersite.com\/?post_type=product&#038;p=13762"},"modified":"2026-01-19T22:07:25","modified_gmt":"2026-01-19T14:07:25","slug":"fihp-15000-puffs-display-led-vape","status":"publish","type":"product","link":"https:\/\/agoravape.com\/pt\/product\/fihp-15000-puffs-led-display-vape\/","title":{"rendered":"FIHP 15000 Puffs LED Display Vape descart\u00e1vel | Big Puffs. Ecr\u00e3 transparente. Sem confus\u00e3o"},"content":{"rendered":"<h2 data-v-md-heading=\"what-about-disposable-vapes-with-fihp-15000-led-display-screens\" data-v-md-line=\"3\"><\/h2>\n<h2 data-v-md-heading=\"what-about-disposable-vapes-with-fihp-15000-led-display-screens\" data-v-md-line=\"3\">E os vapores descart\u00e1veis com ecr\u00e3s LED FIHP 15000?<\/h2>\n<p data-v-md-line=\"4\">Se est\u00e1 farto de vaporizadores descart\u00e1veis que se gastam quando mais precisa deles, ent\u00e3o vai querer mesmo dar uma vista de olhos a este produto. O vape descart\u00e1vel com ecr\u00e3 LED de 15000 portas da FIHP foi concebido para uma utiliza\u00e7\u00e3o a longo prazo. \u00c9 f\u00e1cil de utilizar, fi\u00e1vel no desempenho, excelente no sabor e n\u00e3o requer qualquer opera\u00e7\u00e3o.<\/p>\n<p data-v-md-line=\"6\">Para quem pretende um vape descart\u00e1vel de grande capacidade e f\u00e1cil de utilizar, este produto \u00e9 a melhor escolha. N\u00e3o precisa de bot\u00f5es, nem de menus, basta uma suc\u00e7\u00e3o suave para o utilizar. Pode pensar-se que um vape de t\u00e3o grande capacidade \u00e9 volumoso, mas, surpreendentemente, \u00e9 muito acess\u00edvel.<\/p>\n<h2 data-v-md-heading=\"excellent-performance-no-need-for-any-operation\" data-v-md-line=\"8\">Excelente desempenho, sem necessidade de qualquer opera\u00e7\u00e3o<\/h2>\n<p data-v-md-line=\"9\">A bobina de malha mant\u00e9m o sabor limpo e consistente desde a primeira at\u00e9 \u00e0 \u00faltima dentada. N\u00e3o haver\u00e1 cheiro a queimado durante uma semana de utiliza\u00e7\u00e3o. Uma bateria recarreg\u00e1vel de 650 mAh emparelhada com uma interface Tipo C torna conveniente carregar o seu telem\u00f3vel utilizando um cabo de carregamento. O ecr\u00e3 LED \u00e9 claro \u00e0 primeira vista, permitindo-lhe ter sempre controlo sobre tudo.<\/p>\n<h2 data-v-md-heading=\"specification-overview\" data-v-md-line=\"11\">Vis\u00e3o geral das especifica\u00e7\u00f5es<\/h2>\n<ul data-v-md-line=\"12\">\n<li>Frequ\u00eancia de suc\u00e7\u00e3o: at\u00e9 15.000 vezes<\/li>\n<li>Teor de nicotina: 2%. As marcas privadas podem beneficiar de um desconto de 5%, mas devem respeitar a regulamenta\u00e7\u00e3o local<\/li>\n<li>Princ\u00edpio de funcionamento: Ativado por inala\u00e7\u00e3o<\/li>\n<li>Charging: Standard Type-C USB interface<\/li>\n<li>Status: Pronto para usar assim que sai da caixa<\/li>\n<\/ul>\n<p data-v-md-line=\"18\">Outros pormenores:<\/p>\n<ul data-v-md-line=\"19\">\n<li>Bobina: Bobina de malha<\/li>\n<li>Capacidade do e-l\u00edquido: 22 mililitros<\/li>\n<li>Bateria: 650mAh<\/li>\n<li>Fun\u00e7\u00e3o: Ecr\u00e3 de visualiza\u00e7\u00e3o LED<\/li>\n<\/ul>\n<h2 data-v-md-heading=\"full-range-of-flavors\" data-v-md-line=\"25\">Full range of flavors<\/h2>\n<ul data-v-md-line=\"26\">\n<li>Sr. Blue<\/li>\n<li>Pista de gelo azul<\/li>\n<li>Gelo de Melancia<\/li>\n<li>Bebidas energ\u00e9ticas<\/li>\n<li>Sorvete de uva<\/li>\n<li>Sorvete de p\u00eassego<\/li>\n<li>Kiwi, maracuj\u00e1, goiaba<\/li>\n<li>morango kiwi<\/li>\n<li>P\u00eassego, Manga, Anan\u00e1s<\/li>\n<li>Morango, framboesa, cereja<\/li>\n<\/ul>\n<h2 data-v-md-heading=\"for-you-for-your-business\" data-v-md-line=\"37\">Para voc\u00ea, para o seu neg\u00f3cio<\/h2>\n<p data-v-md-line=\"38\">Pode escolher com confian\u00e7a e tamb\u00e9m pode comprar com confian\u00e7a para as suas prateleiras. Oferecemos caixas por grosso de 200 por caixa, permitindo-lhe ter sabores populares \u00e0 m\u00e3o em qualquer altura sem necessidade de reabastecer frequentemente. Trabalhamos com parceiros de confian\u00e7a, como a UPS, a DPD e a DHL, para efetuar envios com entrega com direitos pagos (DDP), o que significa que n\u00e3o tem de pagar direitos aduaneiros e n\u00e3o se deparar\u00e1 com situa\u00e7\u00f5es inesperadas na alf\u00e2ndega.<\/p>\n<h2 data-v-md-heading=\"why-do-you-like-it\" data-v-md-line=\"40\">Por que voc\u00ea gosta disso?<\/h2>\n<ul data-v-md-line=\"41\">\n<li>Grande capacidade de consumo: dur\u00e1vel e de longa dura\u00e7\u00e3o, sem necessidade de comprar cigarros novos com frequ\u00eancia.<\/li>\n<li>Sele\u00e7\u00e3o da concentra\u00e7\u00e3o de nicotina: Escolha a concentra\u00e7\u00e3o que melhor se adapta ao seu mercado ou prefer\u00eancia<\/li>\n<li>Recarreg\u00e1vel: Voc\u00ea pode usar todos os e-l\u00edquidos adquiridos.<\/li>\n<li>N\u00facleo de atomiza\u00e7\u00e3o em malha: proporciona um sabor est\u00e1vel e duradouro em todas as ocasi\u00f5es<\/li>\n<li>Ecr\u00e3 de LED: estado claro num relance, permitindo-lhe acompanhar o estado atual em qualquer altura<\/li>\n<\/ul>\n<h2 data-v-md-heading=\"why-choose-agoravape\" data-v-md-line=\"47\">Por que escolher a AgoraVape?<\/h2>\n<p data-v-md-line=\"48\">N\u00f3s vendemos apenas produtos genu\u00ednos 100% e n\u00e3o temos d\u00favidas sobre isso. Para clientes comerciais, voc\u00ea pode receber pre\u00e7os de atacado altamente competitivos, suporte confi\u00e1vel e servi\u00e7os de remessa de vape descart\u00e1vel com display LED FIHP 15000 r\u00e1pidos e confi\u00e1veis. Se pretende adquirir um dispositivo que os seus clientes ir\u00e3o realmente apreciar, contacte-nos.<\/p>","protected":false},"excerpt":{"rendered":"<p>What about disposable vapes with FIHP 15000 LED display screens? If you are tired of disposable vapes that are used<\/p>","protected":false},"featured_media":13784,"comment_status":"open","ping_status":"closed","template":"","meta":[],"product_brand":[209],"product_cat":[124,185,1635,189,176,136,174,175,193,191,173,186,180,190,192],"product_tag":[],"class_list":{"0":"post-13762","1":"product","2":"type-product","3":"status-publish","4":"has-post-thumbnail","6":"product_brand-fihp","7":"product_cat-vape-by-brand","8":"product_cat-10000-puffs-high-capacity","9":"product_cat-15000-puffs","10":"product_cat-20mg-standard-nicotine-vapes","11":"product_cat-beverage","12":"product_cat-fihp","13":"product_cat-fruit-flavors","14":"product_cat-icy-mint","15":"product_cat-mesh-coil","16":"product_cat-rechargeable-disposables","17":"product_cat-vape-by-flavor-profile","18":"product_cat-vape-by-nicotine-strength","19":"product_cat-vape-by-puff-count","20":"product_cat-vape-by-feature-or-type","21":"product_cat-vapes-with-screens","23":"first","24":"onbackorder","25":"shipping-taxable","26":"purchasable","27":"product-type-variable","28":"has-default-attributes"},"tiered_pricing_type":"percentage","tiered_pricing_fixed_rules":[],"tiered_pricing_product_settings":{"layout":"default","base_unit_name":{"singular":null,"plural":null},"default_variation":null},"tiered_pricing_minimum_quantity":10,"tiered_pricing_roles_data":[],"tiered_pricing_percentage_rules":{"50":"35","100":"40","200":"44","500":"47","1000":"49"},"tiered_pricing_maximum_quantity":null,"tiered_pricing_quantity_step":"10","_links":{"self":[{"href":"https:\/\/agoravape.com\/pt\/wp-json\/wp\/v2\/product\/13762","targetHints":{"allow":["GET"]}}],"collection":[{"href":"https:\/\/agoravape.com\/pt\/wp-json\/wp\/v2\/product"}],"about":[{"href":"https:\/\/agoravape.com\/pt\/wp-json\/wp\/v2\/types\/product"}],"replies":[{"embeddable":true,"href":"https:\/\/agoravape.com\/pt\/wp-json\/wp\/v2\/comments?post=13762"}],"version-history":[{"count":0,"href":"https:\/\/agoravape.com\/pt\/wp-json\/wp\/v2\/product\/13762\/revisions"}],"wp:featuredmedia":[{"embeddable":true,"href":"https:\/\/agoravape.com\/pt\/wp-json\/wp\/v2\/media\/13784"}],"wp:attachment":[{"href":"https:\/\/agoravape.com\/pt\/wp-json\/wp\/v2\/media?parent=13762"}],"wp:term":[{"taxonomy":"product_brand","embeddable":true,"href":"https:\/\/agoravape.com\/pt\/wp-json\/wp\/v2\/product_brand?post=13762"},{"taxonomy":"product_cat","embeddable":true,"href":"https:\/\/agoravape.com\/pt\/wp-json\/wp\/v2\/product_cat?post=13762"},{"taxonomy":"product_tag","embeddable":true,"href":"https:\/\/agoravape.com\/pt\/wp-json\/wp\/v2\/product_tag?post=13762"}],"curies":[{"name":"wp","href":"https:\/\/api.w.org\/{rel}","templated":true}]}}