{"id":13804,"date":"2025-10-11T21:39:53","date_gmt":"2025-10-11T13:39:53","guid":{"rendered":"https:\/\/green-grasshopper-921422.hostingersite.com\/?post_type=product&#038;p=13804"},"modified":"2026-02-22T15:15:12","modified_gmt":"2026-02-22T14:15:12","slug":"fihp-shisha-hookah-12000-puffs-dtl-vape","status":"publish","type":"product","link":"https:\/\/agoravape.com\/pt\/product\/fihp-shisha-hookah-12000-puffs-dtl-vape\/","title":{"rendered":"FIHP Shisha Hookah 12000 Puffs DTL LED Vape | Sabor DTL de longa dura\u00e7\u00e3o com carregamento f\u00e1cil por USB-C"},"content":{"rendered":"<h2 data-v-md-heading=\"what-are-the-highlights-of-the-fihp-shisha-hookah-12000-dtl-led-vape\" data-v-md-line=\"3\"><\/h2>\n<h2 data-v-md-heading=\"what-are-the-highlights-of-the-fihp-shisha-hookah-12000-dtl-led-vape\" data-v-md-line=\"3\">Quais s\u00e3o os destaques do FIHP Shisha Hookah 12000 DTL LED vape?<\/h2>\n<p data-v-md-line=\"4\">Se est\u00e1 cansado de vaporizadores descart\u00e1veis que se gastam logo ap\u00f3s fumar, talvez queira dar uma vista de olhos a este produto. O FIHP Shisha Hookah pode produzir at\u00e9 12000 portas, e a suc\u00e7\u00e3o DTL \u00e9 suave, facilitando a pulveriza\u00e7\u00e3o de vapor satisfat\u00f3rio sem qualquer opera\u00e7\u00e3o.<\/p>\n<p data-v-md-line=\"6\">\u00c9 adequado para qualquer pessoa que pretenda um vape duradouro, c\u00f3modo, de sabor consistente e f\u00e1cil de utilizar. N\u00e3o s\u00e3o necess\u00e1rias defini\u00e7\u00f5es, nem bot\u00f5es. Basta inalar de forma limpa, com um visor LED n\u00edtido e um carregamento fi\u00e1vel quando necess\u00e1rio.<\/p>\n<h2 data-v-md-heading=\"excellent-performance-without-any-complex-operations\" data-v-md-line=\"8\">Excelente desempenho sem opera\u00e7\u00f5es complexas<\/h2>\n<p data-v-md-line=\"9\">A bobina de malha est\u00e1 localizada no centro do dispositivo, tornando cada mordida t\u00e3o deliciosa quanto a primeira. Mant\u00e9m um sabor distinto e equilibrado. Quando a bateria se esgota, n\u00e3o \u00e9 necess\u00e1rio um cabo de dados especial. Basta lig\u00e1-lo a um carregador tipo C padr\u00e3o para continuar a utiliz\u00e1-lo. F\u00e1cil de utilizar.<\/p>\n<h2 data-v-md-heading=\"specification-overview\" data-v-md-line=\"11\">Vis\u00e3o geral das especifica\u00e7\u00f5es<\/h2>\n<ul data-v-md-line=\"12\">\n<li>Frequ\u00eancia de suc\u00e7\u00e3o: at\u00e9 12.000 vezes<\/li>\n<li>Teor de nicotina: 6 miligramas<\/li>\n<li>Princ\u00edpio de funcionamento: Ativa-se com apenas uma tragada.<\/li>\n<li>M\u00e9todo de carregamento: Porta USB tipo C padr\u00e3o<\/li>\n<li>Estado: Pronto para usar assim que abrir a caixa.<\/li>\n<\/ul>\n<h2 data-v-md-heading=\"full-range-of-flavors\" data-v-md-line=\"18\">Full range of flavors<\/h2>\n<ul data-v-md-line=\"19\">\n<li>Gelo de Melancia<\/li>\n<li>Sorvete de uva<\/li>\n<li>Mirtilos e framboesas<\/li>\n<li>morango kiwi<\/li>\n<li>Frutas vermelhas misturadas<\/li>\n<li>Melancia de morango<\/li>\n<li>Chiclete de Melancia<\/li>\n<li>P\u00eassego Manga Abacaxi<\/li>\n<li>Kiwi, maracuj\u00e1, goiaba<\/li>\n<li>Morango, framboesa, cereja<\/li>\n<\/ul>\n<h2 data-v-md-heading=\"for-you-for-your-business\" data-v-md-line=\"30\">Para voc\u00ea, para o seu neg\u00f3cio<\/h2>\n<p data-v-md-line=\"31\">Pode escolher um para si ou fazer um stock para a sua loja. Caixa por grosso, 200 pe\u00e7as por caixa, armazenamento e transporte c\u00f3modo e eficiente. O peso total da caixa de cart\u00e3o \u00e9 de cerca de 20 quilogramas, pelo que o seu planeamento log\u00edstico \u00e9 muito simples.<\/p>\n<p data-v-md-line=\"33\">Fornecemos servi\u00e7os DDP pagos com impostos atrav\u00e9s de parceiros de confian\u00e7a como a UPS, DPD e DHL, que podem ser enviados para toda a Europa para garantir uma entrega sem problemas da sua encomenda e evitar acidentes alfandeg\u00e1rios. Se vender produtos de nicotina, certifique-se de que cumpre os regulamentos locais no seu mercado.<\/p>\n<h2 data-v-md-heading=\"why-do-you-like-it\" data-v-md-line=\"35\">Por que voc\u00ea gosta disso?<\/h2>\n<ul data-v-md-line=\"36\">\n<li>Grande capacidade de suc\u00e7\u00e3o: dur\u00e1vel e de longa dura\u00e7\u00e3o, n\u00e3o necessita de substitui\u00e7\u00e3o frequente.<\/li>\n<li>Sele\u00e7\u00e3o da concentra\u00e7\u00e3o de nicotina: Se preferir um sabor mais suave, pode escolher uma concentra\u00e7\u00e3o est\u00e1vel de 6 mg.<\/li>\n<li>Recarreg\u00e1vel: O e-l\u00edquido que comprou durar\u00e1 at\u00e9 se esgotar.<\/li>\n<li>Bobina de malha: Proporciona um sabor est\u00e1vel e rico em todas as ocasi\u00f5es.<\/li>\n<li>Suc\u00e7\u00e3o fina: A suc\u00e7\u00e3o suave proporciona um fumo natural e suave.<\/li>\n<\/ul>\n<h2 data-v-md-heading=\"why-choose-to-collaborate-with-agoravape\" data-v-md-line=\"42\">Por que escolher colaborar com a AgoraVape?<\/h2>\n<p data-v-md-line=\"43\">Como um dos distribuidores de vape mais confi\u00e1veis da Europa, vendemos apenas produtos genu\u00ednos 100%. Para clientes comerciais, isso significa que os vapores FIHP Shisha Hookah 12000 Puffs DTL LED oferecer\u00e3o pre\u00e7os de atacado com desconto, suporte ao cliente responsivo e servi\u00e7os de entrega r\u00e1pidos e confi\u00e1veis. Bem-vindo a contactar-nos e preparar um dispositivo de confian\u00e7a para os seus clientes.<\/p>","protected":false},"excerpt":{"rendered":"<p>What are the highlights of the FIHP Shisha Hookah 12000 DTL LED vape? If you are tired of disposable vapes<\/p>","protected":false},"featured_media":13811,"comment_status":"open","ping_status":"closed","template":"","meta":[],"product_brand":[209],"product_cat":[124,185,1634,189,177,136,174,193,191,173,186,180,190,192],"product_tag":[],"class_list":{"0":"post-13804","1":"product","2":"type-product","3":"status-publish","4":"has-post-thumbnail","6":"product_brand-fihp","7":"product_cat-vape-by-brand","8":"product_cat-10000-puffs-high-capacity","9":"product_cat-12000-puffs","10":"product_cat-20mg-standard-nicotine-vapes","11":"product_cat-dessert-sweets","12":"product_cat-fihp","13":"product_cat-fruit-flavors","14":"product_cat-mesh-coil","15":"product_cat-rechargeable-disposables","16":"product_cat-vape-by-flavor-profile","17":"product_cat-vape-by-nicotine-strength","18":"product_cat-vape-by-puff-count","19":"product_cat-vape-by-feature-or-type","20":"product_cat-vapes-with-screens","22":"first","23":"onbackorder","24":"shipping-taxable","25":"purchasable","26":"product-type-variable","27":"has-default-attributes"},"tiered_pricing_type":"percentage","tiered_pricing_fixed_rules":[],"tiered_pricing_product_settings":{"layout":"default","base_unit_name":{"singular":null,"plural":null},"default_variation":null},"tiered_pricing_minimum_quantity":10,"tiered_pricing_roles_data":[],"tiered_pricing_percentage_rules":{"50":"35","100":"40","200":"44","500":"47","1000":"49"},"tiered_pricing_maximum_quantity":null,"tiered_pricing_quantity_step":"10","_links":{"self":[{"href":"https:\/\/agoravape.com\/pt\/wp-json\/wp\/v2\/product\/13804","targetHints":{"allow":["GET"]}}],"collection":[{"href":"https:\/\/agoravape.com\/pt\/wp-json\/wp\/v2\/product"}],"about":[{"href":"https:\/\/agoravape.com\/pt\/wp-json\/wp\/v2\/types\/product"}],"replies":[{"embeddable":true,"href":"https:\/\/agoravape.com\/pt\/wp-json\/wp\/v2\/comments?post=13804"}],"version-history":[{"count":0,"href":"https:\/\/agoravape.com\/pt\/wp-json\/wp\/v2\/product\/13804\/revisions"}],"wp:featuredmedia":[{"embeddable":true,"href":"https:\/\/agoravape.com\/pt\/wp-json\/wp\/v2\/media\/13811"}],"wp:attachment":[{"href":"https:\/\/agoravape.com\/pt\/wp-json\/wp\/v2\/media?parent=13804"}],"wp:term":[{"taxonomy":"product_brand","embeddable":true,"href":"https:\/\/agoravape.com\/pt\/wp-json\/wp\/v2\/product_brand?post=13804"},{"taxonomy":"product_cat","embeddable":true,"href":"https:\/\/agoravape.com\/pt\/wp-json\/wp\/v2\/product_cat?post=13804"},{"taxonomy":"product_tag","embeddable":true,"href":"https:\/\/agoravape.com\/pt\/wp-json\/wp\/v2\/product_tag?post=13804"}],"curies":[{"name":"wp","href":"https:\/\/api.w.org\/{rel}","templated":true}]}}