{"id":13830,"date":"2025-10-12T09:58:04","date_gmt":"2025-10-12T01:58:04","guid":{"rendered":"https:\/\/green-grasshopper-921422.hostingersite.com\/?post_type=product&#038;p=13830"},"modified":"2026-01-19T22:07:13","modified_gmt":"2026-01-19T14:07:13","slug":"airmez-matrix-30k-puffs-touch-pad-vape","status":"publish","type":"product","link":"https:\/\/agoravape.com\/pt\/product\/airmez-matrix-30k-puffs-touch-pad-vape\/","title":{"rendered":"Airmez Matrix 30K Puffs Touch Pad Dual Mesh Vape | Sabor duradouro, controle f\u00e1cil"},"content":{"rendered":"<h2 data-v-md-heading=\"what-are-the-highlights-of-the-airmez-matrix-30k-touchpad-dual-mesh-vape\" data-v-md-line=\"3\"><img loading=\"lazy\" decoding=\"async\" class=\"aligncenter size-full wp-image-13842\" src=\"https:\/\/agoravape.com\/wp-content\/uploads\/2025\/10\/Airmez-Matrix-30K-Puffs-Touch-Pad-Dual-Mesh-Vape_Agora_vape-1.webp\" alt=\"\" width=\"2080\" height=\"2080\" srcset=\"https:\/\/agoravape.com\/wp-content\/uploads\/2025\/10\/Airmez-Matrix-30K-Puffs-Touch-Pad-Dual-Mesh-Vape_Agora_vape-1.webp 2080w, https:\/\/agoravape.com\/wp-content\/uploads\/2025\/10\/Airmez-Matrix-30K-Puffs-Touch-Pad-Dual-Mesh-Vape_Agora_vape-1-600x600.webp 600w, https:\/\/agoravape.com\/wp-content\/uploads\/2025\/10\/Airmez-Matrix-30K-Puffs-Touch-Pad-Dual-Mesh-Vape_Agora_vape-1-1200x1200.webp 1200w, https:\/\/agoravape.com\/wp-content\/uploads\/2025\/10\/Airmez-Matrix-30K-Puffs-Touch-Pad-Dual-Mesh-Vape_Agora_vape-1-300x300.webp 300w, https:\/\/agoravape.com\/wp-content\/uploads\/2025\/10\/Airmez-Matrix-30K-Puffs-Touch-Pad-Dual-Mesh-Vape_Agora_vape-1-1024x1024.webp 1024w, https:\/\/agoravape.com\/wp-content\/uploads\/2025\/10\/Airmez-Matrix-30K-Puffs-Touch-Pad-Dual-Mesh-Vape_Agora_vape-1-150x150.webp 150w, https:\/\/agoravape.com\/wp-content\/uploads\/2025\/10\/Airmez-Matrix-30K-Puffs-Touch-Pad-Dual-Mesh-Vape_Agora_vape-1-768x768.webp 768w, https:\/\/agoravape.com\/wp-content\/uploads\/2025\/10\/Airmez-Matrix-30K-Puffs-Touch-Pad-Dual-Mesh-Vape_Agora_vape-1-1536x1536.webp 1536w, https:\/\/agoravape.com\/wp-content\/uploads\/2025\/10\/Airmez-Matrix-30K-Puffs-Touch-Pad-Dual-Mesh-Vape_Agora_vape-1-2048x2048.webp 2048w\" sizes=\"auto, (max-width: 2080px) 100vw, 2080px\" \/><\/h2>\n<h2 data-v-md-heading=\"what-are-the-highlights-of-the-airmez-matrix-30k-touchpad-dual-mesh-vape\" data-v-md-line=\"3\">Quais s\u00e3o os destaques do Airmez Matrix 30K touchpad dual mesh vape?<\/h2>\n<p data-v-md-line=\"4\">Se est\u00e1 farto do inc\u00f3modo de ficar sem combust\u00edvel de uma s\u00f3 vez quando experimenta um determinado sabor, vale a pena experimentar o Airmez Matrix 30K. Foi concebido especificamente para aqueles que procuram grandes bocados, sabores ricos e f\u00e1cil manuseamento.<\/p>\n<p data-v-md-line=\"6\">Est\u00e1 equipado com um touchpad sens\u00edvel e um ecr\u00e3 n\u00edtido de 2,1 polegadas, o que facilita o ajuste da entrada de ar e a verifica\u00e7\u00e3o do n\u00edvel da bateria. Pode parecer que os vapes com um n\u00famero de bocas t\u00e3o grande s\u00e3o um pouco volumosos, mas o Matrix \u00e9 suficientemente pr\u00e1tico para o transporte di\u00e1rio.<\/p>\n<h2 data-v-md-heading=\"excellent-performance-easy-and-convenient\" data-v-md-line=\"8\">Excelente desempenho, f\u00e1cil e pr\u00e1tico<\/h2>\n<p data-v-md-line=\"9\">A bobina de malha dupla (1,2 \u03a9) \u00e9 a sua chave. Pode ser aquecida uniformemente, garantindo um sabor suave e macio do in\u00edcio ao fim em cada suc\u00e7\u00e3o. Quando a bateria estiver fraca, basta ligar o cabo de dados Tipo C para continuar a utiliz\u00e1-lo. N\u00e3o s\u00e3o necess\u00e1rios carregadores especiais, poupando tempo e esfor\u00e7o.<\/p>\n<h2 data-v-md-heading=\"specification-introduction\" data-v-md-line=\"11\">Introdu\u00e7\u00e3o \u00e0 especifica\u00e7\u00e3o<\/h2>\n<ul data-v-md-line=\"12\">\n<li>Suction frequency: up to 30000 times<\/li>\n<li>Nicotina: 5% de sal de nicotina<\/li>\n<li>Princ\u00edpio de funcionamento: Ativado por inala\u00e7\u00e3o<\/li>\n<li>Charging: Standard Type-C USB interface<\/li>\n<li>Status: Pronto para usar assim que sai da caixa<\/li>\n<li>Capacidade do e-l\u00edquido: 22 mililitros<\/li>\n<li>Bateria: Bateria recarreg\u00e1vel de 800 mAh<\/li>\n<li>Fluxo de ar: ajust\u00e1vel atrav\u00e9s do ecr\u00e3 t\u00e1til<\/li>\n<li>Ecr\u00e3: ecr\u00e3 de 2,1 polegadas para uma visualiza\u00e7\u00e3o f\u00e1cil<\/li>\n<\/ul>\n<h2 data-v-md-heading=\"multiple-flavor-options\" data-v-md-line=\"22\">Diversas op\u00e7\u00f5es de sabor<\/h2>\n<ul data-v-md-line=\"23\">\n<li>Gelo de Melancia<\/li>\n<li>Mirtilos gelados<\/li>\n<li>Mirtilos e framboesas<\/li>\n<li>Sorvete de morango<\/li>\n<li>Sorvete de uva<\/li>\n<li>Frutas vermelhas misturadas<\/li>\n<li>Fruta do drag\u00e3o<\/li>\n<li>morango kiwi<\/li>\n<li>Kiwi, maracuj\u00e1, goiaba<\/li>\n<li>Framboesa \u00e1cida azul<\/li>\n<li>Cola de Cereja<\/li>\n<li>Lim\u00e3o e lima<\/li>\n<\/ul>\n<h2 data-v-md-heading=\"for-you-for-your-business\" data-v-md-line=\"36\">Para voc\u00ea, para o seu neg\u00f3cio<\/h2>\n<p data-v-md-line=\"37\">Pode escolher Airmez Matrix 30K para uso pessoal ou adquiri-lo para a sua loja. A embalagem para venda por grosso \u00e9 simples. Cinco prateleiras de exposi\u00e7\u00e3o formam uma caixa, com 200 unidades por caixa. Enviamos para a Europa atrav\u00e9s de transportadoras de confian\u00e7a, como a UPS, DPD e DHL via DDP, pelo que as tarifas est\u00e3o cobertas e n\u00e3o haver\u00e1 problemas aduaneiros inesperados.<\/p>\n<p data-v-md-line=\"39\">Os regulamentos variam de pa\u00eds para pa\u00eds. O Matrix cont\u00e9m 22 mililitros de e-l\u00edquido e 5% de nicotina, o que pode n\u00e3o ser permitido em todos os pa\u00edses. Por favor, verifique os regulamentos locais TPD\/TRRP antes de comprar ou armazenar. Efectuamos a verifica\u00e7\u00e3o da idade nas encomendas aplic\u00e1veis e fornecemos apenas produtos genu\u00ednos.<\/p>\n<h2 data-v-md-heading=\"why-do-you-like-it\" data-v-md-line=\"41\">Por que voc\u00ea gosta disso?<\/h2>\n<ul data-v-md-line=\"42\">\n<li>Suc\u00e7\u00e3o maci\u00e7a: N\u00e3o precisa de mudar de equipamento, pode ter mais tempo para desfrutar do seu sabor.<\/li>\n<li>Op\u00e7\u00e3o de alta concentra\u00e7\u00e3o de nicotina: Sal de nicotina 5%, que proporciona uma experi\u00eancia de fumo rica e satisfat\u00f3ria.<\/li>\n<li>Recarreg\u00e1vel: Utilize a interface Type-C para utilizar todos os e-l\u00edquidos que comprar.<\/li>\n<li>N\u00facleo do atomizador de malha dupla: \u00c9 poss\u00edvel obter um fumo consistente e um sabor puro com cada suc\u00e7\u00e3o.<\/li>\n<li>Entrada ajust\u00e1vel: Ajuste para uma suc\u00e7\u00e3o mais apertada ou abra a entrada para desfrutar de uma experi\u00eancia mais leve e suave.<\/li>\n<li>Touchpad+ecr\u00e3: controlo r\u00e1pido e claro sem adivinha\u00e7\u00f5es.<\/li>\n<\/ul>\n<h2 data-v-md-heading=\"why-collaborate-with-agoravape\" data-v-md-line=\"49\">Por que colaborar com a AgoraVape?<\/h2>\n<p data-v-md-line=\"50\">S\u00f3 vendemos produtos genu\u00ednos 100% e n\u00e3o temos d\u00favidas quanto a isso. Pode usufruir de pre\u00e7os grossistas altamente competitivos, servi\u00e7os de entrega DDP fi\u00e1veis na Europa e rastreio preciso da UPS, DPD ou DHL. O pagamento \u00e9 efectuado atrav\u00e9s de um portal seguro, e os seus dados est\u00e3o sempre protegidos. Se houver algum problema, a nossa equipa profissional de devolu\u00e7\u00e3o e assist\u00eancia ajud\u00e1-lo-\u00e1 a resolv\u00ea-lo facilmente. Quer comprar Airmez Matrix 30K Puffs vape de malha dupla com touchpad? Entre em contacto connosco e ajud\u00e1-lo-emos a introduzir rapidamente os sabores de que os seus clientes realmente necessitam.<\/p>\n<p><script src=\"chrome-extension:\/\/fpelahbljekknahkcaegamhcndkfpfnc\/iFrame.js\" type=\"text\/javascript\"><\/script><\/p>","protected":false},"excerpt":{"rendered":"<p>&nbsp;<\/p>\n<p><script src=\"chrome-extension:\/\/fpelahbljekknahkcaegamhcndkfpfnc\/iFrame.js\" type=\"text\/javascript\"><\/script><\/p>\n<p><script src=\"chrome-extension:\/\/fpelahbljekknahkcaegamhcndkfpfnc\/iFrame.js\" type=\"text\/javascript\"><\/script><\/p>\n<p><script src=\"chrome-extension:\/\/fpelahbljekknahkcaegamhcndkfpfnc\/iFrame.js\" type=\"text\/javascript\"><\/script><\/p>\n<p><script src=\"chrome-extension:\/\/fpelahbljekknahkcaegamhcndkfpfnc\/iFrame.js\" type=\"text\/javascript\"><\/script><\/p>","protected":false},"featured_media":13857,"comment_status":"open","ping_status":"closed","template":"","meta":[],"product_brand":[210],"product_cat":[124,185,194,137,176,174,175,193,191,173,186,180,190,192],"product_tag":[],"class_list":{"0":"post-13830","1":"product","2":"type-product","3":"status-publish","4":"has-post-thumbnail","6":"product_brand-airmez","7":"product_cat-vape-by-brand","8":"product_cat-10000-puffs-high-capacity","9":"product_cat-adjustable-airflow","10":"product_cat-airmez","11":"product_cat-beverage","12":"product_cat-fruit-flavors","13":"product_cat-icy-mint","14":"product_cat-mesh-coil","15":"product_cat-rechargeable-disposables","16":"product_cat-vape-by-flavor-profile","17":"product_cat-vape-by-nicotine-strength","18":"product_cat-vape-by-puff-count","19":"product_cat-vape-by-feature-or-type","20":"product_cat-vapes-with-screens","22":"first","23":"onbackorder","24":"shipping-taxable","25":"purchasable","26":"product-type-variable","27":"has-default-attributes"},"tiered_pricing_type":"percentage","tiered_pricing_fixed_rules":[],"tiered_pricing_product_settings":{"layout":"default","base_unit_name":{"singular":null,"plural":null},"default_variation":null},"tiered_pricing_minimum_quantity":10,"tiered_pricing_roles_data":[],"tiered_pricing_percentage_rules":{"30":"29","50":"35","100":"40","200":"44","500":"47","1000":"49"},"tiered_pricing_maximum_quantity":null,"tiered_pricing_quantity_step":"10","_links":{"self":[{"href":"https:\/\/agoravape.com\/pt\/wp-json\/wp\/v2\/product\/13830","targetHints":{"allow":["GET"]}}],"collection":[{"href":"https:\/\/agoravape.com\/pt\/wp-json\/wp\/v2\/product"}],"about":[{"href":"https:\/\/agoravape.com\/pt\/wp-json\/wp\/v2\/types\/product"}],"replies":[{"embeddable":true,"href":"https:\/\/agoravape.com\/pt\/wp-json\/wp\/v2\/comments?post=13830"}],"version-history":[{"count":0,"href":"https:\/\/agoravape.com\/pt\/wp-json\/wp\/v2\/product\/13830\/revisions"}],"wp:featuredmedia":[{"embeddable":true,"href":"https:\/\/agoravape.com\/pt\/wp-json\/wp\/v2\/media\/13857"}],"wp:attachment":[{"href":"https:\/\/agoravape.com\/pt\/wp-json\/wp\/v2\/media?parent=13830"}],"wp:term":[{"taxonomy":"product_brand","embeddable":true,"href":"https:\/\/agoravape.com\/pt\/wp-json\/wp\/v2\/product_brand?post=13830"},{"taxonomy":"product_cat","embeddable":true,"href":"https:\/\/agoravape.com\/pt\/wp-json\/wp\/v2\/product_cat?post=13830"},{"taxonomy":"product_tag","embeddable":true,"href":"https:\/\/agoravape.com\/pt\/wp-json\/wp\/v2\/product_tag?post=13830"}],"curies":[{"name":"wp","href":"https:\/\/api.w.org\/{rel}","templated":true}]}}