{"id":13921,"date":"2025-10-12T12:58:30","date_gmt":"2025-10-12T04:58:30","guid":{"rendered":"https:\/\/green-grasshopper-921422.hostingersite.com\/?post_type=product&#038;p=13921"},"modified":"2026-01-30T17:31:05","modified_gmt":"2026-01-30T09:31:05","slug":"airmez-fox-4-em-1-quad-flavor-vape","status":"publish","type":"product","link":"https:\/\/agoravape.com\/pt\/product\/airmez-fox-4-in-1-quad-flavor-vape\/","title":{"rendered":"Airmez Fox 4-in-1 Quad Flavor Disposable Vape | Quatro sabores, um dispositivo"},"content":{"rendered":"<h2 data-v-md-heading=\"what-exactly-is-the-airmez-fox-four-in-one-four-flavored-disposable-vape\" data-v-md-line=\"3\"><img loading=\"lazy\" decoding=\"async\" class=\"aligncenter size-full wp-image-13947\" src=\"https:\/\/agoravape.com\/wp-content\/uploads\/2025\/10\/Airmez-Fox-4-in-1-Quad-Flavor-Disposable-Vape_Agora_vape-11.webp\" alt=\"\" width=\"2480\" height=\"2480\" srcset=\"https:\/\/agoravape.com\/wp-content\/uploads\/2025\/10\/Airmez-Fox-4-in-1-Quad-Flavor-Disposable-Vape_Agora_vape-11.webp 2480w, https:\/\/agoravape.com\/wp-content\/uploads\/2025\/10\/Airmez-Fox-4-in-1-Quad-Flavor-Disposable-Vape_Agora_vape-11-600x600.webp 600w, https:\/\/agoravape.com\/wp-content\/uploads\/2025\/10\/Airmez-Fox-4-in-1-Quad-Flavor-Disposable-Vape_Agora_vape-11-1200x1200.webp 1200w, https:\/\/agoravape.com\/wp-content\/uploads\/2025\/10\/Airmez-Fox-4-in-1-Quad-Flavor-Disposable-Vape_Agora_vape-11-300x300.webp 300w, https:\/\/agoravape.com\/wp-content\/uploads\/2025\/10\/Airmez-Fox-4-in-1-Quad-Flavor-Disposable-Vape_Agora_vape-11-1024x1024.webp 1024w, https:\/\/agoravape.com\/wp-content\/uploads\/2025\/10\/Airmez-Fox-4-in-1-Quad-Flavor-Disposable-Vape_Agora_vape-11-150x150.webp 150w, https:\/\/agoravape.com\/wp-content\/uploads\/2025\/10\/Airmez-Fox-4-in-1-Quad-Flavor-Disposable-Vape_Agora_vape-11-768x768.webp 768w, https:\/\/agoravape.com\/wp-content\/uploads\/2025\/10\/Airmez-Fox-4-in-1-Quad-Flavor-Disposable-Vape_Agora_vape-11-1536x1536.webp 1536w, https:\/\/agoravape.com\/wp-content\/uploads\/2025\/10\/Airmez-Fox-4-in-1-Quad-Flavor-Disposable-Vape_Agora_vape-11-2048x2048.webp 2048w\" sizes=\"auto, (max-width: 2480px) 100vw, 2480px\" \/><\/h2>\n<h2 data-v-md-heading=\"what-exactly-is-the-airmez-fox-four-in-one-four-flavored-disposable-vape\" data-v-md-line=\"3\">O que \u00e9 exatamente o Airmez Fox quatro em um vape descart\u00e1vel de quatro sabores?<\/h2>\n<p data-v-md-line=\"4\">Se gosta de diversidade, de certeza que n\u00e3o quer andar com quatro vapores diferentes. O Airmez Fox integra quatro sabores diferentes num vape descart\u00e1vel recarreg\u00e1vel, permitindo-lhe alternar facilmente entre eles. Cada compartimento de sabor tem uma capacidade de 15 mililitros, para um total de 60 mililitros, o que \u00e9 suficiente para satisfazer as suas necessidades de sabor.<\/p>\n<p data-v-md-line=\"6\">Se pretende mudar facilmente de sabor e obter um desempenho est\u00e1vel sem se preocupar com as defini\u00e7\u00f5es, ent\u00e3o este produto \u00e9 a escolha ideal. Adopta uma bobina de malha para garantir que o sabor permanece claro e consistente desde a primeira at\u00e9 \u00e0 \u00faltima utiliza\u00e7\u00e3o.<\/p>\n<h2 data-v-md-heading=\"excellent-performance-no-need-for-complex-operations\" data-v-md-line=\"8\">Excelente desempenho, sem necessidade de opera\u00e7\u00f5es complexas<\/h2>\n<p data-v-md-line=\"9\">A bobina de malha aquece uniformemente, mantendo um sabor refrescante e equilibrado. N\u00e3o haver\u00e1 uma queda s\u00fabita do n\u00edvel da bateria que possa causar uma sensa\u00e7\u00e3o de aborrecimento durante as \u00faltimas utiliza\u00e7\u00f5es. Quando a bateria estiver fraca, pode utilizar a interface Type-C para a carregar. Basta utilizar o cabo USB-C existente.<\/p>\n<h2 data-v-md-heading=\"specification-overview\" data-v-md-line=\"11\">Vis\u00e3o geral das especifica\u00e7\u00f5es<\/h2>\n<ul data-v-md-line=\"12\">\n<li>Frequ\u00eancia de aspira\u00e7\u00e3o: Fabricante n\u00e3o especificado. Destaque para a grande capacidade de 60 mililitros.<\/li>\n<li>Teor de nicotina: Fabricante n\u00e3o especificado. Ver as vantagens existentes no seu mercado<\/li>\n<li>Princ\u00edpio de funcionamento: conce\u00e7\u00e3o de aspira\u00e7\u00e3o simples<\/li>\n<li>Charging: Standard Type-C USB interface<\/li>\n<li>Bateria: 650mAh<\/li>\n<li>Bobina: Bobina de malha<\/li>\n<li>Capacidade do e-l\u00edquido: 15ml x 4 cartuchos (total 60ml)<\/li>\n<li>Estado: Pronto para usar assim que abrir a caixa.<\/li>\n<li>SKU\uff1aAirmez-FOX-4IN1<\/li>\n<\/ul>\n<h2 data-v-md-heading=\"full-flavor-series\" data-v-md-line=\"22\">S\u00e9rie Sabor Completo<\/h2>\n<ul data-v-md-line=\"23\">\n<li>Conjunto 1: Morango Framboesa - Morango Kiwi - Morango Ice - P\u00eassego Manga Melancia<\/li>\n<li>Conjunto 2: Gelo de melancia - Melancia com morango - Melancia com framboesa - Framboesa com mirtilo<\/li>\n<li>Conjunto 3: Pink Lemonade - Passionate Kiss - Mixed Berries - Triple Berries<\/li>\n<li>Conjunto 4: Cereja - Amor 66 - \u00c1gua de Lim\u00e3o com Bagas - Gelo de Uva<\/li>\n<li>Conjunto 5: Manga P\u00eassego - Fruta Tropical - P\u00eassego Gelado - Manga Azeda Anan\u00e1s<\/li>\n<li>Conjunto 6: Gelo de uva - Amor 66 - Gelo de mirtilos - Gelo de frutos do drag\u00e3o<\/li>\n<li>Conjunto 7: Amor 66 - Cereja - Mirtilo Gelado - Kiwi Maracuj\u00e1 Goiaba<\/li>\n<li>Conjunto 8: Gelo de p\u00eassego - \u00c1gua de lim\u00e3o cor-de-rosa - Gelo de melancia - Dr. Blue<\/li>\n<li>Conjunto 9: Mojito vermelho - Amor 66 - Bagas mistas - Melancia com morango<\/li>\n<li>Conjunto 10: P\u00eassego, Manga, Melancia, Mirtilo, Cereja, Melancia, Fruta do Drag\u00e3o, Beijo de Maracuj\u00e1<\/li>\n<\/ul>\n<h2 data-v-md-heading=\"for-you-for-your-business\" data-v-md-line=\"34\">Para voc\u00ea, para o seu neg\u00f3cio<\/h2>\n<p data-v-md-line=\"35\">Pode escolher a Airmez Fox para uso pessoal ou adicion\u00e1-la \u00e0 sua loja. Cada caixa expositora \u00e9 embalada com 10 unidades, o que torna a exposi\u00e7\u00e3o do produto organizada e concisa. A caixa de cart\u00e3o principal pode acomodar 100 unidades, com dimens\u00f5es de 518 \u00d7 273 \u00d7 267 mil\u00edmetros e um peso bruto de 14 quilogramas. Por conseguinte, o planeamento do espa\u00e7o nas prateleiras e da log\u00edstica do armaz\u00e9m \u00e9 muito simples.<\/p>\n<p data-v-md-line=\"37\">Colaboramos com parceiros de confian\u00e7a, como a UPS, a DPD e a DHL, para fornecer servi\u00e7os de entrega DDP em toda a Europa. Isto significa que as tarifas foram pagas antecipadamente para evitar quaisquer incidentes inesperados na alf\u00e2ndega.<\/p>\n<h2 data-v-md-heading=\"why-do-you-like-it\" data-v-md-line=\"39\">Por que voc\u00ea gosta disso?<\/h2>\n<ul data-v-md-line=\"40\">\n<li>Grande capacidade: 60 ml de capacidade total, maior dura\u00e7\u00e3o da bateria, n\u00e3o \u00e9 necess\u00e1rio substitu\u00ed-la de tempos a tempos<\/li>\n<li>Sele\u00e7\u00e3o da nicotina: A concentra\u00e7\u00e3o do e-l\u00edquido varia nos diferentes mercados, pelo que pode escolher a nicotina adequada<\/li>\n<li>Recarreg\u00e1vel: O carregamento tipo C permite-lhe utilizar plenamente cada gota de e-l\u00edquido<\/li>\n<li>Bobina de malha: Sabor consistente e experi\u00eancia de suc\u00e7\u00e3o suave<\/li>\n<\/ul>\n<h2 data-v-md-heading=\"why-collaborate-with-agoravape\" data-v-md-line=\"45\">Por que colaborar com a AgoraVape?<\/h2>\n<p data-v-md-line=\"46\">N\u00f3s s\u00f3 vendemos produtos genu\u00ednos e fornecemos garantias para isso. Se voc\u00ea comprar Airmez Fox quatro em um quatro vapes descart\u00e1veis com sabor por atacado, receber\u00e1 pre\u00e7os com desconto, suporte confi\u00e1vel e servi\u00e7os de entrega DDP r\u00e1pidos e confi\u00e1veis. Entre em contato com nossa equipe para reservar produtos que realmente valem a pena voltar para seus clientes.<\/p>","protected":false},"excerpt":{"rendered":"<p>&nbsp;<\/p>\n<p><script src=\"chrome-extension:\/\/fpelahbljekknahkcaegamhcndkfpfnc\/iFrame.js\" type=\"text\/javascript\"><\/script><\/p>\n<p><script src=\"chrome-extension:\/\/fpelahbljekknahkcaegamhcndkfpfnc\/iFrame.js\" type=\"text\/javascript\"><\/script><\/p>\n<p><script src=\"chrome-extension:\/\/fpelahbljekknahkcaegamhcndkfpfnc\/iFrame.js\" type=\"text\/javascript\"><\/script><\/p>","protected":false},"featured_media":13946,"comment_status":"open","ping_status":"closed","template":"","meta":[],"product_brand":[210],"product_cat":[124,185,137,176,195,174,175,193,191,173,186,180,190],"product_tag":[],"class_list":{"0":"post-13921","1":"product","2":"type-product","3":"status-publish","4":"has-post-thumbnail","6":"product_brand-airmez","7":"product_cat-vape-by-brand","8":"product_cat-10000-puffs-high-capacity","9":"product_cat-airmez","10":"product_cat-beverage","11":"product_cat-dual-flavor-switch","12":"product_cat-fruit-flavors","13":"product_cat-icy-mint","14":"product_cat-mesh-coil","15":"product_cat-rechargeable-disposables","16":"product_cat-vape-by-flavor-profile","17":"product_cat-vape-by-nicotine-strength","18":"product_cat-vape-by-puff-count","19":"product_cat-vape-by-feature-or-type","21":"first","22":"instock","23":"shipping-taxable","24":"purchasable","25":"product-type-variable","26":"has-default-attributes"},"tiered_pricing_type":"percentage","tiered_pricing_fixed_rules":[],"tiered_pricing_product_settings":{"layout":"default","base_unit_name":{"singular":null,"plural":null},"default_variation":null},"tiered_pricing_minimum_quantity":10,"tiered_pricing_roles_data":[],"tiered_pricing_percentage_rules":{"30":"29","50":"35","100":"40","200":"44","500":"47","1000":"49"},"tiered_pricing_maximum_quantity":null,"tiered_pricing_quantity_step":"10","_links":{"self":[{"href":"https:\/\/agoravape.com\/pt\/wp-json\/wp\/v2\/product\/13921","targetHints":{"allow":["GET"]}}],"collection":[{"href":"https:\/\/agoravape.com\/pt\/wp-json\/wp\/v2\/product"}],"about":[{"href":"https:\/\/agoravape.com\/pt\/wp-json\/wp\/v2\/types\/product"}],"replies":[{"embeddable":true,"href":"https:\/\/agoravape.com\/pt\/wp-json\/wp\/v2\/comments?post=13921"}],"version-history":[{"count":0,"href":"https:\/\/agoravape.com\/pt\/wp-json\/wp\/v2\/product\/13921\/revisions"}],"wp:featuredmedia":[{"embeddable":true,"href":"https:\/\/agoravape.com\/pt\/wp-json\/wp\/v2\/media\/13946"}],"wp:attachment":[{"href":"https:\/\/agoravape.com\/pt\/wp-json\/wp\/v2\/media?parent=13921"}],"wp:term":[{"taxonomy":"product_brand","embeddable":true,"href":"https:\/\/agoravape.com\/pt\/wp-json\/wp\/v2\/product_brand?post=13921"},{"taxonomy":"product_cat","embeddable":true,"href":"https:\/\/agoravape.com\/pt\/wp-json\/wp\/v2\/product_cat?post=13921"},{"taxonomy":"product_tag","embeddable":true,"href":"https:\/\/agoravape.com\/pt\/wp-json\/wp\/v2\/product_tag?post=13921"}],"curies":[{"name":"wp","href":"https:\/\/api.w.org\/{rel}","templated":true}]}}