{"id":13964,"date":"2025-10-12T13:12:53","date_gmt":"2025-10-12T05:12:53","guid":{"rendered":"https:\/\/green-grasshopper-921422.hostingersite.com\/?post_type=product&#038;p=13964"},"modified":"2026-03-14T16:22:21","modified_gmt":"2026-03-14T15:22:21","slug":"airmez-fox-2-em-1-vape-de-duplo-sabor","status":"publish","type":"product","link":"https:\/\/agoravape.com\/pt\/product\/airmez-fox-2-in-1-dual-flavor-vape\/","title":{"rendered":"Airmez Fox 2 em 1 Vaporizador Descart\u00e1vel com Dois Sabores | Dois Sabores \u00e0 sua Escolha, Grande Capacidade, Recarga Simples"},"content":{"rendered":"<h2 data-v-md-heading=\"what-is-the-charm-of-airmez-fox-2-in-1-dual-flavored-disposable-vapes\" data-v-md-line=\"3\"><img loading=\"lazy\" decoding=\"async\" class=\"aligncenter size-full wp-image-13961\" src=\"https:\/\/agoravape.com\/wp-content\/uploads\/2025\/10\/Airmez-Fox-2-in-1-Dual-Flavor-Disposable-Vape_Agora_vape-2.webp\" alt=\"\" width=\"2480\" height=\"2480\" srcset=\"https:\/\/agoravape.com\/wp-content\/uploads\/2025\/10\/Airmez-Fox-2-in-1-Dual-Flavor-Disposable-Vape_Agora_vape-2.webp 2480w, https:\/\/agoravape.com\/wp-content\/uploads\/2025\/10\/Airmez-Fox-2-in-1-Dual-Flavor-Disposable-Vape_Agora_vape-2-600x600.webp 600w, https:\/\/agoravape.com\/wp-content\/uploads\/2025\/10\/Airmez-Fox-2-in-1-Dual-Flavor-Disposable-Vape_Agora_vape-2-1200x1200.webp 1200w, https:\/\/agoravape.com\/wp-content\/uploads\/2025\/10\/Airmez-Fox-2-in-1-Dual-Flavor-Disposable-Vape_Agora_vape-2-300x300.webp 300w, https:\/\/agoravape.com\/wp-content\/uploads\/2025\/10\/Airmez-Fox-2-in-1-Dual-Flavor-Disposable-Vape_Agora_vape-2-1024x1024.webp 1024w, https:\/\/agoravape.com\/wp-content\/uploads\/2025\/10\/Airmez-Fox-2-in-1-Dual-Flavor-Disposable-Vape_Agora_vape-2-150x150.webp 150w, https:\/\/agoravape.com\/wp-content\/uploads\/2025\/10\/Airmez-Fox-2-in-1-Dual-Flavor-Disposable-Vape_Agora_vape-2-768x768.webp 768w, https:\/\/agoravape.com\/wp-content\/uploads\/2025\/10\/Airmez-Fox-2-in-1-Dual-Flavor-Disposable-Vape_Agora_vape-2-1536x1536.webp 1536w, https:\/\/agoravape.com\/wp-content\/uploads\/2025\/10\/Airmez-Fox-2-in-1-Dual-Flavor-Disposable-Vape_Agora_vape-2-2048x2048.webp 2048w\" sizes=\"auto, (max-width: 2480px) 100vw, 2480px\" \/><\/h2>\n<h2 data-v-md-heading=\"what-is-the-charm-of-airmez-fox-2-in-1-dual-flavored-disposable-vapes\" data-v-md-line=\"3\">Qual \u00e9 o encanto dos vaporizadores descart\u00e1veis de duplo sabor Airmez Fox 2 em 1?<\/h2>\n<p data-v-md-line=\"4\">Se n\u00e3o se quer cansar de um \u00fanico sabor a meio do dia, vai adorar este produto. O Airmez Fox integra dois sabores completamente diferentes num vape descart\u00e1vel recarreg\u00e1vel, permitindo-lhe mudar facilmente de sabor sem mudar de dispositivo. Foi concebido para uma utiliza\u00e7\u00e3o di\u00e1ria f\u00e1cil, com um e-l\u00edquido de longa dura\u00e7\u00e3o e um sabor suave e consistente.<\/p>\n<p data-v-md-line=\"6\">Se procura comodidade e m\u00faltiplas escolhas, esta \u00e9 a escolha ideal. N\u00e3o \u00e9 necess\u00e1rio injetar \u00f3leo, n\u00e3o \u00e9 necess\u00e1rio substituir a bobina. Basta escolher a sua combina\u00e7\u00e3o de sabores preferida para a utilizar.<\/p>\n<h2 data-v-md-heading=\"excellent-performance-worry-free\" data-v-md-line=\"8\">Excelente desempenho, sem preocupa\u00e7\u00f5es.<\/h2>\n<p data-v-md-line=\"9\">O n\u00facleo do Fox \u00e9 uma bobina de malha, pelo que cada abertura \u00e9 limpa e completa como a primeira. Este dispositivo pode ser carregado atrav\u00e9s da interface Type-C, pelo que pode utilizar todos os e-l\u00edquidos no interior. Quando a bateria estiver fraca, pode utilizar o mesmo cabo de dados do seu telem\u00f3vel para a carregar. \u00c9 simples.<\/p>\n<h2 data-v-md-heading=\"specification-introduction\" data-v-md-line=\"11\">Introdu\u00e7\u00e3o \u00e0 especifica\u00e7\u00e3o<\/h2>\n<ul data-v-md-line=\"12\">\n<li>Capacidade do e-l\u00edquido: 15 mililitros para cada sabor (30 mililitros no total)<\/li>\n<li>Bobina: Bobina de malha<\/li>\n<li>Bateria: bateria recarreg\u00e1vel de 650 mAh<\/li>\n<li>Frequ\u00eancia de aspira\u00e7\u00e3o: O fabricante n\u00e3o a anunciou oficialmente<\/li>\n<li>Teor de nicotina: varia consoante o mercado; contacte-nos para conhecer as op\u00e7\u00f5es que cumprem as normas da UE<\/li>\n<li>Princ\u00edpio de funcionamento: Ativado por inala\u00e7\u00e3o<\/li>\n<li>Carregamento: Porta USB tipo C<\/li>\n<li>Status: Pronto para usar assim que sai da caixa<\/li>\n<li>Embalagem: 10 unidades por caixa de exposi\u00e7\u00e3o, 200 unidades por caixa exterior<\/li>\n<\/ul>\n<h2 data-v-md-heading=\"full-flavor-series\" data-v-md-line=\"22\">S\u00e9rie Sabor Completo<\/h2>\n<ul data-v-md-line=\"23\">\n<li>Morango Melancia&amp;Morango Framboesa<\/li>\n<li>\u00c1gua de lim\u00e3o com mirtilo e mirtilos<\/li>\n<li>Mirtilos gelados &amp; Mirtilos Framboesa<\/li>\n<li>Gelo de morango, kiwi e morango<\/li>\n<li>Melancia gelada&amp;Melancia com framboesa<\/li>\n<li>\u00c1gua de lim\u00e3o com bagas e lima-lim\u00e3o<\/li>\n<li>Frutos tropicais&amp;Amor 66<\/li>\n<li>P\u00eassego Gelado&amp;Manga P\u00eassego<\/li>\n<li>Baga mista&amp;Blue Doctor<\/li>\n<li>Gelo de uva e gelo preto<\/li>\n<\/ul>\n<h2 data-v-md-heading=\"for-you-and-your-business\" data-v-md-line=\"34\">Para voc\u00ea e sua empresa<\/h2>\n<p data-v-md-line=\"35\">Comprar para si pr\u00f3prio \u00e9 muito simples. Escolha a sua combina\u00e7\u00e3o de sabores preferida e desfrute da dura\u00e7\u00e3o adicional da bateria e do carregamento c\u00f3modo proporcionados pela grande capacidade de 30 ml.<\/p>\n<p data-v-md-line=\"37\">Lojas f\u00edsicas em funcionamento ou lojas online. Temos vapes Airmez Fox 2 em 1 dispon\u00edveis para conveni\u00eancia grossista. Pode encomendar uma caixa de exposi\u00e7\u00e3o de 10 pacotes ou uma caixa exterior de 200 pacotes para um reabastecimento eficiente. Colaboramos com parceiros como a UPS, DPD e DHL para fornecer servi\u00e7os de entrega DDP r\u00e1pidos e isentos de impostos em toda a Europa, evitando acidentes durante as inspec\u00e7\u00f5es alfandeg\u00e1rias.<\/p>\n<h2 data-v-md-heading=\"why-do-you-like-it\" data-v-md-line=\"39\">Por que voc\u00ea gosta disso?<\/h2>\n<ul data-v-md-line=\"40\">\n<li>L\u00edquido eletr\u00f3nico adequado: 15 mililitros por lado, maior dura\u00e7\u00e3o da bateria, sem necessidade de substitui\u00e7\u00e3o frequente do equipamento<\/li>\n<li>Dois sabores num s\u00f3: n\u00e3o \u00e9 necess\u00e1rio trazer um segundo vape para mudar de sabor<\/li>\n<li>Recarreg\u00e1vel, c\u00f3modo e r\u00e1pido: Uma vez totalmente carregado, cada gota de e-l\u00edquido pode ser utilizada<\/li>\n<li>Bobina de malha, sabor duradouro: da primeira \u00e0 \u00faltima dentada, o sabor \u00e9 suave e satisfat\u00f3rio<\/li>\n<li>Carregamento Tipo C: Usar um cabo de dados universal simplifica tudo.<\/li>\n<\/ul>\n<h2 data-v-md-heading=\"why-choose-to-collaborate-with-agoravape\" data-v-md-line=\"46\">Por que escolher colaborar com a AgoraVape?<\/h2>\n<p data-v-md-line=\"47\">Vendemos apenas produtos genu\u00ednos 100% e somos respons\u00e1veis pelos produtos que vendemos. Os nossos clientes comerciais podem usufruir de pre\u00e7os grossistas com desconto, apoio de resposta r\u00e1pida e servi\u00e7os de entrega r\u00e1pida DDP para os vapes descart\u00e1veis de duplo sabor Airmez Fox 2 em 1. Bem-vindo a discutir connosco o sabor, a conformidade e o planeamento do invent\u00e1rio, para que possa fornecer um dispositivo que realmente fa\u00e7a com que os clientes voltem a comprar.<\/p>","protected":false},"excerpt":{"rendered":"<p>&nbsp;<\/p>\n<p><script src=\"chrome-extension:\/\/fpelahbljekknahkcaegamhcndkfpfnc\/iFrame.js\" type=\"text\/javascript\"><\/script><\/p>\n<p><script src=\"chrome-extension:\/\/fpelahbljekknahkcaegamhcndkfpfnc\/iFrame.js\" type=\"text\/javascript\"><\/script><\/p>\n<p><script src=\"chrome-extension:\/\/fpelahbljekknahkcaegamhcndkfpfnc\/iFrame.js\" type=\"text\/javascript\"><\/script><\/p>","protected":false},"featured_media":13982,"comment_status":"open","ping_status":"closed","template":"","meta":[],"product_brand":[210],"product_cat":[124,185,137,195,1674,174,175,193,191,179,173,186,180,190],"product_tag":[],"class_list":{"0":"post-13964","1":"product","2":"type-product","3":"status-publish","4":"has-post-thumbnail","6":"product_brand-airmez","7":"product_cat-vape-by-brand","8":"product_cat-10000-puffs-high-capacity","9":"product_cat-airmez","10":"product_cat-dual-flavor-switch","11":"product_cat-eu-warehouse","12":"product_cat-fruit-flavors","13":"product_cat-icy-mint","14":"product_cat-mesh-coil","15":"product_cat-rechargeable-disposables","16":"product_cat-unique-blends","17":"product_cat-vape-by-flavor-profile","18":"product_cat-vape-by-nicotine-strength","19":"product_cat-vape-by-puff-count","20":"product_cat-vape-by-feature-or-type","22":"first","23":"instock","24":"shipping-taxable","25":"purchasable","26":"product-type-variable","27":"has-default-attributes"},"tiered_pricing_type":"percentage","tiered_pricing_fixed_rules":[],"tiered_pricing_product_settings":{"layout":"default","base_unit_name":{"singular":null,"plural":null},"default_variation":null},"tiered_pricing_minimum_quantity":10,"tiered_pricing_roles_data":[],"tiered_pricing_percentage_rules":{"30":"29","50":"35","100":"40","200":"44","500":"47","1000":"49"},"tiered_pricing_maximum_quantity":null,"tiered_pricing_quantity_step":"10","_links":{"self":[{"href":"https:\/\/agoravape.com\/pt\/wp-json\/wp\/v2\/product\/13964","targetHints":{"allow":["GET"]}}],"collection":[{"href":"https:\/\/agoravape.com\/pt\/wp-json\/wp\/v2\/product"}],"about":[{"href":"https:\/\/agoravape.com\/pt\/wp-json\/wp\/v2\/types\/product"}],"replies":[{"embeddable":true,"href":"https:\/\/agoravape.com\/pt\/wp-json\/wp\/v2\/comments?post=13964"}],"version-history":[{"count":0,"href":"https:\/\/agoravape.com\/pt\/wp-json\/wp\/v2\/product\/13964\/revisions"}],"wp:featuredmedia":[{"embeddable":true,"href":"https:\/\/agoravape.com\/pt\/wp-json\/wp\/v2\/media\/13982"}],"wp:attachment":[{"href":"https:\/\/agoravape.com\/pt\/wp-json\/wp\/v2\/media?parent=13964"}],"wp:term":[{"taxonomy":"product_brand","embeddable":true,"href":"https:\/\/agoravape.com\/pt\/wp-json\/wp\/v2\/product_brand?post=13964"},{"taxonomy":"product_cat","embeddable":true,"href":"https:\/\/agoravape.com\/pt\/wp-json\/wp\/v2\/product_cat?post=13964"},{"taxonomy":"product_tag","embeddable":true,"href":"https:\/\/agoravape.com\/pt\/wp-json\/wp\/v2\/product_tag?post=13964"}],"curies":[{"name":"wp","href":"https:\/\/api.w.org\/{rel}","templated":true}]}}