{"id":14049,"date":"2025-10-12T15:59:26","date_gmt":"2025-10-12T07:59:26","guid":{"rendered":"https:\/\/green-grasshopper-921422.hostingersite.com\/?post_type=product&#038;p=14049"},"modified":"2026-01-19T22:06:53","modified_gmt":"2026-01-19T14:06:53","slug":"fumud-15k-puffs-bobina-de-malha-vape","status":"publish","type":"product","link":"https:\/\/agoravape.com\/pt\/product\/fumud-15k-puffs-mesh-coil-vape\/","title":{"rendered":"Fumud 15K Puffs Vaporizador Recarreg\u00e1vel com Bobina de Malha | Sabor duradouro e f\u00e1cil de usar"},"content":{"rendered":"<h2 data-v-md-heading=\"what-is-the-charm-of-fumud-15k-rechargeable-mesh-coil-vape\" data-v-md-line=\"3\">Qual \u00e9 o encanto do vape de bobina de malha recarreg\u00e1vel Fumud 15K?<\/h2>\n<p data-v-md-line=\"4\">Se est\u00e1 cansado daqueles vapes que ficam sem bateria a meio da semana, vale a pena dar uma vista de olhos a este produto. O Fumud 15K tem 25 mililitros de amplo e-l\u00edquido, proporcionando-lhe at\u00e9 15000 baforadas, e \u00e9 recarreg\u00e1vel, permitindo-lhe tirar o m\u00e1ximo partido dele.<\/p>\n<p data-v-md-line=\"6\">Se pretende um sabor fi\u00e1vel e f\u00e1cil, este produto \u00e9 a escolha ideal. Basta dar uma passa para ativar, a bobina de malha torna cada passa suave e deliciosa. Pode escolher uma concentra\u00e7\u00e3o de nicotina de 2% ou 5% e escolher um sabor que se adapte ao seu estado de esp\u00edrito.<\/p>\n<h2 data-v-md-heading=\"excellent-performance-easy-and-convenient\" data-v-md-line=\"8\">Excelente desempenho, f\u00e1cil e pr\u00e1tico<\/h2>\n<p data-v-md-line=\"9\">A bobina de malha de 0,9 \u03a9 \u00e9 o n\u00facleo deste dispositivo, pelo que cada suc\u00e7\u00e3o \u00e9 t\u00e3o deliciosa como o primeiro sabor. Pode pensar que, depois de dar algumas tragadas, o sabor se tornar\u00e1 mais leve, mas este n\u00facleo do atomizador consegue manter-se consistente. Quando a bateria estiver fraca, basta utilizar o cabo de carregamento habitualmente utilizado no telem\u00f3vel e carreg\u00e1-lo atrav\u00e9s da interface Type-C. Sem necessidade de bot\u00f5es, sem necessidade de menus, f\u00e1cil de manusear.<\/p>\n<h2 data-v-md-heading=\"specification-introduction\" data-v-md-line=\"11\">Introdu\u00e7\u00e3o \u00e0 especifica\u00e7\u00e3o<\/h2>\n<ul data-v-md-line=\"12\">\n<li>Frequ\u00eancia de suc\u00e7\u00e3o: at\u00e9 15.000 vezes<\/li>\n<li>Teor de nicotina: 2% e 5% opcionais<\/li>\n<li>Princ\u00edpio de funcionamento: Ativado por inala\u00e7\u00e3o<\/li>\n<li>Charging: Standard Type-C USB interface<\/li>\n<li>Status: Pronto para usar assim que sai da caixa<\/li>\n<\/ul>\n<h2 data-v-md-heading=\"full-range-of-flavors\" data-v-md-line=\"18\">Full range of flavors<\/h2>\n<ul data-v-md-line=\"19\">\n<li>Strawberry and watermelon flavor<\/li>\n<li>Sabor de kiwi, maracuj\u00e1 e goiaba<\/li>\n<li>Sabor a mirtilo gelado<\/li>\n<li>Sabor a p\u00eassego e manga<\/li>\n<li>Sorvete de morango<\/li>\n<li>Sabor de frutos silvestres mistos<\/li>\n<li>Gelo perfumado<\/li>\n<li>Sorvete de uva<\/li>\n<li>Sorvete de p\u00eassego<\/li>\n<li>\u00c1gua com sabor a morango e lim\u00e3o<\/li>\n<li>Gelo de frutos do drag\u00e3o<\/li>\n<li>Sabor de lim\u00e3o e lima<\/li>\n<li>Triplo sabor a bagas<\/li>\n<li>Sabor a cereja<\/li>\n<li>Sabor a ma\u00e7\u00e3 \u00e1cida<\/li>\n<li>\u00c1gua com sabor a lim\u00e3o rosa<\/li>\n<\/ul>\n<h2 data-v-md-heading=\"for-you-for-your-business\" data-v-md-line=\"36\">Para voc\u00ea, para o seu neg\u00f3cio<\/h2>\n<p data-v-md-line=\"37\">Pode escolher o Fumud 15K para uso pessoal ou guard\u00e1-lo na sua loja. A caixa de exposi\u00e7\u00e3o por grosso cont\u00e9m 10 pe\u00e7as e a quantidade por caixa varia consoante o armaz\u00e9m, pelo que pode planear razoavelmente o seu invent\u00e1rio. Trabalhamos com parceiros de confian\u00e7a como a UPS, a DPD e a DHL para fornecer servi\u00e7os de entrega DDP, garantindo que n\u00e3o se deparar\u00e1 com quaisquer acidentes na alf\u00e2ndega.<\/p>\n<p data-v-md-line=\"39\">Voc\u00ea quer saber mais sobre os detalhes do seu sistema? SKU\uff1aAirmez-Fumud-15K\u3002 Quantidades t\u00edpicas em caixas de cart\u00e3o: 100 da Pol\u00f3nia, 160 de Shenzhen, e 200 da Alemanha.<\/p>\n<h2 data-v-md-heading=\"why-do-you-like-it\" data-v-md-line=\"41\">Por que voc\u00ea gosta disso?<\/h2>\n<ul data-v-md-line=\"42\">\n<li>Grande capacidade de suc\u00e7\u00e3o: Dur\u00e1vel e de longa dura\u00e7\u00e3o, sem necessidade de comprar frequentemente novos cartuchos.<\/li>\n<li>Sele\u00e7\u00e3o do teor de nicotina: Escolha 2% ou 5% de nicotina de acordo com a sua prefer\u00eancia.<\/li>\n<li>Recarreg\u00e1vel: 25 ml de e-l\u00edquido podem ser reciclados sem desperdi\u00e7ar uma gota.<\/li>\n<li>N\u00facleo de atomiza\u00e7\u00e3o em malha: Proporciona sempre um sabor est\u00e1vel e duradouro.<\/li>\n<\/ul>\n<h2 data-v-md-heading=\"why-choose-to-collaborate-with-agoravape\" data-v-md-line=\"47\">Por que escolher colaborar com a AgoraVape?<\/h2>\n<p data-v-md-line=\"48\">Vendemos apenas produtos genu\u00ednos 100%, apoiados por pre\u00e7os justos de venda por grosso e apoio fi\u00e1vel. Se \u00e9 uma empresa, os vapes de bobina de malha recarreg\u00e1vel Fumud 15K Puffs podem desfrutar de servi\u00e7os de entrega r\u00e1pidos, fi\u00e1veis e com impostos pagos. Reserve um dispositivo que valha a pena voltar para os seus clientes.<\/p>","protected":false},"excerpt":{"rendered":"<p>&nbsp;<\/p>\n<p><script src=\"chrome-extension:\/\/fpelahbljekknahkcaegamhcndkfpfnc\/iFrame.js\" type=\"text\/javascript\"><\/script><\/p>\n<p><script src=\"chrome-extension:\/\/fpelahbljekknahkcaegamhcndkfpfnc\/iFrame.js\" type=\"text\/javascript\"><\/script><\/p>\n<p><script src=\"chrome-extension:\/\/fpelahbljekknahkcaegamhcndkfpfnc\/iFrame.js\" type=\"text\/javascript\"><\/script><\/p>","protected":false},"featured_media":14085,"comment_status":"open","ping_status":"closed","template":"","meta":[],"product_brand":[210],"product_cat":[124,185,189,137,174,175,193,191,173,186,180,190],"product_tag":[],"class_list":{"0":"post-14049","1":"product","2":"type-product","3":"status-publish","4":"has-post-thumbnail","6":"product_brand-airmez","7":"product_cat-vape-by-brand","8":"product_cat-10000-puffs-high-capacity","9":"product_cat-20mg-standard-nicotine-vapes","10":"product_cat-airmez","11":"product_cat-fruit-flavors","12":"product_cat-icy-mint","13":"product_cat-mesh-coil","14":"product_cat-rechargeable-disposables","15":"product_cat-vape-by-flavor-profile","16":"product_cat-vape-by-nicotine-strength","17":"product_cat-vape-by-puff-count","18":"product_cat-vape-by-feature-or-type","20":"first","21":"onbackorder","22":"shipping-taxable","23":"purchasable","24":"product-type-variable","25":"has-default-attributes"},"tiered_pricing_type":"percentage","tiered_pricing_fixed_rules":[],"tiered_pricing_product_settings":{"layout":"default","base_unit_name":{"singular":null,"plural":null},"default_variation":null},"tiered_pricing_minimum_quantity":10,"tiered_pricing_roles_data":[],"tiered_pricing_percentage_rules":{"30":"29","50":"35","100":"40","200":"44","500":"47","1000":"49"},"tiered_pricing_maximum_quantity":null,"tiered_pricing_quantity_step":"10","_links":{"self":[{"href":"https:\/\/agoravape.com\/pt\/wp-json\/wp\/v2\/product\/14049","targetHints":{"allow":["GET"]}}],"collection":[{"href":"https:\/\/agoravape.com\/pt\/wp-json\/wp\/v2\/product"}],"about":[{"href":"https:\/\/agoravape.com\/pt\/wp-json\/wp\/v2\/types\/product"}],"replies":[{"embeddable":true,"href":"https:\/\/agoravape.com\/pt\/wp-json\/wp\/v2\/comments?post=14049"}],"version-history":[{"count":0,"href":"https:\/\/agoravape.com\/pt\/wp-json\/wp\/v2\/product\/14049\/revisions"}],"wp:featuredmedia":[{"embeddable":true,"href":"https:\/\/agoravape.com\/pt\/wp-json\/wp\/v2\/media\/14085"}],"wp:attachment":[{"href":"https:\/\/agoravape.com\/pt\/wp-json\/wp\/v2\/media?parent=14049"}],"wp:term":[{"taxonomy":"product_brand","embeddable":true,"href":"https:\/\/agoravape.com\/pt\/wp-json\/wp\/v2\/product_brand?post=14049"},{"taxonomy":"product_cat","embeddable":true,"href":"https:\/\/agoravape.com\/pt\/wp-json\/wp\/v2\/product_cat?post=14049"},{"taxonomy":"product_tag","embeddable":true,"href":"https:\/\/agoravape.com\/pt\/wp-json\/wp\/v2\/product_tag?post=14049"}],"curies":[{"name":"wp","href":"https:\/\/api.w.org\/{rel}","templated":true}]}}