{"id":14170,"date":"2025-10-12T22:04:18","date_gmt":"2025-10-12T14:04:18","guid":{"rendered":"https:\/\/green-grasshopper-921422.hostingersite.com\/?post_type=product&#038;p=14170"},"modified":"2026-01-19T22:06:46","modified_gmt":"2026-01-19T14:06:46","slug":"aivono-aim-flame-30k-puffs-dual-airflow-vape","status":"publish","type":"product","link":"https:\/\/agoravape.com\/pt\/product\/aivono-aim-flame-30k-puffs-dual-airflow-vape\/","title":{"rendered":"Aivono Aim Flame 30K Puffs Dual Airflow Vape | Grandes baforadas com tra\u00e7\u00e3o facilmente ajust\u00e1vel"},"content":{"rendered":"<h2 data-v-md-heading=\"what-are-the-highlights-of-the-aivono-aim-flame-30k-dual-intake-vape\" data-v-md-line=\"3\">Quais s\u00e3o os destaques do vape de dupla entrada Aivono Aim Flame 30K?<\/h2>\n<p data-v-md-line=\"4\">Se est\u00e1 cansado de utilizar vaporizadores descart\u00e1veis antes do fim de semana, vale a pena dar uma vista de olhos a este produto. O Aivono Aim Flame tem uma capacidade de at\u00e9 30000 portas, com um funcionamento simples e uma suc\u00e7\u00e3o suave. Pode ajust\u00e1-lo de acordo com as suas prefer\u00eancias.<\/p>\n<p data-v-md-line=\"6\">Se pretende um sabor fi\u00e1vel e est\u00e1vel, e n\u00e3o necessita de substituir frequentemente o vape, ent\u00e3o este produto \u00e9 a escolha ideal. Possui uma fun\u00e7\u00e3o de ajuste de entrada dupla, que lhe permite aspirar facilmente uma textura mais apertada ou um campo de vis\u00e3o mais amplo. Al\u00e9m disso, est\u00e1 equipado com luzes indicadoras de bateria e e-l\u00edquido para o lembrar quando precisa de carregar ou substituir o dispositivo.<\/p>\n<h2 data-v-md-heading=\"excellent-performance-easy-and-convenient\" data-v-md-line=\"8\">Excelente desempenho, f\u00e1cil e pr\u00e1tico<\/h2>\n<p data-v-md-line=\"9\">O n\u00facleo do Aim Flame \u00e9 uma bobina de malha dupla. \u00c9 por isso que cada tragada permanece limpa e refrescante, com um sabor consistente. Quando a bateria estiver fraca, pode carreg\u00e1-lo atrav\u00e9s do Tipo-C utilizando os cabos normalmente usados no seu telem\u00f3vel. Tamb\u00e9m possui um bloqueio para crian\u00e7as para maior tranquilidade, e a fun\u00e7\u00e3o de carregamento r\u00e1pido permite-lhe desfrutar facilmente da divers\u00e3o dos vapes.<\/p>\n<h2 data-v-md-heading=\"specification-introduction\" data-v-md-line=\"11\">Introdu\u00e7\u00e3o \u00e0 especifica\u00e7\u00e3o<\/h2>\n<ul data-v-md-line=\"12\">\n<li>Suction frequency: up to 30000 times<\/li>\n<li>Teor de nicotina: 2%, 3% ou 5%<\/li>\n<li>Princ\u00edpio de funcionamento: Ativa-se com apenas uma tragada.<\/li>\n<li>Carregamento: Interface USB Tipo-C<\/li>\n<li>Status: Pronto para usar assim que sai da caixa<\/li>\n<li>Capacidade do e-l\u00edquido: 25 mililitros<\/li>\n<li>N\u00facleo atomizador: malha dupla de 1,2 \u03a9<\/li>\n<li>Bateria: Bateria de cobalto puro 13450 recarreg\u00e1vel de 650 mAh<\/li>\n<li>Entrada de ar: Dupla entrada de ar ajust\u00e1vel<\/li>\n<li>Ecr\u00e3 de visualiza\u00e7\u00e3o: luzes indicadoras do n\u00edvel da bateria e do n\u00edvel de e-l\u00edquido<\/li>\n<li>Seguran\u00e7a: Bloqueio para crian\u00e7as<\/li>\n<li>Tamanho e peso: 48 \u00d7 82mm, 87g<\/li>\n<\/ul>\n<h2 data-v-md-heading=\"for-you-for-your-business\" data-v-md-line=\"25\">Para voc\u00ea, para o seu neg\u00f3cio<\/h2>\n<p data-v-md-line=\"26\">Pode utilizar o Aivono Aim Flame 30K para uso pessoal ou adicion\u00e1-lo \u00e0 sua loja. As caixas de cart\u00e3o para venda por grosso cont\u00eam 200 unidades, o que facilita a manuten\u00e7\u00e3o das prateleiras totalmente carregadas e a satisfa\u00e7\u00e3o dos clientes.<\/p>\n<p data-v-md-line=\"28\">Enviamos atrav\u00e9s de parceiros de confian\u00e7a, como a UPS, DPD e DHL, numa base DDP ap\u00f3s o pagamento de impostos. A sua encomenda ser\u00e1 entregue atempadamente e ter\u00e1 registos de rastreio para evitar quaisquer acidentes na alf\u00e2ndega.<\/p>\n<h2 data-v-md-heading=\"why-do-you-like-it\" data-v-md-line=\"30\">Por que voc\u00ea gosta disso?<\/h2>\n<ul data-v-md-line=\"31\">\n<li>Grande capacidade de suc\u00e7\u00e3o: maior tempo de suc\u00e7\u00e3o, sem necessidade de comprar frequentemente novos cartuchos.<\/li>\n<li>Sele\u00e7\u00e3o da nicotina: Escolha a concentra\u00e7\u00e3o que se adequa \u00e0 sua dose di\u00e1ria.<\/li>\n<li>Recarreg\u00e1vel: O l\u00edquido para cigarro eletr\u00f4nico acabar\u00e1 a cada compra.<\/li>\n<li>Bobina de malha: mant\u00e9m a textura consistente em cada suc\u00e7\u00e3o.<\/li>\n<li>Aspira\u00e7\u00e3o ajust\u00e1vel: pode alternar entre uma suc\u00e7\u00e3o forte e uma suc\u00e7\u00e3o ligeira.<\/li>\n<\/ul>\n<h2 data-v-md-heading=\"why-choose-to-collaborate-with-agoravape\" data-v-md-line=\"37\">Por que escolher colaborar com a AgoraVape?<\/h2>\n<p data-v-md-line=\"38\">N\u00f3s s\u00f3 vendemos produtos genu\u00ednos 100% e n\u00e3o temos d\u00favidas sobre isso. Se voc\u00ea comprar vapes de entrada dupla Aivono Aim Flame 30K por atacado, receber\u00e1 pre\u00e7os com desconto, suporte confi\u00e1vel e transporte r\u00e1pido e confi\u00e1vel. Entre em contacto connosco e forneceremos aos seus clientes dispositivos que eles realmente adoram.<\/p>","protected":false},"excerpt":{"rendered":"<p>Quais s\u00e3o os destaques do vape de dupla entrada Aivono Aim Flame 30K? Se est\u00e1 farto de usar vaporizadores descart\u00e1veis<\/p>","protected":false},"featured_media":14185,"comment_status":"open","ping_status":"closed","template":"","meta":[],"product_brand":[211],"product_cat":[124,185,189,1637,194,138,196,174,175,193,191,173,186,180,190,192],"product_tag":[],"class_list":{"0":"post-14170","1":"product","2":"type-product","3":"status-publish","4":"has-post-thumbnail","6":"product_brand-aivono","7":"product_cat-vape-by-brand","8":"product_cat-10000-puffs-high-capacity","9":"product_cat-20mg-standard-nicotine-vapes","10":"product_cat-30000-puffs","11":"product_cat-adjustable-airflow","12":"product_cat-aivono","13":"product_cat-child-safety-features","14":"product_cat-fruit-flavors","15":"product_cat-icy-mint","16":"product_cat-mesh-coil","17":"product_cat-rechargeable-disposables","18":"product_cat-vape-by-flavor-profile","19":"product_cat-vape-by-nicotine-strength","20":"product_cat-vape-by-puff-count","21":"product_cat-vape-by-feature-or-type","22":"product_cat-vapes-with-screens","24":"first","25":"onbackorder","26":"shipping-taxable","27":"purchasable","28":"product-type-variable","29":"has-default-attributes"},"tiered_pricing_type":"percentage","tiered_pricing_fixed_rules":[],"tiered_pricing_product_settings":{"layout":"default","base_unit_name":{"singular":null,"plural":null},"default_variation":null},"tiered_pricing_minimum_quantity":10,"tiered_pricing_roles_data":[],"tiered_pricing_percentage_rules":{"30":"29","50":"35","100":"40","200":"44","500":"47","1000":"49"},"tiered_pricing_maximum_quantity":null,"tiered_pricing_quantity_step":"10","_links":{"self":[{"href":"https:\/\/agoravape.com\/pt\/wp-json\/wp\/v2\/product\/14170","targetHints":{"allow":["GET"]}}],"collection":[{"href":"https:\/\/agoravape.com\/pt\/wp-json\/wp\/v2\/product"}],"about":[{"href":"https:\/\/agoravape.com\/pt\/wp-json\/wp\/v2\/types\/product"}],"replies":[{"embeddable":true,"href":"https:\/\/agoravape.com\/pt\/wp-json\/wp\/v2\/comments?post=14170"}],"version-history":[{"count":0,"href":"https:\/\/agoravape.com\/pt\/wp-json\/wp\/v2\/product\/14170\/revisions"}],"wp:featuredmedia":[{"embeddable":true,"href":"https:\/\/agoravape.com\/pt\/wp-json\/wp\/v2\/media\/14185"}],"wp:attachment":[{"href":"https:\/\/agoravape.com\/pt\/wp-json\/wp\/v2\/media?parent=14170"}],"wp:term":[{"taxonomy":"product_brand","embeddable":true,"href":"https:\/\/agoravape.com\/pt\/wp-json\/wp\/v2\/product_brand?post=14170"},{"taxonomy":"product_cat","embeddable":true,"href":"https:\/\/agoravape.com\/pt\/wp-json\/wp\/v2\/product_cat?post=14170"},{"taxonomy":"product_tag","embeddable":true,"href":"https:\/\/agoravape.com\/pt\/wp-json\/wp\/v2\/product_tag?post=14170"}],"curies":[{"name":"wp","href":"https:\/\/api.w.org\/{rel}","templated":true}]}}