{"id":14195,"date":"2025-10-12T22:12:57","date_gmt":"2025-10-12T14:12:57","guid":{"rendered":"https:\/\/green-grasshopper-921422.hostingersite.com\/?post_type=product&#038;p=14195"},"modified":"2025-12-31T22:59:31","modified_gmt":"2025-12-31T14:59:31","slug":"aivono-aim-flash-35k-puffs-dual-mesh-vape","status":"publish","type":"product","link":"https:\/\/agoravape.com\/pt\/product\/aivono-aim-flash-35k-puffs-dual-mesh-vape\/","title":{"rendered":"Aivono Aim Flash 35K Puffs Dual Mesh Disposable Vape | Grandes baforadas, sabor consistente"},"content":{"rendered":"<h2 data-v-md-heading=\"what-are-the-highlights-of-the-aivono-aim-flash-35k-dual-network-disposable-vape\" data-v-md-line=\"3\">Quais s\u00e3o os destaques do vape descart\u00e1vel de rede dupla Aivono Aim Flash 35K?<\/h2>\n<p data-v-md-line=\"4\">Se est\u00e1 cansado dos vapes descart\u00e1veis que expiram em poucos dias, este produto vai mudar a sua experi\u00eancia. O Aivono Aim Flash est\u00e1 equipado com n\u00facleos duplos e pode acomodar at\u00e9 35000 picadas, permitindo-lhe manter um sabor rico do in\u00edcio ao fim. Se pretende um vape que seja dur\u00e1vel, tenha um sabor excelente e n\u00e3o exija uma configura\u00e7\u00e3o ou manuten\u00e7\u00e3o entediantes, ent\u00e3o esta \u00e9 a sua escolha ideal.<\/p>\n<p data-v-md-line=\"6\">Pode pensar que o sabor ir\u00e1 diminuir gradualmente depois de utilizar o dispositivo durante tanto tempo, mas o design de malha dupla consegue manter uma suc\u00e7\u00e3o suave e consistente em todas as ocasi\u00f5es. Basta escolher o seu sabor e concentra\u00e7\u00e3o de nicotina favoritos e pode come\u00e7ar facilmente.<\/p>\n<h2 data-v-md-heading=\"excellent-performance-no-need-for-complex-operations\" data-v-md-line=\"8\">Excelente desempenho, sem necessidade de opera\u00e7\u00f5es complexas<\/h2>\n<p data-v-md-line=\"9\">O n\u00facleo duplo \u00e9 o ponto alto deste produto. Pode aquecer uniformemente, permitindo-lhe obter um sabor completo e puro com cada baforada. Quando a bateria est\u00e1 fraca, pode carreg\u00e1-la atrav\u00e9s da interface Type-C, e o cabo de carregamento pode ser o mesmo que o cabo de carregamento do telem\u00f3vel. N\u00e3o precisa de bot\u00f5es, nem de menus. Basta respirar e est\u00e1 pronto a usar.<\/p>\n<h2 data-v-md-heading=\"specification-introduction\" data-v-md-line=\"11\">Introdu\u00e7\u00e3o \u00e0 especifica\u00e7\u00e3o<\/h2>\n<ul data-v-md-line=\"12\">\n<li>N\u00famero de aspira\u00e7\u00f5es: at\u00e9 35000 aspira\u00e7\u00f5es<\/li>\n<li>Capacidade do e-l\u00edquido: 28 mililitros<\/li>\n<li>Bateria: Bateria recarreg\u00e1vel de 850 mAh<\/li>\n<li>N\u00facleo atomizador: malha dupla de 1,0 \u03a9<\/li>\n<li>Concentra\u00e7\u00e3o de nicotina: 0%, 2%, 3%, e 5% opcional<\/li>\n<li>Carregamento: Interface USB Tipo-C<\/li>\n<li>Princ\u00edpio de funcionamento: Ativa-se com apenas uma tragada.<\/li>\n<li>Estado: Pronto para usar assim que abrir a caixa.<\/li>\n<\/ul>\n<h2 data-v-md-heading=\"full-range-of-flavors\" data-v-md-line=\"21\">Full range of flavors<\/h2>\n<ul data-v-md-line=\"22\">\n<li>Batido de morango<\/li>\n<li>Melancia de morango<\/li>\n<li>Framboesa Cereja<\/li>\n<li>Smoothie de mirtilo<\/li>\n<li>Lim\u00e3o como<\/li>\n<li>Sumo de p\u00eassego<\/li>\n<li>Mirtilos e uvas<\/li>\n<li>Chiclete de Melancia<\/li>\n<li>Ma\u00e7\u00e3s azedas<\/li>\n<li>Manga Abacaxi<\/li>\n<li>Rancho Azul<\/li>\n<li>Smoothie de melancia<\/li>\n<li>Batido de uva<\/li>\n<li>Frutas vermelhas misturadas<\/li>\n<li>Morango Kiwi<\/li>\n<\/ul>\n<h2 data-v-md-heading=\"for-you-for-your-business\" data-v-md-line=\"38\">Para voc\u00ea, para o seu neg\u00f3cio<\/h2>\n<p data-v-md-line=\"39\">Pode adquirir Aivono Aim Flash 35K para uso pessoal ou adicion\u00e1-lo \u00e0 sua loja. Oferecemos embalagens por grosso e a quantidade de embalagens pode variar consoante o lote. Por favor, contacte-nos e confirmaremos o tamanho atual da embalagem da sua encomenda.<\/p>\n<p data-v-md-line=\"41\">Fornecemos servi\u00e7os de entrega com direitos pagos (DDP) atrav\u00e9s de parceiros de confian\u00e7a como a UPS, a DPD e a DHL em toda a Europa para garantir que recebe a entrega DDP e evitar quaisquer incidentes aduaneiros inesperados. A encomenda \u00e9 rastre\u00e1vel. Confidencialidade da embalagem. O pagamento \u00e9 processado atrav\u00e9s de um portal seguro.<\/p>\n<h2 data-v-md-heading=\"why-do-you-like-it\" data-v-md-line=\"43\">Por que voc\u00ea gosta disso?<\/h2>\n<ul data-v-md-line=\"44\">\n<li>Suc\u00e7\u00e3o maci\u00e7a: Dur\u00e1vel e de longa dura\u00e7\u00e3o, sem necessidade de substitui\u00e7\u00e3o frequente dos vapores.<\/li>\n<li>Sele\u00e7\u00e3o da nicotina: Escolha a concentra\u00e7\u00e3o que melhor se adapta \u00e0s suas prefer\u00eancias e \u00e0 regulamenta\u00e7\u00e3o local.<\/li>\n<li>Recarreg\u00e1vel: Voc\u00ea utiliza todos os e-l\u00edquidos adquiridos.<\/li>\n<li>Bobina de malha: Da primeira \u00e0 \u00faltima dentada, o sabor mant\u00e9m-se constante.<\/li>\n<\/ul>\n<h2 data-v-md-heading=\"quick-explanation-of-compliance\" data-v-md-line=\"49\">Explica\u00e7\u00e3o r\u00e1pida da conformidade<\/h2>\n<p data-v-md-line=\"50\">O fornecimento de nicotina varia consoante o mercado. Fornecemos op\u00e7\u00f5es que cumprem as normas TPD\/TRRP conforme necess\u00e1rio e podemos fornecer recomenda\u00e7\u00f5es sobre a concentra\u00e7\u00e3o de e-l\u00edquido permitida no seu pa\u00eds\/regi\u00e3o. Todo o invent\u00e1rio \u00e9 genu\u00edno e vem com r\u00f3tulos claros e informa\u00e7\u00f5es de seguran\u00e7a.<\/p>\n<h2 data-v-md-heading=\"why-choose-to-collaborate-with-agoravape\" data-v-md-line=\"52\">Por que escolher colaborar com a AgoraVape?<\/h2>\n<p data-v-md-line=\"53\">Somos um dos distribuidores de vape de confian\u00e7a na Europa e s\u00f3 vendemos produtos genu\u00ednos. Os clientes empresariais podem usufruir de pre\u00e7os grossistas com desconto, apoio de resposta r\u00e1pida e servi\u00e7os de entrega r\u00e1pida DDP para os vapes descart\u00e1veis Aivono Aim Flash 35K. Podemos fornecer op\u00e7\u00f5es OEM\/ODM mediante pedido. Contacte-nos para reservar um dispositivo de confian\u00e7a para os seus clientes.<\/p>","protected":false},"excerpt":{"rendered":"<p>&nbsp;<\/p>","protected":false},"featured_media":14215,"comment_status":"open","ping_status":"closed","template":"","meta":[],"product_brand":[211],"product_cat":[124,187,185,189,138,174,175,193,191,173,186,180,190],"product_tag":[],"class_list":{"0":"post-14195","1":"product","2":"type-product","3":"status-publish","4":"has-post-thumbnail","6":"product_brand-aivono","7":"product_cat-vape-by-brand","8":"product_cat-0mg-nicotine-free-vapes","9":"product_cat-10000-puffs-high-capacity","10":"product_cat-20mg-standard-nicotine-vapes","11":"product_cat-aivono","12":"product_cat-fruit-flavors","13":"product_cat-icy-mint","14":"product_cat-mesh-coil","15":"product_cat-rechargeable-disposables","16":"product_cat-vape-by-flavor-profile","17":"product_cat-vape-by-nicotine-strength","18":"product_cat-vape-by-puff-count","19":"product_cat-vape-by-feature-or-type","21":"first","22":"instock","23":"shipping-taxable","24":"purchasable","25":"product-type-variable","26":"has-default-attributes"},"tiered_pricing_type":"percentage","tiered_pricing_fixed_rules":[],"tiered_pricing_product_settings":{"layout":"default","base_unit_name":{"singular":null,"plural":null},"default_variation":null},"tiered_pricing_minimum_quantity":10,"tiered_pricing_roles_data":[],"tiered_pricing_percentage_rules":{"30":"29","50":"35","100":"40","200":"44","500":"47","1000":"49"},"tiered_pricing_maximum_quantity":null,"tiered_pricing_quantity_step":"10","_links":{"self":[{"href":"https:\/\/agoravape.com\/pt\/wp-json\/wp\/v2\/product\/14195","targetHints":{"allow":["GET"]}}],"collection":[{"href":"https:\/\/agoravape.com\/pt\/wp-json\/wp\/v2\/product"}],"about":[{"href":"https:\/\/agoravape.com\/pt\/wp-json\/wp\/v2\/types\/product"}],"replies":[{"embeddable":true,"href":"https:\/\/agoravape.com\/pt\/wp-json\/wp\/v2\/comments?post=14195"}],"version-history":[{"count":0,"href":"https:\/\/agoravape.com\/pt\/wp-json\/wp\/v2\/product\/14195\/revisions"}],"wp:featuredmedia":[{"embeddable":true,"href":"https:\/\/agoravape.com\/pt\/wp-json\/wp\/v2\/media\/14215"}],"wp:attachment":[{"href":"https:\/\/agoravape.com\/pt\/wp-json\/wp\/v2\/media?parent=14195"}],"wp:term":[{"taxonomy":"product_brand","embeddable":true,"href":"https:\/\/agoravape.com\/pt\/wp-json\/wp\/v2\/product_brand?post=14195"},{"taxonomy":"product_cat","embeddable":true,"href":"https:\/\/agoravape.com\/pt\/wp-json\/wp\/v2\/product_cat?post=14195"},{"taxonomy":"product_tag","embeddable":true,"href":"https:\/\/agoravape.com\/pt\/wp-json\/wp\/v2\/product_tag?post=14195"}],"curies":[{"name":"wp","href":"https:\/\/api.w.org\/{rel}","templated":true}]}}