{"id":14333,"date":"2025-10-13T12:50:47","date_gmt":"2025-10-13T04:50:47","guid":{"rendered":"https:\/\/green-grasshopper-921422.hostingersite.com\/?post_type=product&#038;p=14333"},"modified":"2025-12-15T21:30:55","modified_gmt":"2025-12-15T13:30:55","slug":"elf-box-pulse-x-25k-puffs-3d-screen-vape","status":"publish","type":"product","link":"https:\/\/agoravape.com\/pt\/product\/elf-box-pulse-x-25k-puffs-3d-screen-vape\/","title":{"rendered":"Elf Box Pulse X Dual Mode 25K Puffs 3D Screen Vape | Puffs de longa dura\u00e7\u00e3o, Controlo Inteligente"},"content":{"rendered":"<h2 data-v-md-heading=\"what-are-the-highlights-of-the-elf-box-pulse-x-dual-mode-25000-port-3d-screen-vape\" data-v-md-line=\"3\"><img loading=\"lazy\" decoding=\"async\" class=\"aligncenter size-full wp-image-14347\" src=\"https:\/\/agoravape.com\/wp-content\/uploads\/2025\/10\/Elf-Box-Pulse-X-Dual-Mode-25K-Puffs-3D-Screen-Vape_Agora_vape-3-scaled.webp\" alt=\"\" width=\"2560\" height=\"1280\" srcset=\"https:\/\/agoravape.com\/wp-content\/uploads\/2025\/10\/Elf-Box-Pulse-X-Dual-Mode-25K-Puffs-3D-Screen-Vape_Agora_vape-3-scaled.webp 2560w, https:\/\/agoravape.com\/wp-content\/uploads\/2025\/10\/Elf-Box-Pulse-X-Dual-Mode-25K-Puffs-3D-Screen-Vape_Agora_vape-3-scaled-1200x600.webp 1200w, https:\/\/agoravape.com\/wp-content\/uploads\/2025\/10\/Elf-Box-Pulse-X-Dual-Mode-25K-Puffs-3D-Screen-Vape_Agora_vape-3-300x150.webp 300w, https:\/\/agoravape.com\/wp-content\/uploads\/2025\/10\/Elf-Box-Pulse-X-Dual-Mode-25K-Puffs-3D-Screen-Vape_Agora_vape-3-1024x512.webp 1024w, https:\/\/agoravape.com\/wp-content\/uploads\/2025\/10\/Elf-Box-Pulse-X-Dual-Mode-25K-Puffs-3D-Screen-Vape_Agora_vape-3-768x384.webp 768w, https:\/\/agoravape.com\/wp-content\/uploads\/2025\/10\/Elf-Box-Pulse-X-Dual-Mode-25K-Puffs-3D-Screen-Vape_Agora_vape-3-1536x768.webp 1536w, https:\/\/agoravape.com\/wp-content\/uploads\/2025\/10\/Elf-Box-Pulse-X-Dual-Mode-25K-Puffs-3D-Screen-Vape_Agora_vape-3-2048x1024.webp 2048w\" sizes=\"auto, (max-width: 2560px) 100vw, 2560px\" \/><\/h2>\n<h2 data-v-md-heading=\"what-are-the-highlights-of-the-elf-box-pulse-x-dual-mode-25000-port-3d-screen-vape\" data-v-md-line=\"3\">Quais s\u00e3o os destaques do Elf Box Pulse X dual-mode 25000 port 3D screen vape?<\/h2>\n<p data-v-md-line=\"4\">Se est\u00e1 cansado dos vapes descart\u00e1veis, este produto vai refresc\u00e1-lo definitivamente. O Elf Box Pulse X pode produzir at\u00e9 25000 bocados, com um sabor puro e consistente, funcionamento simples e sem necessidade de se preocupar.<\/p>\n<p data-v-md-line=\"6\">Pode pensar-se que um dispositivo com tal resist\u00eancia seria volumoso. Mas o facto \u00e9 que n\u00e3o \u00e9 assim. O tamanho do Pulse X \u00e9 de 91,5 \u00d7 56,5 \u00d7 28,5 mil\u00edmetros, com um peso de aproximadamente 100 gramas, o que o torna muito confort\u00e1vel de segurar na m\u00e3o. Se pretende um vape fi\u00e1vel, de excelente sabor, desempenho est\u00e1vel e acess\u00edvel, ent\u00e3o esta \u00e9 a sua escolha ideal.<\/p>\n<h2 data-v-md-heading=\"excellent-performance-easy-and-convenient\" data-v-md-line=\"8\">Excelente desempenho, f\u00e1cil e pr\u00e1tico<\/h2>\n<p data-v-md-line=\"9\">A bobina de malha dupla (0,8 \u03a9+0,8 \u03a9) proporciona-lhe uma pot\u00eancia forte. S\u00e3o aquecidas uniformemente, tornando cada dentada t\u00e3o deliciosa como o primeiro gole. Dois modos permitem que voc\u00ea fa\u00e7a o que quiser: a pot\u00eancia de pulso traz uma experi\u00eancia de suc\u00e7\u00e3o suave e est\u00e1vel, enquanto o super impulso traz uma experi\u00eancia poderosa. A fun\u00e7\u00e3o de regula\u00e7\u00e3o de energia AI pode ajudar os dispositivos a manter a estabilidade sem a necessidade de ajustar as defini\u00e7\u00f5es. Quando a bateria est\u00e1 fraca, pode carreg\u00e1-la atrav\u00e9s da interface Tipo C. Este pode ser o mesmo cabo utilizado no seu telem\u00f3vel. F\u00e1cil de utilizar.<\/p>\n<h2 data-v-md-heading=\"specification-introduction\" data-v-md-line=\"11\">Introdu\u00e7\u00e3o \u00e0 especifica\u00e7\u00e3o<\/h2>\n<ul data-v-md-line=\"12\">\n<li>Frequ\u00eancia de suc\u00e7\u00e3o: at\u00e9 25000 vezes<\/li>\n<li>Teor de nicotina: 0%, 2%, 3%, 5% (a oferta espec\u00edfica pode variar consoante o pa\u00eds\/regi\u00e3o)<\/li>\n<li>Modo de funcionamento: modo duplo (pot\u00eancia de impulso ou super-refor\u00e7o), regula\u00e7\u00e3o de pot\u00eancia AI<\/li>\n<li>E-liquid capacity: 18 milliliters<\/li>\n<li>N\u00facleo de atomiza\u00e7\u00e3o: malha dupla de 0,8 \u03a9+0,8 \u03a9<\/li>\n<li>Bateria: 750mAh, recarreg\u00e1vel<\/li>\n<li>Charging: Standard Type-C USB interface<\/li>\n<li>Ecr\u00e3: Ecr\u00e3 curvo 3D<\/li>\n<li>Tamanho e peso: 91,5 \u00d7 56,5 \u00d7 28,5 mil\u00edmetros, aproximadamente 100 gramas<\/li>\n<li>Estado: Pronto para usar assim que abrir a caixa.<\/li>\n<\/ul>\n<h2 data-v-md-heading=\"full-range-of-flavors\" data-v-md-line=\"23\">Full range of flavors<\/h2>\n<ul data-v-md-line=\"24\">\n<li>Strawberry and watermelon flavor<\/li>\n<li>Sabor a cereja<\/li>\n<li>Sabor a batido de p\u00eassego<\/li>\n<li>Sabor a kiwi e maracuj\u00e1<\/li>\n<li>Sabor rico a batido<\/li>\n<li>Sabor a Red Bull<\/li>\n<li>Sabor a batido de uva<\/li>\n<li>Sabor a batido de mirtilo<\/li>\n<li>Sabor a morango e banana<\/li>\n<li>Gelo com sabor a morango<\/li>\n<\/ul>\n<h2 data-v-md-heading=\"for-you-and-your-business\" data-v-md-line=\"35\">Para voc\u00ea e sua empresa<\/h2>\n<p data-v-md-line=\"36\">Escolha um para si ou adicione-o \u00e0 sua loja. Fornecemos a Elf Box Pulse X em caixas de 5 unidades por grosso. Se precisar de comprar em grandes quantidades, cada caixa cont\u00e9m 100 unidades. Fornecemos servi\u00e7os de entrega DDP em toda a Europa atrav\u00e9s de parceiros de confian\u00e7a como a UPS, DPD e DHL, permitindo-lhe obter pre\u00e7os claros e evitar acidentes alfandeg\u00e1rios.<\/p>\n<p data-v-md-line=\"38\">Se pretender comprar para diferentes mercados da UE, escolha concentra\u00e7\u00f5es de nicotina que cumpram os regulamentos locais. Estamos sempre dispon\u00edveis para o ajudar a encontrar a concentra\u00e7\u00e3o de nicotina adequada.<\/p>\n<h2 data-v-md-heading=\"why-do-you-like-it\" data-v-md-line=\"40\">Por que voc\u00ea gosta disso?<\/h2>\n<ul data-v-md-line=\"41\">\n<li>Suc\u00e7\u00e3o maci\u00e7a: at\u00e9 25000 baforadas, o que significa menos substitui\u00e7\u00f5es e menos inc\u00f3modos.<\/li>\n<li>Sele\u00e7\u00e3o da nicotina: Escolha a concentra\u00e7\u00e3o que melhor se adapta aos seus h\u00e1bitos tab\u00e1gicos.<\/li>\n<li>Recarreg\u00e1vel: Utiliza todo o e-l\u00edquido que compra em vez de metade.<\/li>\n<li>Bobinas de malha: As bobinas de malha dupla proporcionam um sabor consistente e rico.<\/li>\n<li>Dois modos de alimenta\u00e7\u00e3o: comuta\u00e7\u00e3o r\u00e1pida, desfrute de suavidade ou pot\u00eancia.<\/li>\n<li>Carregamento tipo C: Pode ser carregado rapidamente com um cabo normal.<\/li>\n<li>Ecr\u00e3 inteligente: O ecr\u00e3 curvo 3D proporciona um feedback de controlo claro e pr\u00e1tico.<\/li>\n<\/ul>\n<h2 data-v-md-heading=\"why-collaborate-with-agoravape\" data-v-md-line=\"49\">Por que colaborar com a AgoraVape?<\/h2>\n<p data-v-md-line=\"50\">Vendemos apenas produtos genu\u00ednos 100% e garantimos a seguran\u00e7a dos produtos que enviamos. Nossos clientes corporativos que compram Elf Box Pulse X dual-mode 25K 3D screen vapes podem desfrutar de pre\u00e7os de atacado com desconto, suporte de resposta r\u00e1pida e servi\u00e7os de entrega DDP r\u00e1pidos e confi\u00e1veis. Bem-vindo a discutir connosco como criar um dispositivo que valha a pena voltar para os seus clientes.<\/p>","protected":false},"excerpt":{"rendered":"<p>&nbsp;<\/p>\n<p><script src=\"chrome-extension:\/\/fpelahbljekknahkcaegamhcndkfpfnc\/iFrame.js\" type=\"text\/javascript\"><\/script><\/p>\n<p><script src=\"chrome-extension:\/\/fpelahbljekknahkcaegamhcndkfpfnc\/iFrame.js\" type=\"text\/javascript\"><\/script><\/p>\n<p><script src=\"chrome-extension:\/\/fpelahbljekknahkcaegamhcndkfpfnc\/iFrame.js\" type=\"text\/javascript\"><\/script><\/p>\n<p><script src=\"chrome-extension:\/\/fpelahbljekknahkcaegamhcndkfpfnc\/iFrame.js\" type=\"text\/javascript\"><\/script><\/p>\n<p><script src=\"chrome-extension:\/\/fpelahbljekknahkcaegamhcndkfpfnc\/iFrame.js\" type=\"text\/javascript\"><\/script><\/p>","protected":false},"featured_media":14355,"comment_status":"open","ping_status":"closed","template":"","meta":[],"product_brand":[212],"product_cat":[124,187,185,189,176,139,174,175,193,191,173,186,180,190,192],"product_tag":[],"class_list":{"0":"post-14333","1":"product","2":"type-product","3":"status-publish","4":"has-post-thumbnail","6":"product_brand-elf-box","7":"product_cat-vape-by-brand","8":"product_cat-0mg-nicotine-free-vapes","9":"product_cat-10000-puffs-high-capacity","10":"product_cat-20mg-standard-nicotine-vapes","11":"product_cat-beverage","12":"product_cat-elf-box","13":"product_cat-fruit-flavors","14":"product_cat-icy-mint","15":"product_cat-mesh-coil","16":"product_cat-rechargeable-disposables","17":"product_cat-vape-by-flavor-profile","18":"product_cat-vape-by-nicotine-strength","19":"product_cat-vape-by-puff-count","20":"product_cat-vape-by-feature-or-type","21":"product_cat-vapes-with-screens","23":"first","24":"instock","25":"shipping-taxable","26":"purchasable","27":"product-type-variable","28":"has-default-attributes"},"tiered_pricing_type":"percentage","tiered_pricing_fixed_rules":[],"tiered_pricing_product_settings":{"layout":"default","base_unit_name":{"singular":null,"plural":null},"default_variation":null},"tiered_pricing_minimum_quantity":10,"tiered_pricing_roles_data":[],"tiered_pricing_percentage_rules":{"30":"29","50":"35","100":"40","200":"44","500":"47","1000":"49"},"tiered_pricing_maximum_quantity":null,"tiered_pricing_quantity_step":"10","_links":{"self":[{"href":"https:\/\/agoravape.com\/pt\/wp-json\/wp\/v2\/product\/14333","targetHints":{"allow":["GET"]}}],"collection":[{"href":"https:\/\/agoravape.com\/pt\/wp-json\/wp\/v2\/product"}],"about":[{"href":"https:\/\/agoravape.com\/pt\/wp-json\/wp\/v2\/types\/product"}],"replies":[{"embeddable":true,"href":"https:\/\/agoravape.com\/pt\/wp-json\/wp\/v2\/comments?post=14333"}],"version-history":[{"count":0,"href":"https:\/\/agoravape.com\/pt\/wp-json\/wp\/v2\/product\/14333\/revisions"}],"wp:featuredmedia":[{"embeddable":true,"href":"https:\/\/agoravape.com\/pt\/wp-json\/wp\/v2\/media\/14355"}],"wp:attachment":[{"href":"https:\/\/agoravape.com\/pt\/wp-json\/wp\/v2\/media?parent=14333"}],"wp:term":[{"taxonomy":"product_brand","embeddable":true,"href":"https:\/\/agoravape.com\/pt\/wp-json\/wp\/v2\/product_brand?post=14333"},{"taxonomy":"product_cat","embeddable":true,"href":"https:\/\/agoravape.com\/pt\/wp-json\/wp\/v2\/product_cat?post=14333"},{"taxonomy":"product_tag","embeddable":true,"href":"https:\/\/agoravape.com\/pt\/wp-json\/wp\/v2\/product_tag?post=14333"}],"curies":[{"name":"wp","href":"https:\/\/api.w.org\/{rel}","templated":true}]}}