{"id":14357,"date":"2025-10-13T13:03:00","date_gmt":"2025-10-13T05:03:00","guid":{"rendered":"https:\/\/green-grasshopper-921422.hostingersite.com\/?post_type=product&#038;p=14357"},"modified":"2025-12-15T21:30:55","modified_gmt":"2025-12-15T13:30:55","slug":"elf-box-rgb14000-pro-14k-puffs-led-vape","status":"publish","type":"product","link":"https:\/\/agoravape.com\/pt\/product\/elf-box-rgb14000-pro-14k-puffs-led-vape\/","title":{"rendered":"Elf Box RGB14000 Pro 14K Puffs LED Display Vape | Sabor duradouro com recarga f\u00e1cil"},"content":{"rendered":"<h2 data-v-md-heading=\"what-about-the-elf-box-rgb14000-pro-14k-suction-led-display-vape\" data-v-md-line=\"3\"><img loading=\"lazy\" decoding=\"async\" class=\"aligncenter size-full wp-image-14369\" src=\"https:\/\/agoravape.com\/wp-content\/uploads\/2025\/10\/Elf-Box-RGB14000-Pro-14K-Puffs-LED-Display-Vape_Agora_vape-1-scaled.webp\" alt=\"\" width=\"2560\" height=\"1553\" srcset=\"https:\/\/agoravape.com\/wp-content\/uploads\/2025\/10\/Elf-Box-RGB14000-Pro-14K-Puffs-LED-Display-Vape_Agora_vape-1-scaled.webp 2560w, https:\/\/agoravape.com\/wp-content\/uploads\/2025\/10\/Elf-Box-RGB14000-Pro-14K-Puffs-LED-Display-Vape_Agora_vape-1-scaled-1200x728.webp 1200w, https:\/\/agoravape.com\/wp-content\/uploads\/2025\/10\/Elf-Box-RGB14000-Pro-14K-Puffs-LED-Display-Vape_Agora_vape-1-300x182.webp 300w, https:\/\/agoravape.com\/wp-content\/uploads\/2025\/10\/Elf-Box-RGB14000-Pro-14K-Puffs-LED-Display-Vape_Agora_vape-1-1024x621.webp 1024w, https:\/\/agoravape.com\/wp-content\/uploads\/2025\/10\/Elf-Box-RGB14000-Pro-14K-Puffs-LED-Display-Vape_Agora_vape-1-768x466.webp 768w, https:\/\/agoravape.com\/wp-content\/uploads\/2025\/10\/Elf-Box-RGB14000-Pro-14K-Puffs-LED-Display-Vape_Agora_vape-1-1536x932.webp 1536w, https:\/\/agoravape.com\/wp-content\/uploads\/2025\/10\/Elf-Box-RGB14000-Pro-14K-Puffs-LED-Display-Vape_Agora_vape-1-2048x1243.webp 2048w\" sizes=\"auto, (max-width: 2560px) 100vw, 2560px\" \/><\/h2>\n<h2 data-v-md-heading=\"what-about-the-elf-box-rgb14000-pro-14k-suction-led-display-vape\" data-v-md-line=\"3\">E o vape com ecr\u00e3 LED de suc\u00e7\u00e3o Elf Box RGB14000 Pro 14K?<\/h2>\n<p data-v-md-line=\"4\">Se est\u00e1 cansado de substituir os cartuchos de cigarro descart\u00e1veis a cada poucos dias, ent\u00e3o este produto facilitar\u00e1 a sua vida. A Elf Box RGB14000 Pro tem uma capacidade de suc\u00e7\u00e3o de at\u00e9 14000, equipada com um visor LED n\u00edtido e uma conveniente interface de carregamento Tipo C, permitindo-lhe extrair facilmente cada gota de \u00f3leo de um dep\u00f3sito de 25 mililitros.<\/p>\n<p data-v-md-line=\"6\">Podes pensar que ter tantas baforadas de vapores seria volumoso, mas a sua portabilidade surpreende-te bastante. O corpo mate \u00e9 muito confort\u00e1vel de segurar na m\u00e3o, e a ilumina\u00e7\u00e3o RGB confere-lhe personalidade. O cord\u00e3o inclu\u00eddo torna-o f\u00e1cil de transportar.<\/p>\n<h2 data-v-md-heading=\"excellent-performance-and-easy-operation\" data-v-md-line=\"8\">Excelente desempenho e opera\u00e7\u00e3o f\u00e1cil.<\/h2>\n<p data-v-md-line=\"9\">A bobina de malha est\u00e1 localizada no centro do dispositivo, garantindo que cada mordida seja t\u00e3o deliciosa quanto o primeiro gole. N\u00e3o haver\u00e1 cortes de energia nem queimaduras. Quando a bateria estiver fraca, basta utilizar o cabo de dados Tipo C padr\u00e3o para a carregar. O ecr\u00e3 LED \u00e9 claro \u00e0 primeira vista, sem necessidade de adivinhar quando precisa de ser carregado.<\/p>\n<h2 data-v-md-heading=\"specification-introduction\" data-v-md-line=\"11\">Introdu\u00e7\u00e3o \u00e0 especifica\u00e7\u00e3o<\/h2>\n<ul data-v-md-line=\"12\">\n<li>Frequ\u00eancia de suc\u00e7\u00e3o: at\u00e9 14000 vezes<\/li>\n<li>Teor de nicotina: 0%, 2%, 3%, 5%<\/li>\n<li>Princ\u00edpio de funcionamento: Ativa-se com apenas uma tragada.<\/li>\n<li>Charging: Standard Type-C USB interface<\/li>\n<li>Status: Pronto para usar assim que sai da caixa<\/li>\n<\/ul>\n<h2 data-v-md-heading=\"full-range-of-flavors\" data-v-md-line=\"18\">Full range of flavors<\/h2>\n<ul data-v-md-line=\"19\">\n<li>Strawberry and watermelon flavor<\/li>\n<li>Sabor a batido de mirtilo<\/li>\n<li>Sabor a batido de morango<\/li>\n<li>Sabor a batido de uva<\/li>\n<li>Sabor a batido de menta<\/li>\n<li>Sabor a Red Bull<\/li>\n<li>Duplo sabor a ma\u00e7\u00e3<\/li>\n<li>Cheiro a batido de b\u00eabedo<\/li>\n<li>Sabor a p\u00eassego e manga<\/li>\n<li>Sabor a cereja<\/li>\n<\/ul>\n<h2 data-v-md-heading=\"for-you-for-your-business\" data-v-md-line=\"30\">Para voc\u00ea, para o seu neg\u00f3cio<\/h2>\n<p data-v-md-line=\"31\">Pode comprar uma para si ou fazer um stock para a sua loja. Se precisar de fazer uma encomenda a granel, oferecemos caixas por grosso para 10 unidades e caixas exteriores para 200 unidades. Utilizamos o m\u00e9todo de envio DDP e cooperamos com parceiros de confian\u00e7a como a UPS, DPD e DHL, pelo que os impostos e taxas ser\u00e3o processados antecipadamente e n\u00e3o haver\u00e1 incidentes inesperados na alf\u00e2ndega.<\/p>\n<p data-v-md-line=\"33\">Se est\u00e1 a criar uma s\u00e9rie que vale a pena reutilizar, ent\u00e3o este produto satisfaz definitivamente os seus requisitos em termos de durabilidade, sabor consistente e utiliza\u00e7\u00e3o di\u00e1ria conveniente.<\/p>\n<h2 data-v-md-heading=\"why-do-you-like-it\" data-v-md-line=\"35\">Por que voc\u00ea gosta disso?<\/h2>\n<ul data-v-md-line=\"36\">\n<li>Grande capacidade: Dur\u00e1vel e de longa dura\u00e7\u00e3o, n\u00e3o \u00e9 necess\u00e1rio comprar frequentemente novos e-l\u00edquidos.<\/li>\n<li>Sele\u00e7\u00e3o do teor de nicotina: Escolha 0%, 2%, 3%, ou 5% de acordo com o seu gosto.<\/li>\n<li>Recarreg\u00e1vel: Utiliza todos os e-l\u00edquidos que compra.<\/li>\n<li>Bobina de malha: Proporciona sempre um sabor rico e consistente.<\/li>\n<li>Ecr\u00e3 de LED e luzes RGB: uma apar\u00eancia simples e moderna que apresenta o estado num relance.<\/li>\n<li>Inclui um cord\u00e3o de seguran\u00e7a: pr\u00e1tico para transportar quando sair.<\/li>\n<\/ul>\n<h2 data-v-md-heading=\"why-choose-to-collaborate-with-agoravape\" data-v-md-line=\"43\">Por que escolher colaborar com a AgoraVape?<\/h2>\n<p data-v-md-line=\"44\">N\u00f3s s\u00f3 vendemos produtos genu\u00ednos 100% e n\u00e3o temos d\u00favidas sobre isso. Os clientes empresariais que compram Elf Box RGB14000 Pro 14K LED display vapes podem desfrutar de pre\u00e7os de atacado com desconto, suporte de resposta r\u00e1pida e servi\u00e7os de pagamento e entrega de impostos r\u00e1pidos. Se pretender circula\u00e7\u00e3o de invent\u00e1rio e repetir clientes, contacte-nos.<\/p>","protected":false},"excerpt":{"rendered":"<p>&nbsp;<\/p>\n<p><script src=\"chrome-extension:\/\/fpelahbljekknahkcaegamhcndkfpfnc\/iFrame.js\" type=\"text\/javascript\"><\/script><\/p>\n<p><script src=\"chrome-extension:\/\/fpelahbljekknahkcaegamhcndkfpfnc\/iFrame.js\" type=\"text\/javascript\"><\/script><\/p>\n<p><script src=\"chrome-extension:\/\/fpelahbljekknahkcaegamhcndkfpfnc\/iFrame.js\" type=\"text\/javascript\"><\/script><\/p>\n<p><script src=\"chrome-extension:\/\/fpelahbljekknahkcaegamhcndkfpfnc\/iFrame.js\" type=\"text\/javascript\"><\/script><\/p>\n<p><script src=\"chrome-extension:\/\/fpelahbljekknahkcaegamhcndkfpfnc\/iFrame.js\" type=\"text\/javascript\"><\/script><\/p>","protected":false},"featured_media":14379,"comment_status":"open","ping_status":"closed","template":"","meta":[],"product_brand":[212],"product_cat":[124,187,185,189,176,139,174,175,193,191,173,186,180,190,192],"product_tag":[],"class_list":{"0":"post-14357","1":"product","2":"type-product","3":"status-publish","4":"has-post-thumbnail","6":"product_brand-elf-box","7":"product_cat-vape-by-brand","8":"product_cat-0mg-nicotine-free-vapes","9":"product_cat-10000-puffs-high-capacity","10":"product_cat-20mg-standard-nicotine-vapes","11":"product_cat-beverage","12":"product_cat-elf-box","13":"product_cat-fruit-flavors","14":"product_cat-icy-mint","15":"product_cat-mesh-coil","16":"product_cat-rechargeable-disposables","17":"product_cat-vape-by-flavor-profile","18":"product_cat-vape-by-nicotine-strength","19":"product_cat-vape-by-puff-count","20":"product_cat-vape-by-feature-or-type","21":"product_cat-vapes-with-screens","23":"first","24":"instock","25":"shipping-taxable","26":"purchasable","27":"product-type-variable","28":"has-default-attributes"},"tiered_pricing_type":"percentage","tiered_pricing_fixed_rules":[],"tiered_pricing_product_settings":{"layout":"default","base_unit_name":{"singular":null,"plural":null},"default_variation":null},"tiered_pricing_minimum_quantity":10,"tiered_pricing_roles_data":[],"tiered_pricing_percentage_rules":{"30":"29","50":"35","100":"40","200":"44","500":"47","1000":"49"},"tiered_pricing_maximum_quantity":null,"tiered_pricing_quantity_step":"10","_links":{"self":[{"href":"https:\/\/agoravape.com\/pt\/wp-json\/wp\/v2\/product\/14357","targetHints":{"allow":["GET"]}}],"collection":[{"href":"https:\/\/agoravape.com\/pt\/wp-json\/wp\/v2\/product"}],"about":[{"href":"https:\/\/agoravape.com\/pt\/wp-json\/wp\/v2\/types\/product"}],"replies":[{"embeddable":true,"href":"https:\/\/agoravape.com\/pt\/wp-json\/wp\/v2\/comments?post=14357"}],"version-history":[{"count":0,"href":"https:\/\/agoravape.com\/pt\/wp-json\/wp\/v2\/product\/14357\/revisions"}],"wp:featuredmedia":[{"embeddable":true,"href":"https:\/\/agoravape.com\/pt\/wp-json\/wp\/v2\/media\/14379"}],"wp:attachment":[{"href":"https:\/\/agoravape.com\/pt\/wp-json\/wp\/v2\/media?parent=14357"}],"wp:term":[{"taxonomy":"product_brand","embeddable":true,"href":"https:\/\/agoravape.com\/pt\/wp-json\/wp\/v2\/product_brand?post=14357"},{"taxonomy":"product_cat","embeddable":true,"href":"https:\/\/agoravape.com\/pt\/wp-json\/wp\/v2\/product_cat?post=14357"},{"taxonomy":"product_tag","embeddable":true,"href":"https:\/\/agoravape.com\/pt\/wp-json\/wp\/v2\/product_tag?post=14357"}],"curies":[{"name":"wp","href":"https:\/\/api.w.org\/{rel}","templated":true}]}}