{"id":14381,"date":"2025-10-13T13:12:29","date_gmt":"2025-10-13T05:12:29","guid":{"rendered":"https:\/\/green-grasshopper-921422.hostingersite.com\/?post_type=product&#038;p=14381"},"modified":"2025-12-15T21:30:54","modified_gmt":"2025-12-15T13:30:54","slug":"elf-box-rgb14000-14k-puffs-rgb-vape","status":"publish","type":"product","link":"https:\/\/agoravape.com\/pt\/product\/elf-box-rgb14000-14k-puffs-rgb-vape\/","title":{"rendered":"Elf Box RGB14000 Puffs 14K com luz RGB e cord\u00e3o de seguran\u00e7a | Puffs de longa dura\u00e7\u00e3o com recarga f\u00e1cil"},"content":{"rendered":"<h2 data-v-md-heading=\"what-are-the-advantages-of-elf-box-rgb14000-with-a-suction-capacity-of-14k-equipped-with-rgb-lights-and-hanging-ropes\" data-v-md-line=\"3\">Quais s\u00e3o as vantagens da Elf Box RGB14000 com uma capacidade de suc\u00e7\u00e3o de 14K, equipada com luzes RGB e cordas suspensas?<\/h2>\n<p data-v-md-line=\"4\">Se est\u00e1 cansado de esgotar o e-l\u00edquido descart\u00e1vel demasiado depressa, este produto ser\u00e1 a sua escolha ideal. A Elf Box RGB14000 tem uma capacidade de suc\u00e7\u00e3o de at\u00e9 14000 portas e est\u00e1 equipada com luzes RGB coloridas e uma pr\u00e1tica corda de pendurar para um acesso f\u00e1cil em qualquer altura.<\/p>\n<p data-v-md-line=\"6\">\u00c9 adequado para qualquer pessoa que queira desfrutar facilmente de uma deliciosa experi\u00eancia de vaporiza\u00e7\u00e3o. Oferece uma variedade de op\u00e7\u00f5es de concentra\u00e7\u00e3o de nicotina, uma ampla capacidade de e-l\u00edquido de 25 mililitros e um sabor duradouro. Pode pensar-se que um vape com uma capacidade de fumo t\u00e3o elevada seria volumoso, mas \u00e9 surpreendentemente leve, pesando apenas 100 gramas.<\/p>\n<h2 data-v-md-heading=\"excellent-performance-without-any-complexity\" data-v-md-line=\"8\">Excelente desempenho sem qualquer complexidade<\/h2>\n<p data-v-md-line=\"9\">N\u00facleo de atomiza\u00e7\u00e3o de malha de 1,0 \u03a9, sabor suave, uma mordida ap\u00f3s a outra. Ap\u00f3s uma semana de uso, n\u00e3o haver\u00e1 cheiro de queimado. Quando a bateria est\u00e1 fraca, voc\u00ea pode carreg\u00e1-la atrav\u00e9s do Tipo C, que \u00e9 o mesmo cabo usado na maioria dos telefones. Ligue a alimenta\u00e7\u00e3o, recarregue e pode continuar a utiliz\u00e1-lo.<\/p>\n<h2 data-v-md-heading=\"specification-introduction\" data-v-md-line=\"11\">Introdu\u00e7\u00e3o \u00e0 especifica\u00e7\u00e3o<\/h2>\n<ul data-v-md-line=\"12\">\n<li>Frequ\u00eancia de suc\u00e7\u00e3o: at\u00e9 14000 vezes<\/li>\n<li>Teor de nicotina: 0%\/2%\/3%\/5%<\/li>\n<li>Princ\u00edpio de funcionamento: Ativa-se com apenas uma tragada.<\/li>\n<li>Charging: Standard Type-C USB interface<\/li>\n<li>Status: Pronto para usar assim que sai da caixa<\/li>\n<li>Capacidade do e-l\u00edquido: 25 mililitros<\/li>\n<li>N\u00facleo de atomiza\u00e7\u00e3o: malha de 1,0 \u03a9<\/li>\n<li>Bateria: 600 mAh (18250)<\/li>\n<li>Tamanho e peso: 35 \u00d7 36 \u00d7 133,5 mil\u00edmetros, aproximadamente 100 gramas<\/li>\n<li>Carater\u00edsticas adicionais: Fita luminosa RGB e cord\u00e3o de acompanhamento<\/li>\n<li>Embalagem: 10 unidades por caixa, 200 unidades por caixa<\/li>\n<\/ul>\n<h2 data-v-md-heading=\"full-range-of-flavors\" data-v-md-line=\"24\">Full range of flavors<\/h2>\n<ul data-v-md-line=\"25\">\n<li>Strawberry and watermelon flavor<\/li>\n<li>Sabor a batido de mirtilo<\/li>\n<li>Sabor a batido de morango<\/li>\n<li>Sabor a batido de uva<\/li>\n<li>Sabor a batido de menta<\/li>\n<li>Sabor a Red Bull<\/li>\n<li>Duplo sabor a ma\u00e7\u00e3<\/li>\n<li>Sabor a batido perfumado<\/li>\n<li>Sabor a p\u00eassego e manga<\/li>\n<li>Refrigerante com sabor a cereja<\/li>\n<\/ul>\n<h2 data-v-md-heading=\"for-you-and-for-your-business-as-well\" data-v-md-line=\"36\">Para voc\u00ea e para o seu neg\u00f3cio tamb\u00e9m.<\/h2>\n<p data-v-md-line=\"37\">Pode adquirir unidades individuais para uso pessoal ou para gest\u00e3o de invent\u00e1rio. A embalagem para venda por grosso inclui 10 unidades por caixa e 200 unidades por caixa, o que facilita o planeamento. Fornecemos servi\u00e7os de entrega DDP atrav\u00e9s de parceiros de confian\u00e7a como a UPS, DPD e DHL, permitindo-lhe obter pre\u00e7os claros e evitar acidentes alfandeg\u00e1rios.<\/p>\n<h2 data-v-md-heading=\"why-do-you-like-it\" data-v-md-line=\"39\">Por que voc\u00ea gosta disso?<\/h2>\n<ul data-v-md-line=\"40\">\n<li>Fumar em grande quantidade: Dur\u00e1vel e de longa dura\u00e7\u00e3o, n\u00e3o \u00e9 necess\u00e1rio comprar frequentemente novos cigarros.<\/li>\n<li>Sele\u00e7\u00e3o de nicotina: Escolha a concentra\u00e7\u00e3o que melhor se adapta \u00e0s suas necessidades di\u00e1rias.<\/li>\n<li>Recarreg\u00e1vel: Pode utilizar todo o e-l\u00edquido que comprar de cada vez.<\/li>\n<li>N\u00facleo de atomiza\u00e7\u00e3o em malha: Proporciona sempre um sabor est\u00e1vel e duradouro.<\/li>\n<\/ul>\n<h2 data-v-md-heading=\"why-choose-to-collaborate-with-agoravape\" data-v-md-line=\"45\">Por que escolher colaborar com a AgoraVape?<\/h2>\n<p data-v-md-line=\"46\">Vendemos apenas produtos genu\u00ednos 100%, permitindo-lhe compreender verdadeiramente os produtos que adquiriu. Para clientes empresariais, isto significa que pode desfrutar de pre\u00e7os est\u00e1veis por grosso, apoio fi\u00e1vel e servi\u00e7os de entrega r\u00e1pida DDP em toda a Europa para as fitas luminosas e cord\u00f5es Elf Box RGB14000 14K RGB. Contacte-nos para adquirir um dispositivo que realmente adora para os seus clientes.<\/p>","protected":false},"excerpt":{"rendered":"<p>&nbsp;<\/p>\n<p><script src=\"chrome-extension:\/\/fpelahbljekknahkcaegamhcndkfpfnc\/iFrame.js\" type=\"text\/javascript\"><\/script><\/p>\n<p><script src=\"chrome-extension:\/\/fpelahbljekknahkcaegamhcndkfpfnc\/iFrame.js\" type=\"text\/javascript\"><\/script><\/p>\n<p><script src=\"chrome-extension:\/\/fpelahbljekknahkcaegamhcndkfpfnc\/iFrame.js\" type=\"text\/javascript\"><\/script><\/p>\n<p><script src=\"chrome-extension:\/\/fpelahbljekknahkcaegamhcndkfpfnc\/iFrame.js\" type=\"text\/javascript\"><\/script><\/p>\n<p><script src=\"chrome-extension:\/\/fpelahbljekknahkcaegamhcndkfpfnc\/iFrame.js\" type=\"text\/javascript\"><\/script><\/p>","protected":false},"featured_media":14402,"comment_status":"open","ping_status":"closed","template":"","meta":[],"product_brand":[212],"product_cat":[124,187,185,189,176,139,174,175,193,191,173,186,180,190],"product_tag":[],"class_list":{"0":"post-14381","1":"product","2":"type-product","3":"status-publish","4":"has-post-thumbnail","6":"product_brand-elf-box","7":"product_cat-vape-by-brand","8":"product_cat-0mg-nicotine-free-vapes","9":"product_cat-10000-puffs-high-capacity","10":"product_cat-20mg-standard-nicotine-vapes","11":"product_cat-beverage","12":"product_cat-elf-box","13":"product_cat-fruit-flavors","14":"product_cat-icy-mint","15":"product_cat-mesh-coil","16":"product_cat-rechargeable-disposables","17":"product_cat-vape-by-flavor-profile","18":"product_cat-vape-by-nicotine-strength","19":"product_cat-vape-by-puff-count","20":"product_cat-vape-by-feature-or-type","22":"first","23":"instock","24":"shipping-taxable","25":"purchasable","26":"product-type-variable","27":"has-default-attributes"},"tiered_pricing_type":"percentage","tiered_pricing_fixed_rules":[],"tiered_pricing_product_settings":{"layout":"default","base_unit_name":{"singular":null,"plural":null},"default_variation":null},"tiered_pricing_minimum_quantity":10,"tiered_pricing_roles_data":[],"tiered_pricing_percentage_rules":{"30":"29","50":"35","100":"40","200":"44","500":"47","1000":"49"},"tiered_pricing_maximum_quantity":null,"tiered_pricing_quantity_step":"10","_links":{"self":[{"href":"https:\/\/agoravape.com\/pt\/wp-json\/wp\/v2\/product\/14381","targetHints":{"allow":["GET"]}}],"collection":[{"href":"https:\/\/agoravape.com\/pt\/wp-json\/wp\/v2\/product"}],"about":[{"href":"https:\/\/agoravape.com\/pt\/wp-json\/wp\/v2\/types\/product"}],"replies":[{"embeddable":true,"href":"https:\/\/agoravape.com\/pt\/wp-json\/wp\/v2\/comments?post=14381"}],"version-history":[{"count":0,"href":"https:\/\/agoravape.com\/pt\/wp-json\/wp\/v2\/product\/14381\/revisions"}],"wp:featuredmedia":[{"embeddable":true,"href":"https:\/\/agoravape.com\/pt\/wp-json\/wp\/v2\/media\/14402"}],"wp:attachment":[{"href":"https:\/\/agoravape.com\/pt\/wp-json\/wp\/v2\/media?parent=14381"}],"wp:term":[{"taxonomy":"product_brand","embeddable":true,"href":"https:\/\/agoravape.com\/pt\/wp-json\/wp\/v2\/product_brand?post=14381"},{"taxonomy":"product_cat","embeddable":true,"href":"https:\/\/agoravape.com\/pt\/wp-json\/wp\/v2\/product_cat?post=14381"},{"taxonomy":"product_tag","embeddable":true,"href":"https:\/\/agoravape.com\/pt\/wp-json\/wp\/v2\/product_tag?post=14381"}],"curies":[{"name":"wp","href":"https:\/\/api.w.org\/{rel}","templated":true}]}}