{"id":14450,"date":"2025-10-13T15:16:48","date_gmt":"2025-10-13T07:16:48","guid":{"rendered":"https:\/\/green-grasshopper-921422.hostingersite.com\/?post_type=product&#038;p=14450"},"modified":"2026-01-13T01:12:10","modified_gmt":"2026-01-12T17:12:10","slug":"vopk-tripe-60000-puffs-triplo-sabor-vape","status":"publish","type":"product","link":"https:\/\/agoravape.com\/pt\/product\/vopk-tripe-60000-puffs-triple-flavor-vape\/","title":{"rendered":"VOPK Tripe 60000 Puffs Triplo Sabor Descart\u00e1vel | Tr\u00eas op\u00e7\u00f5es de sabor. F\u00e1cil de usar."},"content":{"rendered":"<h2 data-v-md-heading=\"what-are-the-advantages-of-vopk-tripe-60000-triple-flavored-disposable-vapes\" data-v-md-line=\"3\"><img loading=\"lazy\" decoding=\"async\" class=\"aligncenter size-full wp-image-14464\" src=\"https:\/\/agoravape.com\/wp-content\/uploads\/2025\/10\/VOPK-Tripe-60000-Puffs-Triple-Flavor-Disposable_Agora_vape-3-scaled.webp\" alt=\"\" width=\"2560\" height=\"1598\" srcset=\"https:\/\/agoravape.com\/wp-content\/uploads\/2025\/10\/VOPK-Tripe-60000-Puffs-Triple-Flavor-Disposable_Agora_vape-3-scaled.webp 2560w, https:\/\/agoravape.com\/wp-content\/uploads\/2025\/10\/VOPK-Tripe-60000-Puffs-Triple-Flavor-Disposable_Agora_vape-3-scaled-1200x749.webp 1200w, https:\/\/agoravape.com\/wp-content\/uploads\/2025\/10\/VOPK-Tripe-60000-Puffs-Triple-Flavor-Disposable_Agora_vape-3-300x187.webp 300w, https:\/\/agoravape.com\/wp-content\/uploads\/2025\/10\/VOPK-Tripe-60000-Puffs-Triple-Flavor-Disposable_Agora_vape-3-1024x639.webp 1024w, https:\/\/agoravape.com\/wp-content\/uploads\/2025\/10\/VOPK-Tripe-60000-Puffs-Triple-Flavor-Disposable_Agora_vape-3-768x479.webp 768w, https:\/\/agoravape.com\/wp-content\/uploads\/2025\/10\/VOPK-Tripe-60000-Puffs-Triple-Flavor-Disposable_Agora_vape-3-1536x959.webp 1536w, https:\/\/agoravape.com\/wp-content\/uploads\/2025\/10\/VOPK-Tripe-60000-Puffs-Triple-Flavor-Disposable_Agora_vape-3-2048x1279.webp 2048w\" sizes=\"auto, (max-width: 2560px) 100vw, 2560px\" \/><\/h2>\n<h2 data-v-md-heading=\"what-are-the-advantages-of-vopk-tripe-60000-triple-flavored-disposable-vapes\" data-v-md-line=\"3\">Quais s\u00e3o as vantagens dos vapes descart\u00e1veis \u200b\u200bcom triplo sabor VOPK Tripe 60000?<\/h2>\n<p data-v-md-line=\"4\">Se voc\u00ea prefere op\u00e7\u00f5es variadas, f\u00e1ceis e pr\u00e1ticas, este produto \u00e9 definitivamente ideal para voc\u00ea. O VOPK Tripe combina tr\u00eas sabores em um s\u00f3, permitindo que voc\u00ea alterne entre eles a qualquer momento. Sem necessidade de menus ou aplicativos. Basta levantar e girar para trocar de sabor e aproveitar ao m\u00e1ximo.<\/p>\n<p data-v-md-line=\"6\">\u00c9 ideal para entusiastas de vaporizadores que buscam bateria de longa dura\u00e7\u00e3o e facilidade de carregamento. Possui visor de e-l\u00edquido e bateria, permitindo que voc\u00ea acompanhe o status atual a qualquer momento. A capacidade nominal de 60.000 vapes \u00e9 fornecida pelo fabricante, portanto, a dura\u00e7\u00e3o real da bateria pode variar dependendo do uso.<\/p>\n<h2 data-v-md-heading=\"excellent-performance-easy-and-convenient\" data-v-md-line=\"8\">Excelente desempenho, f\u00e1cil e pr\u00e1tico<\/h2>\n<p data-v-md-line=\"9\">Tr\u00eas bobinas de malha de 0,9 \u03a9 s\u00e3o respons\u00e1veis \u200b\u200bpela fun\u00e7\u00e3o principal, garantindo que cada inala\u00e7\u00e3o proporcione um sabor puro e consistente. A bobina de malha aquece rapidamente, mantendo o sabor intenso e suave. Quando a bateria estiver descarregada, voc\u00ea pode usar um cabo de dados Tipo-C para carreg\u00e1-la. Este pode ser o mesmo cabo que voc\u00ea usa no seu celular. Os tr\u00eas sabores podem dar a impress\u00e3o de que a opera\u00e7\u00e3o \u00e9 um pouco complexa, mas o design do seletor rotativo torna o uso muito simples.<\/p>\n<h2 data-v-md-heading=\"specification-overview\" data-v-md-line=\"11\">Vis\u00e3o geral das especifica\u00e7\u00f5es<\/h2>\n<ul data-v-md-line=\"12\">\n<li>Frequ\u00eancia de suc\u00e7\u00e3o: at\u00e9 60.000 vezes (classifica\u00e7\u00e3o do fabricante)<\/li>\n<li>Teor de nicotina: n\u00e3o especificado pelo fabricante. Consulte-nos para saber mais sobre as op\u00e7\u00f5es dispon\u00edveis no seu mercado.<\/li>\n<li>Princ\u00edpio de funcionamento: Ativado por inala\u00e7\u00e3o.<\/li>\n<li>Charging: Standard Type-C USB interface<\/li>\n<li>Status: Pronto para usar assim que sai da caixa<\/li>\n<li>Capacidade do e-l\u00edquido: Tr\u00eas compartimentos de armazenamento com capacidade total de 54 mililitros.<\/li>\n<li>Bateria: bateria recarreg\u00e1vel de 650 mAh<\/li>\n<li>Bobina: 0,9 \u03a9 \u00d7 3 bobinas de malha<\/li>\n<li>Tela de status: indicadores de n\u00edvel de e-l\u00edquido e bateria para tr\u00eas tanques de armazenamento.<\/li>\n<li>Interruptor de sabor: tipo de eleva\u00e7\u00e3o e rota\u00e7\u00e3o<\/li>\n<\/ul>\n<h2 data-v-md-heading=\"full-range-of-flavors\" data-v-md-line=\"23\">Full range of flavors<\/h2>\n<ul data-v-md-line=\"24\">\n<li>Sorvete de Melancia\/Sorvete Triplo de Mel\u00e3o\/Sorvete de Morango<\/li>\n<li>Morango, Banana\/Framboesa, Melancia\/Abacaxi, Coco<\/li>\n<li>P\u00eassego com Frutas Vermelhas\/Sorvete de Mirtilo\/Melancia com P\u00eassego e Manga<\/li>\n<li>Sorvete de Abacaxi Azedo\/Morango Red Bull\/Groselha Preta<\/li>\n<li>Kiwi Maracuj\u00e1\/Morango Cereja\/Amor 66<\/li>\n<li>Sorvete de Ma\u00e7\u00e3 Duplo\/Frutas Tropicais\/Chiclete de Morango e Melancia<\/li>\n<li>Red Bull sabor uva gelada\/morango kiwi\/melancia<\/li>\n<li>Morango e melancia\/mirtilo e framboesa\/lim\u00e3o<\/li>\n<li>Banana Abacaxi\/Red Bull Ice\/Morango Manga<\/li>\n<li>Balas de goma em formato de ursinho de pel\u00facia\/refrigerante de cola com morango e baunilha\/marshmallows de mirtilo<\/li>\n<\/ul>\n<h2 data-v-md-heading=\"for-you-and-for-your-business-as-well\" data-v-md-line=\"35\">Para voc\u00ea e para o seu neg\u00f3cio tamb\u00e9m.<\/h2>\n<p data-v-md-line=\"36\">Voc\u00ea pode escolher uma para uso pessoal ou abastecer sua loja. A caixa de atacado cont\u00e9m 10 unidades e a caixa grande cont\u00e9m 160 unidades. F\u00e1cil de vender. Os anz\u00f3is com tr\u00eas sabores diferentes s\u00e3o ainda mais f\u00e1ceis de vender.<\/p>\n<p data-v-md-line=\"38\">Enviamos atrav\u00e9s de parceiros de confian\u00e7a como UPS, DPD e DHL em regime DDP em toda a Europa, para que as taxas alfandeg\u00e1rias possam ser processadas antecipadamente. N\u00e3o haver\u00e1 problemas na alf\u00e2ndega. Devido \u00e0s regulamenta\u00e7\u00f5es locais, a disponibilidade e as op\u00e7\u00f5es de nicotina podem variar em diferentes pa\u00edses\/regi\u00f5es. Em caso de d\u00favida, entre em contato conosco.<\/p>\n<h2 data-v-md-heading=\"why-do-you-like-it\" data-v-md-line=\"40\">Por que voc\u00ea gosta disso?<\/h2>\n<ul data-v-md-line=\"41\">\n<li>Frequ\u00eancia de suc\u00e7\u00e3o: Dur\u00e1vel e reduz o n\u00famero de compras.<\/li>\n<li>Sele\u00e7\u00e3o de sabores: Tr\u00eas em um, mant\u00e9m o frescor<\/li>\n<li>Sele\u00e7\u00e3o de nicotina: Escolha a concentra\u00e7\u00e3o de nicotina adequada dispon\u00edvel no mercado.<\/li>\n<li>Recarreg\u00e1vel: Carregamento Tipo C, que ajuda voc\u00ea a usar todo o seu e-l\u00edquido.<\/li>\n<li>Serpentina de malha: mant\u00e9m o sabor consistente da primeira \u00e0 \u00faltima mordida.<\/li>\n<li>Visor n\u00edtido: Visualize com clareza os n\u00edveis de e-l\u00edquido e bateria restantes num relance.<\/li>\n<li>Troca f\u00e1cil: Levante e gire para alternar entre os sabores.<\/li>\n<\/ul>\n<h2 data-v-md-heading=\"why-choose-agoravape\" data-v-md-line=\"49\">Por que escolher a AgoraVape?<\/h2>\n<p data-v-md-line=\"50\">Adquirimos estoque 100% genu\u00edno e oferecemos suporte com pre\u00e7os de atacado com desconto e servi\u00e7os de entrega DDP r\u00e1pidos. Nossa equipe conhece bem o mercado europeu, portanto, voc\u00ea pode obter respostas claras e um fornecimento confi\u00e1vel para os e-l\u00edquidos descart\u00e1veis \u200b\u200bVOPK Tripe 60000 com triplo sabor. Se voc\u00ea deseja um dispositivo com triplo sabor que realmente conquiste seus clientes, entre em contato conosco.<\/p>","protected":false},"excerpt":{"rendered":"<p>&nbsp;<\/p>\n<p><script src=\"chrome-extension:\/\/fpelahbljekknahkcaegamhcndkfpfnc\/iFrame.js\" type=\"text\/javascript\"><\/script><\/p>\n<p><script src=\"chrome-extension:\/\/fpelahbljekknahkcaegamhcndkfpfnc\/iFrame.js\" type=\"text\/javascript\"><\/script><\/p>\n<p><script src=\"chrome-extension:\/\/fpelahbljekknahkcaegamhcndkfpfnc\/iFrame.js\" type=\"text\/javascript\"><\/script><\/p>\n<p><script src=\"chrome-extension:\/\/fpelahbljekknahkcaegamhcndkfpfnc\/iFrame.js\" type=\"text\/javascript\"><\/script><\/p>\n<p><script src=\"chrome-extension:\/\/fpelahbljekknahkcaegamhcndkfpfnc\/iFrame.js\" type=\"text\/javascript\"><\/script><\/p>","protected":false},"featured_media":14472,"comment_status":"open","ping_status":"closed","template":"","meta":[],"product_brand":[213],"product_cat":[124,187,185,189,1642,176,177,195,174,175,193,191,173,186,180,190,140],"product_tag":[],"class_list":{"0":"post-14450","1":"product","2":"type-product","3":"status-publish","4":"has-post-thumbnail","6":"product_brand-vopk","7":"product_cat-vape-by-brand","8":"product_cat-0mg-nicotine-free-vapes","9":"product_cat-10000-puffs-high-capacity","10":"product_cat-20mg-standard-nicotine-vapes","11":"product_cat-60000-puffs","12":"product_cat-beverage","13":"product_cat-dessert-sweets","14":"product_cat-dual-flavor-switch","15":"product_cat-fruit-flavors","16":"product_cat-icy-mint","17":"product_cat-mesh-coil","18":"product_cat-rechargeable-disposables","19":"product_cat-vape-by-flavor-profile","20":"product_cat-vape-by-nicotine-strength","21":"product_cat-vape-by-puff-count","22":"product_cat-vape-by-feature-or-type","23":"product_cat-vopk","25":"first","26":"instock","27":"shipping-taxable","28":"purchasable","29":"product-type-variable","30":"has-default-attributes"},"tiered_pricing_type":"percentage","tiered_pricing_fixed_rules":[],"tiered_pricing_product_settings":{"layout":"default","base_unit_name":{"singular":null,"plural":null},"default_variation":null},"tiered_pricing_minimum_quantity":10,"tiered_pricing_roles_data":[],"tiered_pricing_percentage_rules":{"30":"29","50":"35","100":"40","200":"44","500":"47","1000":"49"},"tiered_pricing_maximum_quantity":null,"tiered_pricing_quantity_step":"10","_links":{"self":[{"href":"https:\/\/agoravape.com\/pt\/wp-json\/wp\/v2\/product\/14450","targetHints":{"allow":["GET"]}}],"collection":[{"href":"https:\/\/agoravape.com\/pt\/wp-json\/wp\/v2\/product"}],"about":[{"href":"https:\/\/agoravape.com\/pt\/wp-json\/wp\/v2\/types\/product"}],"replies":[{"embeddable":true,"href":"https:\/\/agoravape.com\/pt\/wp-json\/wp\/v2\/comments?post=14450"}],"version-history":[{"count":0,"href":"https:\/\/agoravape.com\/pt\/wp-json\/wp\/v2\/product\/14450\/revisions"}],"wp:featuredmedia":[{"embeddable":true,"href":"https:\/\/agoravape.com\/pt\/wp-json\/wp\/v2\/media\/14472"}],"wp:attachment":[{"href":"https:\/\/agoravape.com\/pt\/wp-json\/wp\/v2\/media?parent=14450"}],"wp:term":[{"taxonomy":"product_brand","embeddable":true,"href":"https:\/\/agoravape.com\/pt\/wp-json\/wp\/v2\/product_brand?post=14450"},{"taxonomy":"product_cat","embeddable":true,"href":"https:\/\/agoravape.com\/pt\/wp-json\/wp\/v2\/product_cat?post=14450"},{"taxonomy":"product_tag","embeddable":true,"href":"https:\/\/agoravape.com\/pt\/wp-json\/wp\/v2\/product_tag?post=14450"}],"curies":[{"name":"wp","href":"https:\/\/api.w.org\/{rel}","templated":true}]}}