{"id":14474,"date":"2025-10-13T15:31:30","date_gmt":"2025-10-13T07:31:30","guid":{"rendered":"https:\/\/green-grasshopper-921422.hostingersite.com\/?post_type=product&#038;p=14474"},"modified":"2026-01-13T01:04:04","modified_gmt":"2026-01-12T17:04:04","slug":"vopk-ultra-40000-puffs-vape-de-duplo-sabor","status":"publish","type":"product","link":"https:\/\/agoravape.com\/pt\/product\/vopk-ultra-40000-puffs-dual-flavor-vape\/","title":{"rendered":"VOPK Ultra 40000 Puffs Dual Flavor Screen Vape | Puffs generosos, dois sabores, sem complica\u00e7\u00f5es"},"content":{"rendered":"<h2 data-v-md-heading=\"what-are-the-advantages-of-vopk-ultra-40000-dual-flavor-screen-vapes\" data-v-md-line=\"3\"><img loading=\"lazy\" decoding=\"async\" class=\"aligncenter size-full wp-image-14496\" src=\"https:\/\/agoravape.com\/wp-content\/uploads\/2025\/10\/VOPK-Ultra-40000-Puffs-Dual-Flavor-Screen-Vape_Agora_vape-11.webp\" alt=\"\" width=\"2000\" height=\"1088\" srcset=\"https:\/\/agoravape.com\/wp-content\/uploads\/2025\/10\/VOPK-Ultra-40000-Puffs-Dual-Flavor-Screen-Vape_Agora_vape-11.webp 2000w, https:\/\/agoravape.com\/wp-content\/uploads\/2025\/10\/VOPK-Ultra-40000-Puffs-Dual-Flavor-Screen-Vape_Agora_vape-11-1200x653.webp 1200w, https:\/\/agoravape.com\/wp-content\/uploads\/2025\/10\/VOPK-Ultra-40000-Puffs-Dual-Flavor-Screen-Vape_Agora_vape-11-300x163.webp 300w, https:\/\/agoravape.com\/wp-content\/uploads\/2025\/10\/VOPK-Ultra-40000-Puffs-Dual-Flavor-Screen-Vape_Agora_vape-11-1024x557.webp 1024w, https:\/\/agoravape.com\/wp-content\/uploads\/2025\/10\/VOPK-Ultra-40000-Puffs-Dual-Flavor-Screen-Vape_Agora_vape-11-768x418.webp 768w, https:\/\/agoravape.com\/wp-content\/uploads\/2025\/10\/VOPK-Ultra-40000-Puffs-Dual-Flavor-Screen-Vape_Agora_vape-11-1536x836.webp 1536w\" sizes=\"auto, (max-width: 2000px) 100vw, 2000px\" \/><\/h2>\n<h2 data-v-md-heading=\"what-are-the-advantages-of-vopk-ultra-40000-dual-flavor-screen-vapes\" data-v-md-line=\"3\">Quais s\u00e3o as vantagens dos vaporizadores VOPK Ultra 40000 com tela dupla de sabores?<\/h2>\n<p data-v-md-line=\"4\">Se voc\u00ea est\u00e1 cansado de trocar de vapes descart\u00e1veis \u200b\u200ba cada poucos dias, este produto vai facilitar sua vida. O VOPK Ultra tem capacidade para at\u00e9 40.000 puffs e oferece dois sabores em um \u00fanico dispositivo, para que voc\u00ea possa alternar facilmente entre eles sem precisar carregar um segundo vape.<\/p>\n<p data-v-md-line=\"6\">\u00c9 ideal para quem busca desempenho duradouro e sabor delicioso e direto, sem preocupa\u00e7\u00f5es. A tela grande exibe o n\u00edvel da bateria e do e-l\u00edquido de forma clara e r\u00e1pida, permitindo que voc\u00ea entenda com precis\u00e3o o status atual. Voc\u00ea pode pensar que a tela em vapes descart\u00e1veis \u200b\u200b\u00e9 apenas um recurso sup\u00e9rfluo, mas na verdade ela resolve o problema da dificuldade em avaliar o n\u00edvel de l\u00edquido com precis\u00e3o.<\/p>\n<h2 data-v-md-heading=\"excellent-performance-easy-and-convenient\" data-v-md-line=\"8\">Excelente desempenho, f\u00e1cil e pr\u00e1tico<\/h2>\n<p data-v-md-line=\"9\">O n\u00facleo atomizador de malha dupla integrado garante um aquecimento r\u00e1pido e uniforme, assegurando sabor consistente e uma vaporiza\u00e7\u00e3o intensa e duradoura. Quando a bateria estiver fraca, pode ser carregado atrav\u00e9s da porta USB-C. Utilize o mesmo cabo de dados do seu telem\u00f3vel para recarregar rapidamente.<\/p>\n<h2 data-v-md-heading=\"specification-overview\" data-v-md-line=\"11\">Vis\u00e3o geral das especifica\u00e7\u00f5es<\/h2>\n<ul data-v-md-line=\"12\">\n<li>Frequ\u00eancia de suc\u00e7\u00e3o: at\u00e9 40.000 vezes<\/li>\n<li>Teor de nicotina: Diferentes mercados oferecem op\u00e7\u00f5es diferentes, com uma regi\u00e3o TPD de 0 miligramas. Por favor, verifique a situa\u00e7\u00e3o do fornecimento local.<\/li>\n<li>Princ\u00edpio de funcionamento: Ativado por inala\u00e7\u00e3o<\/li>\n<li>Carregamento: Interface USB Tipo-C<\/li>\n<li>Status: Pronto para usar assim que sai da caixa<\/li>\n<li>Capacidade do e-l\u00edquido: 36 mililitros<\/li>\n<li>Bateria: 650mAh (c\u00e9lulas 16350)<\/li>\n<li>N\u00facleo atomizador: malha dupla<\/li>\n<li>Tela: tela grande com indicador luminoso de bateria e de l\u00edquido para cigarro eletr\u00f4nico.<\/li>\n<\/ul>\n<p data-v-md-line=\"22\">Aten\u00e7\u00e3o: Devido \u00e0s regulamenta\u00e7\u00f5es locais, a disponibilidade e as op\u00e7\u00f5es de teor de nicotina podem variar em diferentes pa\u00edses\/regi\u00f5es.<\/p>\n<h2 data-v-md-heading=\"full-range-of-flavors\" data-v-md-line=\"24\">Full range of flavors<\/h2>\n<ul data-v-md-line=\"25\">\n<li>Morango, melancia\/kiwi, maracuj\u00e1, goiaba<\/li>\n<li>Mirtilos, framboesas, p\u00eassegos, mangas, melancias<\/li>\n<li>Balas de goma de mirtilo em formato de urso\/Kiwis de morango<\/li>\n<li>Mirtilo Cereja\/Morango Framboesa<\/li>\n<li>Refrigerante de lim\u00e3o e lima\/melancia com hortel\u00e3<\/li>\n<li>Sorvete de Melancia\/Sorvete de Mirtilo<\/li>\n<li>Mirtilo e Abacaxi\/Manga Tripla<\/li>\n<li>Explos\u00e3o de Uva e Frutas Vermelhas\/Pera, Ma\u00e7\u00e3 e Framboesa<\/li>\n<li>Morango, Cranberry, Cereja\/Abacaxi, Maracuj\u00e1, Lim\u00e3o<\/li>\n<li>Mirtilo, Morango e Hortel\u00e3\/Mirtilo, Framboesa e Hortel\u00e3<\/li>\n<\/ul>\n<h2 data-v-md-heading=\"for-you-and-your-business\" data-v-md-line=\"36\">Para voc\u00ea e sua empresa<\/h2>\n<p data-v-md-line=\"37\">Se voc\u00ea quer um vaporizador confi\u00e1vel para qualquer clima, com sabor agrad\u00e1vel e carregamento pr\u00e1tico, ent\u00e3o n\u00e3o perca tempo e compre j\u00e1! A tela grande elimina a necessidade de adivinhar o n\u00edvel de l\u00edquido e voc\u00ea n\u00e3o precisa se preocupar com a bateria fraca ou o tanque vazio.<\/p>\n<p data-v-md-line=\"39\">Voc\u00ea opera uma loja f\u00edsica ou uma loja online? Fornecemos VOPK Ultra 40000 em caixas de atacado, com 10 ou 160 unidades por caixa. Utilizamos parceiros confi\u00e1veis \u200b\u200bcomo UPS, DPD e DHL para envios dentro da Europa via DDP, permitindo que as tarifas sejam processadas antecipadamente e evitando surpresas na alf\u00e2ndega.<\/p>\n<h2 data-v-md-heading=\"why-do-you-like-it\" data-v-md-line=\"41\">Por que voc\u00ea gosta disso?<\/h2>\n<ul data-v-md-line=\"42\">\n<li>Grande capacidade de suc\u00e7\u00e3o: maior dura\u00e7\u00e3o da bateria, sem necessidade de reabastecimento frequente.<\/li>\n<li>Sele\u00e7\u00e3o de dois sabores: Um \u00fanico dispositivo oferece duas op\u00e7\u00f5es de sabor para facilitar a troca entre elas.<\/li>\n<li>Recarreg\u00e1vel: O carregamento Tipo C permite que voc\u00ea aproveite ao m\u00e1ximo cada gota de e-l\u00edquido.<\/li>\n<li>Serpentina de malha: da primeira \u00e0 \u00faltima mordida, o sabor permanece consistente.<\/li>\n<li>Tela n\u00edtida: os n\u00edveis de bateria e e-l\u00edquido ficam vis\u00edveis num relance.<\/li>\n<\/ul>\n<h2 data-v-md-heading=\"why-collaborate-with-agoravape\" data-v-md-line=\"48\">Por que colaborar com a AgoraVape?<\/h2>\n<p data-v-md-line=\"49\">Vendemos apenas produtos 100% genu\u00ednos e somos respons\u00e1veis \u200b\u200bpelos produtos que enviamos. O vaporizador VOPK Ultra 40000 com tela dupla de sabores permite que voc\u00ea aproveite pre\u00e7os de atacado com desconto, suporte t\u00e9cnico r\u00e1pido e servi\u00e7os de entrega expressa DDP na Europa. Converse conosco sobre os sabores dispon\u00edveis, op\u00e7\u00f5es regionais de nicotina e pre\u00e7os para compras em grande quantidade e, em seguida, abaste\u00e7a seu estoque com dispositivos que seus clientes realmente voltar\u00e3o a comprar.<\/p>","protected":false},"excerpt":{"rendered":"<p>&nbsp;<\/p>","protected":false},"featured_media":14495,"comment_status":"open","ping_status":"closed","template":"","meta":[],"product_brand":[213],"product_cat":[124,187,185,189,1639,195,174,175,193,191,173,186,180,190,192,140],"product_tag":[],"class_list":{"0":"post-14474","1":"product","2":"type-product","3":"status-publish","4":"has-post-thumbnail","6":"product_brand-vopk","7":"product_cat-vape-by-brand","8":"product_cat-0mg-nicotine-free-vapes","9":"product_cat-10000-puffs-high-capacity","10":"product_cat-20mg-standard-nicotine-vapes","11":"product_cat-40000-puffs","12":"product_cat-dual-flavor-switch","13":"product_cat-fruit-flavors","14":"product_cat-icy-mint","15":"product_cat-mesh-coil","16":"product_cat-rechargeable-disposables","17":"product_cat-vape-by-flavor-profile","18":"product_cat-vape-by-nicotine-strength","19":"product_cat-vape-by-puff-count","20":"product_cat-vape-by-feature-or-type","21":"product_cat-vapes-with-screens","22":"product_cat-vopk","24":"first","25":"instock","26":"shipping-taxable","27":"purchasable","28":"product-type-variable","29":"has-default-attributes"},"tiered_pricing_type":"percentage","tiered_pricing_fixed_rules":[],"tiered_pricing_product_settings":{"layout":"default","base_unit_name":{"singular":null,"plural":null},"default_variation":null},"tiered_pricing_minimum_quantity":10,"tiered_pricing_roles_data":[],"tiered_pricing_percentage_rules":{"30":"29","50":"35","100":"40","200":"44","500":"47","1000":"49"},"tiered_pricing_maximum_quantity":null,"tiered_pricing_quantity_step":"10","_links":{"self":[{"href":"https:\/\/agoravape.com\/pt\/wp-json\/wp\/v2\/product\/14474","targetHints":{"allow":["GET"]}}],"collection":[{"href":"https:\/\/agoravape.com\/pt\/wp-json\/wp\/v2\/product"}],"about":[{"href":"https:\/\/agoravape.com\/pt\/wp-json\/wp\/v2\/types\/product"}],"replies":[{"embeddable":true,"href":"https:\/\/agoravape.com\/pt\/wp-json\/wp\/v2\/comments?post=14474"}],"version-history":[{"count":0,"href":"https:\/\/agoravape.com\/pt\/wp-json\/wp\/v2\/product\/14474\/revisions"}],"wp:featuredmedia":[{"embeddable":true,"href":"https:\/\/agoravape.com\/pt\/wp-json\/wp\/v2\/media\/14495"}],"wp:attachment":[{"href":"https:\/\/agoravape.com\/pt\/wp-json\/wp\/v2\/media?parent=14474"}],"wp:term":[{"taxonomy":"product_brand","embeddable":true,"href":"https:\/\/agoravape.com\/pt\/wp-json\/wp\/v2\/product_brand?post=14474"},{"taxonomy":"product_cat","embeddable":true,"href":"https:\/\/agoravape.com\/pt\/wp-json\/wp\/v2\/product_cat?post=14474"},{"taxonomy":"product_tag","embeddable":true,"href":"https:\/\/agoravape.com\/pt\/wp-json\/wp\/v2\/product_tag?post=14474"}],"curies":[{"name":"wp","href":"https:\/\/api.w.org\/{rel}","templated":true}]}}