{"id":14522,"date":"2025-10-13T15:56:09","date_gmt":"2025-10-13T07:56:09","guid":{"rendered":"https:\/\/green-grasshopper-921422.hostingersite.com\/?post_type=product&#038;p=14522"},"modified":"2026-03-26T13:22:24","modified_gmt":"2026-03-26T12:22:24","slug":"vopk-shisha-hookah-15000-puffs-vape","status":"publish","type":"product","link":"https:\/\/agoravape.com\/pt\/product\/vopk-shisha-hookah-15000-puffs-vape\/","title":{"rendered":"Narguil\u00e9 VOPK Shisha com 15.000 tragadas e fluxo de ar ajust\u00e1vel | Tragadas generosas, controle simples"},"content":{"rendered":"<h2 data-v-md-heading=\"how-about-the-vopk-hookah-with-15000-adjustable-air-volumes\" data-v-md-line=\"3\"><img loading=\"lazy\" decoding=\"async\" class=\"aligncenter size-full wp-image-14543\" src=\"https:\/\/agoravape.com\/wp-content\/uploads\/2025\/10\/VOPK-Shisha-Hookah-15000-Puffs-Adjustable-Airflow_Agora_vape-11-scaled.webp\" alt=\"\" width=\"2560\" height=\"2560\" srcset=\"https:\/\/agoravape.com\/wp-content\/uploads\/2025\/10\/VOPK-Shisha-Hookah-15000-Puffs-Adjustable-Airflow_Agora_vape-11-scaled.webp 2560w, https:\/\/agoravape.com\/wp-content\/uploads\/2025\/10\/VOPK-Shisha-Hookah-15000-Puffs-Adjustable-Airflow_Agora_vape-11-scaled-600x600.webp 600w, https:\/\/agoravape.com\/wp-content\/uploads\/2025\/10\/VOPK-Shisha-Hookah-15000-Puffs-Adjustable-Airflow_Agora_vape-11-scaled-1200x1200.webp 1200w, https:\/\/agoravape.com\/wp-content\/uploads\/2025\/10\/VOPK-Shisha-Hookah-15000-Puffs-Adjustable-Airflow_Agora_vape-11-300x300.webp 300w, https:\/\/agoravape.com\/wp-content\/uploads\/2025\/10\/VOPK-Shisha-Hookah-15000-Puffs-Adjustable-Airflow_Agora_vape-11-1024x1024.webp 1024w, https:\/\/agoravape.com\/wp-content\/uploads\/2025\/10\/VOPK-Shisha-Hookah-15000-Puffs-Adjustable-Airflow_Agora_vape-11-150x150.webp 150w, https:\/\/agoravape.com\/wp-content\/uploads\/2025\/10\/VOPK-Shisha-Hookah-15000-Puffs-Adjustable-Airflow_Agora_vape-11-768x768.webp 768w, https:\/\/agoravape.com\/wp-content\/uploads\/2025\/10\/VOPK-Shisha-Hookah-15000-Puffs-Adjustable-Airflow_Agora_vape-11-1536x1536.webp 1536w, https:\/\/agoravape.com\/wp-content\/uploads\/2025\/10\/VOPK-Shisha-Hookah-15000-Puffs-Adjustable-Airflow_Agora_vape-11-2048x2048.webp 2048w\" sizes=\"auto, (max-width: 2560px) 100vw, 2560px\" \/><\/h2>\n<h2 data-v-md-heading=\"how-about-the-vopk-hookah-with-15000-adjustable-air-volumes\" data-v-md-line=\"3\">Que tal um narguil\u00e9 VOPK com 15.000 n\u00edveis de volume de ar ajust\u00e1veis?<\/h2>\n<p data-v-md-line=\"4\">Se voc\u00ea est\u00e1 cansado de trocar bitucas de cigarro descart\u00e1veis \u200b\u200ba cada poucos dias, este produto vai facilitar sua vida. O narguil\u00e9 VOPK tem capacidade para at\u00e9 15.000 tragadas e \u00e9 equipado com volume de ar ajust\u00e1vel, permitindo que voc\u00ea regule a intensidade da fuma\u00e7a facilmente.<\/p>\n<p data-v-md-line=\"6\">\u00c9 ideal para quem busca um sabor duradouro e uma experi\u00eancia de tragada suave. Voc\u00ea precisa de um produto de alta qualidade que funcione continuamente, e \u00e9 exatamente isso que este produto oferece.<\/p>\n<h2 data-v-md-heading=\"excellent-performance-without-any-complexity\" data-v-md-line=\"8\">Excelente desempenho sem qualquer complexidade<\/h2>\n<p data-v-md-line=\"9\">A bobina de malha de 0,6 \u03a9 est\u00e1 localizada no n\u00facleo do dispositivo, permitindo que cada tragada proporcione um sabor consistente e intenso. A bobina de malha aquece uniformemente, mantendo um sabor consistente. Quando a bateria estiver fraca, voc\u00ea pode carreg\u00e1-la atrav\u00e9s da interface Tipo-C, comum na maioria dos dispositivos eletr\u00f4nicos. \u00c9 simples.<\/p>\n<h2 data-v-md-heading=\"specification-overview\" data-v-md-line=\"11\">Vis\u00e3o geral das especifica\u00e7\u00f5es<\/h2>\n<ul data-v-md-line=\"12\">\n<li>Frequ\u00eancia de suc\u00e7\u00e3o: at\u00e9 15.000 vezes<\/li>\n<li>Nicotina: Verifique as concentra\u00e7\u00f5es dispon\u00edveis em seu pa\u00eds ou regi\u00e3o.<\/li>\n<li>Princ\u00edpio de funcionamento: Fluxo de ar ajust\u00e1vel para uma experi\u00eancia de suc\u00e7\u00e3o DTL suave.<\/li>\n<li>Charging: Standard Type-C USB interface<\/li>\n<li>Status: Pronto para usar assim que sai da caixa<\/li>\n<li>Capacidade do e-l\u00edquido: 20 mililitros<\/li>\n<li>Bobina: bobina de malha de 0,6 \u03a9<\/li>\n<li>Bateria: bateria recarreg\u00e1vel de 600 mAh<\/li>\n<\/ul>\n<p data-v-md-line=\"21\">Aten\u00e7\u00e3o: Devido \u00e0s regulamenta\u00e7\u00f5es locais, a concentra\u00e7\u00e3o e o fornecimento de nicotina podem variar de acordo com o mercado. Verifique as op\u00e7\u00f5es de produtos dispon\u00edveis na sua regi\u00e3o.<\/p>\n<h2 data-v-md-heading=\"for-you-and-your-business\" data-v-md-line=\"23\">Para voc\u00ea e sua empresa<\/h2>\n<p data-v-md-line=\"24\">Comprar produtos para si \u00e9 muito simples, pode adicionar alguns produtos ao seu carrinho de compras sem hesitar. Se tiver uma loja f\u00edsica ou online, tamb\u00e9m podemos atender \u00e0s suas necessidades. Caixa de atacado de 15.000 narguil\u00e9s VOPK, com 10 unidades por caixa, 200 unidades por caixa externa. A nossa equipa de armaz\u00e9m forneceu as seguintes especifica\u00e7\u00f5es da caixa de cart\u00e3o: 434 \u00d7 378 \u00d7 312 mil\u00edmetros, com um peso bruto de 21,2 quilogramas.<\/p>\n<p data-v-md-line=\"26\">Enviamos atrav\u00e9s de parceiros de confian\u00e7a como UPS, DPD e DHL, no regime DDP, em toda a Europa, pelo que as taxas e impostos j\u00e1 foram processados. A loja n\u00e3o tem despesas inesperadas e pode rastrear totalmente a sua encomenda desde o nosso centro de distribui\u00e7\u00e3o at\u00e9 ao seu destino.<\/p>\n<h2 data-v-md-heading=\"why-do-you-like-it\" data-v-md-line=\"28\">Por que voc\u00ea gosta disso?<\/h2>\n<ul data-v-md-line=\"29\">\n<li>Suc\u00e7\u00e3o massiva: at\u00e9 15.000 unidades significam menos pedidos repetidos e trocas no meio da semana.<\/li>\n<li>Entrada ajust\u00e1vel: Defina o m\u00e9todo de suc\u00e7\u00e3o de acordo com suas prefer\u00eancias para criar uma experi\u00eancia mais personalizada.<\/li>\n<li>Interface recarreg\u00e1vel Tipo C: Utilize todo o e-l\u00edquido que comprar sem desperdi\u00e7\u00e1-lo.<\/li>\n<li>Serpentina de aquecimento: O aquecimento uniforme ajuda a manter um sabor est\u00e1vel da primeira \u00e0 \u00faltima mordida.<\/li>\n<li>DTL Comfort: Desempenho de suc\u00e7\u00e3o suave e direta, atendendo facilmente \u00e0s necessidades de uso durante todo o dia.<\/li>\n<\/ul>\n<h2 data-v-md-heading=\"why-choose-agoravape\" data-v-md-line=\"35\">Por que escolher a AgoraVape?<\/h2>\n<p data-v-md-line=\"36\">Fornecemos apenas produtos 100% genu\u00ednos e garantimos sua seguran\u00e7a e confiabilidade. Os frascos de narguil\u00e9 com entrada ajust\u00e1vel VOPK 15000 oferecem pre\u00e7os de atacado com desconto, suporte t\u00e9cnico \u00e1gil e entrega DDP r\u00e1pida em toda a Europa. Precisa de ajuda com a conformidade regional ou planejamento de estoque? Entre em contato conosco, teremos prazer em atend\u00ea-lo. Seus clientes precisam de produtos confi\u00e1veis, dur\u00e1veis \u200b\u200be saborosos, e este produto \u00e9 exatamente o que voc\u00ea precisa.<\/p>\n<p><script src=\"chrome-extension:\/\/fpelahbljekknahkcaegamhcndkfpfnc\/iFrame.js\" type=\"text\/javascript\"><\/script><\/p>","protected":false},"excerpt":{"rendered":"<p>&nbsp;<\/p>\n<p><script src=\"chrome-extension:\/\/fpelahbljekknahkcaegamhcndkfpfnc\/iFrame.js\" type=\"text\/javascript\"><\/script><\/p>\n<p><script src=\"chrome-extension:\/\/fpelahbljekknahkcaegamhcndkfpfnc\/iFrame.js\" type=\"text\/javascript\"><\/script><\/p>\n<p><script src=\"chrome-extension:\/\/fpelahbljekknahkcaegamhcndkfpfnc\/iFrame.js\" type=\"text\/javascript\"><\/script><\/p>\n<p><script src=\"chrome-extension:\/\/fpelahbljekknahkcaegamhcndkfpfnc\/iFrame.js\" type=\"text\/javascript\"><\/script><\/p>\n<p><script src=\"chrome-extension:\/\/fpelahbljekknahkcaegamhcndkfpfnc\/iFrame.js\" type=\"text\/javascript\"><\/script><\/p>","protected":false},"featured_media":14542,"comment_status":"open","ping_status":"closed","template":"","meta":[],"product_brand":[213],"product_cat":[124,187,185,1635,189,194,174,175,193,191,179,173,186,180,190,192,140],"product_tag":[],"class_list":{"0":"post-14522","1":"product","2":"type-product","3":"status-publish","4":"has-post-thumbnail","6":"product_brand-vopk","7":"product_cat-vape-by-brand","8":"product_cat-0mg-nicotine-free-vapes","9":"product_cat-10000-puffs-high-capacity","10":"product_cat-15000-puffs","11":"product_cat-20mg-standard-nicotine-vapes","12":"product_cat-adjustable-airflow","13":"product_cat-fruit-flavors","14":"product_cat-icy-mint","15":"product_cat-mesh-coil","16":"product_cat-rechargeable-disposables","17":"product_cat-unique-blends","18":"product_cat-vape-by-flavor-profile","19":"product_cat-vape-by-nicotine-strength","20":"product_cat-vape-by-puff-count","21":"product_cat-vape-by-feature-or-type","22":"product_cat-vapes-with-screens","23":"product_cat-vopk","25":"first","26":"onbackorder","27":"shipping-taxable","28":"purchasable","29":"product-type-variable","30":"has-default-attributes"},"tiered_pricing_type":"percentage","tiered_pricing_fixed_rules":[],"tiered_pricing_product_settings":{"layout":"default","base_unit_name":{"singular":null,"plural":null},"default_variation":null},"tiered_pricing_minimum_quantity":10,"tiered_pricing_roles_data":[],"tiered_pricing_percentage_rules":{"30":"29","50":"35","100":"40","200":"44","500":"47","1000":"49"},"tiered_pricing_maximum_quantity":null,"tiered_pricing_quantity_step":"10","_links":{"self":[{"href":"https:\/\/agoravape.com\/pt\/wp-json\/wp\/v2\/product\/14522","targetHints":{"allow":["GET"]}}],"collection":[{"href":"https:\/\/agoravape.com\/pt\/wp-json\/wp\/v2\/product"}],"about":[{"href":"https:\/\/agoravape.com\/pt\/wp-json\/wp\/v2\/types\/product"}],"replies":[{"embeddable":true,"href":"https:\/\/agoravape.com\/pt\/wp-json\/wp\/v2\/comments?post=14522"}],"version-history":[{"count":0,"href":"https:\/\/agoravape.com\/pt\/wp-json\/wp\/v2\/product\/14522\/revisions"}],"wp:featuredmedia":[{"embeddable":true,"href":"https:\/\/agoravape.com\/pt\/wp-json\/wp\/v2\/media\/14542"}],"wp:attachment":[{"href":"https:\/\/agoravape.com\/pt\/wp-json\/wp\/v2\/media?parent=14522"}],"wp:term":[{"taxonomy":"product_brand","embeddable":true,"href":"https:\/\/agoravape.com\/pt\/wp-json\/wp\/v2\/product_brand?post=14522"},{"taxonomy":"product_cat","embeddable":true,"href":"https:\/\/agoravape.com\/pt\/wp-json\/wp\/v2\/product_cat?post=14522"},{"taxonomy":"product_tag","embeddable":true,"href":"https:\/\/agoravape.com\/pt\/wp-json\/wp\/v2\/product_tag?post=14522"}],"curies":[{"name":"wp","href":"https:\/\/api.w.org\/{rel}","templated":true}]}}