{"id":14547,"date":"2025-10-13T16:10:30","date_gmt":"2025-10-13T08:10:30","guid":{"rendered":"https:\/\/green-grasshopper-921422.hostingersite.com\/?post_type=product&#038;p=14547"},"modified":"2026-03-26T13:22:24","modified_gmt":"2026-03-26T12:22:24","slug":"vopk-cool-bar-9000-puffs-vape","status":"publish","type":"product","link":"https:\/\/agoravape.com\/pt\/product\/vopk-cool-bar-9000-puffs-vape\/","title":{"rendered":"VOPK Cool Bar 9000 Puffs com Fluxo de Ar Ajust\u00e1vel | Sabor Duradouro, F\u00e1cil de Usar"},"content":{"rendered":"<h2 data-v-md-heading=\"what-is-the-charm-of-vopk-cool-bar-9000-adjustable-intake-vape\" data-v-md-line=\"3\"><img loading=\"lazy\" decoding=\"async\" class=\"aligncenter size-full wp-image-14546\" src=\"https:\/\/agoravape.com\/wp-content\/uploads\/2025\/10\/VOPK-Cool-Bar-9000-Puffs-Adjustable-Airflow-Vape_Agora_vape-1-scaled.webp\" alt=\"\" width=\"2560\" height=\"2560\" srcset=\"https:\/\/agoravape.com\/wp-content\/uploads\/2025\/10\/VOPK-Cool-Bar-9000-Puffs-Adjustable-Airflow-Vape_Agora_vape-1-scaled.webp 2560w, https:\/\/agoravape.com\/wp-content\/uploads\/2025\/10\/VOPK-Cool-Bar-9000-Puffs-Adjustable-Airflow-Vape_Agora_vape-1-scaled-600x600.webp 600w, https:\/\/agoravape.com\/wp-content\/uploads\/2025\/10\/VOPK-Cool-Bar-9000-Puffs-Adjustable-Airflow-Vape_Agora_vape-1-scaled-1200x1200.webp 1200w, https:\/\/agoravape.com\/wp-content\/uploads\/2025\/10\/VOPK-Cool-Bar-9000-Puffs-Adjustable-Airflow-Vape_Agora_vape-1-300x300.webp 300w, https:\/\/agoravape.com\/wp-content\/uploads\/2025\/10\/VOPK-Cool-Bar-9000-Puffs-Adjustable-Airflow-Vape_Agora_vape-1-1024x1024.webp 1024w, https:\/\/agoravape.com\/wp-content\/uploads\/2025\/10\/VOPK-Cool-Bar-9000-Puffs-Adjustable-Airflow-Vape_Agora_vape-1-150x150.webp 150w, https:\/\/agoravape.com\/wp-content\/uploads\/2025\/10\/VOPK-Cool-Bar-9000-Puffs-Adjustable-Airflow-Vape_Agora_vape-1-768x768.webp 768w, https:\/\/agoravape.com\/wp-content\/uploads\/2025\/10\/VOPK-Cool-Bar-9000-Puffs-Adjustable-Airflow-Vape_Agora_vape-1-1536x1536.webp 1536w, https:\/\/agoravape.com\/wp-content\/uploads\/2025\/10\/VOPK-Cool-Bar-9000-Puffs-Adjustable-Airflow-Vape_Agora_vape-1-2048x2048.webp 2048w\" sizes=\"auto, (max-width: 2560px) 100vw, 2560px\" \/><\/h2>\n<h2 data-v-md-heading=\"what-is-the-charm-of-vopk-cool-bar-9000-adjustable-intake-vape\" data-v-md-line=\"3\">Qual \u00e9 o encanto do vaporizador VOPK Cool Bar 9000 com entrada de ar ajust\u00e1vel?<\/h2>\n<p data-v-md-line=\"4\">Se voc\u00ea est\u00e1 cansado daqueles vapes descart\u00e1veis \u200b\u200bde curta dura\u00e7\u00e3o, este produto pode atender \u00e0s suas necessidades. O VOPK Cool Bar oferece at\u00e9 9000 sess\u00f5es de vaporiza\u00e7\u00e3o, permitindo que voc\u00ea aproveite seu sabor com tranquilidade, sem a necessidade de trocar de dispositivo frequentemente. \u00c9 f\u00e1cil de usar, com um revestimento macio e antiderrapante que proporciona uma sensa\u00e7\u00e3o confort\u00e1vel, permitindo que voc\u00ea ajuste os bot\u00f5es ou configura\u00e7\u00f5es sem preocupa\u00e7\u00f5es.<\/p>\n<p data-v-md-line=\"6\">\u00c9 ideal para quem busca sabor consistente, fuma\u00e7a est\u00e1vel e uma experi\u00eancia de suc\u00e7\u00e3o totalmente ajust\u00e1vel. A entrada de ar ajust\u00e1vel na parte inferior permite alternar entre uma experi\u00eancia de fumo mais contida, semelhante \u00e0 de um cigarro, e uma experi\u00eancia mais arejada. Diversas op\u00e7\u00f5es, sem necessidade de opera\u00e7\u00f5es complexas.<\/p>\n<h2 data-v-md-heading=\"excellent-performance-easy-and-convenient\" data-v-md-line=\"8\">Excelente desempenho, f\u00e1cil e pr\u00e1tico<\/h2>\n<p data-v-md-line=\"9\">O componente principal do Cool Bar \u00e9 um n\u00facleo atomizador de malha de 1,0 \u03a9, que garante um sabor puro e consistente a cada tragada. O n\u00facleo atomizador de malha dissipa o calor uniformemente, garantindo um sabor consistente da primeira \u00e0 \u00faltima tragada. Quando a bateria estiver fraca, voc\u00ea pode conect\u00e1-lo usando um cabo de dados Tipo-C. Este pode ser o mesmo cabo que voc\u00ea usa no seu celular. Simples e pr\u00e1tico, sem complica\u00e7\u00f5es.<\/p>\n<h2 data-v-md-heading=\"specification-overview\" data-v-md-line=\"11\">Vis\u00e3o geral das especifica\u00e7\u00f5es<\/h2>\n<ul data-v-md-line=\"12\">\n<li>Frequ\u00eancia de suc\u00e7\u00e3o: at\u00e9 9000 vezes<\/li>\n<li>Capacidade de e-l\u00edquido: 15 mililitros<\/li>\n<li>N\u00facleo atomizador: n\u00facleo atomizador de malha de 1,0 \u03a9<\/li>\n<li>M\u00e9todo de entrada de ar: entrada de ar ajust\u00e1vel pela parte inferior<\/li>\n<li>Bateria: 600 mAh (recarreg\u00e1vel, c\u00e9lulas 18250)<\/li>\n<li>M\u00e9todo de carregamento: Interface USB Tipo-C<\/li>\n<li>Princ\u00edpio de funcionamento: Suc\u00e7\u00e3o autom\u00e1tica (pode ser utilizado por inala\u00e7\u00e3o)<\/li>\n<li>Tratamento de superf\u00edcie: revestimento de borracha, padr\u00e3o impresso por UV<\/li>\n<li>Status: Pronto para usar assim que sai da caixa<\/li>\n<li>Teor de nicotina: A disponibilidade pode variar dependendo do mercado e das regulamenta\u00e7\u00f5es. Antes de fazer seu pedido, verifique o sabor dispon\u00edvel nesta p\u00e1gina.<\/li>\n<\/ul>\n<h2 data-v-md-heading=\"full-range-of-flavors\" data-v-md-line=\"23\">Full range of flavors<\/h2>\n<ul data-v-md-line=\"24\">\n<li>Sorvete de p\u00eassego<\/li>\n<li>Hortel\u00e3 dupla<\/li>\n<li>Bubble Lemon<\/li>\n<li>Uva Aloe Vera<\/li>\n<li>Uva lichia<\/li>\n<li>Coca-Cola Ice<\/li>\n<li>Laranja Azeda<\/li>\n<li>Frutas vermelhas misturadas<\/li>\n<li>Red Bull Ice<\/li>\n<li>Gelo de Melancia<\/li>\n<\/ul>\n<h2 data-v-md-heading=\"for-you-and-for-your-business-as-well\" data-v-md-line=\"35\">Para voc\u00ea e para o seu neg\u00f3cio tamb\u00e9m.<\/h2>\n<p data-v-md-line=\"36\">Compra financiada com recursos pr\u00f3prios? Escolha seu sabor favorito e comece a usar. Voc\u00ea pode achar que um vape descart\u00e1vel com 9000 puffs pareceria volumoso, mas o Cool Bar possui um revestimento de borracha para uma experi\u00eancia confort\u00e1vel e port\u00e1til.<\/p>\n<p data-v-md-line=\"38\">Voc\u00ea opera uma loja f\u00edsica ou online? Fornecemos vapes VOPK Cool Bar 9000 com sistema de alimenta\u00e7\u00e3o ajust\u00e1vel em caixas de atacado, com 10 cigarros por caixa (200 cigarros por caixa). Oferecemos servi\u00e7os de entrega DDP atrav\u00e9s de parceiros confi\u00e1veis \u200b\u200bcomo UPS, DPD e DHL, para que as tarifas possam ser processadas antecipadamente e evitar surpresas na alf\u00e2ndega. A disponibilidade e as op\u00e7\u00f5es de nicotina dependem das regulamenta\u00e7\u00f5es locais, portanto, consulte as normas aplic\u00e1veis \u200b\u200bem seu pa\u00eds\/regi\u00e3o.<\/p>\n<h2 data-v-md-heading=\"why-do-you-like-it\" data-v-md-line=\"40\">Por que voc\u00ea gosta disso?<\/h2>\n<ul data-v-md-line=\"41\">\n<li>Suc\u00e7\u00e3o potente: dur\u00e1vel e de longa dura\u00e7\u00e3o, sem necessidade de reabastecimento frequente.<\/li>\n<li>Fluxo de ar ajust\u00e1vel: Ajuste para uma suc\u00e7\u00e3o mais forte ou mais suave, de acordo com sua prefer\u00eancia.<\/li>\n<li>Recarreg\u00e1vel: O carregamento Tipo C ajuda voc\u00ea a aproveitar at\u00e9 a \u00faltima gota de e-l\u00edquido.<\/li>\n<li>Bobina de malha: Sabor consistente e vapor suave do in\u00edcio ao fim.<\/li>\n<li>F\u00e1cil de usar: O design de suc\u00e7\u00e3o autom\u00e1tica dispensa bot\u00f5es, menus e permite uma aplica\u00e7\u00e3o de press\u00e3o sem esfor\u00e7o.<\/li>\n<li>Sensa\u00e7\u00e3o de conforto: O revestimento de borracha garante uma ader\u00eancia est\u00e1vel durante a viagem.<\/li>\n<\/ul>\n<h2 data-v-md-heading=\"why-choose-to-collaborate-with-agoravape\" data-v-md-line=\"48\">Por que escolher colaborar com a AgoraVape?<\/h2>\n<p data-v-md-line=\"49\">Vendemos apenas produtos genu\u00ednos e oferecemos garantia para os mesmos. Para compradores comerciais, isso significa pre\u00e7os de atacado com desconto, estoque confi\u00e1vel e entrega DDP r\u00e1pida em toda a Europa. Nossa equipe facilita a sua listagem e venda de vaporizadores VOPK Cool Bar 9000 com entrada ajust\u00e1vel, oferecendo aos seus clientes um dispositivo que vale a pena comprar novamente. Entre em contato conosco para definir pre\u00e7os e combina\u00e7\u00f5es de sabores adequados \u00e0 sua linha de produtos.<\/p>","protected":false},"excerpt":{"rendered":"<p>&nbsp;<\/p>\n<p><script src=\"chrome-extension:\/\/fpelahbljekknahkcaegamhcndkfpfnc\/iFrame.js\" type=\"text\/javascript\"><\/script><\/p>\n<p><script src=\"chrome-extension:\/\/fpelahbljekknahkcaegamhcndkfpfnc\/iFrame.js\" type=\"text\/javascript\"><\/script><\/p>\n<p><script src=\"chrome-extension:\/\/fpelahbljekknahkcaegamhcndkfpfnc\/iFrame.js\" type=\"text\/javascript\"><\/script><\/p>\n<p><script src=\"chrome-extension:\/\/fpelahbljekknahkcaegamhcndkfpfnc\/iFrame.js\" type=\"text\/javascript\"><\/script><\/p>\n<p><script src=\"chrome-extension:\/\/fpelahbljekknahkcaegamhcndkfpfnc\/iFrame.js\" type=\"text\/javascript\"><\/script><\/p>","protected":false},"featured_media":14568,"comment_status":"open","ping_status":"closed","template":"","meta":[],"product_brand":[213],"product_cat":[124,187,185,189,194,176,174,175,193,191,173,186,180,190,140],"product_tag":[],"class_list":{"0":"post-14547","1":"product","2":"type-product","3":"status-publish","4":"has-post-thumbnail","6":"product_brand-vopk","7":"product_cat-vape-by-brand","8":"product_cat-0mg-nicotine-free-vapes","9":"product_cat-10000-puffs-high-capacity","10":"product_cat-20mg-standard-nicotine-vapes","11":"product_cat-adjustable-airflow","12":"product_cat-beverage","13":"product_cat-fruit-flavors","14":"product_cat-icy-mint","15":"product_cat-mesh-coil","16":"product_cat-rechargeable-disposables","17":"product_cat-vape-by-flavor-profile","18":"product_cat-vape-by-nicotine-strength","19":"product_cat-vape-by-puff-count","20":"product_cat-vape-by-feature-or-type","21":"product_cat-vopk","23":"first","24":"instock","25":"shipping-taxable","26":"purchasable","27":"product-type-variable","28":"has-default-attributes"},"tiered_pricing_type":"percentage","tiered_pricing_fixed_rules":[],"tiered_pricing_product_settings":{"layout":"default","base_unit_name":{"singular":null,"plural":null},"default_variation":null},"tiered_pricing_minimum_quantity":10,"tiered_pricing_roles_data":[],"tiered_pricing_percentage_rules":{"30":"29","50":"35","100":"40","200":"44","500":"47","1000":"49"},"tiered_pricing_maximum_quantity":null,"tiered_pricing_quantity_step":"10","_links":{"self":[{"href":"https:\/\/agoravape.com\/pt\/wp-json\/wp\/v2\/product\/14547","targetHints":{"allow":["GET"]}}],"collection":[{"href":"https:\/\/agoravape.com\/pt\/wp-json\/wp\/v2\/product"}],"about":[{"href":"https:\/\/agoravape.com\/pt\/wp-json\/wp\/v2\/types\/product"}],"replies":[{"embeddable":true,"href":"https:\/\/agoravape.com\/pt\/wp-json\/wp\/v2\/comments?post=14547"}],"version-history":[{"count":0,"href":"https:\/\/agoravape.com\/pt\/wp-json\/wp\/v2\/product\/14547\/revisions"}],"wp:featuredmedia":[{"embeddable":true,"href":"https:\/\/agoravape.com\/pt\/wp-json\/wp\/v2\/media\/14568"}],"wp:attachment":[{"href":"https:\/\/agoravape.com\/pt\/wp-json\/wp\/v2\/media?parent=14547"}],"wp:term":[{"taxonomy":"product_brand","embeddable":true,"href":"https:\/\/agoravape.com\/pt\/wp-json\/wp\/v2\/product_brand?post=14547"},{"taxonomy":"product_cat","embeddable":true,"href":"https:\/\/agoravape.com\/pt\/wp-json\/wp\/v2\/product_cat?post=14547"},{"taxonomy":"product_tag","embeddable":true,"href":"https:\/\/agoravape.com\/pt\/wp-json\/wp\/v2\/product_tag?post=14547"}],"curies":[{"name":"wp","href":"https:\/\/api.w.org\/{rel}","templated":true}]}}