{"id":14615,"date":"2025-10-13T22:16:15","date_gmt":"2025-10-13T14:16:15","guid":{"rendered":"https:\/\/green-grasshopper-921422.hostingersite.com\/?post_type=product&#038;p=14615"},"modified":"2026-01-19T22:06:02","modified_gmt":"2026-01-19T14:06:02","slug":"vapen-quad-box-20k-puffs-full-screen-vape","status":"publish","type":"product","link":"https:\/\/agoravape.com\/pt\/product\/vapen-quad-box-20k-puffs-full-screen-vape\/","title":{"rendered":"Vapen Quad Box 20K Puffs 4-Mode Full Screen Vape | Long-Lasting Power with Smart Control"},"content":{"rendered":"<h2 data-v-md-heading=\"vapen-quad-box-20-what-are-the-special-features-of-a-full-screen-vape-with-a-capacity-of-000-and-4-modes\" data-v-md-line=\"3\"><img loading=\"lazy\" decoding=\"async\" class=\"aligncenter size-full wp-image-14639\" src=\"https:\/\/agoravape.com\/wp-content\/uploads\/2025\/10\/Vapen-Quad-Box-20K-Puffs-4-Mode-Full-Screen-Vape_Agora_vape-13.webp\" alt=\"\" width=\"1000\" height=\"1000\" srcset=\"https:\/\/agoravape.com\/wp-content\/uploads\/2025\/10\/Vapen-Quad-Box-20K-Puffs-4-Mode-Full-Screen-Vape_Agora_vape-13.webp 1000w, https:\/\/agoravape.com\/wp-content\/uploads\/2025\/10\/Vapen-Quad-Box-20K-Puffs-4-Mode-Full-Screen-Vape_Agora_vape-13-600x600.webp 600w, https:\/\/agoravape.com\/wp-content\/uploads\/2025\/10\/Vapen-Quad-Box-20K-Puffs-4-Mode-Full-Screen-Vape_Agora_vape-13-300x300.webp 300w, https:\/\/agoravape.com\/wp-content\/uploads\/2025\/10\/Vapen-Quad-Box-20K-Puffs-4-Mode-Full-Screen-Vape_Agora_vape-13-150x150.webp 150w, https:\/\/agoravape.com\/wp-content\/uploads\/2025\/10\/Vapen-Quad-Box-20K-Puffs-4-Mode-Full-Screen-Vape_Agora_vape-13-768x768.webp 768w\" sizes=\"auto, (max-width: 1000px) 100vw, 1000px\" \/><\/h2>\n<h2 data-v-md-heading=\"vapen-quad-box-20-what-are-the-special-features-of-a-full-screen-vape-with-a-capacity-of-000-and-4-modes\" data-v-md-line=\"3\">Qual \u00e9 o neg\u00f3cio com o Vapen Quad Box 20K Puffs 4-Mode Full Screen Vape?<\/h2>\n<p data-v-md-line=\"4\">Se est\u00e1 farto daqueles vapes que deixam de funcionar a meio da semana, talvez queira experimentar este produto. O Vapen Quad Box est\u00e1 equipado com uma bateria recarreg\u00e1vel e um visor de ecr\u00e3 inteiro que mostra com precis\u00e3o o estado atual sem adivinha\u00e7\u00f5es. Pode verificar instantaneamente a quantidade de e-l\u00edquido, o n\u00edvel da bateria e at\u00e9 a dura\u00e7\u00e3o do fumo.<\/p>\n<p data-v-md-line=\"6\">\u00c9 adequado para qualquer utilizador que pretenda um vape fi\u00e1vel, personaliz\u00e1vel e f\u00e1cil de utilizar. Pode pensar-se que um dispositivo com um volume de fumo t\u00e3o elevado seria volumoso, mas \u00e9 mais leve do que se imagina, apenas cerca de 80 gramas, e muito pr\u00e1tico de transportar.<\/p>\n<h2 data-v-md-heading=\"excellent-performance-easy-and-convenient\" data-v-md-line=\"8\">Excelente desempenho, f\u00e1cil e pr\u00e1tico<\/h2>\n<p data-v-md-line=\"9\">O fio quente duplo e os quatro modos de aquecimento mant\u00eam o sabor est\u00e1vel e permitem-lhe ajustar a temperatura a seu gosto. O fluxo de ar ajust\u00e1vel ajuda-o a ajustar facilmente a suc\u00e7\u00e3o, de apertada a transparente. Quando a bateria estiver fraca, basta utilizar o cabo de dados Tipo C que pode ter sido utilizado no telem\u00f3vel para a carregar. Simples e c\u00f3modo.<\/p>\n<h2 data-v-md-heading=\"specification-overview\" data-v-md-line=\"11\">Vis\u00e3o geral das especifica\u00e7\u00f5es<\/h2>\n<ul data-v-md-line=\"12\">\n<li>Frequ\u00eancia de suc\u00e7\u00e3o: at\u00e9 20.000 vezes<\/li>\n<li>Nicotina: 2% e 5% opcionais (o fornecimento pode variar consoante o pa\u00eds\/regi\u00e3o)<\/li>\n<li>Modo de funcionamento: Quatro modos de aquecimento, estado de visualiza\u00e7\u00e3o no ecr\u00e3<\/li>\n<li>Carregamento: Interface USB Tipo-C<\/li>\n<li>Ecr\u00e3 de visualiza\u00e7\u00e3o: Apresenta\u00e7\u00e3o em ecr\u00e3 completo das luzes indicadoras de l\u00edquido eletr\u00f3nico e de bateria, bem como da dura\u00e7\u00e3o da suc\u00e7\u00e3o<\/li>\n<li>Fluxo de ar: Ajust\u00e1vel<\/li>\n<li>Bateria: bateria recarreg\u00e1vel de 650 mAh<\/li>\n<li>Capacidade do e-l\u00edquido: 28 mililitros<\/li>\n<li>Estado: Pronto para usar assim que abrir a caixa.<\/li>\n<\/ul>\n<h2 data-v-md-heading=\"multiple-flavor-options\" data-v-md-line=\"22\">Diversas op\u00e7\u00f5es de sabor<\/h2>\n<ul data-v-md-line=\"23\">\n<li>Strawberry and watermelon flavor<\/li>\n<li>Sabor a p\u00eassego, manga e anan\u00e1s<\/li>\n<li>Sabor perfumado e refrescante<\/li>\n<li>Sabor a frutos silvestres<\/li>\n<li>Strawberry Strange Fruit Flavor<\/li>\n<li>Sabor havaiano<\/li>\n<li>Sabor refrescante a mirtilo<\/li>\n<li>Sabor a uva<\/li>\n<li>Blueberry and Lemon Water Flavor<\/li>\n<li>Sabor a menta de Miami<\/li>\n<li>Sabor a gelo preto<\/li>\n<li>Sabor Tiffany (kiwi, melancia)<\/li>\n<\/ul>\n<h2 data-v-md-heading=\"to-create-for-you-and-your-business\" data-v-md-line=\"36\">Para criar algo para voc\u00ea e para o seu neg\u00f3cio.<\/h2>\n<p data-v-md-line=\"37\">Pode escolher uma para uso pessoal ou como embalagem grossista para o seu invent\u00e1rio. A caixa interior pode acomodar 10 e a caixa exterior pode acomodar 200, o que a torna perfeita para a expans\u00e3o do retalho para opera\u00e7\u00f5es em grande escala. O peso de uma \u00fanica pe\u00e7a \u00e9 de cerca de 80 gramas e um pacote de 10 pesa cerca de 840 gramas. O tamanho da caixa exterior \u00e9 de 51 \u00d7 29,3 \u00d7 26 cent\u00edmetros, com um peso bruto de aproximadamente 17,8 quilogramas.<\/p>\n<p data-v-md-line=\"39\">Enviamos atrav\u00e9s de parceiros de confian\u00e7a, como a UPS, a DPD e a DHL, numa base de entrega com direitos pagos (DDP) para garantir que n\u00e3o se depara com quaisquer acidentes na alf\u00e2ndega. O mercado TPD exige uma tarifa 2%, enquanto as regi\u00f5es que permitem TPD exigem uma tarifa 5%. Podemos orient\u00e1-lo na escolha de um plano de conformidade adequado a cada pa\u00eds\/regi\u00e3o.<\/p>\n<h2 data-v-md-heading=\"why-do-you-like-it\" data-v-md-line=\"41\">Por que voc\u00ea gosta disso?<\/h2>\n<ul data-v-md-line=\"42\">\n<li>Suc\u00e7\u00e3o maci\u00e7a: tempo de utiliza\u00e7\u00e3o mais longo, para que n\u00e3o seja necess\u00e1rio substituir frequentemente o aparelho.<\/li>\n<li>Sele\u00e7\u00e3o do teor de nicotina: Escolha um teor de nicotina de 2% ou 5% com base no seu gosto e nos regulamentos locais.<\/li>\n<li>Recarreg\u00e1vel: O carregamento tipo C permite-lhe utilizar totalmente cada gota de e-l\u00edquido.<\/li>\n<li>Quatro modos de aquecimento: ajuste a temperatura de acordo com o seu gosto.<\/li>\n<li>Seda quente dupla: mant\u00e9m um sabor consistente desde a primeira at\u00e9 \u00e0 \u00faltima dentada.<\/li>\n<li>Visor de ecr\u00e3 completo: Compreenda claramente o n\u00edvel do seu e-l\u00edquido e da bateria num relance.<\/li>\n<li>Aspira\u00e7\u00e3o regul\u00e1vel: Defina o seu m\u00e9todo de suc\u00e7\u00e3o de acordo com as suas prefer\u00eancias.<\/li>\n<\/ul>\n<h2 data-v-md-heading=\"why-choose-to-collaborate-with-agoravape\" data-v-md-line=\"50\">Por que escolher colaborar com a AgoraVape?<\/h2>\n<p data-v-md-line=\"51\">S\u00f3 vendemos produtos genu\u00ednos 100% e n\u00e3o temos d\u00favidas quanto a isso. Vapes Vapen Quad Box 20K 4-Mode Full Screen, onde pode desfrutar de pre\u00e7os grossistas com desconto, apoio t\u00e9cnico conveniente e servi\u00e7os de entrega DDP r\u00e1pidos e fi\u00e1veis na Europa. Bem-vindo a discutir connosco o invent\u00e1rio, o pagamento e a conformidade. Ajud\u00e1-lo-emos a criar um produto fant\u00e1stico.<\/p>","protected":false},"excerpt":{"rendered":"<p>O que \u00e9 que se passa com o Vapen Quad Box 20K Puffs 4-Mode Full Screen Vape? Se est\u00e1s cansado daqueles<\/p>","protected":false},"featured_media":14638,"comment_status":"open","ping_status":"closed","template":"","meta":[],"product_brand":[214],"product_cat":[124,185,189,194,174,175,193,191,179,173,186,180,190,141,192],"product_tag":[],"class_list":{"0":"post-14615","1":"product","2":"type-product","3":"status-publish","4":"has-post-thumbnail","6":"product_brand-vapen","7":"product_cat-vape-by-brand","8":"product_cat-10000-puffs-high-capacity","9":"product_cat-20mg-standard-nicotine-vapes","10":"product_cat-adjustable-airflow","11":"product_cat-fruit-flavors","12":"product_cat-icy-mint","13":"product_cat-mesh-coil","14":"product_cat-rechargeable-disposables","15":"product_cat-unique-blends","16":"product_cat-vape-by-flavor-profile","17":"product_cat-vape-by-nicotine-strength","18":"product_cat-vape-by-puff-count","19":"product_cat-vape-by-feature-or-type","20":"product_cat-vapen","21":"product_cat-vapes-with-screens","23":"first","24":"onbackorder","25":"shipping-taxable","26":"purchasable","27":"product-type-variable","28":"has-default-attributes"},"tiered_pricing_type":"percentage","tiered_pricing_fixed_rules":[],"tiered_pricing_product_settings":{"layout":"default","base_unit_name":{"singular":null,"plural":null},"default_variation":null},"tiered_pricing_minimum_quantity":10,"tiered_pricing_roles_data":[],"tiered_pricing_percentage_rules":{"50":"35","100":"40","200":"44","500":"47","1000":"49"},"tiered_pricing_maximum_quantity":null,"tiered_pricing_quantity_step":"10","_links":{"self":[{"href":"https:\/\/agoravape.com\/pt\/wp-json\/wp\/v2\/product\/14615","targetHints":{"allow":["GET"]}}],"collection":[{"href":"https:\/\/agoravape.com\/pt\/wp-json\/wp\/v2\/product"}],"about":[{"href":"https:\/\/agoravape.com\/pt\/wp-json\/wp\/v2\/types\/product"}],"replies":[{"embeddable":true,"href":"https:\/\/agoravape.com\/pt\/wp-json\/wp\/v2\/comments?post=14615"}],"version-history":[{"count":0,"href":"https:\/\/agoravape.com\/pt\/wp-json\/wp\/v2\/product\/14615\/revisions"}],"wp:featuredmedia":[{"embeddable":true,"href":"https:\/\/agoravape.com\/pt\/wp-json\/wp\/v2\/media\/14638"}],"wp:attachment":[{"href":"https:\/\/agoravape.com\/pt\/wp-json\/wp\/v2\/media?parent=14615"}],"wp:term":[{"taxonomy":"product_brand","embeddable":true,"href":"https:\/\/agoravape.com\/pt\/wp-json\/wp\/v2\/product_brand?post=14615"},{"taxonomy":"product_cat","embeddable":true,"href":"https:\/\/agoravape.com\/pt\/wp-json\/wp\/v2\/product_cat?post=14615"},{"taxonomy":"product_tag","embeddable":true,"href":"https:\/\/agoravape.com\/pt\/wp-json\/wp\/v2\/product_tag?post=14615"}],"curies":[{"name":"wp","href":"https:\/\/api.w.org\/{rel}","templated":true}]}}