{"id":14646,"date":"2025-10-13T22:44:12","date_gmt":"2025-10-13T14:44:12","guid":{"rendered":"https:\/\/green-grasshopper-921422.hostingersite.com\/?post_type=product&#038;p=14646"},"modified":"2026-02-22T15:15:47","modified_gmt":"2026-02-22T14:15:47","slug":"vapen-drta-12000-puffs-vape-recarregavel","status":"publish","type":"product","link":"https:\/\/agoravape.com\/pt\/product\/vapen-drta-12000-puffs-refillable-vape\/","title":{"rendered":"Vapen DRTA 12000 Puffs Vape Descart\u00e1vel Recarreg\u00e1vel | Grande Capacidade, Recargas Simples"},"content":{"rendered":"<h2 data-v-md-heading=\"what-are-the-advantages-of-vapen-drta-12000-refillable-disposable-vapes\" data-v-md-line=\"3\"><img loading=\"lazy\" decoding=\"async\" class=\"size-full wp-image-14665 alignright\" src=\"https:\/\/agoravape.com\/wp-content\/uploads\/2025\/10\/Vapen-DRTA-12000-Puffs-Refillable-Disposable-Vape_Agora_vape-8.webp\" alt=\"\" width=\"1000\" height=\"1000\" srcset=\"https:\/\/agoravape.com\/wp-content\/uploads\/2025\/10\/Vapen-DRTA-12000-Puffs-Refillable-Disposable-Vape_Agora_vape-8.webp 1000w, https:\/\/agoravape.com\/wp-content\/uploads\/2025\/10\/Vapen-DRTA-12000-Puffs-Refillable-Disposable-Vape_Agora_vape-8-600x600.webp 600w, https:\/\/agoravape.com\/wp-content\/uploads\/2025\/10\/Vapen-DRTA-12000-Puffs-Refillable-Disposable-Vape_Agora_vape-8-300x300.webp 300w, https:\/\/agoravape.com\/wp-content\/uploads\/2025\/10\/Vapen-DRTA-12000-Puffs-Refillable-Disposable-Vape_Agora_vape-8-150x150.webp 150w, https:\/\/agoravape.com\/wp-content\/uploads\/2025\/10\/Vapen-DRTA-12000-Puffs-Refillable-Disposable-Vape_Agora_vape-8-768x768.webp 768w\" sizes=\"auto, (max-width: 1000px) 100vw, 1000px\" \/><\/h2>\n<h2 data-v-md-heading=\"what-are-the-advantages-of-vapen-drta-12000-refillable-disposable-vapes\" data-v-md-line=\"3\">Quais s\u00e3o as vantagens dos vaporizadores descart\u00e1veis recarreg\u00e1veis Vapen DRTA 12000?<\/h2>\n<p data-v-md-line=\"4\">Se est\u00e1 cansado de mudar de dispositivo de tempos a tempos, ent\u00e3o este produto facilitar\u00e1 a sua vida. O Vapen DRTA possui um design recarreg\u00e1vel que permite at\u00e9 12000 recargas, permitindo-lhe manter o mesmo dispositivo e adicionar e-l\u00edquido conforme necess\u00e1rio.<\/p>\n<p data-v-md-line=\"6\">\u00c9 adequado para todos os que pretendem uma utiliza\u00e7\u00e3o duradoura sem preocupa\u00e7\u00f5es. O visor claro do e-l\u00edquido e do n\u00edvel da bateria permite-lhe saber num relance quando precisa de reabastecer ou carregar. N\u00e3o precisa de adivinhar, \u00e9 f\u00e1cil e c\u00f3modo.<\/p>\n<h2 data-v-md-heading=\"excellent-performance-easy-and-convenient\" data-v-md-line=\"8\">Excelente desempenho, f\u00e1cil e pr\u00e1tico<\/h2>\n<p data-v-md-line=\"9\">O DRTA adopta uma disposi\u00e7\u00e3o inteligente da bobina e da separa\u00e7\u00e3o do e-l\u00edquido, o que ajuda a manter um sabor fresco e a reduzir as manchas de \u00f3leo. Da primeira \u00e0 \u00faltima mordida, pode desfrutar de um sabor consistente. Quando a bateria estiver fraca, pode ligar o cabo de dados tipo C para continuar a utiliz\u00e1-lo. \u00c9 o mesmo carregador utilizado na maioria dos telem\u00f3veis, pelo que \u00e9 poss\u00edvel que j\u00e1 tenha um.<\/p>\n<h2 data-v-md-heading=\"specification-overview\" data-v-md-line=\"11\">Vis\u00e3o geral das especifica\u00e7\u00f5es<\/h2>\n<p data-v-md-line=\"12\"><strong>N\u00famero de suc\u00e7\u00f5es<\/strong>: at\u00e9 12000 aspira\u00e7\u00f5es<br \/>\n<strong>Nicotina<\/strong>: 2% (20mg\/mL) e 5% (50mg\/mL) s\u00e3o opcionais<br \/>\n<strong>Capacidade do e-l\u00edquido<\/strong>: 24 mililitros<br \/>\n<strong>Bateria<\/strong>Bateria recarreg\u00e1vel de 650 mAh<br \/>\n<strong>Carregando<\/strong>Porta USB tipo C padr\u00e3o<br \/>\n<strong>Tela de exibi\u00e7\u00e3o<\/strong>: luzes indicadoras do n\u00edvel de e-l\u00edquido e da bateria<br \/>\n<strong>Princ\u00edpio de funcionamento<\/strong>: Um dispositivo descart\u00e1vel que pode ser recarregado com \u00f3leo, equipado com um n\u00facleo atomizador e um dispositivo de separa\u00e7\u00e3o de e-l\u00edquidos<br \/>\n<strong>Status<\/strong>Pronto para usar assim que abrir a caixa.<\/p>\n<p data-v-md-line=\"21\">Nota: A concentra\u00e7\u00e3o de nicotina varia consoante o pa\u00eds\/regi\u00e3o. Muitos mercados da UE n\u00e3o permitem a utiliza\u00e7\u00e3o da concentra\u00e7\u00e3o de nicotina 5%. Certifica-te de que verificas a regulamenta\u00e7\u00e3o local.<\/p>\n<h2 data-v-md-heading=\"full-range-of-flavors\" data-v-md-line=\"23\">Full range of flavors<\/h2>\n<ul data-v-md-line=\"24\">\n<li>Gelo de Melancia<\/li>\n<li>Pista de gelo azul<\/li>\n<li>Sorvete de morango e melancia<\/li>\n<li>Gelo de morango e kiwi<\/li>\n<li>White Mamba Ice (morango, fruta do drag\u00e3o)<\/li>\n<li>Love 66 Ice (maracuj\u00e1, mel\u00e3o, melancia, hortel\u00e3)<\/li>\n<li>Blue Acid Raspberry Ice<\/li>\n<li>Kiwi, maracuj\u00e1, goiaba gelada<\/li>\n<li>Sorvete de p\u00eassego<\/li>\n<li>Gelo de arando, cereja e mirtilo<\/li>\n<li>P\u00eassego, Manga, Anan\u00e1s Gelo<\/li>\n<li>Gelo de cereja<\/li>\n<li>Gelo havaiano (manga doce, anan\u00e1s, hortel\u00e3)<\/li>\n<li>Kira Ice para senhoras (Mel\u00e3o, Manga, Baga, Menta)<\/li>\n<li>Black Dragon Ice (Fruto do drag\u00e3o, lim\u00e3o)<\/li>\n<\/ul>\n<h2 data-v-md-heading=\"for-you-and-your-business\" data-v-md-line=\"40\">Para voc\u00ea e sua empresa<\/h2>\n<p data-v-md-line=\"41\">Se pretende uma grande capacidade e um gelo f\u00e1cil de reabastecer, escolha uma para si. Se tem uma loja, pode comprar gelo DRTA a granel. Fornecemos 10 cubos de gelo por caixa de exposi\u00e7\u00e3o e 200 cubos de gelo por caixa, para que possa planear facilmente as suas prateleiras e o seu fluxo de caixa.<\/p>\n<p data-v-md-line=\"43\">Colaboramos com parceiros de confian\u00e7a, como a UPS, a DPD e a DHL, para fornecer servi\u00e7os de entrega DDP em toda a Europa. Isto significa que lhe fornecemos um servi\u00e7o de entrega ao domic\u00edlio ap\u00f3s o pagamento dos impostos, para que n\u00e3o se depare com quaisquer acidentes na alf\u00e2ndega. F\u00e1cil de compreender e previs\u00edvel.<\/p>\n<h2 data-v-md-heading=\"why-do-you-like-it\" data-v-md-line=\"45\">Por que voc\u00ea gosta disso?<\/h2>\n<ul data-v-md-line=\"46\">\n<li>Balas de fumo maci\u00e7as: At\u00e9 12000 baforadas, eliminando a necessidade de comprar constantemente novos dispositivos.<\/li>\n<li>Sele\u00e7\u00e3o de nicotina: Escolha um teor de nicotina de 2% ou 5% com base nas suas prefer\u00eancias e na regulamenta\u00e7\u00e3o local.<\/li>\n<li>Recarreg\u00e1vel: Pode utilizar todo o e-l\u00edquido que comprar porque pode carregar a bateria.<\/li>\n<li>Ecr\u00e3 de visualiza\u00e7\u00e3o n\u00edtido: As luzes indicadoras de l\u00edquido eletr\u00f3nico e de bateria eliminam a necessidade de se preocupar com o reabastecimento e o carregamento.<\/li>\n<li>Design recarreg\u00e1vel a \u00f3leo: O design de separa\u00e7\u00e3o da bobina e do e-l\u00edquido ajuda a manter um sabor consistente.<\/li>\n<\/ul>\n<h2 data-v-md-heading=\"why-choose-to-collaborate-with-agoravape\" data-v-md-line=\"52\">Por que escolher colaborar com a AgoraVape?<\/h2>\n<p data-v-md-line=\"53\">Vendemos apenas produtos genu\u00ednos 100% e somos respons\u00e1veis por eles. Para compradores comerciais, pode desfrutar de pre\u00e7os de atacado com desconto, suporte confi\u00e1vel e servi\u00e7os de entrega DDP r\u00e1pidos e confi\u00e1veis para vapes descart\u00e1veis recarreg\u00e1veis Vapen DRTA 12000. Se pretender adquirir um equipamento de recarga duradouro e fi\u00e1vel, contacte-nos.<\/p>","protected":false},"excerpt":{"rendered":"<p>Quais s\u00e3o as vantagens dos vaporizadores descart\u00e1veis recarreg\u00e1veis Vapen DRTA 12000? Se est\u00e1 farto de mudar de aparelho a cada poucos dias,<\/p>","protected":false},"featured_media":14644,"comment_status":"open","ping_status":"closed","template":"","meta":[],"product_brand":[214],"product_cat":[124,185,1634,189,174,175,191,179,173,186,180,190,141],"product_tag":[],"class_list":{"0":"post-14646","1":"product","2":"type-product","3":"status-publish","4":"has-post-thumbnail","6":"product_brand-vapen","7":"product_cat-vape-by-brand","8":"product_cat-10000-puffs-high-capacity","9":"product_cat-12000-puffs","10":"product_cat-20mg-standard-nicotine-vapes","11":"product_cat-fruit-flavors","12":"product_cat-icy-mint","13":"product_cat-rechargeable-disposables","14":"product_cat-unique-blends","15":"product_cat-vape-by-flavor-profile","16":"product_cat-vape-by-nicotine-strength","17":"product_cat-vape-by-puff-count","18":"product_cat-vape-by-feature-or-type","19":"product_cat-vapen","21":"first","22":"instock","23":"shipping-taxable","24":"purchasable","25":"product-type-variable","26":"has-default-attributes"},"tiered_pricing_type":"percentage","tiered_pricing_fixed_rules":[],"tiered_pricing_product_settings":{"layout":"default","base_unit_name":{"singular":null,"plural":null},"default_variation":null},"tiered_pricing_minimum_quantity":10,"tiered_pricing_roles_data":[],"tiered_pricing_percentage_rules":{"50":"35","100":"40","200":"44","500":"47","1000":"49"},"tiered_pricing_maximum_quantity":null,"tiered_pricing_quantity_step":"10","_links":{"self":[{"href":"https:\/\/agoravape.com\/pt\/wp-json\/wp\/v2\/product\/14646","targetHints":{"allow":["GET"]}}],"collection":[{"href":"https:\/\/agoravape.com\/pt\/wp-json\/wp\/v2\/product"}],"about":[{"href":"https:\/\/agoravape.com\/pt\/wp-json\/wp\/v2\/types\/product"}],"replies":[{"embeddable":true,"href":"https:\/\/agoravape.com\/pt\/wp-json\/wp\/v2\/comments?post=14646"}],"version-history":[{"count":0,"href":"https:\/\/agoravape.com\/pt\/wp-json\/wp\/v2\/product\/14646\/revisions"}],"wp:featuredmedia":[{"embeddable":true,"href":"https:\/\/agoravape.com\/pt\/wp-json\/wp\/v2\/media\/14644"}],"wp:attachment":[{"href":"https:\/\/agoravape.com\/pt\/wp-json\/wp\/v2\/media?parent=14646"}],"wp:term":[{"taxonomy":"product_brand","embeddable":true,"href":"https:\/\/agoravape.com\/pt\/wp-json\/wp\/v2\/product_brand?post=14646"},{"taxonomy":"product_cat","embeddable":true,"href":"https:\/\/agoravape.com\/pt\/wp-json\/wp\/v2\/product_cat?post=14646"},{"taxonomy":"product_tag","embeddable":true,"href":"https:\/\/agoravape.com\/pt\/wp-json\/wp\/v2\/product_tag?post=14646"}],"curies":[{"name":"wp","href":"https:\/\/api.w.org\/{rel}","templated":true}]}}