{"id":14671,"date":"2025-10-13T22:57:12","date_gmt":"2025-10-13T14:57:12","guid":{"rendered":"https:\/\/green-grasshopper-921422.hostingersite.com\/?post_type=product&#038;p=14671"},"modified":"2025-12-31T22:59:19","modified_gmt":"2025-12-31T14:59:19","slug":"vapen-titan-10000-puffs-vape-recarregavel","status":"publish","type":"product","link":"https:\/\/agoravape.com\/pt\/product\/vapen-titan-10000-puffs-refillable-vape\/","title":{"rendered":"Vapen Titan 10000 Puffs Vape Descart\u00e1vel Recarreg\u00e1vel | Grande Capacidade, F\u00e1cil de Utilizar"},"content":{"rendered":"<h2 data-v-md-heading=\"what-are-the-advantages-of-the-vapen-titan-10000-refillable-disposable-vape\" data-v-md-line=\"3\"><img loading=\"lazy\" decoding=\"async\" class=\"aligncenter size-full wp-image-14688\" src=\"https:\/\/agoravape.com\/wp-content\/uploads\/2025\/10\/Vapen-Titan-10000-Puffs-Refillable-Disposable-Vape_Agora_vape-1-scaled.webp\" alt=\"\" width=\"2560\" height=\"1707\" srcset=\"https:\/\/agoravape.com\/wp-content\/uploads\/2025\/10\/Vapen-Titan-10000-Puffs-Refillable-Disposable-Vape_Agora_vape-1-scaled.webp 2560w, https:\/\/agoravape.com\/wp-content\/uploads\/2025\/10\/Vapen-Titan-10000-Puffs-Refillable-Disposable-Vape_Agora_vape-1-scaled-1200x800.webp 1200w, https:\/\/agoravape.com\/wp-content\/uploads\/2025\/10\/Vapen-Titan-10000-Puffs-Refillable-Disposable-Vape_Agora_vape-1-300x200.webp 300w, https:\/\/agoravape.com\/wp-content\/uploads\/2025\/10\/Vapen-Titan-10000-Puffs-Refillable-Disposable-Vape_Agora_vape-1-1024x683.webp 1024w, https:\/\/agoravape.com\/wp-content\/uploads\/2025\/10\/Vapen-Titan-10000-Puffs-Refillable-Disposable-Vape_Agora_vape-1-768x512.webp 768w, https:\/\/agoravape.com\/wp-content\/uploads\/2025\/10\/Vapen-Titan-10000-Puffs-Refillable-Disposable-Vape_Agora_vape-1-1536x1024.webp 1536w, https:\/\/agoravape.com\/wp-content\/uploads\/2025\/10\/Vapen-Titan-10000-Puffs-Refillable-Disposable-Vape_Agora_vape-1-2048x1365.webp 2048w\" sizes=\"auto, (max-width: 2560px) 100vw, 2560px\" \/><\/h2>\n<h2 data-v-md-heading=\"what-are-the-advantages-of-the-vapen-titan-10000-refillable-disposable-vape\" data-v-md-line=\"3\">Quais s\u00e3o as vantagens do Vape descart\u00e1vel recarreg\u00e1vel Vapen Titan 10000?<\/h2>\n<p data-v-md-line=\"4\">Se est\u00e1 cansado de mudar o seu aparelho a cada poucos dias, o Titan 10000 ir\u00e1 definitivamente refrescar a sua mente. Adopta um design de lubrifica\u00e7\u00e3o repet\u00edvel, especialmente concebido para uma utiliza\u00e7\u00e3o a longo prazo, que pode manter um sabor duradouro e reduzir a complexidade da opera\u00e7\u00e3o. Injecte \u00f3leo, carregue e pode continuar a utilizar.<\/p>\n<p data-v-md-line=\"6\">Se pretende uma experi\u00eancia de vaporiza\u00e7\u00e3o f\u00e1cil e c\u00f3moda sem qualquer opera\u00e7\u00e3o manual, esta \u00e9 a sua escolha ideal. Basta dar uma passa para ativar. Desfrute da experi\u00eancia suave proporcionada pela bobina de malha. Pode pensar-se que um produto t\u00e3o dur\u00e1vel seria complexo, mas \u00e9 simples e f\u00e1cil de utilizar, conveniente para o uso di\u00e1rio.<\/p>\n<h2 data-v-md-heading=\"excellent-performance-without-any-complexity\" data-v-md-line=\"8\">Excelente desempenho sem qualquer complexidade<\/h2>\n<p data-v-md-line=\"9\">A bobina de malha \u00e9 o n\u00facleo do Titan. \u00c9 por isso que cada mordida traz um sabor consistente, puro e suave. A bateria \u00e9 carregada atrav\u00e9s da interface Type-C, pelo que \u00e9 prov\u00e1vel que esteja a utilizar o mesmo cabo de dados do seu telem\u00f3vel. Encha o seu e-l\u00edquido favorito e pode continuar a us\u00e1-lo, dizendo adeus \u00e0s interrup\u00e7\u00f5es comuns.<\/p>\n<h2 data-v-md-heading=\"specification-overview\" data-v-md-line=\"11\">Vis\u00e3o geral das especifica\u00e7\u00f5es<\/h2>\n<p data-v-md-line=\"12\"><strong>N\u00famero de suc\u00e7\u00f5es<\/strong>: at\u00e9 10000 aspira\u00e7\u00f5es<br \/>\n<strong>Teor de nicotina<\/strong>: 2% (20mg\/mL) e 5% (50mg\/mL) opcionais<br \/>\n<strong>Capacidade do e-l\u00edquido<\/strong>: 20ml<br \/>\n<strong>Bateria<\/strong>: 650mAh<br \/>\n<strong>Princ\u00edpio de funcionamento<\/strong>: Ativado por inala\u00e7\u00e3o<br \/>\n<strong>N\u00facleo de atomiza\u00e7\u00e3o<\/strong>: N\u00facleo de atomiza\u00e7\u00e3o de malha<br \/>\n<strong>Carregando<\/strong>: Interface USB tipo C<br \/>\n<strong>Status<\/strong>: O dispositivo est\u00e1 selado. Em alguns pa\u00edses\/regi\u00f5es da UE, este produto s\u00f3 est\u00e1 dispon\u00edvel em forma de hardware, pelo que deve ser enchido com e-l\u00edquido compat\u00edvel com TPD antes da primeira utiliza\u00e7\u00e3o.<\/p>\n<p data-v-md-line=\"21\">Declara\u00e7\u00e3o de conformidade: A UE estipula que a capacidade m\u00e1xima dos dispositivos pr\u00e9-carregados \u00e9 de 2 mililitros e o teor m\u00e1ximo de nicotina \u00e9 de 20 miligramas por mililitro. 5% das op\u00e7\u00f5es s\u00e3o aplic\u00e1veis a mercados fora da UE. Os clientes da UE devem escolher a op\u00e7\u00e3o 2% e utilizar e-l\u00edquidos que cumpram as normas TPD.<\/p>\n<h2 data-v-md-heading=\"full-range-of-flavors\" data-v-md-line=\"23\">Full range of flavors<\/h2>\n<ul data-v-md-line=\"24\">\n<li>Gelo de Melancia<\/li>\n<li>Sr. Gelo Azul<\/li>\n<li>Sorvete de p\u00eassego<\/li>\n<li>Sorvete de morango e melancia<\/li>\n<li>Black Dragon Ice (Fruto do drag\u00e3o, lim\u00e3o)<\/li>\n<li>Amor 66 (maracuj\u00e1, mel\u00e3o, melancia, hortel\u00e3)<\/li>\n<li>Kiwi, maracuj\u00e1, goiaba<\/li>\n<li>Red Bull Ice<\/li>\n<li>Soda de cereja<\/li>\n<li>Refrigerante com sabor a laranja<\/li>\n<li>morango kiwi<\/li>\n<li>Blue Acid Raspberry Ice<\/li>\n<li>P\u00eassego, Manga, Anan\u00e1s Gelo<\/li>\n<li>Gelo de praia sexy<\/li>\n<li>Gelo mentolado fresco<\/li>\n<li>Coca-Cola Ice<\/li>\n<li>Crazy Cocoa (anan\u00e1s, coco, lima, cocktail)<\/li>\n<li>Sonho de ver\u00e3o (Uvas, Laranjas, Red Bull)<\/li>\n<li>Gelo de pur\u00e9 de bagas<\/li>\n<li>Sorvete de morango<\/li>\n<\/ul>\n<h2 data-v-md-heading=\"for-you-for-your-business\" data-v-md-line=\"45\">Para voc\u00ea, para o seu neg\u00f3cio<\/h2>\n<p data-v-md-line=\"46\">Pode escolher uma para uso pessoal ou fazer um stock para a sua loja. A embalagem para venda por grosso \u00e9 de 10 unidades por caixa de exposi\u00e7\u00e3o e 200 unidades por caixa exterior. F\u00e1cil de registar e vender.<\/p>\n<p data-v-md-line=\"48\">Trabalhamos com parceiros de confian\u00e7a, como a UPS, a DPD e a DHL, para efetuar envios com base no regime de entrega com direitos pagos (DDP), garantindo uma entrega r\u00e1pida e evitando acidentes aduaneiros. O ficheiro \u00e9 claro e o seguimento \u00e9 fi\u00e1vel. Desde o checkout at\u00e9 \u00e0 entrega ao domic\u00edlio, tudo \u00e9 feito de uma s\u00f3 vez.<\/p>\n<h2 data-v-md-heading=\"why-do-you-like-it\" data-v-md-line=\"50\">Por que voc\u00ea gosta disso?<\/h2>\n<p data-v-md-line=\"51\"><strong>Capacidade super grande:<\/strong>\u00a0At\u00e9 10000 baforadas, o que significa menos tempo de substitui\u00e7\u00e3o, facilitando a experi\u00eancia de vaporiza\u00e7\u00e3o<br \/>\n<strong>Sele\u00e7\u00e3o da concentra\u00e7\u00e3o de nicotina:<\/strong>\u00a0Escolha a concentra\u00e7\u00e3o que melhor se adapta ao seu mercado ou prefer\u00eancia<br \/>\n<strong>Recarreg\u00e1vel:<\/strong>\u00a0Pode utilizar todos os e-l\u00edquidos que comprar sem ter de deitar fora metade do dispositivo<br \/>\n<strong>N\u00facleo do atomizador em malha:<\/strong>\u00a0Sabor consistente e experi\u00eancia de suc\u00e7\u00e3o suave<br \/>\n<strong>Interface Type-C pr\u00e1tica:<\/strong>\u00a0Carregar utilizando o cabo de dados existente<\/p>\n<h2 data-v-md-heading=\"why-choose-to-collaborate-with-agoravape\" data-v-md-line=\"57\">Por que escolher colaborar com a AgoraVape?<\/h2>\n<p data-v-md-line=\"58\">N\u00f3s s\u00f3 vendemos produtos genu\u00ednos 100% e n\u00e3o temos d\u00favidas sobre isso. Vapes descart\u00e1veis recarreg\u00e1veis Vapen Titan 10000, voc\u00ea pode desfrutar de pre\u00e7os de atacado com desconto, suporte r\u00e1pido ao cliente e servi\u00e7os de entrega DDP r\u00e1pidos. Deseja estocar equipamentos que os clientes repetidos visitam com frequ\u00eancia? Entre em contacto connosco e n\u00f3s trataremos de tudo.<\/p>\n<p data-v-md-line=\"60\">Conformidade e aviso de seguran\u00e7a: Por favor, verifique os regulamentos locais antes de comprar. Se necess\u00e1rio, utilize um l\u00edquido eletr\u00f3nico que cumpra as normas TPD. Por favor, manuseie a bateria corretamente. O pagamento \u00e9 processado atrav\u00e9s de um portal seguro, garantindo-lhe tranquilidade. Se tiver alguma d\u00favida, pode devolver ou trocar os produtos de acordo com a nossa pol\u00edtica normal.<\/p>","protected":false},"excerpt":{"rendered":"<p>&nbsp;<\/p>","protected":false},"featured_media":14701,"comment_status":"open","ping_status":"closed","template":"","meta":[],"product_brand":[214],"product_cat":[124,185,189,176,174,175,191,179,173,186,180,190,141],"product_tag":[],"class_list":{"0":"post-14671","1":"product","2":"type-product","3":"status-publish","4":"has-post-thumbnail","6":"product_brand-vapen","7":"product_cat-vape-by-brand","8":"product_cat-10000-puffs-high-capacity","9":"product_cat-20mg-standard-nicotine-vapes","10":"product_cat-beverage","11":"product_cat-fruit-flavors","12":"product_cat-icy-mint","13":"product_cat-rechargeable-disposables","14":"product_cat-unique-blends","15":"product_cat-vape-by-flavor-profile","16":"product_cat-vape-by-nicotine-strength","17":"product_cat-vape-by-puff-count","18":"product_cat-vape-by-feature-or-type","19":"product_cat-vapen","21":"first","22":"instock","23":"shipping-taxable","24":"purchasable","25":"product-type-variable","26":"has-default-attributes"},"tiered_pricing_type":"percentage","tiered_pricing_fixed_rules":[],"tiered_pricing_product_settings":{"layout":"default","base_unit_name":{"singular":null,"plural":null},"default_variation":null},"tiered_pricing_minimum_quantity":10,"tiered_pricing_roles_data":[],"tiered_pricing_percentage_rules":{"50":"35","100":"40","200":"44","500":"47","1000":"49"},"tiered_pricing_maximum_quantity":null,"tiered_pricing_quantity_step":"10","_links":{"self":[{"href":"https:\/\/agoravape.com\/pt\/wp-json\/wp\/v2\/product\/14671","targetHints":{"allow":["GET"]}}],"collection":[{"href":"https:\/\/agoravape.com\/pt\/wp-json\/wp\/v2\/product"}],"about":[{"href":"https:\/\/agoravape.com\/pt\/wp-json\/wp\/v2\/types\/product"}],"replies":[{"embeddable":true,"href":"https:\/\/agoravape.com\/pt\/wp-json\/wp\/v2\/comments?post=14671"}],"version-history":[{"count":0,"href":"https:\/\/agoravape.com\/pt\/wp-json\/wp\/v2\/product\/14671\/revisions"}],"wp:featuredmedia":[{"embeddable":true,"href":"https:\/\/agoravape.com\/pt\/wp-json\/wp\/v2\/media\/14701"}],"wp:attachment":[{"href":"https:\/\/agoravape.com\/pt\/wp-json\/wp\/v2\/media?parent=14671"}],"wp:term":[{"taxonomy":"product_brand","embeddable":true,"href":"https:\/\/agoravape.com\/pt\/wp-json\/wp\/v2\/product_brand?post=14671"},{"taxonomy":"product_cat","embeddable":true,"href":"https:\/\/agoravape.com\/pt\/wp-json\/wp\/v2\/product_cat?post=14671"},{"taxonomy":"product_tag","embeddable":true,"href":"https:\/\/agoravape.com\/pt\/wp-json\/wp\/v2\/product_tag?post=14671"}],"curies":[{"name":"wp","href":"https:\/\/api.w.org\/{rel}","templated":true}]}}