{"id":14709,"date":"2025-10-14T10:28:56","date_gmt":"2025-10-14T02:28:56","guid":{"rendered":"https:\/\/green-grasshopper-921422.hostingersite.com\/?post_type=product&#038;p=14709"},"modified":"2026-01-19T22:05:54","modified_gmt":"2026-01-19T14:05:54","slug":"vasy-luff-bar-dually-20k-puffs-vape","status":"publish","type":"product","link":"https:\/\/agoravape.com\/pt\/product\/vasy-luff-bar-dually-20k-puffs-vape\/","title":{"rendered":"Luff Bar Dually 20K Puffs Quad Mesh Coil Vape | Grande Capacidade, Recarga F\u00e1cil"},"content":{"rendered":"<h2 data-v-md-heading=\"what-exactly-is-the-luff-bar-dually-20k-suction-four-mesh-coil-vape-like\" data-v-md-line=\"3\"><img loading=\"lazy\" decoding=\"async\" class=\"aligncenter size-full wp-image-14750\" src=\"https:\/\/agoravape.com\/wp-content\/uploads\/2025\/10\/Luff-Bar-Dually-20K-Puffs-Quad-Mesh-Coil-Vape_Agora_vape-19-scaled.webp\" alt=\"\" width=\"1810\" height=\"2560\" srcset=\"https:\/\/agoravape.com\/wp-content\/uploads\/2025\/10\/Luff-Bar-Dually-20K-Puffs-Quad-Mesh-Coil-Vape_Agora_vape-19-scaled.webp 1810w, https:\/\/agoravape.com\/wp-content\/uploads\/2025\/10\/Luff-Bar-Dually-20K-Puffs-Quad-Mesh-Coil-Vape_Agora_vape-19-scaled-1200x1697.webp 1200w, https:\/\/agoravape.com\/wp-content\/uploads\/2025\/10\/Luff-Bar-Dually-20K-Puffs-Quad-Mesh-Coil-Vape_Agora_vape-19-212x300.webp 212w, https:\/\/agoravape.com\/wp-content\/uploads\/2025\/10\/Luff-Bar-Dually-20K-Puffs-Quad-Mesh-Coil-Vape_Agora_vape-19-724x1024.webp 724w, https:\/\/agoravape.com\/wp-content\/uploads\/2025\/10\/Luff-Bar-Dually-20K-Puffs-Quad-Mesh-Coil-Vape_Agora_vape-19-768x1086.webp 768w, https:\/\/agoravape.com\/wp-content\/uploads\/2025\/10\/Luff-Bar-Dually-20K-Puffs-Quad-Mesh-Coil-Vape_Agora_vape-19-1086x1536.webp 1086w, https:\/\/agoravape.com\/wp-content\/uploads\/2025\/10\/Luff-Bar-Dually-20K-Puffs-Quad-Mesh-Coil-Vape_Agora_vape-19-1448x2048.webp 1448w\" sizes=\"auto, (max-width: 1810px) 100vw, 1810px\" \/><\/h2>\n<h2 data-v-md-heading=\"what-exactly-is-the-luff-bar-dually-20k-suction-four-mesh-coil-vape-like\" data-v-md-line=\"3\">Como \u00e9 exatamente o vape de bobina de quatro malhas de suc\u00e7\u00e3o Luff Bar Dually 20K?<\/h2>\n<p data-v-md-line=\"4\">Se est\u00e1 cansado dos vapes descart\u00e1veis que ficam sem bateria em poucos dias, talvez queira dar uma vista de olhos a este produto. O Luff Bar Dually est\u00e1 equipado com uma bateria recarreg\u00e1vel que pode suportar at\u00e9 20000 pacotes, permitindo-lhe utilizar verdadeiramente todo o seu e-l\u00edquido. Se s\u00f3 quer ter um vape fi\u00e1vel, delicioso e sem complica\u00e7\u00f5es, ent\u00e3o esta \u00e9 a escolha ideal.<\/p>\n<p data-v-md-line=\"6\">O design da bobina de quatro malhas proporciona um rico sal de nicotina e um sabor rico. Inclui ainda dois visores digitais que mostram os n\u00edveis da bateria e do e-l\u00edquido, permitindo-lhe saber quando deve carregar ou quando deve substituir o e-l\u00edquido. Pode pensar-se que uma capacidade de vaporiza\u00e7\u00e3o t\u00e3o grande seria volumosa, mas \u00e9 surpreendentemente acess\u00edvel.<\/p>\n<h2 data-v-md-heading=\"excellent-performance-and-easy-operation\" data-v-md-line=\"8\">Excelente desempenho e opera\u00e7\u00e3o f\u00e1cil.<\/h2>\n<p data-v-md-line=\"9\">Quatro bobinas de malha dissipam uniformemente o calor, garantindo que cada mordida mant\u00e9m um sabor consistente do in\u00edcio ao fim. N\u00e3o \u00e9 necess\u00e1rio premir um bot\u00e3o, basta chupar suavemente para o ligar. Quando a bateria est\u00e1 fraca, \u00e9 necess\u00e1rio apenas um cabo de dados Tipo C para carregar, que pode ser o mesmo que o cabo de carregamento do seu telem\u00f3vel. Simples e c\u00f3modo. O design de ecr\u00e3 duplo permite-lhe controlar simultaneamente o n\u00edvel da bateria e a energia, mantendo-o sempre um passo \u00e0 frente.<\/p>\n<h2 data-v-md-heading=\"specification-introduction\" data-v-md-line=\"11\">Introdu\u00e7\u00e3o \u00e0 especifica\u00e7\u00e3o<\/h2>\n<ul data-v-md-line=\"12\">\n<li>Frequ\u00eancia de suc\u00e7\u00e3o: at\u00e9 20.000 vezes<\/li>\n<li>Nicotina: 50mg de sal de nicotina<\/li>\n<li>Princ\u00edpio de funcionamento: Ativado por inala\u00e7\u00e3o<\/li>\n<li>Charging: Standard Type-C USB interface<\/li>\n<li>Tipo de bobina: Bobina de malha de quatro fios<\/li>\n<li>Capacidade do e-l\u00edquido: 26 mililitros<\/li>\n<li>Bateria: bateria recarreg\u00e1vel de 850 mAh<\/li>\n<li>Ecr\u00e3 de visualiza\u00e7\u00e3o: Ecr\u00e3 de visualiza\u00e7\u00e3o digital duplo, utilizado para visualizar a bateria e o e-l\u00edquido<\/li>\n<li>Estado: Pronto para usar assim que abrir a caixa.<\/li>\n<\/ul>\n<h2 data-v-md-heading=\"multiple-flavor-options\" data-v-md-line=\"22\">Diversas op\u00e7\u00f5es de sabor<\/h2>\n<ul data-v-md-line=\"23\">\n<li>morango kiwi<\/li>\n<li>Anan\u00e1s de coco<\/li>\n<li>Bolha de uva<\/li>\n<li>Anan\u00e1s p\u00eassego<\/li>\n<li>Smoothie de mirtilo<\/li>\n<li>Smoothie de melancia<\/li>\n<li>Casa da Moeda de Miami<\/li>\n<li>Manga da Mal\u00e1sia<\/li>\n<li>Mirtilos, cerejas, arandos<\/li>\n<li>Molho de mirtilo e c\u00e1ssia<\/li>\n<li>Morango e Framboesa<\/li>\n<li>Bagas partidas<\/li>\n<li>Amora-preta, pitaya<\/li>\n<li>Fruta melancia refrescante<\/li>\n<li>Batido de morango<\/li>\n<li>Mint smoothie<\/li>\n<li>Menta refrescante<\/li>\n<li>Gelo do Alasca<\/li>\n<\/ul>\n<h2 data-v-md-heading=\"for-you-and-for-your-business-as-well\" data-v-md-line=\"42\">Para voc\u00ea e para o seu neg\u00f3cio tamb\u00e9m.<\/h2>\n<p data-v-md-line=\"43\">Pode comprar Luff Bar Dually 20K para si ou adicion\u00e1-lo \u00e0 sua loja. Oferecemos servi\u00e7os por grosso para 5 caixas de exposi\u00e7\u00e3o e 200 caixas de embalagem grandes. Trabalhamos com parceiros fi\u00e1veis, como a UPS, DPD e DHL, para fornecer servi\u00e7os de envio DDP r\u00e1pidos e isentos de impostos, garantindo que n\u00e3o se deparar\u00e1 com quaisquer acidentes na alf\u00e2ndega.<\/p>\n<p data-v-md-line=\"45\">Os requisitos regulamentares para os produtos descart\u00e1veis com elevado teor de fumo variam na Europa, pelo que \u00e9 necess\u00e1rio consultar os regulamentos locais antes de efetuar encomendas a granel.<\/p>\n<h2 data-v-md-heading=\"why-do-you-like-it\" data-v-md-line=\"47\">Por que voc\u00ea gosta disso?<\/h2>\n<ul data-v-md-line=\"48\">\n<li>Grande quantidade de fumo: dur\u00e1vel e de longa dura\u00e7\u00e3o, n\u00e3o \u00e9 necess\u00e1rio comprar frequentemente novos cigarros<\/li>\n<li>Sal de nicotina de alta intensidade: menos fumo, proporcionando uma experi\u00eancia satisfat\u00f3ria<\/li>\n<li>Recarreg\u00e1vel: Utiliza todos os e-l\u00edquidos que comprar<\/li>\n<li>Bobina de grelha qu\u00e1drupla: Fumo cont\u00ednuo e sabor rico<\/li>\n<li>Ecr\u00e3 duplo: f\u00e1cil de visualizar a bateria e o e-l\u00edquido num relance<\/li>\n<\/ul>\n<h2 data-v-md-heading=\"why-collaborate-with-agoravape\" data-v-md-line=\"54\">Por que colaborar com a AgoraVape?<\/h2>\n<p data-v-md-line=\"55\">Vendemos apenas produtos genu\u00ednos 100%. Para os nossos clientes empresariais, isto significa que o Luff Bar Dually 20K Puffs quad coil vape oferecer\u00e1 pre\u00e7os de atacado com desconto, suporte r\u00e1pido e confi\u00e1vel e servi\u00e7os de entrega r\u00e1pidos e confi\u00e1veis. Entre em contato conosco e faremos um estoque para seus clientes para garantir sua satisfa\u00e7\u00e3o.<\/p>\n<p><script src=\"chrome-extension:\/\/fpelahbljekknahkcaegamhcndkfpfnc\/iFrame.js\" type=\"text\/javascript\"><\/script><\/p>\n<p><script src=\"chrome-extension:\/\/fpelahbljekknahkcaegamhcndkfpfnc\/iFrame.js\" type=\"text\/javascript\"><\/script><\/p>","protected":false},"excerpt":{"rendered":"<p>&nbsp;<\/p>\n<p><script src=\"chrome-extension:\/\/fpelahbljekknahkcaegamhcndkfpfnc\/iFrame.js\" type=\"text\/javascript\"><\/script><\/p>\n<p><script src=\"chrome-extension:\/\/fpelahbljekknahkcaegamhcndkfpfnc\/iFrame.js\" type=\"text\/javascript\"><\/script><\/p>\n<p><script src=\"chrome-extension:\/\/fpelahbljekknahkcaegamhcndkfpfnc\/iFrame.js\" type=\"text\/javascript\"><\/script><\/p>\n<p><script src=\"chrome-extension:\/\/fpelahbljekknahkcaegamhcndkfpfnc\/iFrame.js\" type=\"text\/javascript\"><\/script><\/p>\n<p><script src=\"chrome-extension:\/\/fpelahbljekknahkcaegamhcndkfpfnc\/iFrame.js\" type=\"text\/javascript\"><\/script><\/p>\n<p><script src=\"chrome-extension:\/\/fpelahbljekknahkcaegamhcndkfpfnc\/iFrame.js\" type=\"text\/javascript\"><\/script><\/p>\n<p><script src=\"chrome-extension:\/\/fpelahbljekknahkcaegamhcndkfpfnc\/iFrame.js\" type=\"text\/javascript\"><\/script><\/p>","protected":false},"featured_media":14749,"comment_status":"open","ping_status":"closed","template":"","meta":[],"product_brand":[215],"product_cat":[124,185,1636,177,174,175,193,191,173,186,180,190,192,142],"product_tag":[],"class_list":{"0":"post-14709","1":"product","2":"type-product","3":"status-publish","4":"has-post-thumbnail","6":"product_brand-vasy","7":"product_cat-vape-by-brand","8":"product_cat-10000-puffs-high-capacity","9":"product_cat-20000-puffs","10":"product_cat-dessert-sweets","11":"product_cat-fruit-flavors","12":"product_cat-icy-mint","13":"product_cat-mesh-coil","14":"product_cat-rechargeable-disposables","15":"product_cat-vape-by-flavor-profile","16":"product_cat-vape-by-nicotine-strength","17":"product_cat-vape-by-puff-count","18":"product_cat-vape-by-feature-or-type","19":"product_cat-vapes-with-screens","20":"product_cat-vasy","22":"first","23":"onbackorder","24":"shipping-taxable","25":"purchasable","26":"product-type-variable","27":"has-default-attributes"},"tiered_pricing_type":"percentage","tiered_pricing_fixed_rules":[],"tiered_pricing_product_settings":{"layout":"default","base_unit_name":{"singular":null,"plural":null},"default_variation":null},"tiered_pricing_minimum_quantity":10,"tiered_pricing_roles_data":[],"tiered_pricing_percentage_rules":{"30":"29","50":"35","100":"40","200":"44","500":"47","1000":"49"},"tiered_pricing_maximum_quantity":null,"tiered_pricing_quantity_step":"10","_links":{"self":[{"href":"https:\/\/agoravape.com\/pt\/wp-json\/wp\/v2\/product\/14709","targetHints":{"allow":["GET"]}}],"collection":[{"href":"https:\/\/agoravape.com\/pt\/wp-json\/wp\/v2\/product"}],"about":[{"href":"https:\/\/agoravape.com\/pt\/wp-json\/wp\/v2\/types\/product"}],"replies":[{"embeddable":true,"href":"https:\/\/agoravape.com\/pt\/wp-json\/wp\/v2\/comments?post=14709"}],"version-history":[{"count":0,"href":"https:\/\/agoravape.com\/pt\/wp-json\/wp\/v2\/product\/14709\/revisions"}],"wp:featuredmedia":[{"embeddable":true,"href":"https:\/\/agoravape.com\/pt\/wp-json\/wp\/v2\/media\/14749"}],"wp:attachment":[{"href":"https:\/\/agoravape.com\/pt\/wp-json\/wp\/v2\/media?parent=14709"}],"wp:term":[{"taxonomy":"product_brand","embeddable":true,"href":"https:\/\/agoravape.com\/pt\/wp-json\/wp\/v2\/product_brand?post=14709"},{"taxonomy":"product_cat","embeddable":true,"href":"https:\/\/agoravape.com\/pt\/wp-json\/wp\/v2\/product_cat?post=14709"},{"taxonomy":"product_tag","embeddable":true,"href":"https:\/\/agoravape.com\/pt\/wp-json\/wp\/v2\/product_tag?post=14709"}],"curies":[{"name":"wp","href":"https:\/\/api.w.org\/{rel}","templated":true}]}}