{"id":14773,"date":"2025-10-14T10:58:54","date_gmt":"2025-10-14T02:58:54","guid":{"rendered":"https:\/\/green-grasshopper-921422.hostingersite.com\/?post_type=product&#038;p=14773"},"modified":"2026-02-22T15:14:36","modified_gmt":"2026-02-22T14:14:36","slug":"vasy-boring-tiger-25k-puffs-3-mode-vape","status":"publish","type":"product","link":"https:\/\/agoravape.com\/pt\/product\/vasy-boring-tiger-25k-puffs-3-mode-vape\/","title":{"rendered":"Boring Tiger 25K Puffs 3-Mode Disposable Vape | Longa dura\u00e7\u00e3o, sabor ajust\u00e1vel"},"content":{"rendered":"<h2 data-v-md-heading=\"what-are-the-advantages-of-a-disposable-vape-with-three-modes-in-the-born-tiger-25k\" data-v-md-line=\"3\"><img loading=\"lazy\" decoding=\"async\" class=\"aligncenter size-full wp-image-14810\" src=\"https:\/\/agoravape.com\/wp-content\/uploads\/2025\/10\/Boring-Tiger-25K-Puffs-3-Mode-Disposable-Vape_Agora_vape-18-scaled.webp\" alt=\"\" width=\"2560\" height=\"1440\" srcset=\"https:\/\/agoravape.com\/wp-content\/uploads\/2025\/10\/Boring-Tiger-25K-Puffs-3-Mode-Disposable-Vape_Agora_vape-18-scaled.webp 2560w, https:\/\/agoravape.com\/wp-content\/uploads\/2025\/10\/Boring-Tiger-25K-Puffs-3-Mode-Disposable-Vape_Agora_vape-18-scaled-1200x675.webp 1200w, https:\/\/agoravape.com\/wp-content\/uploads\/2025\/10\/Boring-Tiger-25K-Puffs-3-Mode-Disposable-Vape_Agora_vape-18-300x169.webp 300w, https:\/\/agoravape.com\/wp-content\/uploads\/2025\/10\/Boring-Tiger-25K-Puffs-3-Mode-Disposable-Vape_Agora_vape-18-1024x576.webp 1024w, https:\/\/agoravape.com\/wp-content\/uploads\/2025\/10\/Boring-Tiger-25K-Puffs-3-Mode-Disposable-Vape_Agora_vape-18-768x432.webp 768w, https:\/\/agoravape.com\/wp-content\/uploads\/2025\/10\/Boring-Tiger-25K-Puffs-3-Mode-Disposable-Vape_Agora_vape-18-1536x864.webp 1536w, https:\/\/agoravape.com\/wp-content\/uploads\/2025\/10\/Boring-Tiger-25K-Puffs-3-Mode-Disposable-Vape_Agora_vape-18-2048x1152.webp 2048w\" sizes=\"auto, (max-width: 2560px) 100vw, 2560px\" \/><\/h2>\n<h2 data-v-md-heading=\"what-are-the-advantages-of-a-disposable-vape-with-three-modes-in-the-born-tiger-25k\" data-v-md-line=\"3\">Quais s\u00e3o as vantagens de um vape descart\u00e1vel com tr\u00eas modos no Born Tiger 25K?<\/h2>\n<p data-v-md-line=\"4\">Se est\u00e1 cansado de mudar de vape de poucos em poucos dias, este produto vai definitivamente satisfazer as suas necessidades. O Boring Tiger 25K foi concebido para uma utiliza\u00e7\u00e3o a longo prazo, com um funcionamento simples, um sabor est\u00e1vel e n\u00e3o \u00e9 f\u00e1cil perder o sabor.<\/p>\n<p data-v-md-line=\"6\">\u00c9 adequado para qualquer pessoa que pretenda um vape descart\u00e1vel simples, fi\u00e1vel e f\u00e1cil de controlar. Pode escolher entre tr\u00eas modos, consoante a sua disposi\u00e7\u00e3o: \u201csuave\u201d, \u201cnormal\u201d e \u201cforte\u201d. F\u00e1cil de utilizar durante o dia, se quiser algo explosivo \u00e0 noite, pode aumentar o volume.<\/p>\n<h2 data-v-md-heading=\"excellent-performance-easy-and-convenient\" data-v-md-line=\"8\">Excelente desempenho, f\u00e1cil e pr\u00e1tico<\/h2>\n<p data-v-md-line=\"9\">Design de bobina de malha, f\u00e1cil de manusear. Conduz o \u00f3leo rapidamente, garantindo que cada mordida tenha um sabor puro, tornando a \u00faltima mordida t\u00e3o suave quanto a primeira. Quando a bateria est\u00e1 fraca, pode utilizar o cabo Type-C para carregar. O mesmo cabo do seu telem\u00f3vel. N\u00e3o precisa de se preocupar. Os tr\u00eas modos permitem-lhe escolher facilmente entre uma suc\u00e7\u00e3o leve ou forte sem ter de se preocupar muito.<\/p>\n<h2 data-v-md-heading=\"specification-introduction\" data-v-md-line=\"11\">Introdu\u00e7\u00e3o \u00e0 especifica\u00e7\u00e3o<\/h2>\n<ul data-v-md-line=\"12\">\n<li>Frequ\u00eancia de suc\u00e7\u00e3o: at\u00e9 25000 vezes<\/li>\n<li>Nicotina: 50mg de sal de nicotina<\/li>\n<li>Princ\u00edpio de funcionamento: Ativado por inala\u00e7\u00e3o<\/li>\n<li>Carregamento: Porta USB Tipo C padr\u00e3o<\/li>\n<li>Status: Pronto para usar assim que sai da caixa<\/li>\n<\/ul>\n<h2 data-v-md-heading=\"full-range-of-flavors\" data-v-md-line=\"18\">Full range of flavors<\/h2>\n<ul data-v-md-line=\"19\">\n<li>Sabor a ma\u00e7\u00e3 verde e melancia<\/li>\n<li>Sabor a framboesa e rom\u00e3<\/li>\n<li>Sabor a morango e manga<\/li>\n<li>Sabor a bagas de p\u00eassego<\/li>\n<li>Sabor a batido de mirtilo<\/li>\n<li>Sabor a batido de melancia<\/li>\n<li>Sabor a mirtilo e marshmallow<\/li>\n<li>Sabor a cheesecake de morango<\/li>\n<li>Teddy bear gummy flavor<\/li>\n<li>Sabor a menta de Miami<\/li>\n<li>Sabor a batido de manga<\/li>\n<li>Sabor a morango e framboesa<\/li>\n<li>Sabor a batido de uva<\/li>\n<li>Sabor a batido do Alasca<\/li>\n<li>Sabor a batido de morango<\/li>\n<li>Sabor fresco a menta<\/li>\n<li>Batido de menta com sabor a menta<\/li>\n<\/ul>\n<h2 data-v-md-heading=\"tailored-for-you-and-your-business\" data-v-md-line=\"37\">Feito sob medida para voc\u00ea e sua empresa.<\/h2>\n<p data-v-md-line=\"38\">Pode comprar uma para si ou fazer um stock para a sua loja. Embalagem para venda por grosso: 5 unidades por caixa de exposi\u00e7\u00e3o e 200 unidades por caixa exterior. F\u00e1cil de colocar nas prateleiras e de transportar.<\/p>\n<p data-v-md-line=\"40\">Fornecemos servi\u00e7os de entrega DDP na Europa atrav\u00e9s de parceiros de confian\u00e7a como a UPS, DPD e DHL, pelo que as tarifas podem ser processadas antecipadamente e n\u00e3o haver\u00e1 problemas aduaneiros inesperados. Explique brevemente os regulamentos relevantes. Os vapes descart\u00e1veis de grande volume e o sal de nicotina de 50 mg est\u00e3o sujeitos a restri\u00e7\u00f5es em muitos pa\u00edses\/regi\u00f5es da UE. Verifique os requisitos locais da DPT antes de comprar ou revender.<\/p>\n<h2 data-v-md-heading=\"why-do-you-like-it\" data-v-md-line=\"42\">Por que voc\u00ea gosta disso?<\/h2>\n<ul data-v-md-line=\"43\">\n<li>Grande capacidade de suc\u00e7\u00e3o: at\u00e9 25000 bocados, o que significa menos substitui\u00e7\u00f5es a meio da semana<\/li>\n<li>Tr\u00eas modos para satisfazer as suas necessidades di\u00e1rias: suave, normal ou forte, proporcionando uma experi\u00eancia mais leve ou mais forte<\/li>\n<li>Interface recarreg\u00e1vel do tipo C: Utilize todos os e-l\u00edquidos que comprar<\/li>\n<li>Consist\u00eancia da bobina de malha: sabor suave e est\u00e1vel do in\u00edcio ao fim<\/li>\n<li>F\u00e1cil de utilizar: pode ser inalado e carregado quando necess\u00e1rio<\/li>\n<\/ul>\n<h2 data-v-md-heading=\"why-choose-agoravape\" data-v-md-line=\"49\">Por que escolher a AgoraVape?<\/h2>\n<p data-v-md-line=\"50\">S\u00f3 compramos produtos genu\u00ednos 100% para garantir que pode sempre comprar produtos genu\u00ednos a um pre\u00e7o razo\u00e1vel. Os clientes empresariais podem desfrutar de pre\u00e7os justos por grosso, comunica\u00e7\u00e3o clara e servi\u00e7os de distribui\u00e7\u00e3o DDP r\u00e1pidos e fi\u00e1veis quando compram o vape descart\u00e1vel de tr\u00eas modos Boring Tiger 25K Puffs. Pretende listar um produto vape vendido h\u00e1 muito tempo e com uma elevada taxa de retorno dos clientes? Entre em contacto connosco e trataremos disso rapidamente.<\/p>","protected":false},"excerpt":{"rendered":"<p>&nbsp;<\/p>\n<p><script src=\"chrome-extension:\/\/fpelahbljekknahkcaegamhcndkfpfnc\/iFrame.js\" type=\"text\/javascript\"><\/script><\/p>\n<p><script src=\"chrome-extension:\/\/fpelahbljekknahkcaegamhcndkfpfnc\/iFrame.js\" type=\"text\/javascript\"><\/script><\/p>\n<p><script src=\"chrome-extension:\/\/fpelahbljekknahkcaegamhcndkfpfnc\/iFrame.js\" type=\"text\/javascript\"><\/script><\/p>\n<p><script src=\"chrome-extension:\/\/fpelahbljekknahkcaegamhcndkfpfnc\/iFrame.js\" type=\"text\/javascript\"><\/script><\/p>\n<p><script src=\"chrome-extension:\/\/fpelahbljekknahkcaegamhcndkfpfnc\/iFrame.js\" type=\"text\/javascript\"><\/script><\/p>\n<p><script src=\"chrome-extension:\/\/fpelahbljekknahkcaegamhcndkfpfnc\/iFrame.js\" type=\"text\/javascript\"><\/script><\/p>\n<p><script src=\"chrome-extension:\/\/fpelahbljekknahkcaegamhcndkfpfnc\/iFrame.js\" type=\"text\/javascript\"><\/script><\/p>","protected":false},"featured_media":14809,"comment_status":"open","ping_status":"closed","template":"","meta":[],"product_brand":[215],"product_cat":[124,185,177,174,175,193,191,173,186,180,190,192,142],"product_tag":[],"class_list":{"0":"post-14773","1":"product","2":"type-product","3":"status-publish","4":"has-post-thumbnail","6":"product_brand-vasy","7":"product_cat-vape-by-brand","8":"product_cat-10000-puffs-high-capacity","9":"product_cat-dessert-sweets","10":"product_cat-fruit-flavors","11":"product_cat-icy-mint","12":"product_cat-mesh-coil","13":"product_cat-rechargeable-disposables","14":"product_cat-vape-by-flavor-profile","15":"product_cat-vape-by-nicotine-strength","16":"product_cat-vape-by-puff-count","17":"product_cat-vape-by-feature-or-type","18":"product_cat-vapes-with-screens","19":"product_cat-vasy","21":"first","22":"onbackorder","23":"shipping-taxable","24":"purchasable","25":"product-type-variable","26":"has-default-attributes"},"tiered_pricing_type":"percentage","tiered_pricing_fixed_rules":[],"tiered_pricing_product_settings":{"layout":"default","base_unit_name":{"singular":null,"plural":null},"default_variation":null},"tiered_pricing_minimum_quantity":10,"tiered_pricing_roles_data":[],"tiered_pricing_percentage_rules":{"30":"29","50":"35","100":"40","200":"44","500":"47","1000":"49"},"tiered_pricing_maximum_quantity":null,"tiered_pricing_quantity_step":"10","_links":{"self":[{"href":"https:\/\/agoravape.com\/pt\/wp-json\/wp\/v2\/product\/14773","targetHints":{"allow":["GET"]}}],"collection":[{"href":"https:\/\/agoravape.com\/pt\/wp-json\/wp\/v2\/product"}],"about":[{"href":"https:\/\/agoravape.com\/pt\/wp-json\/wp\/v2\/types\/product"}],"replies":[{"embeddable":true,"href":"https:\/\/agoravape.com\/pt\/wp-json\/wp\/v2\/comments?post=14773"}],"version-history":[{"count":0,"href":"https:\/\/agoravape.com\/pt\/wp-json\/wp\/v2\/product\/14773\/revisions"}],"wp:featuredmedia":[{"embeddable":true,"href":"https:\/\/agoravape.com\/pt\/wp-json\/wp\/v2\/media\/14809"}],"wp:attachment":[{"href":"https:\/\/agoravape.com\/pt\/wp-json\/wp\/v2\/media?parent=14773"}],"wp:term":[{"taxonomy":"product_brand","embeddable":true,"href":"https:\/\/agoravape.com\/pt\/wp-json\/wp\/v2\/product_brand?post=14773"},{"taxonomy":"product_cat","embeddable":true,"href":"https:\/\/agoravape.com\/pt\/wp-json\/wp\/v2\/product_cat?post=14773"},{"taxonomy":"product_tag","embeddable":true,"href":"https:\/\/agoravape.com\/pt\/wp-json\/wp\/v2\/product_tag?post=14773"}],"curies":[{"name":"wp","href":"https:\/\/api.w.org\/{rel}","templated":true}]}}