{"id":15012,"date":"2025-10-14T13:34:47","date_gmt":"2025-10-14T05:34:47","guid":{"rendered":"https:\/\/green-grasshopper-921422.hostingersite.com\/?post_type=product&#038;p=15012"},"modified":"2026-01-19T22:05:28","modified_gmt":"2026-01-19T14:05:28","slug":"grativape-boom-9000-puffs-vape","status":"publish","type":"product","link":"https:\/\/agoravape.com\/pt\/product\/grativape-boom-9000-puffs-vape\/","title":{"rendered":"Grativape Boom 9000 Puffs Vape Descart\u00e1vel | Sabor duradouro tornado f\u00e1cil"},"content":{"rendered":"<h2 data-v-md-heading=\"what-are-the-special-features-of-grativape-boom-9000-disposable-vapes\" data-v-md-line=\"3\"><img loading=\"lazy\" decoding=\"async\" class=\"aligncenter size-full wp-image-15042\" src=\"https:\/\/agoravape.com\/wp-content\/uploads\/2025\/10\/Grativape-Boom-9000-Puffs-Disposable-Vape_Agora_vape-11.webp\" alt=\"\" width=\"1920\" height=\"800\" srcset=\"https:\/\/agoravape.com\/wp-content\/uploads\/2025\/10\/Grativape-Boom-9000-Puffs-Disposable-Vape_Agora_vape-11.webp 1920w, https:\/\/agoravape.com\/wp-content\/uploads\/2025\/10\/Grativape-Boom-9000-Puffs-Disposable-Vape_Agora_vape-11-1200x500.webp 1200w, https:\/\/agoravape.com\/wp-content\/uploads\/2025\/10\/Grativape-Boom-9000-Puffs-Disposable-Vape_Agora_vape-11-300x125.webp 300w, https:\/\/agoravape.com\/wp-content\/uploads\/2025\/10\/Grativape-Boom-9000-Puffs-Disposable-Vape_Agora_vape-11-1024x427.webp 1024w, https:\/\/agoravape.com\/wp-content\/uploads\/2025\/10\/Grativape-Boom-9000-Puffs-Disposable-Vape_Agora_vape-11-768x320.webp 768w, https:\/\/agoravape.com\/wp-content\/uploads\/2025\/10\/Grativape-Boom-9000-Puffs-Disposable-Vape_Agora_vape-11-1536x640.webp 1536w\" sizes=\"auto, (max-width: 1920px) 100vw, 1920px\" \/><\/h2>\n<h2 data-v-md-heading=\"what-are-the-special-features-of-grativape-boom-9000-disposable-vapes\" data-v-md-line=\"3\">Quais s\u00e3o as carater\u00edsticas especiais dos vapes descart\u00e1veis Grativape Boom 9000?<\/h2>\n<p data-v-md-line=\"4\">Se est\u00e1 cansado dos vapes descart\u00e1veis que consomem demasiado combust\u00edvel, este produto pode satisfazer as suas necessidades. O Grativape Boom tem uma autonomia ultra-longa de at\u00e9 9000 baforadas e est\u00e1 equipado com uma bateria recarreg\u00e1vel de tipo C, para que possa realmente consumir todo o e-l\u00edquido que comprar. N\u00e3o precisa de menus complicados, \u00e9 f\u00e1cil e c\u00f3modo.<\/p>\n<p data-v-md-line=\"6\">Se pretende apenas um vape fi\u00e1vel, delicioso e port\u00e1til, ent\u00e3o este produto \u00e9 a escolha ideal. A opera\u00e7\u00e3o \u00e9 simples, o sabor \u00e9 perfeito e n\u00e3o o far\u00e1 sentir-se excessivo.<\/p>\n<h2 data-v-md-heading=\"excellent-performance-easy-and-convenient\" data-v-md-line=\"8\">Excelente desempenho, f\u00e1cil e pr\u00e1tico<\/h2>\n<p data-v-md-line=\"9\">A Boom foi cuidadosamente afinada para proporcionar um sabor limpo e consistente do in\u00edcio ao fim. Cada dentada \u00e9 suave e equilibrada. Quando a bateria estiver fraca, basta usar o cabo de dados Tipo C normalmente utilizado no telem\u00f3vel para ligar. \u00c9 simples.<\/p>\n<h2 data-v-md-heading=\"specification-overview\" data-v-md-line=\"11\">Vis\u00e3o geral das especifica\u00e7\u00f5es<\/h2>\n<p data-v-md-line=\"12\"><strong>Frequ\u00eancia de aspira\u00e7\u00e3o<\/strong>: at\u00e9 9000 vezes<br \/>\n<strong>Teor de nicotina<\/strong>: 0%, 2%, 3%, 5%<br \/>\n<strong>Princ\u00edpio de funcionamento<\/strong>Basta inalar para ativar.<br \/>\n<strong>Carregando<\/strong>: Interface USB tipo C<br \/>\n<strong>Status<\/strong>Pronto para usar assim que abrir a caixa.<br \/>\n<strong>Capacidade do e-l\u00edquido<\/strong>: 14 mililitros<br \/>\n<strong>Bateria<\/strong>Bateria recarreg\u00e1vel de 600mAh<\/p>\n<h2 data-v-md-heading=\"multiple-flavor-options\" data-v-md-line=\"20\">Diversas op\u00e7\u00f5es de sabor<\/h2>\n<ul data-v-md-line=\"21\">\n<li>Pastilha el\u00e1stica de banana<\/li>\n<li>Sorvete de uva<\/li>\n<li>Ma\u00e7\u00e3s Duplas<\/li>\n<li>Morango e Manga<\/li>\n<li>Tabaco da Virg\u00ednia<\/li>\n<li>Lim\u00e3o Rosa<\/li>\n<li>Pista de gelo azul<\/li>\n<li>Cereja sumarenta<\/li>\n<li>Como<\/li>\n<li>Gelo de Melancia<\/li>\n<\/ul>\n<h2 data-v-md-heading=\"for-you-for-your-business\" data-v-md-line=\"32\">Para voc\u00ea, para o seu neg\u00f3cio<\/h2>\n<p data-v-md-line=\"33\">Podes escolher o Grativape Boom 9000 puffs para uso pessoal ou adicion\u00e1-lo \u00e0 tua loja. Oferecemos embalagens de caixa por atacado e combina\u00e7\u00f5es de sabores para atender \u00e0s suas necessidades de prateleira. Bem-vindo a perguntar sobre os \u00faltimos tamanhos e pre\u00e7os das caixas.<\/p>\n<p data-v-md-line=\"35\">Fornecemos servi\u00e7os de entrega DDP na Europa atrav\u00e9s da UPS, DPD e DHL. Isto significa que as tarifas ser\u00e3o processadas antecipadamente e que a sua encomenda n\u00e3o se deparar\u00e1 com situa\u00e7\u00f5es inesperadas na alf\u00e2ndega. Pode usufruir de servi\u00e7os de rastreio e de prazos de entrega fi\u00e1veis.<\/p>\n<p data-v-md-line=\"37\">Panorama regulamentar. De acordo com os regulamentos TPD, a capacidade de 14 mililitros da Boom e as op\u00e7\u00f5es de teor de nicotina mais elevado podem n\u00e3o ser autorizadas para venda em todos os mercados da UE. Oferecemos uma op\u00e7\u00e3o de teor de nicotina 0%. Consulte os regulamentos locais ou contacte-nos para obter op\u00e7\u00f5es de conformidade adequadas ao seu pa\u00eds\/regi\u00e3o.<\/p>\n<h2 data-v-md-heading=\"why-do-you-like-it\" data-v-md-line=\"39\">Por que voc\u00ea gosta disso?<\/h2>\n<p data-v-md-line=\"40\"><strong>Suc\u00e7\u00e3o maci\u00e7a<\/strong>: O tempo de suc\u00e7\u00e3o \u00e9 mais longo, pelo que n\u00e3o \u00e9 necess\u00e1rio comprar novos aparelhos com frequ\u00eancia.<br \/>\n<strong>Sele\u00e7\u00e3o de nicotina<\/strong>: Escolha a concentra\u00e7\u00e3o de nicotina adequada ao seu m\u00e9todo de fumar.<br \/>\n<strong>Recarreg\u00e1vel<\/strong>: Pode utilizar cada gota de e-l\u00edquido.<br \/>\n<strong>Sabor consistente<\/strong>: Desde a primeira dentada at\u00e9 \u00e0 \u00faltima, proporciona uma experi\u00eancia suave.<br \/>\n<strong>Conveni\u00eancia da interface tipo C<\/strong>: Um cabo de dados pode ligar o telem\u00f3vel e o vape.<\/p>\n<h2 data-v-md-heading=\"why-collaborate-with-agoravape\" data-v-md-line=\"46\">Por que colaborar com a AgoraVape?<\/h2>\n<p data-v-md-line=\"47\">Vendemos apenas produtos 100% genu\u00ednos, sem artigos contrafeitos. Para os compradores comerciais, pode desfrutar de pre\u00e7os grossistas com desconto, apoio fi\u00e1vel e servi\u00e7os de entrega r\u00e1pida DDP em toda a Europa. Disponibilizamos m\u00e9todos de pagamento seguros e uma verifica\u00e7\u00e3o rigorosa da idade, permitindo-lhe efetuar compras com tranquilidade. Precisa de ajuda para devolver ou substituir produtos com defeito? A nossa equipa far\u00e1 a triagem rapidamente.<\/p>\n<p data-v-md-line=\"49\">Quer comprar os vapes descart\u00e1veis Grativape Boom 9000? Entre em contacto connosco e criaremos um sabor que far\u00e1 com que os seus clientes voltem com uma frequ\u00eancia explosiva.<\/p>","protected":false},"excerpt":{"rendered":"<p>&nbsp;<\/p>\n<p><script src=\"chrome-extension:\/\/fpelahbljekknahkcaegamhcndkfpfnc\/iFrame.js\" type=\"text\/javascript\"><\/script><\/p>\n<p><script src=\"chrome-extension:\/\/fpelahbljekknahkcaegamhcndkfpfnc\/iFrame.js\" type=\"text\/javascript\"><\/script><\/p>\n<p><script src=\"chrome-extension:\/\/fpelahbljekknahkcaegamhcndkfpfnc\/iFrame.js\" type=\"text\/javascript\"><\/script><\/p>\n<p><script src=\"chrome-extension:\/\/fpelahbljekknahkcaegamhcndkfpfnc\/iFrame.js\" type=\"text\/javascript\"><\/script><\/p>\n<p><script src=\"chrome-extension:\/\/fpelahbljekknahkcaegamhcndkfpfnc\/iFrame.js\" type=\"text\/javascript\"><\/script><\/p>\n<p><script src=\"chrome-extension:\/\/fpelahbljekknahkcaegamhcndkfpfnc\/iFrame.js\" type=\"text\/javascript\"><\/script><\/p>\n<p><script src=\"chrome-extension:\/\/fpelahbljekknahkcaegamhcndkfpfnc\/iFrame.js\" type=\"text\/javascript\"><\/script><\/p>","protected":false},"featured_media":15041,"comment_status":"open","ping_status":"closed","template":"","meta":[],"product_brand":[217],"product_cat":[124,187,185,189,176,174,144,175,191,178,173,186,180,190],"product_tag":[],"class_list":{"0":"post-15012","1":"product","2":"type-product","3":"status-publish","4":"has-post-thumbnail","6":"product_brand-grativape","7":"product_cat-vape-by-brand","8":"product_cat-0mg-nicotine-free-vapes","9":"product_cat-10000-puffs-high-capacity","10":"product_cat-20mg-standard-nicotine-vapes","11":"product_cat-beverage","12":"product_cat-fruit-flavors","13":"product_cat-grativape","14":"product_cat-icy-mint","15":"product_cat-rechargeable-disposables","16":"product_cat-tobacco","17":"product_cat-vape-by-flavor-profile","18":"product_cat-vape-by-nicotine-strength","19":"product_cat-vape-by-puff-count","20":"product_cat-vape-by-feature-or-type","22":"first","23":"onbackorder","24":"shipping-taxable","25":"purchasable","26":"product-type-variable","27":"has-default-attributes"},"tiered_pricing_type":"percentage","tiered_pricing_fixed_rules":[],"tiered_pricing_product_settings":{"layout":"default","base_unit_name":{"singular":null,"plural":null},"default_variation":null},"tiered_pricing_minimum_quantity":10,"tiered_pricing_roles_data":[],"tiered_pricing_percentage_rules":{"200":"44","500":"47","1000":"49"},"tiered_pricing_maximum_quantity":null,"tiered_pricing_quantity_step":"10","_links":{"self":[{"href":"https:\/\/agoravape.com\/pt\/wp-json\/wp\/v2\/product\/15012","targetHints":{"allow":["GET"]}}],"collection":[{"href":"https:\/\/agoravape.com\/pt\/wp-json\/wp\/v2\/product"}],"about":[{"href":"https:\/\/agoravape.com\/pt\/wp-json\/wp\/v2\/types\/product"}],"replies":[{"embeddable":true,"href":"https:\/\/agoravape.com\/pt\/wp-json\/wp\/v2\/comments?post=15012"}],"version-history":[{"count":0,"href":"https:\/\/agoravape.com\/pt\/wp-json\/wp\/v2\/product\/15012\/revisions"}],"wp:featuredmedia":[{"embeddable":true,"href":"https:\/\/agoravape.com\/pt\/wp-json\/wp\/v2\/media\/15041"}],"wp:attachment":[{"href":"https:\/\/agoravape.com\/pt\/wp-json\/wp\/v2\/media?parent=15012"}],"wp:term":[{"taxonomy":"product_brand","embeddable":true,"href":"https:\/\/agoravape.com\/pt\/wp-json\/wp\/v2\/product_brand?post=15012"},{"taxonomy":"product_cat","embeddable":true,"href":"https:\/\/agoravape.com\/pt\/wp-json\/wp\/v2\/product_cat?post=15012"},{"taxonomy":"product_tag","embeddable":true,"href":"https:\/\/agoravape.com\/pt\/wp-json\/wp\/v2\/product_tag?post=15012"}],"curies":[{"name":"wp","href":"https:\/\/api.w.org\/{rel}","templated":true}]}}