{"id":15081,"date":"2025-10-14T13:59:18","date_gmt":"2025-10-14T05:59:18","guid":{"rendered":"https:\/\/green-grasshopper-921422.hostingersite.com\/?post_type=product&#038;p=15081"},"modified":"2026-01-19T22:05:16","modified_gmt":"2026-01-19T14:05:16","slug":"grativape-gbot-10000-puffs-box-vape","status":"publish","type":"product","link":"https:\/\/agoravape.com\/pt\/product\/grativape-gbot-10000-puffs-box-vape\/","title":{"rendered":"Grativape Gbot 10000 Puffs Compact Box Vape | Grande quantidade de puffs numa forma que cabe no bolso"},"content":{"rendered":"<h2 data-v-md-heading=\"what-exactly-is-the-grativape-gbot-10000-pack-compact-vape\" data-v-md-line=\"3\">O que \u00e9 exatamente o vape compacto Grativape Gbot 10000 pack?<\/h2>\n<p data-v-md-line=\"4\">Se est\u00e1 farto de mudar de e-l\u00edquidos descart\u00e1veis a cada poucos dias, vale a pena dar uma vista de olhos ao Gbot. \u00c9 um vape compacto em caixa com uma capacidade de at\u00e9 10000 baforadas, permitindo-lhe obter uma dura\u00e7\u00e3o de bateria adequada sem ter de transportar dispositivos volumosos.<\/p>\n<p data-v-md-line=\"6\">\u00c9 adequado para qualquer pessoa que queira um vape simples, f\u00e1cil de utilizar, delicioso e pronto a usar. N\u00e3o precisa de bot\u00f5es, n\u00e3o precisa de esfor\u00e7o, basta abrir a caixa e us\u00e1-lo.<\/p>\n<h2 data-v-md-heading=\"excellent-performance-easy-and-convenient\" data-v-md-line=\"8\">Excelente desempenho, f\u00e1cil e pr\u00e1tico<\/h2>\n<p data-v-md-line=\"9\">O Gbot foi cuidadosamente afinado para manter um sabor consistente. O design em caixa tem um toque s\u00f3lido, mas cabe facilmente num bolso. A bateria de 650mAh incorporada permite-lhe manter energia suficiente ao longo do dia. Se pretende um produto que seja simples e f\u00e1cil de utilizar, ao mesmo tempo que proporciona uma experi\u00eancia de suc\u00e7\u00e3o limpa e satisfat\u00f3ria, ent\u00e3o este produto \u00e9 a sua melhor escolha.<\/p>\n<h2 data-v-md-heading=\"specification-introduction\" data-v-md-line=\"11\">Introdu\u00e7\u00e3o \u00e0 especifica\u00e7\u00e3o<\/h2>\n<ul data-v-md-line=\"12\">\n<li>Frequ\u00eancia de suc\u00e7\u00e3o: at\u00e9 10000 vezes<\/li>\n<li>Teor de nicotina: 5%<\/li>\n<li>Princ\u00edpio de funcionamento: Ativado por inala\u00e7\u00e3o<\/li>\n<li>Carregamento: Bateria de 650mAh incorporada (tipo de interface n\u00e3o especificado)<\/li>\n<li>Capacidade do e-l\u00edquido: 14 mililitros<\/li>\n<li>Tamanho: 50 \u00d7 84 \u00d7 25 mil\u00edmetros<\/li>\n<li>Estado: Pronto para usar assim que abrir a caixa.<\/li>\n<\/ul>\n<h2 data-v-md-heading=\"full-range-of-flavors\" data-v-md-line=\"20\">Full range of flavors<\/h2>\n<ul data-v-md-line=\"21\">\n<li>Smoothie de mirtilo<\/li>\n<li>Areia de gelo azul<\/li>\n<li>Batido de uva<\/li>\n<li>Mint smoothie<\/li>\n<li>Batido de morango e kiwi<\/li>\n<li>Batido de framboesa e melancia<\/li>\n<li>\u00c1gua de lim\u00e3o rosa Soda de cereja<\/li>\n<li>Morango perfumado e coqueiral, areia gelada<\/li>\n<li>Batido de chiclete de morango e melancia<\/li>\n<li>Smoothie de melancia<\/li>\n<\/ul>\n<h2 data-v-md-heading=\"to-create-for-you-and-your-business\" data-v-md-line=\"32\">Para criar algo para voc\u00ea e para o seu neg\u00f3cio.<\/h2>\n<p data-v-md-line=\"33\">Se quiser experimentar, pode comprar uma ou fazer um stock para a sua loja. A caixa de cart\u00e3o para venda por grosso cont\u00e9m 200 unidades, o que lhe permite planear convenientemente o seu espa\u00e7o nas prateleiras. Cada caixa pesa cerca de 19 quilogramas, e a log\u00edstica pode ser prevista.<\/p>\n<p data-v-md-line=\"35\">Colaboramos com parceiros de confian\u00e7a, como a UPS, a DPD e a DHL, para efetuar envios com entrega com direitos pagos (DDP). Isto significa que n\u00e3o precisa de pagar direitos aduaneiros e n\u00e3o se deparar\u00e1 com quaisquer acidentes na alf\u00e2ndega.<\/p>\n<p data-v-md-line=\"37\">Aten\u00e7\u00e3o: Antes de efetuar uma encomenda, consulte os regulamentos relativos \u00e0 concentra\u00e7\u00e3o de nicotina no seu pa\u00eds\/regi\u00e3o.<\/p>\n<h2 data-v-md-heading=\"why-do-you-like-it\" data-v-md-line=\"39\">Por que voc\u00ea gosta disso?<\/h2>\n<ul data-v-md-line=\"40\">\n<li>Grande capacidade de suc\u00e7\u00e3o: at\u00e9 10000 suc\u00e7\u00f5es, o que significa menos tempo de substitui\u00e7\u00e3o e maior rentabilidade.<\/li>\n<li>Sele\u00e7\u00e3o de concentra\u00e7\u00e3o elevada de nicotina: A concentra\u00e7\u00e3o 5% satisfaz os clientes que preferem sabores mais fortes.<\/li>\n<li>Aspeto port\u00e1til: Design de caixa compacto, f\u00e1cil de combinar com casaco ou cal\u00e7as de ganga.<\/li>\n<li>Pronto a utilizar: N\u00e3o \u00e9 necess\u00e1rio premir bot\u00f5es ou ajustar as defini\u00e7\u00f5es.<\/li>\n<\/ul>\n<h2 data-v-md-heading=\"why-choose-to-collaborate-with-agoravape\" data-v-md-line=\"45\">Por que escolher colaborar com a AgoraVape?<\/h2>\n<p data-v-md-line=\"46\">Apenas fornecemos produtos genu\u00ednos 100%, apoiados por um servi\u00e7o fi\u00e1vel. Para os compradores comerciais, pode desfrutar de pre\u00e7os grossistas com desconto, apoio fi\u00e1vel e servi\u00e7os de entrega r\u00e1pida DDP para os vapes Grativape Gbot 10000 compact pack. Quer um produto que seja f\u00e1cil de vender e profundamente amado pelo p\u00fablico? Entre em contacto connosco, teremos todo o gosto em servi-lo.<\/p>","protected":false},"excerpt":{"rendered":"<p>&nbsp;<\/p>\n<p><script src=\"chrome-extension:\/\/fpelahbljekknahkcaegamhcndkfpfnc\/iFrame.js\" type=\"text\/javascript\"><\/script><\/p>\n<p><script src=\"chrome-extension:\/\/fpelahbljekknahkcaegamhcndkfpfnc\/iFrame.js\" type=\"text\/javascript\"><\/script><\/p>\n<p><script src=\"chrome-extension:\/\/fpelahbljekknahkcaegamhcndkfpfnc\/iFrame.js\" type=\"text\/javascript\"><\/script><\/p>\n<p><script src=\"chrome-extension:\/\/fpelahbljekknahkcaegamhcndkfpfnc\/iFrame.js\" type=\"text\/javascript\"><\/script><\/p>\n<p><script src=\"chrome-extension:\/\/fpelahbljekknahkcaegamhcndkfpfnc\/iFrame.js\" type=\"text\/javascript\"><\/script><\/p>\n<p><script src=\"chrome-extension:\/\/fpelahbljekknahkcaegamhcndkfpfnc\/iFrame.js\" type=\"text\/javascript\"><\/script><\/p>\n<p><script src=\"chrome-extension:\/\/fpelahbljekknahkcaegamhcndkfpfnc\/iFrame.js\" type=\"text\/javascript\"><\/script><\/p>","protected":false},"featured_media":15101,"comment_status":"open","ping_status":"closed","template":"","meta":[],"product_brand":[217],"product_cat":[124,185,174,144,175,191,173,186,180,190],"product_tag":[],"class_list":{"0":"post-15081","1":"product","2":"type-product","3":"status-publish","4":"has-post-thumbnail","6":"product_brand-grativape","7":"product_cat-vape-by-brand","8":"product_cat-10000-puffs-high-capacity","9":"product_cat-fruit-flavors","10":"product_cat-grativape","11":"product_cat-icy-mint","12":"product_cat-rechargeable-disposables","13":"product_cat-vape-by-flavor-profile","14":"product_cat-vape-by-nicotine-strength","15":"product_cat-vape-by-puff-count","16":"product_cat-vape-by-feature-or-type","18":"first","19":"onbackorder","20":"shipping-taxable","21":"purchasable","22":"product-type-variable","23":"has-default-attributes"},"tiered_pricing_type":"percentage","tiered_pricing_fixed_rules":[],"tiered_pricing_product_settings":{"layout":"default","base_unit_name":{"singular":null,"plural":null},"default_variation":null},"tiered_pricing_minimum_quantity":10,"tiered_pricing_roles_data":[],"tiered_pricing_percentage_rules":{"200":"44","500":"47","1000":"49"},"tiered_pricing_maximum_quantity":null,"tiered_pricing_quantity_step":"10","_links":{"self":[{"href":"https:\/\/agoravape.com\/pt\/wp-json\/wp\/v2\/product\/15081","targetHints":{"allow":["GET"]}}],"collection":[{"href":"https:\/\/agoravape.com\/pt\/wp-json\/wp\/v2\/product"}],"about":[{"href":"https:\/\/agoravape.com\/pt\/wp-json\/wp\/v2\/types\/product"}],"replies":[{"embeddable":true,"href":"https:\/\/agoravape.com\/pt\/wp-json\/wp\/v2\/comments?post=15081"}],"version-history":[{"count":0,"href":"https:\/\/agoravape.com\/pt\/wp-json\/wp\/v2\/product\/15081\/revisions"}],"wp:featuredmedia":[{"embeddable":true,"href":"https:\/\/agoravape.com\/pt\/wp-json\/wp\/v2\/media\/15101"}],"wp:attachment":[{"href":"https:\/\/agoravape.com\/pt\/wp-json\/wp\/v2\/media?parent=15081"}],"wp:term":[{"taxonomy":"product_brand","embeddable":true,"href":"https:\/\/agoravape.com\/pt\/wp-json\/wp\/v2\/product_brand?post=15081"},{"taxonomy":"product_cat","embeddable":true,"href":"https:\/\/agoravape.com\/pt\/wp-json\/wp\/v2\/product_cat?post=15081"},{"taxonomy":"product_tag","embeddable":true,"href":"https:\/\/agoravape.com\/pt\/wp-json\/wp\/v2\/product_tag?post=15081"}],"curies":[{"name":"wp","href":"https:\/\/api.w.org\/{rel}","templated":true}]}}