{"id":15111,"date":"2025-10-14T14:06:08","date_gmt":"2025-10-14T06:06:08","guid":{"rendered":"https:\/\/green-grasshopper-921422.hostingersite.com\/?post_type=product&#038;p=15111"},"modified":"2026-01-19T22:05:11","modified_gmt":"2026-01-19T14:05:11","slug":"grativape-imagic-10k-puffs-areia-movedica-vape","status":"publish","type":"product","link":"https:\/\/agoravape.com\/pt\/product\/grativape-imagic-10k-puffs-quicksand-vape\/","title":{"rendered":"Grativape iMagic 10K Puffs Quicksand Design | Conveni\u00eancia recarreg\u00e1vel com sabor consistente"},"content":{"rendered":"<h2 data-v-md-heading=\"what-are-the-highlights-of-the-grativape-imagic-10k-quicksand-design-vape\" data-v-md-line=\"3\"><img loading=\"lazy\" decoding=\"async\" class=\"aligncenter size-full wp-image-15125\" src=\"https:\/\/agoravape.com\/wp-content\/uploads\/2025\/10\/Grativape-iMagic-10K-Puffs-Quicksand-Design-Vape_Agora_vape-11.webp\" alt=\"\" width=\"1920\" height=\"799\" srcset=\"https:\/\/agoravape.com\/wp-content\/uploads\/2025\/10\/Grativape-iMagic-10K-Puffs-Quicksand-Design-Vape_Agora_vape-11.webp 1920w, https:\/\/agoravape.com\/wp-content\/uploads\/2025\/10\/Grativape-iMagic-10K-Puffs-Quicksand-Design-Vape_Agora_vape-11-1200x499.webp 1200w, https:\/\/agoravape.com\/wp-content\/uploads\/2025\/10\/Grativape-iMagic-10K-Puffs-Quicksand-Design-Vape_Agora_vape-11-300x125.webp 300w, https:\/\/agoravape.com\/wp-content\/uploads\/2025\/10\/Grativape-iMagic-10K-Puffs-Quicksand-Design-Vape_Agora_vape-11-1024x426.webp 1024w, https:\/\/agoravape.com\/wp-content\/uploads\/2025\/10\/Grativape-iMagic-10K-Puffs-Quicksand-Design-Vape_Agora_vape-11-768x320.webp 768w, https:\/\/agoravape.com\/wp-content\/uploads\/2025\/10\/Grativape-iMagic-10K-Puffs-Quicksand-Design-Vape_Agora_vape-11-1536x639.webp 1536w\" sizes=\"auto, (max-width: 1920px) 100vw, 1920px\" \/><\/h2>\n<h2 data-v-md-heading=\"what-are-the-highlights-of-the-grativape-imagic-10k-quicksand-design-vape\" data-v-md-line=\"3\">Quais s\u00e3o os destaques do vape de design de areia movedi\u00e7a Grativape iMagic 10K?<\/h2>\n<p data-v-md-line=\"4\">Se est\u00e1 cansado de vapes descart\u00e1veis que n\u00e3o podem ser usados em poucos dias, o iMagic 10K \u00e9 a sua escolha ideal. Tem uma frequ\u00eancia de suc\u00e7\u00e3o de longa dura\u00e7\u00e3o e uma impressionante forma de areia fluida, que \u00e9 apelativa e est\u00e1 na moda.<\/p>\n<p data-v-md-line=\"6\">Para quem procura uma experi\u00eancia de vape simples e fi\u00e1vel, esta \u00e9 definitivamente a escolha ideal. N\u00e3o h\u00e1 necessidade de menus complicados, nem de aprender curvas. S\u00f3 precisa de escolher o sabor, dar uma passa suave e desfrutar.<\/p>\n<h2 data-v-md-heading=\"excellent-performance-easy-and-convenient\" data-v-md-line=\"8\">Excelente desempenho, f\u00e1cil e pr\u00e1tico<\/h2>\n<p data-v-md-line=\"9\">O n\u00facleo do iMagic \u00e9 uma bobina de malha de 1,0 \u03a9. Isto faz com que cada suc\u00e7\u00e3o seja suave e consistente, dando \u00e0 sua primeira mordida uma textura suave e sedosa como se fosse a sua 100\u00aa mordida. Quando a bateria estiver fraca, pode carreg\u00e1-la atrav\u00e9s do Type-C, que pode ser o mesmo cabo utilizado no seu telem\u00f3vel. \u00c9 simples.<\/p>\n<h2 data-v-md-heading=\"specification-introduction\" data-v-md-line=\"11\">Introdu\u00e7\u00e3o \u00e0 especifica\u00e7\u00e3o<\/h2>\n<ul data-v-md-line=\"12\">\n<li>Frequ\u00eancia de suc\u00e7\u00e3o: at\u00e9 10000 vezes<\/li>\n<li>Nicotina: 0%, 2%, 3%, 5% opcional<\/li>\n<li>Princ\u00edpio de funcionamento: Ativado por inala\u00e7\u00e3o<\/li>\n<li>Carregamento: Interface USB Tipo-C<\/li>\n<li>Bobina: bobina de malha de 1,0 \u03a9<\/li>\n<li>E-liquid capacity: 18 milliliters<\/li>\n<li>Estado: Pronto para usar assim que abrir a caixa.<\/li>\n<\/ul>\n<h2 data-v-md-heading=\"full-range-of-flavors\" data-v-md-line=\"20\">Full range of flavors<\/h2>\n<ul data-v-md-line=\"21\">\n<li>Sabor de mirtilo e framboesa<\/li>\n<li>Cubos de gelo de a\u00e7\u00facar arco-\u00edris<\/li>\n<li>Sabor a bebida energ\u00e9tica<\/li>\n<li>\u00c1gua com sabor a lim\u00e3o rosa<\/li>\n<li>Cubos de gelo de amora<\/li>\n<li>Sabor a morango e manga<\/li>\n<li>Sabor a ma\u00e7\u00e3 \u00e1cida<\/li>\n<li>Cubos de gelo de mirtilo<\/li>\n<li>Cubos de gelo perfumados (cubos de gelo de melancia e morango)<\/li>\n<li>Cubos de gelo de morango<\/li>\n<\/ul>\n<h2 data-v-md-heading=\"for-you-for-your-business\" data-v-md-line=\"32\">Para voc\u00ea, para o seu neg\u00f3cio<\/h2>\n<p data-v-md-line=\"33\">Pode comprar o Grativape iMagic 10K separadamente para uso pessoal ou armazenar para a sua loja. Fornecemos caixas de papel padr\u00e3o para venda por grosso e pode personalizar as combina\u00e7\u00f5es de sabores de acordo com as necessidades do cliente. Precisa de orienta\u00e7\u00e3o sobre combina\u00e7\u00f5es de produtos ou ritmos de reabastecimento? Bem-vindo a perguntar, estaremos empenhados em planear para si.<\/p>\n<p data-v-md-line=\"35\">Utilizamos parceiros de confian\u00e7a como a UPS, a DPD e a DHL para efetuar envios atrav\u00e9s da DDP ap\u00f3s impostos em v\u00e1rias partes da Europa, garantindo que recebe servi\u00e7os de entrega limpos e previs\u00edveis e evitando acidentes na alf\u00e2ndega. Devido aos diferentes regulamentos locais, a concentra\u00e7\u00e3o de nicotina pode variar consoante o pa\u00eds\/regi\u00e3o, pelo que deve consultar os regulamentos aplic\u00e1veis no seu mercado.<\/p>\n<h2 data-v-md-heading=\"why-do-you-like-it\" data-v-md-line=\"37\">Por que voc\u00ea gosta disso?<\/h2>\n<ul data-v-md-line=\"38\">\n<li>Suc\u00e7\u00e3o maci\u00e7a: dur\u00e1vel e de longa dura\u00e7\u00e3o, sem necessidade de comprar frequentemente substitutos.<\/li>\n<li>Sele\u00e7\u00e3o da nicotina: Escolha a concentra\u00e7\u00e3o adequada para a sua utiliza\u00e7\u00e3o di\u00e1ria.<\/li>\n<li>Recarreg\u00e1vel: Todo o e-l\u00edquido que comprar ser\u00e1 utilizado.<\/li>\n<li>Bobina de malha: Da primeira \u00e0 \u00faltima dentada, o sabor mant\u00e9m-se constante.<\/li>\n<li>Design de areia fluida: toque elegante, toque suave.<\/li>\n<li>Suc\u00e7\u00e3o c\u00f3moda: Sem necessidade de bot\u00f5es, f\u00e1cil e c\u00f3modo.<\/li>\n<\/ul>\n<h2 data-v-md-heading=\"why-choose-to-collaborate-with-agoravape\" data-v-md-line=\"45\">Por que escolher colaborar com a AgoraVape?<\/h2>\n<p data-v-md-line=\"46\">Somos um dos distribuidores de vape mais confi\u00e1veis da Europa, vendendo apenas produtos genu\u00ednos. Para compradores corporativos, isso significa que o vape de design de areia movedi\u00e7a Grativape iMagic 10K Puffs oferecer\u00e1 pre\u00e7os justos de atacado, suporte r\u00e1pido ao cliente e servi\u00e7os de entrega r\u00e1pida de DDP. Entre em contato conosco para fornecer o equipamento necess\u00e1rio para clientes recorrentes.<\/p>","protected":false},"excerpt":{"rendered":"<p>&nbsp;<\/p>\n<p><script src=\"chrome-extension:\/\/fpelahbljekknahkcaegamhcndkfpfnc\/iFrame.js\" type=\"text\/javascript\"><\/script><\/p>\n<p><script src=\"chrome-extension:\/\/fpelahbljekknahkcaegamhcndkfpfnc\/iFrame.js\" type=\"text\/javascript\"><\/script><\/p>\n<p><script src=\"chrome-extension:\/\/fpelahbljekknahkcaegamhcndkfpfnc\/iFrame.js\" type=\"text\/javascript\"><\/script><\/p>\n<p><script src=\"chrome-extension:\/\/fpelahbljekknahkcaegamhcndkfpfnc\/iFrame.js\" type=\"text\/javascript\"><\/script><\/p>\n<p><script src=\"chrome-extension:\/\/fpelahbljekknahkcaegamhcndkfpfnc\/iFrame.js\" type=\"text\/javascript\"><\/script><\/p>\n<p><script src=\"chrome-extension:\/\/fpelahbljekknahkcaegamhcndkfpfnc\/iFrame.js\" type=\"text\/javascript\"><\/script><\/p>\n<p><script src=\"chrome-extension:\/\/fpelahbljekknahkcaegamhcndkfpfnc\/iFrame.js\" type=\"text\/javascript\"><\/script><\/p>","protected":false},"featured_media":15124,"comment_status":"open","ping_status":"closed","template":"","meta":[],"product_brand":[217],"product_cat":[124,187,185,189,176,174,144,175,193,191,173,186,180,190],"product_tag":[],"class_list":{"0":"post-15111","1":"product","2":"type-product","3":"status-publish","4":"has-post-thumbnail","6":"product_brand-grativape","7":"product_cat-vape-by-brand","8":"product_cat-0mg-nicotine-free-vapes","9":"product_cat-10000-puffs-high-capacity","10":"product_cat-20mg-standard-nicotine-vapes","11":"product_cat-beverage","12":"product_cat-fruit-flavors","13":"product_cat-grativape","14":"product_cat-icy-mint","15":"product_cat-mesh-coil","16":"product_cat-rechargeable-disposables","17":"product_cat-vape-by-flavor-profile","18":"product_cat-vape-by-nicotine-strength","19":"product_cat-vape-by-puff-count","20":"product_cat-vape-by-feature-or-type","22":"first","23":"onbackorder","24":"shipping-taxable","25":"purchasable","26":"product-type-variable","27":"has-default-attributes"},"tiered_pricing_type":"percentage","tiered_pricing_fixed_rules":[],"tiered_pricing_product_settings":{"layout":"default","base_unit_name":{"singular":null,"plural":null},"default_variation":null},"tiered_pricing_minimum_quantity":10,"tiered_pricing_roles_data":[],"tiered_pricing_percentage_rules":{"50":"35","100":"40","200":"44","500":"47","1000":"49"},"tiered_pricing_maximum_quantity":null,"tiered_pricing_quantity_step":"10","_links":{"self":[{"href":"https:\/\/agoravape.com\/pt\/wp-json\/wp\/v2\/product\/15111","targetHints":{"allow":["GET"]}}],"collection":[{"href":"https:\/\/agoravape.com\/pt\/wp-json\/wp\/v2\/product"}],"about":[{"href":"https:\/\/agoravape.com\/pt\/wp-json\/wp\/v2\/types\/product"}],"replies":[{"embeddable":true,"href":"https:\/\/agoravape.com\/pt\/wp-json\/wp\/v2\/comments?post=15111"}],"version-history":[{"count":0,"href":"https:\/\/agoravape.com\/pt\/wp-json\/wp\/v2\/product\/15111\/revisions"}],"wp:featuredmedia":[{"embeddable":true,"href":"https:\/\/agoravape.com\/pt\/wp-json\/wp\/v2\/media\/15124"}],"wp:attachment":[{"href":"https:\/\/agoravape.com\/pt\/wp-json\/wp\/v2\/media?parent=15111"}],"wp:term":[{"taxonomy":"product_brand","embeddable":true,"href":"https:\/\/agoravape.com\/pt\/wp-json\/wp\/v2\/product_brand?post=15111"},{"taxonomy":"product_cat","embeddable":true,"href":"https:\/\/agoravape.com\/pt\/wp-json\/wp\/v2\/product_cat?post=15111"},{"taxonomy":"product_tag","embeddable":true,"href":"https:\/\/agoravape.com\/pt\/wp-json\/wp\/v2\/product_tag?post=15111"}],"curies":[{"name":"wp","href":"https:\/\/api.w.org\/{rel}","templated":true}]}}