{"id":15178,"date":"2025-10-16T09:43:19","date_gmt":"2025-10-16T01:43:19","guid":{"rendered":"https:\/\/green-grasshopper-921422.hostingersite.com\/?post_type=product&#038;p=15178"},"modified":"2026-01-19T22:04:32","modified_gmt":"2026-01-19T14:04:32","slug":"kp10000-10k-puffs-vape-da-velha-escola","status":"publish","type":"product","link":"https:\/\/agoravape.com\/pt\/product\/old-school-kp10000-10k-puffs-vape\/","title":{"rendered":"Old School KP10000 10K Puffs Mesh Coil Vape | Sabor duradouro, sem complica\u00e7\u00f5es"},"content":{"rendered":"<h2 data-v-md-heading=\"what-is-special-about-the-old-school-kp10000-10k-mesh-coil-vape\" data-v-md-line=\"3\">O que tem de especial o vape Old School KP10000 10K Mesh Coil?<\/h2>\n<p data-v-md-line=\"4\">Se est\u00e1 cansado dos vapes descart\u00e1veis, este produto pode satisfazer as suas necessidades. O Old School KP10000 pode fornecer uma capacidade de suc\u00e7\u00e3o de at\u00e9 10000 mordidas, com um sabor suave desde a primeira at\u00e9 \u00e0 \u00faltima mordida. \u00c9 f\u00e1cil de utilizar, tem um sabor excelente, \u00e9 s\u00f3lido na m\u00e3o e n\u00e3o te faz sentir como se tivesses um tijolo no bolso.<\/p>\n<p data-v-md-line=\"6\">Se pretende um vape fi\u00e1vel e pr\u00e1tico, esta \u00e9 a escolha ideal. Pode escolher o seu sabor preferido, selecionar a concentra\u00e7\u00e3o de nicotina adequada e inalar diretamente. Sem necessidade de bot\u00f5es, sem necessidade de menus, sem necessidade de preocupa\u00e7\u00f5es.<\/p>\n<h2 data-v-md-heading=\"excellent-performance-no-need-for-any-operation\" data-v-md-line=\"8\">Excelente desempenho, sem necessidade de qualquer opera\u00e7\u00e3o<\/h2>\n<p data-v-md-line=\"9\">A bobina de malha \u00e9 o ponto alto deste produto. Consegue aquecer uniformemente o e-l\u00edquido, assegurando que cada tragada \u00e9 uniformemente pura. Quando a bateria est\u00e1 fraca, s\u00f3 \u00e9 necess\u00e1rio um cabo USB normal para a carregar. \u00c9 simples. Pode pensar-se que um vape de t\u00e3o grande capacidade seria volumoso. Mas a sua portabilidade vai definitivamente surpreend\u00ea-lo.<\/p>\n<h2 data-v-md-heading=\"specification-overview\" data-v-md-line=\"11\">Vis\u00e3o geral das especifica\u00e7\u00f5es<\/h2>\n<p data-v-md-line=\"12\"><strong>Frequ\u00eancia de aspira\u00e7\u00e3o<\/strong>: at\u00e9 10000 vezes<br \/>\n<strong>Teor de nicotina<\/strong>: 0%, 2%, 3%, 5%<br \/>\n<strong>Princ\u00edpio de funcionamento<\/strong>Basta inalar para ativar.<br \/>\n<strong>Carregando<\/strong>: Porta de carregamento USB<br \/>\n<strong>Status<\/strong>Pronto para usar assim que abrir a caixa.<br \/>\n<strong>Capacidade do e-l\u00edquido<\/strong>: 18 mililitros<br \/>\n<strong>Bateria<\/strong>: 600mAh<br \/>\n<strong>Tipo de bobina<\/strong>: Bobina de malha<\/p>\n<h2 data-v-md-heading=\"multiple-flavor-options\" data-v-md-line=\"21\">Diversas op\u00e7\u00f5es de sabor<\/h2>\n<ul data-v-md-line=\"22\">\n<li>Morango e banana<\/li>\n<li>Gelo de Melancia<\/li>\n<li>Homem Melancia<\/li>\n<li>Pista de gelo azul<\/li>\n<li>Sumo de groselha<\/li>\n<li>Morango e Manga<\/li>\n<li>P\u00eassego<\/li>\n<li>Manga Tripla<\/li>\n<li>Menta refrescante<\/li>\n<li>Alo\u00e9 Vera Uva<\/li>\n<li>Doce de morango P\u00eassego<\/li>\n<li>Lichia<\/li>\n<li>Gelo magn\u00e9tico azul<\/li>\n<li>Kiwi e maracuj\u00e1<\/li>\n<li>Gelado de morango<\/li>\n<\/ul>\n<h2 data-v-md-heading=\"for-you-and-for-your-business-as-well\" data-v-md-line=\"38\">Para voc\u00ea e para o seu neg\u00f3cio tamb\u00e9m.<\/h2>\n<p data-v-md-line=\"39\">Pode adquirir os vapes Old School KP10000 10K mesh coil para si ou adicion\u00e1-los \u00e0 sua loja. A caixa de cart\u00e3o para venda por grosso cont\u00e9m 200 pe\u00e7as, para que possa criar facilmente uma parede de sabores verdadeiramente limpa e arrumada. Enviamos o DDP atrav\u00e9s de parceiros de confian\u00e7a, como a UPS, a DPD e a DHL, pelo que os direitos aduaneiros foram processados e n\u00e3o haver\u00e1 incidentes inesperados na alf\u00e2ndega.<\/p>\n<h2 data-v-md-heading=\"why-do-you-like-it\" data-v-md-line=\"41\">Por que voc\u00ea gosta disso?<\/h2>\n<p data-v-md-line=\"42\"><strong>Suc\u00e7\u00e3o maci\u00e7a<\/strong>: Com uma dura\u00e7\u00e3o de vida mais longa, n\u00e3o \u00e9 necess\u00e1rio comprar frequentemente novos aparelhos.<br \/>\n<strong>Sele\u00e7\u00e3o de nicotina<\/strong>: Escolha a concentra\u00e7\u00e3o de nicotina que melhor se adapta aos seus h\u00e1bitos.<br \/>\n<strong>Recarreg\u00e1vel<\/strong>: Utilize a capacidade de 18 mililitros que adquiriu.<br \/>\n<strong>Bobina de malha<\/strong>: Pode proporcionar um sabor cont\u00ednuo e rico em cada momento.<\/p>\n<h2 data-v-md-heading=\"why-choose-to-collaborate-with-agoravape\" data-v-md-line=\"47\">Por que escolher colaborar com a AgoraVape?<\/h2>\n<p data-v-md-line=\"48\">N\u00f3s s\u00f3 vendemos produtos genu\u00ednos 100% de marcas confi\u00e1veis. Se voc\u00ea comprar vapes de bobina de malha de suc\u00e7\u00e3o KP10000 10K da Old School por atacado, poder\u00e1 desfrutar de pre\u00e7os com desconto, suporte est\u00e1vel e servi\u00e7os de entrega r\u00e1pida de DDP. Entre em contato conosco para fornecer aos seus clientes equipamentos que valem a pena recomprar.<\/p>","protected":false},"excerpt":{"rendered":"<p>&nbsp;<\/p>\n<p><script src=\"chrome-extension:\/\/fpelahbljekknahkcaegamhcndkfpfnc\/iFrame.js\" type=\"text\/javascript\"><\/script><\/p>\n<p><script src=\"chrome-extension:\/\/fpelahbljekknahkcaegamhcndkfpfnc\/iFrame.js\" type=\"text\/javascript\"><\/script><\/p>\n<p><script src=\"chrome-extension:\/\/fpelahbljekknahkcaegamhcndkfpfnc\/iFrame.js\" type=\"text\/javascript\"><\/script><\/p>\n<p><script src=\"chrome-extension:\/\/fpelahbljekknahkcaegamhcndkfpfnc\/iFrame.js\" type=\"text\/javascript\"><\/script><\/p>\n<p><script src=\"chrome-extension:\/\/fpelahbljekknahkcaegamhcndkfpfnc\/iFrame.js\" type=\"text\/javascript\"><\/script><\/p>\n<p><script src=\"chrome-extension:\/\/fpelahbljekknahkcaegamhcndkfpfnc\/iFrame.js\" type=\"text\/javascript\"><\/script><\/p>\n<p><script src=\"chrome-extension:\/\/fpelahbljekknahkcaegamhcndkfpfnc\/iFrame.js\" type=\"text\/javascript\"><\/script><\/p>\n<p><script src=\"chrome-extension:\/\/fpelahbljekknahkcaegamhcndkfpfnc\/iFrame.js\" type=\"text\/javascript\"><\/script><\/p>","protected":false},"featured_media":15198,"comment_status":"open","ping_status":"closed","template":"","meta":[],"product_brand":[219],"product_cat":[124,187,185,189,174,175,193,146,191,173,186,180,190],"product_tag":[],"class_list":{"0":"post-15178","1":"product","2":"type-product","3":"status-publish","4":"has-post-thumbnail","6":"product_brand-old-school","7":"product_cat-vape-by-brand","8":"product_cat-0mg-nicotine-free-vapes","9":"product_cat-10000-puffs-high-capacity","10":"product_cat-20mg-standard-nicotine-vapes","11":"product_cat-fruit-flavors","12":"product_cat-icy-mint","13":"product_cat-mesh-coil","14":"product_cat-old-school","15":"product_cat-rechargeable-disposables","16":"product_cat-vape-by-flavor-profile","17":"product_cat-vape-by-nicotine-strength","18":"product_cat-vape-by-puff-count","19":"product_cat-vape-by-feature-or-type","21":"first","22":"onbackorder","23":"shipping-taxable","24":"purchasable","25":"product-type-variable","26":"has-default-attributes"},"tiered_pricing_type":"percentage","tiered_pricing_fixed_rules":[],"tiered_pricing_product_settings":{"layout":"default","base_unit_name":{"singular":null,"plural":null},"default_variation":null},"tiered_pricing_minimum_quantity":10,"tiered_pricing_roles_data":[],"tiered_pricing_percentage_rules":{"30":"29","50":"35","100":"40","200":"44","500":"47","1000":"49"},"tiered_pricing_maximum_quantity":null,"tiered_pricing_quantity_step":"10","_links":{"self":[{"href":"https:\/\/agoravape.com\/pt\/wp-json\/wp\/v2\/product\/15178","targetHints":{"allow":["GET"]}}],"collection":[{"href":"https:\/\/agoravape.com\/pt\/wp-json\/wp\/v2\/product"}],"about":[{"href":"https:\/\/agoravape.com\/pt\/wp-json\/wp\/v2\/types\/product"}],"replies":[{"embeddable":true,"href":"https:\/\/agoravape.com\/pt\/wp-json\/wp\/v2\/comments?post=15178"}],"version-history":[{"count":0,"href":"https:\/\/agoravape.com\/pt\/wp-json\/wp\/v2\/product\/15178\/revisions"}],"wp:featuredmedia":[{"embeddable":true,"href":"https:\/\/agoravape.com\/pt\/wp-json\/wp\/v2\/media\/15198"}],"wp:attachment":[{"href":"https:\/\/agoravape.com\/pt\/wp-json\/wp\/v2\/media?parent=15178"}],"wp:term":[{"taxonomy":"product_brand","embeddable":true,"href":"https:\/\/agoravape.com\/pt\/wp-json\/wp\/v2\/product_brand?post=15178"},{"taxonomy":"product_cat","embeddable":true,"href":"https:\/\/agoravape.com\/pt\/wp-json\/wp\/v2\/product_cat?post=15178"},{"taxonomy":"product_tag","embeddable":true,"href":"https:\/\/agoravape.com\/pt\/wp-json\/wp\/v2\/product_tag?post=15178"}],"curies":[{"name":"wp","href":"https:\/\/api.w.org\/{rel}","templated":true}]}}