{"id":15244,"date":"2025-10-16T10:37:06","date_gmt":"2025-10-16T02:37:06","guid":{"rendered":"https:\/\/green-grasshopper-921422.hostingersite.com\/?post_type=product&#038;p=15244"},"modified":"2026-03-31T04:20:54","modified_gmt":"2026-03-31T02:20:54","slug":"breze-stiik-bs8500-8500-puffs-vape","status":"publish","type":"product","link":"https:\/\/agoravape.com\/pt\/product\/breze-stiik-bs8500-8500-puffs-vape\/","title":{"rendered":"Breze Stiik BS8500 8500 Puffs Vape Recarreg\u00e1vel | Big Puffs. Recarga simples"},"content":{"rendered":"<h2 data-v-md-heading=\"what-is-special-about-the-breze-stiik-bs8500-8500-rechargeable-vape\" data-v-md-line=\"3\"><img loading=\"lazy\" decoding=\"async\" class=\"aligncenter size-full wp-image-15242\" src=\"https:\/\/agoravape.com\/wp-content\/uploads\/2025\/10\/Breze-Stiik-BS8500-8500-Puffs-Rechargeable-Vape_Agora_vape-1-scaled.webp\" alt=\"\" width=\"2560\" height=\"1901\" srcset=\"https:\/\/agoravape.com\/wp-content\/uploads\/2025\/10\/Breze-Stiik-BS8500-8500-Puffs-Rechargeable-Vape_Agora_vape-1-scaled.webp 2560w, https:\/\/agoravape.com\/wp-content\/uploads\/2025\/10\/Breze-Stiik-BS8500-8500-Puffs-Rechargeable-Vape_Agora_vape-1-scaled-1200x891.webp 1200w, https:\/\/agoravape.com\/wp-content\/uploads\/2025\/10\/Breze-Stiik-BS8500-8500-Puffs-Rechargeable-Vape_Agora_vape-1-300x223.webp 300w, https:\/\/agoravape.com\/wp-content\/uploads\/2025\/10\/Breze-Stiik-BS8500-8500-Puffs-Rechargeable-Vape_Agora_vape-1-1024x760.webp 1024w, https:\/\/agoravape.com\/wp-content\/uploads\/2025\/10\/Breze-Stiik-BS8500-8500-Puffs-Rechargeable-Vape_Agora_vape-1-768x570.webp 768w, https:\/\/agoravape.com\/wp-content\/uploads\/2025\/10\/Breze-Stiik-BS8500-8500-Puffs-Rechargeable-Vape_Agora_vape-1-1536x1140.webp 1536w, https:\/\/agoravape.com\/wp-content\/uploads\/2025\/10\/Breze-Stiik-BS8500-8500-Puffs-Rechargeable-Vape_Agora_vape-1-2048x1521.webp 2048w\" sizes=\"auto, (max-width: 2560px) 100vw, 2560px\" \/><\/h2>\n<h2 data-v-md-heading=\"what-is-special-about-the-breze-stiik-bs8500-8500-rechargeable-vape\" data-v-md-line=\"3\">O que tem de especial o vape recarreg\u00e1vel Breze Stiik BS8500 8500?<\/h2>\n<p data-v-md-line=\"4\">Se est\u00e1 farto de vaporizadores descart\u00e1veis que s\u00e3o deitados fora antes de o e-l\u00edquido acabar, talvez queira dar uma vista de olhos ao Breze Stiik BS8500. Trata-se de um vaporizador descart\u00e1vel recarreg\u00e1vel com uma capacidade de at\u00e9 8500 baforadas e 17 mililitros de e-l\u00edquido, o que lhe confere uma boa rela\u00e7\u00e3o qualidade\/pre\u00e7o.<\/p>\n<p data-v-md-line=\"6\">\u00c9 adequado para qualquer utilizador de vape que pretenda fiabilidade, delicadeza e um funcionamento sem esfor\u00e7o. O inv\u00f3lucro de resina tipo borracha tem uma ader\u00eancia confort\u00e1vel e n\u00e3o escorrega. O bocal de suc\u00e7\u00e3o transparente e colorido \u00e9 simples e elegante, e o corpo compacto cabe facilmente num bolso. Pode pensar-se que um vape com uma capacidade t\u00e3o grande seria volumoso, mas ficar\u00e1 surpreendido com a sua leveza e portabilidade.<\/p>\n<h2 data-v-md-heading=\"excellent-performance-easy-and-convenient\" data-v-md-line=\"8\">Excelente desempenho, f\u00e1cil e pr\u00e1tico<\/h2>\n<p data-v-md-line=\"9\">O n\u00facleo do BS8500 utiliza bobinas de malha para garantir que cada dentada \u00e9 t\u00e3o deliciosa como o primeiro gole. O sabor mant\u00e9m-se consistente sem quaisquer interrup\u00e7\u00f5es. Quando a bateria est\u00e1 fraca, pode carreg\u00e1-la atrav\u00e9s da interface Tipo C, que \u00e9 a mesma que o cabo de carregamento utilizado na maioria dos telem\u00f3veis actuais. N\u00e3o h\u00e1 necessidade de carregadores especiais, \u00e9 f\u00e1cil e c\u00f3modo.<\/p>\n<h2 data-v-md-heading=\"specification-introduction\" data-v-md-line=\"11\">Introdu\u00e7\u00e3o \u00e0 especifica\u00e7\u00e3o<\/h2>\n<ul data-v-md-line=\"12\">\n<li>Frequ\u00eancia de suc\u00e7\u00e3o: at\u00e9 8500 vezes<\/li>\n<li>Teor de nicotina: 2% ou 5%<\/li>\n<li>Capacidade do e-l\u00edquido: 17 mililitros<\/li>\n<li>N\u00facleo atomizador: malha de 1,2 \u03a9<\/li>\n<li>Bateria: bateria recarreg\u00e1vel de 600 mAh<\/li>\n<li>Princ\u00edpio de funcionamento: Ativa-se com apenas uma tragada.<\/li>\n<li>Charging: Standard Type-C USB interface<\/li>\n<li>Estado: Pronto para usar assim que abrir a caixa.<\/li>\n<\/ul>\n<h2 data-v-md-heading=\"full-range-of-flavors\" data-v-md-line=\"21\">Full range of flavors<\/h2>\n<ul data-v-md-line=\"22\">\n<li>Sumo de laranja Refrigerante<\/li>\n<li>Mirtilos, framboesas, lim\u00f5es<\/li>\n<li>Refrigerante de uva<\/li>\n<li>Anan\u00e1s, ma\u00e7\u00e3, pera<\/li>\n<li>Manga, p\u00eassego, melancia<\/li>\n<li>Gelo de Melancia<\/li>\n<li>Creme de morango<\/li>\n<li>Doces arco-\u00edris<\/li>\n<li>Hortel\u00e3 Hortel\u00e3<\/li>\n<li>morango kiwi<\/li>\n<li>Delicioso<\/li>\n<li>Arando Lim\u00e3o Hortel\u00e3<\/li>\n<li>Cola de Cereja<\/li>\n<li>Fragr\u00e2ncia de Coconut Grove<\/li>\n<li>Pastilhas el\u00e1sticas de menta<\/li>\n<li>Morango e banana<\/li>\n<\/ul>\n<h2 data-v-md-heading=\"for-you-and-your-business\" data-v-md-line=\"39\">Para voc\u00ea e sua empresa<\/h2>\n<p data-v-md-line=\"40\">Pode comprar o Breze Stiik aqui, adaptado \u00e0 sua norma BS8500. Se tem uma loja vape ou uma loja online, pode comprar 10 pacotes a granel. As encomendas a granel s\u00e3o enviadas em 200 caixas de cart\u00e3o para facilitar o reabastecimento.<\/p>\n<p data-v-md-line=\"42\">Trabalhamos com parceiros de confian\u00e7a como a UPS, DPD e DHL para fornecer servi\u00e7os de entrega DDP, pelo que as tarifas podem ser pagas antecipadamente para evitar acidentes aduaneiros. Velocidade r\u00e1pida de transporte e entrega r\u00e1pida.<\/p>\n<h2 data-v-md-heading=\"why-do-you-like-it\" data-v-md-line=\"44\">Por que voc\u00ea gosta disso?<\/h2>\n<ul data-v-md-line=\"45\">\n<li>Grande capacidade de consumo: dur\u00e1vel e de longa dura\u00e7\u00e3o, sem necessidade de comprar cigarros novos com frequ\u00eancia.<\/li>\n<li>Sele\u00e7\u00e3o do teor de nicotina: Escolha 2% ou 5% de acordo com a sua prefer\u00eancia.<\/li>\n<li>Recarreg\u00e1vel: Utilize todos os e-l\u00edquidos sem deitar fora o equipamento meio usado.<\/li>\n<li>N\u00facleo do atomizador em malha: Sabor consistente, suave e fluido do in\u00edcio ao fim.<\/li>\n<li>Carregamento c\u00f3modo: A interface Tipo C torna o carregamento r\u00e1pido e c\u00f3modo.<\/li>\n<\/ul>\n<h2 data-v-md-heading=\"why-choose-to-collaborate-with-agoravape\" data-v-md-line=\"51\">Por que escolher colaborar com a AgoraVape?<\/h2>\n<p data-v-md-line=\"52\">Vendemos apenas produtos genu\u00ednos 100% e garantimos a qualidade dos nossos envios. Para clientes comerciais, isto significa que o vape recarreg\u00e1vel Breze Stiik BS8500 8500 tem pre\u00e7os grossistas altamente competitivos, apoio fi\u00e1vel e log\u00edstica DDP fi\u00e1vel. Entre em contato conosco para preparar um dispositivo que vale a pena voltar para seus clientes.<\/p>","protected":false},"excerpt":{"rendered":"<p>&nbsp;<\/p>","protected":false},"featured_media":15266,"comment_status":"open","ping_status":"closed","template":"","meta":[],"product_brand":[220],"product_cat":[124,185,176,147,177,174,175,193,191,173,186,180,190],"product_tag":[],"class_list":{"0":"post-15244","1":"product","2":"type-product","3":"status-publish","4":"has-post-thumbnail","6":"product_brand-breze-stiik","7":"product_cat-vape-by-brand","8":"product_cat-10000-puffs-high-capacity","9":"product_cat-beverage","10":"product_cat-breze-stiik","11":"product_cat-dessert-sweets","12":"product_cat-fruit-flavors","13":"product_cat-icy-mint","14":"product_cat-mesh-coil","15":"product_cat-rechargeable-disposables","16":"product_cat-vape-by-flavor-profile","17":"product_cat-vape-by-nicotine-strength","18":"product_cat-vape-by-puff-count","19":"product_cat-vape-by-feature-or-type","21":"first","22":"onbackorder","23":"shipping-taxable","24":"purchasable","25":"product-type-variable","26":"has-default-attributes"},"tiered_pricing_type":"percentage","tiered_pricing_fixed_rules":[],"tiered_pricing_product_settings":{"layout":"default","base_unit_name":{"singular":null,"plural":null},"default_variation":null},"tiered_pricing_minimum_quantity":10,"tiered_pricing_roles_data":[],"tiered_pricing_percentage_rules":{"30":"29","50":"35","100":"40","200":"44","500":"47","1000":"49"},"tiered_pricing_maximum_quantity":null,"tiered_pricing_quantity_step":"10","_links":{"self":[{"href":"https:\/\/agoravape.com\/pt\/wp-json\/wp\/v2\/product\/15244","targetHints":{"allow":["GET"]}}],"collection":[{"href":"https:\/\/agoravape.com\/pt\/wp-json\/wp\/v2\/product"}],"about":[{"href":"https:\/\/agoravape.com\/pt\/wp-json\/wp\/v2\/types\/product"}],"replies":[{"embeddable":true,"href":"https:\/\/agoravape.com\/pt\/wp-json\/wp\/v2\/comments?post=15244"}],"version-history":[{"count":1,"href":"https:\/\/agoravape.com\/pt\/wp-json\/wp\/v2\/product\/15244\/revisions"}],"predecessor-version":[{"id":29823,"href":"https:\/\/agoravape.com\/pt\/wp-json\/wp\/v2\/product\/15244\/revisions\/29823"}],"wp:featuredmedia":[{"embeddable":true,"href":"https:\/\/agoravape.com\/pt\/wp-json\/wp\/v2\/media\/15266"}],"wp:attachment":[{"href":"https:\/\/agoravape.com\/pt\/wp-json\/wp\/v2\/media?parent=15244"}],"wp:term":[{"taxonomy":"product_brand","embeddable":true,"href":"https:\/\/agoravape.com\/pt\/wp-json\/wp\/v2\/product_brand?post=15244"},{"taxonomy":"product_cat","embeddable":true,"href":"https:\/\/agoravape.com\/pt\/wp-json\/wp\/v2\/product_cat?post=15244"},{"taxonomy":"product_tag","embeddable":true,"href":"https:\/\/agoravape.com\/pt\/wp-json\/wp\/v2\/product_tag?post=15244"}],"curies":[{"name":"wp","href":"https:\/\/api.w.org\/{rel}","templated":true}]}}