{"id":15287,"date":"2025-10-16T10:51:17","date_gmt":"2025-10-16T02:51:17","guid":{"rendered":"https:\/\/green-grasshopper-921422.hostingersite.com\/?post_type=product&#038;p=15287"},"modified":"2026-03-31T04:20:54","modified_gmt":"2026-03-31T02:20:54","slug":"breze-stiik-king-max-10k-dtl-vape","status":"publish","type":"product","link":"https:\/\/agoravape.com\/pt\/product\/breze-stiik-king-max-10k-dtl-vape\/","title":{"rendered":"Breze Stiik King Max 10K Puffs DTL Fluxo de ar ajust\u00e1vel | Sabor DTL de longa dura\u00e7\u00e3o com carregamento f\u00e1cil tipo C"},"content":{"rendered":"<h2 data-v-md-heading=\"what-is-special-about-breze-stiik-king-max-10k-caliber-adjustable-dtl-e-liquid\" data-v-md-line=\"3\"><img loading=\"lazy\" decoding=\"async\" class=\"aligncenter size-full wp-image-15286\" src=\"https:\/\/agoravape.com\/wp-content\/uploads\/2025\/10\/Breze-Stiik-King-Max-10K-Puffs-DTL-Adjustable-Airflow_Agora_vape-3.webp\" alt=\"\" width=\"1000\" height=\"1000\" srcset=\"https:\/\/agoravape.com\/wp-content\/uploads\/2025\/10\/Breze-Stiik-King-Max-10K-Puffs-DTL-Adjustable-Airflow_Agora_vape-3.webp 1000w, https:\/\/agoravape.com\/wp-content\/uploads\/2025\/10\/Breze-Stiik-King-Max-10K-Puffs-DTL-Adjustable-Airflow_Agora_vape-3-600x600.webp 600w, https:\/\/agoravape.com\/wp-content\/uploads\/2025\/10\/Breze-Stiik-King-Max-10K-Puffs-DTL-Adjustable-Airflow_Agora_vape-3-300x300.webp 300w, https:\/\/agoravape.com\/wp-content\/uploads\/2025\/10\/Breze-Stiik-King-Max-10K-Puffs-DTL-Adjustable-Airflow_Agora_vape-3-150x150.webp 150w, https:\/\/agoravape.com\/wp-content\/uploads\/2025\/10\/Breze-Stiik-King-Max-10K-Puffs-DTL-Adjustable-Airflow_Agora_vape-3-768x768.webp 768w\" sizes=\"auto, (max-width: 1000px) 100vw, 1000px\" \/><\/h2>\n<h2 data-v-md-heading=\"what-is-special-about-breze-stiik-king-max-10k-caliber-adjustable-dtl-e-liquid\" data-v-md-line=\"3\">O que tem de especial o e-l\u00edquido Breze Stiik King Max 10K de calibre ajust\u00e1vel DTL?<\/h2>\n<p data-v-md-line=\"4\">Se est\u00e1 cansado do e-l\u00edquido descart\u00e1vel que se esgota quando come\u00e7a a fumar, ent\u00e3o vale a pena dar uma vista de olhos a este produto. O Breze Stiik King Max foi concebido especificamente para a suc\u00e7\u00e3o pulmonar profunda, com um consumo ajust\u00e1vel e amplas reservas de e-l\u00edquido. Consegue manter o seu sabor durante muito tempo sem necessidade de configura\u00e7\u00f5es complicadas.<\/p>\n<p data-v-md-line=\"6\">\u00c9 adequado para quem gosta de um sabor mais transparente, fumado e suave. Pode achar o dispositivo DTL e-liquid de calibre 10K volumoso, mas este produto cabe no bolso de um casaco e satisfaz facilmente as suas necessidades di\u00e1rias atrav\u00e9s do carregamento tipo C.<\/p>\n<h2 data-v-md-heading=\"excellent-performance-no-need-for-complex-operations\" data-v-md-line=\"8\">Excelente desempenho, sem necessidade de opera\u00e7\u00f5es complexas<\/h2>\n<p data-v-md-line=\"9\">A bobina de malha assume a grande responsabilidade, o que significa que pode ser aquecida uniformemente desde a primeira at\u00e9 \u00e0 \u00faltima dentada, e o sabor \u00e9 consistente. Abra a entrada para desfrutar de uma experi\u00eancia de suc\u00e7\u00e3o leve e fina; se preferir uma maior resist\u00eancia, tamb\u00e9m pode baixar a entrada. Quando a bateria estiver fraca, basta utilizar o cabo de dados Tipo C padr\u00e3o para a carregar. Este \u00e9 o mesmo cabo que utiliza no seu telem\u00f3vel. F\u00e1cil de utilizar.<\/p>\n<h2 data-v-md-heading=\"specification-introduction\" data-v-md-line=\"11\">Introdu\u00e7\u00e3o \u00e0 especifica\u00e7\u00e3o<\/h2>\n<ul data-v-md-line=\"12\">\n<li>Frequ\u00eancia de suc\u00e7\u00e3o: at\u00e9 10000 vezes<\/li>\n<li>Teor de nicotina: 0 miligramas ou 1% (10 miligramas\/mililitro)<\/li>\n<li>Princ\u00edpio de funcionamento: Ativado por inala\u00e7\u00e3o<\/li>\n<li>Charging: Standard Type-C USB interface<\/li>\n<li>Status: Pronto para usar assim que sai da caixa<\/li>\n<li>Capacidade do e-l\u00edquido: 20 mililitros<\/li>\n<li>Bateria: bateria recarreg\u00e1vel de 850 mAh<\/li>\n<\/ul>\n<h2 data-v-md-heading=\"full-range-of-flavors\" data-v-md-line=\"20\">Full range of flavors<\/h2>\n<ul data-v-md-line=\"21\">\n<li>\u00c1gua de Lim\u00e3o com Mirtilo<\/li>\n<li>Algod\u00e3o doce<\/li>\n<li>Ma\u00e7\u00e3 p\u00eassego<\/li>\n<li>Gelo de Melancia<\/li>\n<li>Gelo mentolado<\/li>\n<li>Gelado de morango<\/li>\n<li>Mirtilos e framboesas<\/li>\n<li>P\u00eassego e Manga<\/li>\n<li>Refrigerante de uva<\/li>\n<li>Laranjas, mangas, melancias<\/li>\n<li>Gomas de ursinho<\/li>\n<li>morango kiwi<\/li>\n<\/ul>\n<h2 data-v-md-heading=\"for-you-and-for-your-business-as-well\" data-v-md-line=\"34\">Para voc\u00ea e para o seu neg\u00f3cio tamb\u00e9m.<\/h2>\n<p data-v-md-line=\"35\">Est\u00e1 a comprar para si? Receber\u00e1 um cigarro eletr\u00f3nico DTL duradouro que \u00e9 f\u00e1cil de utilizar e carregar. N\u00e3o necessita de menu, nem de bot\u00f5es. Sabor suave, entrada de ar ajust\u00e1vel, livre para escolher.<\/p>\n<p data-v-md-line=\"37\">O stock \u00e9 escasso? Oferecemos caixas de Breze Stiik King Max por grosso, com 6 unidades por caixa e 180 unidades por caixa. Fornecemos servi\u00e7os de entrega DDP atrav\u00e9s de parceiros de confian\u00e7a como a UPS DPD e a DHL, pelo que as tarifas podem ser processadas antecipadamente para evitar acidentes aduaneiros. Uma entrega fi\u00e1vel significa que pode prometer as necessidades dos seus clientes e cumprir verdadeiramente.<\/p>\n<h2 data-v-md-heading=\"why-do-you-like-it\" data-v-md-line=\"39\">Por que voc\u00ea gosta disso?<\/h2>\n<ul data-v-md-line=\"40\">\n<li>Grande capacidade de fumo: at\u00e9 10000 baforadas, sem necessidade de comprar frequentemente novos cigarros.<\/li>\n<li>Op\u00e7\u00f5es de teor de nicotina: 0 miligramas ou 1%, pode escolher o teor de nicotina mais adequado para si.<\/li>\n<li>Recarreg\u00e1vel: O carregamento tipo C permite-lhe utilizar totalmente cada gota de e-l\u00edquido.<\/li>\n<li>Bobina de malha: Sabor consistente, experi\u00eancia de suc\u00e7\u00e3o DTL delicada e suave.<\/li>\n<li>Entrada ajust\u00e1vel: a abertura pode gerar fumo, o aperto pode aumentar a resist\u00eancia.<\/li>\n<\/ul>\n<h2 data-v-md-heading=\"why-choose-to-collaborate-with-agoravape\" data-v-md-line=\"46\">Por que escolher colaborar com a AgoraVape?<\/h2>\n<p data-v-md-line=\"47\">Vendemos apenas produtos genu\u00ednos 100% e garantimos a sua qualidade. Os clientes empresariais que compram as bombas de fumo Breze Stiik King Max 10K Puffs DTL de entrada ajust\u00e1vel podem desfrutar de pre\u00e7os grossistas com desconto, apoio profissional e servi\u00e7os de entrega r\u00e1pidos e fi\u00e1veis. Bem-vindo a contactar-nos para saber como criar um dispositivo de cliente repetido para os seus clientes.<\/p>","protected":false},"excerpt":{"rendered":"<p>&nbsp;<\/p>","protected":false},"featured_media":15306,"comment_status":"open","ping_status":"closed","template":"","meta":[],"product_brand":[220],"product_cat":[124,187,185,188,194,176,147,177,174,175,193,191,173,186,180,190],"product_tag":[],"class_list":{"0":"post-15287","1":"product","2":"type-product","3":"status-publish","4":"has-post-thumbnail","6":"product_brand-breze-stiik","7":"product_cat-vape-by-brand","8":"product_cat-0mg-nicotine-free-vapes","9":"product_cat-10000-puffs-high-capacity","10":"product_cat-10mg-low-nicotine-vapes","11":"product_cat-adjustable-airflow","12":"product_cat-beverage","13":"product_cat-breze-stiik","14":"product_cat-dessert-sweets","15":"product_cat-fruit-flavors","16":"product_cat-icy-mint","17":"product_cat-mesh-coil","18":"product_cat-rechargeable-disposables","19":"product_cat-vape-by-flavor-profile","20":"product_cat-vape-by-nicotine-strength","21":"product_cat-vape-by-puff-count","22":"product_cat-vape-by-feature-or-type","24":"first","25":"onbackorder","26":"shipping-taxable","27":"purchasable","28":"product-type-variable","29":"has-default-attributes"},"tiered_pricing_type":"percentage","tiered_pricing_fixed_rules":[],"tiered_pricing_product_settings":{"layout":"default","base_unit_name":{"singular":null,"plural":null},"default_variation":null},"tiered_pricing_minimum_quantity":10,"tiered_pricing_roles_data":[],"tiered_pricing_percentage_rules":{"30":"29","50":"35","100":"40","200":"44","500":"47","1000":"49"},"tiered_pricing_maximum_quantity":null,"tiered_pricing_quantity_step":"10","_links":{"self":[{"href":"https:\/\/agoravape.com\/pt\/wp-json\/wp\/v2\/product\/15287","targetHints":{"allow":["GET"]}}],"collection":[{"href":"https:\/\/agoravape.com\/pt\/wp-json\/wp\/v2\/product"}],"about":[{"href":"https:\/\/agoravape.com\/pt\/wp-json\/wp\/v2\/types\/product"}],"replies":[{"embeddable":true,"href":"https:\/\/agoravape.com\/pt\/wp-json\/wp\/v2\/comments?post=15287"}],"version-history":[{"count":1,"href":"https:\/\/agoravape.com\/pt\/wp-json\/wp\/v2\/product\/15287\/revisions"}],"predecessor-version":[{"id":29822,"href":"https:\/\/agoravape.com\/pt\/wp-json\/wp\/v2\/product\/15287\/revisions\/29822"}],"wp:featuredmedia":[{"embeddable":true,"href":"https:\/\/agoravape.com\/pt\/wp-json\/wp\/v2\/media\/15306"}],"wp:attachment":[{"href":"https:\/\/agoravape.com\/pt\/wp-json\/wp\/v2\/media?parent=15287"}],"wp:term":[{"taxonomy":"product_brand","embeddable":true,"href":"https:\/\/agoravape.com\/pt\/wp-json\/wp\/v2\/product_brand?post=15287"},{"taxonomy":"product_cat","embeddable":true,"href":"https:\/\/agoravape.com\/pt\/wp-json\/wp\/v2\/product_cat?post=15287"},{"taxonomy":"product_tag","embeddable":true,"href":"https:\/\/agoravape.com\/pt\/wp-json\/wp\/v2\/product_tag?post=15287"}],"curies":[{"name":"wp","href":"https:\/\/api.w.org\/{rel}","templated":true}]}}