{"id":15353,"date":"2025-10-16T12:44:02","date_gmt":"2025-10-16T04:44:02","guid":{"rendered":"https:\/\/green-grasshopper-921422.hostingersite.com\/?post_type=product&#038;p=15353"},"modified":"2026-01-19T22:03:59","modified_gmt":"2026-01-19T14:03:59","slug":"myde-ds-15-1500-puffs-vape","status":"publish","type":"product","link":"https:\/\/agoravape.com\/pt\/product\/myde-ds-15-1500-puffs-vape\/","title":{"rendered":"Myde DS-15 1500 Puffs - Vaporizador compacto com bobina de malha | Sabor que dura e cabe no bolso"},"content":{"rendered":"<h2 data-v-md-heading=\"how-about-the-myde-ds-15-1500-close-fitting-mesh-coil-vape\" data-v-md-line=\"3\">E que tal o vape de bobina de malha de encaixe Myde DS-15 1500?<\/h2>\n<p data-v-md-line=\"4\">Se pretende um vape simples e f\u00e1cil de utilizar, com excelente sabor e sem obst\u00e1culos, o Myde DS-15 \u00e9 a sua escolha ideal. \u00c9 compacto e leve, capaz de produzir at\u00e9 1500 baforadas de fumo e de proporcionar uma suc\u00e7\u00e3o limpa e est\u00e1vel.<\/p>\n<p data-v-md-line=\"6\">Pode pensar-se que ter um vape de t\u00e3o grande capacidade o tornaria volumoso, mas este vape mant\u00e9m o seu aspeto fino, tornando-o f\u00e1cil de transportar. Tratamento de superf\u00edcie suave, muito confort\u00e1vel de segurar na m\u00e3o. Se pretende um sabor est\u00e1vel sem o inc\u00f3modo de ajustar as defini\u00e7\u00f5es ou substituir os cartuchos, ent\u00e3o este produto \u00e9 a sua escolha ideal.<\/p>\n<h2 data-v-md-heading=\"excellent-performance-easy-and-convenient\" data-v-md-line=\"8\">Excelente desempenho, f\u00e1cil e pr\u00e1tico<\/h2>\n<p data-v-md-line=\"9\">O DS-15 adopta uma bobina de malha de 1,2 \u03a9, que pode dissipar uniformemente o calor, tornando cada mordida t\u00e3o deliciosa como o primeiro sabor. N\u00e3o s\u00e3o necess\u00e1rios bot\u00f5es. Basta respirar e ele come\u00e7ar\u00e1 a funcionar. N\u00e3o precisa de ser carregado, o que simplifica a utiliza\u00e7\u00e3o di\u00e1ria.<\/p>\n<h2 data-v-md-heading=\"specification-introduction\" data-v-md-line=\"11\">Introdu\u00e7\u00e3o \u00e0 especifica\u00e7\u00e3o<\/h2>\n<ul data-v-md-line=\"12\">\n<li>Frequ\u00eancia de suc\u00e7\u00e3o: at\u00e9 1500 vezes<\/li>\n<li>Nicotina: at\u00e9 20 miligramas por mililitro, dependendo da regulamenta\u00e7\u00e3o do mercado<\/li>\n<li>Princ\u00edpio de funcionamento: Ativado por inala\u00e7\u00e3o<\/li>\n<li>M\u00e9todo de carregamento: N\u00e3o precisa de ser carregado<\/li>\n<li>Estado: Pronto para usar assim que abrir a caixa.<\/li>\n<\/ul>\n<h2 data-v-md-heading=\"full-range-of-flavors\" data-v-md-line=\"18\">Full range of flavors<\/h2>\n<ul data-v-md-line=\"19\">\n<li>Gelo de Melancia<\/li>\n<li>Mirtilos e framboesas<\/li>\n<li>Melancia de morango<\/li>\n<li>Morango e banana<\/li>\n<li>Cereja<\/li>\n<li>Sorvete de morango<\/li>\n<li>Gelado<\/li>\n<li>Sorvete de manga<\/li>\n<li>Frutas vermelhas misturadas<\/li>\n<li>uvas morango<\/li>\n<li>Pista de gelo azul<\/li>\n<li>morango kiwi<\/li>\n<li>P\u00eassego e Manga<\/li>\n<li>Gelado de p\u00eassego<\/li>\n<li>Pastilha el\u00e1stica de mirtilo<\/li>\n<li>\u00c1gua de lim\u00e3o com bagas<\/li>\n<li>Red Bull de morango<\/li>\n<li>Chiclete de Melancia<\/li>\n<li>Melancia de framboesa<\/li>\n<li>Mirtilos, cerejas, arandos<\/li>\n<li>Puff de morango<\/li>\n<li>Gelo de frutos do drag\u00e3o<\/li>\n<li>Gelo de anan\u00e1s<\/li>\n<li>Gelo energ\u00e9tico vermelho<\/li>\n<li>Coca-Cola Ice<\/li>\n<li>Pera gelada<\/li>\n<\/ul>\n<h2 data-v-md-heading=\"for-you-for-your-business\" data-v-md-line=\"46\">Para voc\u00ea, para o seu neg\u00f3cio<\/h2>\n<p data-v-md-line=\"47\">Se quiser desfrutar de vapes facilmente todos os dias, compre um DS-15. Se tem uma loja f\u00edsica ou online, podemos ajud\u00e1-lo a abastecer-se. Fornecemos embalagens para venda por grosso e utilizamos o transporte DDP de pleno direito europeu para evitar atrasos na alf\u00e2ndega ou taxas adicionais. Colaboramos com parceiros de confian\u00e7a, como a UPS, DPD e DHL, para garantir uma entrega fi\u00e1vel e um acompanhamento claro.<\/p>\n<p data-v-md-line=\"49\">Se necessitar de tamanhos de embalagens ou combina\u00e7\u00f5es de sabores espec\u00edficos, consulte a nossa equipa. Iremos providenci\u00e1-lo rapidamente.<\/p>\n<h2 data-v-md-heading=\"why-do-you-like-it\" data-v-md-line=\"51\">Por que voc\u00ea gosta disso?<\/h2>\n<ul data-v-md-line=\"52\">\n<li>Suc\u00e7\u00e3o maci\u00e7a: Dur\u00e1vel e de longa dura\u00e7\u00e3o, n\u00e3o \u00e9 necess\u00e1rio substitu\u00ed-la de tempos a tempos.<\/li>\n<li>Sele\u00e7\u00e3o da nicotina: Escolha a concentra\u00e7\u00e3o que melhor se adapta ao seu m\u00e9todo de inala\u00e7\u00e3o.<\/li>\n<li>Sem necessidade de carregamento: utiliza\u00e7\u00e3o imediata, sem necessidade de ligar os fios.<\/li>\n<li>Bobina de malha: Da primeira \u00e0 \u00faltima dentada, o sabor mant\u00e9m-se consistente e suave.<\/li>\n<li>Estrutura compacta: f\u00e1cil de transportar e discreta quando sair.<\/li>\n<\/ul>\n<h2 data-v-md-heading=\"why-collaborate-with-agoravape\" data-v-md-line=\"58\">Por que colaborar com a AgoraVape?<\/h2>\n<p data-v-md-line=\"59\">Vendemos apenas produtos genu\u00ednos 100% e somos respons\u00e1veis pela sua qualidade. Pode usufruir de pre\u00e7os por grosso altamente competitivos, de um apoio reativo e de uma entrega DDP r\u00e1pida para garantir opera\u00e7\u00f5es sem problemas e sem obst\u00e1culos. Seguimos as normas de mercado da UE, incluindo as restri\u00e7\u00f5es da TPD relativas \u00e0 concentra\u00e7\u00e3o de nicotina e \u00e0 capacidade do e-l\u00edquido. Efectuamos uma verifica\u00e7\u00e3o rigorosa da idade em todas as encomendas. Se surgir algum problema, o nosso processo de devolu\u00e7\u00e3o justo e um servi\u00e7o de apoio ao cliente simp\u00e1tico podem ajud\u00e1-lo a resolv\u00ea-lo facilmente.<\/p>\n<p data-v-md-line=\"61\">Quer levar o vape de bobina de malha compacta Myde DS-15 1500 para as suas prateleiras? Entre em contacto connosco e ajud\u00e1-lo-emos a criar uma gama de sabores que ter\u00e1 uma elevada taxa de reten\u00e7\u00e3o de clientes.<\/p>","protected":false},"excerpt":{"rendered":"<p>&nbsp;<\/p>","protected":false},"featured_media":15385,"comment_status":"open","ping_status":"closed","template":"","meta":[],"product_brand":[221],"product_cat":[124,182,176,177,174,175,193,148,173,186,180,190],"product_tag":[],"class_list":{"0":"post-15353","1":"product","2":"type-product","3":"status-publish","4":"has-post-thumbnail","6":"product_brand-myde","7":"product_cat-vape-by-brand","8":"product_cat-800-1500-puffs","9":"product_cat-beverage","10":"product_cat-dessert-sweets","11":"product_cat-fruit-flavors","12":"product_cat-icy-mint","13":"product_cat-mesh-coil","14":"product_cat-myde","15":"product_cat-vape-by-flavor-profile","16":"product_cat-vape-by-nicotine-strength","17":"product_cat-vape-by-puff-count","18":"product_cat-vape-by-feature-or-type","20":"first","21":"onbackorder","22":"shipping-taxable","23":"purchasable","24":"product-type-variable","25":"has-default-attributes"},"tiered_pricing_type":"percentage","tiered_pricing_fixed_rules":[],"tiered_pricing_product_settings":{"layout":"default","base_unit_name":{"singular":null,"plural":null},"default_variation":null},"tiered_pricing_minimum_quantity":10,"tiered_pricing_roles_data":[],"tiered_pricing_percentage_rules":{"100":"40","200":"44","500":"47","1000":"49"},"tiered_pricing_maximum_quantity":null,"tiered_pricing_quantity_step":"10","_links":{"self":[{"href":"https:\/\/agoravape.com\/pt\/wp-json\/wp\/v2\/product\/15353","targetHints":{"allow":["GET"]}}],"collection":[{"href":"https:\/\/agoravape.com\/pt\/wp-json\/wp\/v2\/product"}],"about":[{"href":"https:\/\/agoravape.com\/pt\/wp-json\/wp\/v2\/types\/product"}],"replies":[{"embeddable":true,"href":"https:\/\/agoravape.com\/pt\/wp-json\/wp\/v2\/comments?post=15353"}],"version-history":[{"count":0,"href":"https:\/\/agoravape.com\/pt\/wp-json\/wp\/v2\/product\/15353\/revisions"}],"wp:featuredmedia":[{"embeddable":true,"href":"https:\/\/agoravape.com\/pt\/wp-json\/wp\/v2\/media\/15385"}],"wp:attachment":[{"href":"https:\/\/agoravape.com\/pt\/wp-json\/wp\/v2\/media?parent=15353"}],"wp:term":[{"taxonomy":"product_brand","embeddable":true,"href":"https:\/\/agoravape.com\/pt\/wp-json\/wp\/v2\/product_brand?post=15353"},{"taxonomy":"product_cat","embeddable":true,"href":"https:\/\/agoravape.com\/pt\/wp-json\/wp\/v2\/product_cat?post=15353"},{"taxonomy":"product_tag","embeddable":true,"href":"https:\/\/agoravape.com\/pt\/wp-json\/wp\/v2\/product_tag?post=15353"}],"curies":[{"name":"wp","href":"https:\/\/api.w.org\/{rel}","templated":true}]}}