{"id":15486,"date":"2025-10-16T15:52:49","date_gmt":"2025-10-16T07:52:49","guid":{"rendered":"https:\/\/green-grasshopper-921422.hostingersite.com\/?post_type=product&#038;p=15486"},"modified":"2026-03-31T04:20:52","modified_gmt":"2026-03-31T02:20:52","slug":"myde-ak80000-80k-puffs-dtl-vape","status":"publish","type":"product","link":"https:\/\/agoravape.com\/pt\/product\/myde-ak80000-80k-puffs-dtl-vape\/","title":{"rendered":"Myde AK80000 80K Puffs Vaporizador DTL de Alta Pot\u00eancia | Nuvens Abundantes, Carregamento Sem Complica\u00e7\u00f5es"},"content":{"rendered":"<h2 data-v-md-heading=\"how-about-the-myde-ak80000-80k-high-power-dtl-vape\" data-v-md-line=\"3\"><img loading=\"lazy\" decoding=\"async\" class=\"aligncenter size-full wp-image-15485\" src=\"https:\/\/agoravape.com\/wp-content\/uploads\/2025\/10\/Myde-AK80000-80K-Puffs-High-Power-DTL-Vape_Agora_vape-1.webp\" alt=\"\" width=\"1280\" height=\"1659\" srcset=\"https:\/\/agoravape.com\/wp-content\/uploads\/2025\/10\/Myde-AK80000-80K-Puffs-High-Power-DTL-Vape_Agora_vape-1.webp 1280w, https:\/\/agoravape.com\/wp-content\/uploads\/2025\/10\/Myde-AK80000-80K-Puffs-High-Power-DTL-Vape_Agora_vape-1-1200x1555.webp 1200w, https:\/\/agoravape.com\/wp-content\/uploads\/2025\/10\/Myde-AK80000-80K-Puffs-High-Power-DTL-Vape_Agora_vape-1-231x300.webp 231w, https:\/\/agoravape.com\/wp-content\/uploads\/2025\/10\/Myde-AK80000-80K-Puffs-High-Power-DTL-Vape_Agora_vape-1-790x1024.webp 790w, https:\/\/agoravape.com\/wp-content\/uploads\/2025\/10\/Myde-AK80000-80K-Puffs-High-Power-DTL-Vape_Agora_vape-1-768x995.webp 768w, https:\/\/agoravape.com\/wp-content\/uploads\/2025\/10\/Myde-AK80000-80K-Puffs-High-Power-DTL-Vape_Agora_vape-1-1185x1536.webp 1185w\" sizes=\"auto, (max-width: 1280px) 100vw, 1280px\" \/><\/h2>\n<h2 data-v-md-heading=\"how-about-the-myde-ak80000-80k-high-power-dtl-vape\" data-v-md-line=\"3\">Que tal o vape DTL de alta pot\u00eancia Myde AK80000 80K?<\/h2>\n<p data-v-md-line=\"4\">Se est\u00e1 cansado de substituir os cigarros electr\u00f3nicos descart\u00e1veis de poucos em poucos dias, talvez queira dar uma vista de olhos a este produto. O Myde AK80000 foi concebido especificamente para os entusiastas do vape de suc\u00e7\u00e3o direta que procuram um elevado volume de fumo, um sabor est\u00e1vel e n\u00e3o necessitam de defini\u00e7\u00f5es complicadas.<\/p>\n<p data-v-md-line=\"6\">Este \u00e9 um vape descart\u00e1vel de alta pot\u00eancia equipado com uma bobina de malha e uma interface Tipo C, capaz de produzir at\u00e9 80000 portas. Este vape de longa dura\u00e7\u00e3o pode parecer-lhe volumoso, mas, tendo em conta a sua pot\u00eancia, \u00e9 surpreendentemente acess\u00edvel. Textura s\u00f3lida e f\u00e1cil de transportar.<\/p>\n<h2 data-v-md-heading=\"excellent-performance-worry-free\" data-v-md-line=\"8\">Excelente desempenho, sem preocupa\u00e7\u00f5es.<\/h2>\n<p data-v-md-line=\"9\">A bobina de malha mant\u00e9m o fumo suave e o sabor consistente, tornando a primeira mordida t\u00e3o deliciosa como a mil\u00e9sima. A bateria de 1300 mAh suporta uma sa\u00edda de 30 W, proporcionando uma experi\u00eancia DTL suave. Quando a bateria estiver fraca, pode utilizar o cabo de dados Tipo C normalmente utilizado no seu telem\u00f3vel para carregar. F\u00e1cil de utilizar.<\/p>\n<h2 data-v-md-heading=\"specification-overview\" data-v-md-line=\"11\">Vis\u00e3o geral das especifica\u00e7\u00f5es<\/h2>\n<ul data-v-md-line=\"12\">\n<li>Frequ\u00eancia de suc\u00e7\u00e3o: at\u00e9 80.000 vezes<\/li>\n<li>Teor de nicotina: O fornecimento pode variar consoante o pa\u00eds\/regi\u00e3o. Ver op\u00e7\u00f5es no checkout<\/li>\n<li>Princ\u00edpio de funcionamento: plug and play, utiliza\u00e7\u00e3o direta<\/li>\n<li>Charging: Standard Type-C USB interface<\/li>\n<li>Capacidade do e-l\u00edquido: 45 mililitros<\/li>\n<li>N\u00facleo de atomiza\u00e7\u00e3o: tipo malha<\/li>\n<li>Pot\u00eancia de sa\u00edda: 30 watts<\/li>\n<li>Resist\u00eancia: 0.4 \u03a9<\/li>\n<li>Material: Liga met\u00e1lica + PCTG<\/li>\n<li>Tamanho: 157 \u00d7 36,3 \u00d7 36,3 mil\u00edmetros<\/li>\n<li>Peso: 135 gramas<\/li>\n<li>Estado: Pronto para usar assim que abrir a caixa.<\/li>\n<\/ul>\n<h2 data-v-md-heading=\"full-range-of-flavors\" data-v-md-line=\"25\">Full range of flavors<\/h2>\n<ul data-v-md-line=\"26\">\n<li>Assassino de mulheres<\/li>\n<li>Sorvete de uva<\/li>\n<li>Lan\u00e7a de hortel\u00e3<\/li>\n<li>Lim\u00e3o e lima<\/li>\n<li>Gelo de Melancia<\/li>\n<li>Bolhas de cola de cereja<\/li>\n<li>morango kiwi<\/li>\n<li>Arma de Mel\u00e3o<\/li>\n<li>Melancia de morango<\/li>\n<li>Pistola de Bolhas de Melancia<\/li>\n<\/ul>\n<h2 data-v-md-heading=\"for-you-for-your-business\" data-v-md-line=\"37\">Para voc\u00ea, para o seu neg\u00f3cio<\/h2>\n<p data-v-md-line=\"38\">Pode escolher a Myde AK80000 para uso pessoal ou para armazenar na sua loja. Oferecemos caixas de cart\u00e3o por grosso para sua conveni\u00eancia em encomendas a granel. O tamanho da caixa de cart\u00e3o \u00e9 de 325 \u00d7 545 \u00d7 310 mil\u00edmetros, o que a torna conveniente para planear prateleiras e armazenamento.<\/p>\n<p data-v-md-line=\"40\">Fornecemos servi\u00e7os de entrega DDP na Europa atrav\u00e9s de parceiros de confian\u00e7a, como a UPS, a DPD e a DHL, pelo que as tarifas podem ser processadas antecipadamente e a sua encomenda n\u00e3o se deparar\u00e1 com situa\u00e7\u00f5es inesperadas quando chegar \u00e0 alf\u00e2ndega.<\/p>\n<h2 data-v-md-heading=\"why-do-you-like-it\" data-v-md-line=\"42\">Por que voc\u00ea gosta disso?<\/h2>\n<ul data-v-md-line=\"43\">\n<li>Mais baforadas: maior dura\u00e7\u00e3o da bateria, n\u00e3o precisa de substituir frequentemente os vaporizadores<\/li>\n<li>DTL de alta pot\u00eancia: sa\u00edda de 30 W, fumo mais intenso, suc\u00e7\u00e3o mais suave<\/li>\n<li>Recarreg\u00e1vel: O carregamento tipo C permite-lhe utilizar todo o e-l\u00edquido adquirido<\/li>\n<li>N\u00facleo de atomiza\u00e7\u00e3o em malha: proporciona um sabor est\u00e1vel e rico do princ\u00edpio ao fim<\/li>\n<li>Dur\u00e1vel e resistente: corpo em liga + PCTG, dur\u00e1vel e f\u00e1cil de guardar<\/li>\n<li>Dep\u00f3sito de grande capacidade: Capacidade de 45 ml, suporta uma suc\u00e7\u00e3o de longa dura\u00e7\u00e3o<\/li>\n<\/ul>\n<h2 data-v-md-heading=\"why-choose-to-collaborate-with-agoravape\" data-v-md-line=\"50\">Por que escolher colaborar com a AgoraVape?<\/h2>\n<p data-v-md-line=\"51\">Vendemos apenas equipamento genu\u00edno de fornecedores certificados. Para clientes comerciais, pode desfrutar de pre\u00e7os grossistas com desconto, comunica\u00e7\u00e3o clara e servi\u00e7os de entrega r\u00e1pida DDP para o cigarro eletr\u00f3nico DTL de alta pot\u00eancia Myde AK80000 80K. Contacte-nos para se abastecer de um dispositivo que vale a pena comprar para os seus clientes.<\/p>","protected":false},"excerpt":{"rendered":"<p>&nbsp;<\/p>","protected":false},"featured_media":15517,"comment_status":"open","ping_status":"closed","template":"","meta":[],"product_brand":[221],"product_cat":[124,185,176,174,175,193,148,191,173,186,180,190],"product_tag":[],"class_list":{"0":"post-15486","1":"product","2":"type-product","3":"status-publish","4":"has-post-thumbnail","6":"product_brand-myde","7":"product_cat-vape-by-brand","8":"product_cat-10000-puffs-high-capacity","9":"product_cat-beverage","10":"product_cat-fruit-flavors","11":"product_cat-icy-mint","12":"product_cat-mesh-coil","13":"product_cat-myde","14":"product_cat-rechargeable-disposables","15":"product_cat-vape-by-flavor-profile","16":"product_cat-vape-by-nicotine-strength","17":"product_cat-vape-by-puff-count","18":"product_cat-vape-by-feature-or-type","20":"first","21":"onbackorder","22":"shipping-taxable","23":"purchasable","24":"product-type-variable","25":"has-default-attributes"},"tiered_pricing_type":"percentage","tiered_pricing_fixed_rules":[],"tiered_pricing_product_settings":{"layout":"default","base_unit_name":{"singular":null,"plural":null},"default_variation":null},"tiered_pricing_minimum_quantity":10,"tiered_pricing_roles_data":[],"tiered_pricing_percentage_rules":{"100":"40","200":"44","500":"47","1000":"49"},"tiered_pricing_maximum_quantity":null,"tiered_pricing_quantity_step":"10","_links":{"self":[{"href":"https:\/\/agoravape.com\/pt\/wp-json\/wp\/v2\/product\/15486","targetHints":{"allow":["GET"]}}],"collection":[{"href":"https:\/\/agoravape.com\/pt\/wp-json\/wp\/v2\/product"}],"about":[{"href":"https:\/\/agoravape.com\/pt\/wp-json\/wp\/v2\/types\/product"}],"replies":[{"embeddable":true,"href":"https:\/\/agoravape.com\/pt\/wp-json\/wp\/v2\/comments?post=15486"}],"version-history":[{"count":1,"href":"https:\/\/agoravape.com\/pt\/wp-json\/wp\/v2\/product\/15486\/revisions"}],"predecessor-version":[{"id":29819,"href":"https:\/\/agoravape.com\/pt\/wp-json\/wp\/v2\/product\/15486\/revisions\/29819"}],"wp:featuredmedia":[{"embeddable":true,"href":"https:\/\/agoravape.com\/pt\/wp-json\/wp\/v2\/media\/15517"}],"wp:attachment":[{"href":"https:\/\/agoravape.com\/pt\/wp-json\/wp\/v2\/media?parent=15486"}],"wp:term":[{"taxonomy":"product_brand","embeddable":true,"href":"https:\/\/agoravape.com\/pt\/wp-json\/wp\/v2\/product_brand?post=15486"},{"taxonomy":"product_cat","embeddable":true,"href":"https:\/\/agoravape.com\/pt\/wp-json\/wp\/v2\/product_cat?post=15486"},{"taxonomy":"product_tag","embeddable":true,"href":"https:\/\/agoravape.com\/pt\/wp-json\/wp\/v2\/product_tag?post=15486"}],"curies":[{"name":"wp","href":"https:\/\/api.w.org\/{rel}","templated":true}]}}