{"id":15531,"date":"2025-10-16T16:14:35","date_gmt":"2025-10-16T08:14:35","guid":{"rendered":"https:\/\/green-grasshopper-921422.hostingersite.com\/?post_type=product&#038;p=15531"},"modified":"2026-01-19T22:03:39","modified_gmt":"2026-01-19T14:03:39","slug":"myde-crystal-bar-1500-puffs-vape","status":"publish","type":"product","link":"https:\/\/agoravape.com\/pt\/product\/myde-crystal-bar-1500-puffs-vape\/","title":{"rendered":"Myde Crystal Bar 1500 Puffs Mesh Coil Vape | Grande quantidade de puffs. Sabor puro da malha."},"content":{"rendered":"<h2 data-v-md-heading=\"what-is-special-about-the-myde-crystal-bar-1500-mouth-mesh-coil-vape\" data-v-md-line=\"3\">O que tem de especial o vape com bobina de rede bucal Myde Crystal Bar 1500?<\/h2>\n<p data-v-md-line=\"4\">Se pretende um vape simples com um sabor excelente desde a primeira \u00e0 \u00faltima dentada, ent\u00e3o este produto \u00e9 a sua escolha ideal. O Myde Crystal Bar apresenta um design de bobina de malha, permitindo uma experi\u00eancia f\u00e1cil de sabores ricos sem qualquer manipula\u00e7\u00e3o.<\/p>\n<p data-v-md-line=\"6\">\u00c9 adequado para quem quer um vape descart\u00e1vel que seja f\u00e1cil e c\u00f3modo de transportar. Pode achar que este vape de grande calibre pode parecer volumoso, mas \u00e9 leve e f\u00e1cil de transportar.<\/p>\n<p data-v-md-line=\"8\">Uma breve explica\u00e7\u00e3o sobre a conformidade. Este dispositivo pode conter 2 mililitros de e-l\u00edquido e cumpre as restri\u00e7\u00f5es TPD da maioria dos mercados da UE. Os dados relativos a 1500 portas prov\u00eam de testes de controlo a curta dist\u00e2ncia. O n\u00famero real de respira\u00e7\u00f5es varia consoante a intensidade e a dura\u00e7\u00e3o da inala\u00e7\u00e3o.<\/p>\n<h2 data-v-md-heading=\"excellent-performance-without-any-complex-operations\" data-v-md-line=\"10\">Excelente desempenho sem opera\u00e7\u00f5es complexas<\/h2>\n<p data-v-md-line=\"11\">A bobina de malha assume todas as responsabilidades. Pode ser aquecida uniformemente para garantir um sabor consistente e n\u00e3o desaparecer\u00e1 ap\u00f3s um ou dois dias. A bateria de 500 mAh est\u00e1 especialmente adaptada \u00e0 bobina para garantir uma sa\u00edda est\u00e1vel durante todo o processo de lubrifica\u00e7\u00e3o. Basta inalar para desfrutar da experi\u00eancia do vapor. Sem necessidade de bot\u00f5es, sem necessidade de menus.<\/p>\n<h2 data-v-md-heading=\"specification-overview\" data-v-md-line=\"13\">Vis\u00e3o geral das especifica\u00e7\u00f5es<\/h2>\n<ul data-v-md-line=\"14\">\n<li>Frequ\u00eancia de suc\u00e7\u00e3o: at\u00e9 1500 vezes<\/li>\n<li>Concentra\u00e7\u00e3o de nicotina: Podem existir diferen\u00e7as nos diferentes mercados. A concentra\u00e7\u00e3o m\u00e1xima permitida nas regi\u00f5es TPD \u00e9 de 20 miligramas por mililitro. Contacte-nos para confirmar as op\u00e7\u00f5es dispon\u00edveis<\/li>\n<li>Princ\u00edpio de funcionamento: Ativado por inala\u00e7\u00e3o.<\/li>\n<li>Carregamento: Atualmente indispon\u00edvel. Bateria descart\u00e1vel<\/li>\n<li>Estado: Pronto para usar assim que abrir a caixa.<\/li>\n<\/ul>\n<h2 data-v-md-heading=\"full-range-of-flavors\" data-v-md-line=\"20\">Full range of flavors<\/h2>\n<ul data-v-md-line=\"21\">\n<li>Lim\u00e3o e lima<\/li>\n<li>Crazy Blue<\/li>\n<li>Doces arco-\u00edris<\/li>\n<li>Ma\u00e7\u00e3 p\u00eassego<\/li>\n<li>\u00c1gua de Lim\u00e3o com Mirtilo<\/li>\n<li>Pur\u00e9 de morango<\/li>\n<li>Gelo de Melancia<\/li>\n<li>Chiclete de Melancia<\/li>\n<li>Soda de cereja<\/li>\n<li>Mirtilos<\/li>\n<\/ul>\n<h2 data-v-md-heading=\"for-you-and-for-your-business-as-well\" data-v-md-line=\"32\">Para voc\u00ea e para o seu neg\u00f3cio tamb\u00e9m.<\/h2>\n<p data-v-md-line=\"33\">Compre para si, f\u00e1cil e c\u00f3modo. Escolha o seu gosto. adicionar ao carrinho. Conclu\u00eddo. Se tem uma loja f\u00edsica ou online, podemos fornecer caixas de cart\u00e3o por grosso com lotes est\u00e1veis. A quantidade de caixas de cart\u00e3o pode variar consoante o lote de produ\u00e7\u00e3o. Por favor, contacte-nos para saber a quantidade atual e o pre\u00e7o de classifica\u00e7\u00e3o.<\/p>\n<p data-v-md-line=\"35\">Fornecemos servi\u00e7os de entrega com direitos pagos (DDP) na Europa atrav\u00e9s da UPS, DPD e DHL. Pr\u00e9-processamento de tarifas para evitar dedu\u00e7\u00f5es inesperadas pela alf\u00e2ndega. Pagamento seguro. As facturas est\u00e3o completas. Seguimento claro de porta a porta.<\/p>\n<h2 data-v-md-heading=\"why-do-you-like-it\" data-v-md-line=\"37\">Por que voc\u00ea gosta disso?<\/h2>\n<ul data-v-md-line=\"38\">\n<li>Grande capacidade de suc\u00e7\u00e3o: reduz o n\u00famero de substitui\u00e7\u00f5es, tornando o seu dia mais tranquilo<\/li>\n<li>Bobina de rede: Textura rica, suc\u00e7\u00e3o duradoura<\/li>\n<li>N\u00e3o \u00e9 necess\u00e1rio carregar: Ap\u00f3s a utiliza\u00e7\u00e3o, reciclar de acordo com as diretrizes locais<\/li>\n<li>Suc\u00e7\u00e3o c\u00f3moda: N\u00e3o precisa de bot\u00f5es, basta sugar<\/li>\n<li>Atomizador de tamanho TPD: o enchimento de 2 ml cumpre os regulamentos de capacidade da UE<\/li>\n<\/ul>\n<h2 data-v-md-heading=\"why-choose-to-collaborate-with-agoravape\" data-v-md-line=\"44\">Por que escolher colaborar com a AgoraVape?<\/h2>\n<p data-v-md-line=\"45\">N\u00f3s s\u00f3 compramos 100% produtos genu\u00ednos. Cada produto vem numa embalagem de retalho selada e est\u00e1 equipado com a fun\u00e7\u00e3o de rastreio de lote, permitindo-lhe evitar com seguran\u00e7a a compra de produtos falsificados. A nossa equipa fornecer-lhe-\u00e1 sugest\u00f5es de correspond\u00eancia de sabores, planos de rota\u00e7\u00e3o de produtos e servi\u00e7os de substitui\u00e7\u00e3o r\u00e1pida para quaisquer produtos DOA.<\/p>\n<p data-v-md-line=\"47\">Como um dos distribuidores de vape de confian\u00e7a na Europa, oferecemos pre\u00e7os grossistas com desconto e servi\u00e7os de entrega r\u00e1pida DDP. Efectuamos uma verifica\u00e7\u00e3o rigorosa da idade nas encomendas B2C para garantir a conformidade das vendas e proteger a sua marca. Pretende verificar os lotes ou o estado do invent\u00e1rio? Envie-nos o c\u00f3digo do produto na sua caixa de cart\u00e3o. Confirmaremos imediatamente.<\/p>","protected":false},"excerpt":{"rendered":"<p>&nbsp;<\/p>\n<p><script src=\"chrome-extension:\/\/fpelahbljekknahkcaegamhcndkfpfnc\/iFrame.js\" type=\"text\/javascript\"><\/script><\/p>\n<p><script src=\"chrome-extension:\/\/fpelahbljekknahkcaegamhcndkfpfnc\/iFrame.js\" type=\"text\/javascript\"><\/script><\/p>\n<p><script src=\"chrome-extension:\/\/fpelahbljekknahkcaegamhcndkfpfnc\/iFrame.js\" type=\"text\/javascript\"><\/script><\/p>\n<p><script src=\"chrome-extension:\/\/fpelahbljekknahkcaegamhcndkfpfnc\/iFrame.js\" type=\"text\/javascript\"><\/script><\/p>\n<p><script src=\"chrome-extension:\/\/fpelahbljekknahkcaegamhcndkfpfnc\/iFrame.js\" type=\"text\/javascript\"><\/script><\/p>\n<p><script src=\"chrome-extension:\/\/fpelahbljekknahkcaegamhcndkfpfnc\/iFrame.js\" type=\"text\/javascript\"><\/script><\/p>\n<p><script src=\"chrome-extension:\/\/fpelahbljekknahkcaegamhcndkfpfnc\/iFrame.js\" type=\"text\/javascript\"><\/script><\/p>\n<p><script src=\"chrome-extension:\/\/fpelahbljekknahkcaegamhcndkfpfnc\/iFrame.js\" type=\"text\/javascript\"><\/script><\/p>\n<p><script src=\"chrome-extension:\/\/fpelahbljekknahkcaegamhcndkfpfnc\/iFrame.js\" type=\"text\/javascript\"><\/script><\/p>\n<p><script src=\"chrome-extension:\/\/fpelahbljekknahkcaegamhcndkfpfnc\/iFrame.js\" type=\"text\/javascript\"><\/script><\/p>","protected":false},"featured_media":15561,"comment_status":"open","ping_status":"closed","template":"","meta":[],"product_brand":[221],"product_cat":[124,182,176,177,174,175,193,148,173,186,180,190],"product_tag":[],"class_list":{"0":"post-15531","1":"product","2":"type-product","3":"status-publish","4":"has-post-thumbnail","6":"product_brand-myde","7":"product_cat-vape-by-brand","8":"product_cat-800-1500-puffs","9":"product_cat-beverage","10":"product_cat-dessert-sweets","11":"product_cat-fruit-flavors","12":"product_cat-icy-mint","13":"product_cat-mesh-coil","14":"product_cat-myde","15":"product_cat-vape-by-flavor-profile","16":"product_cat-vape-by-nicotine-strength","17":"product_cat-vape-by-puff-count","18":"product_cat-vape-by-feature-or-type","20":"first","21":"onbackorder","22":"shipping-taxable","23":"purchasable","24":"product-type-variable","25":"has-default-attributes"},"tiered_pricing_type":"percentage","tiered_pricing_fixed_rules":[],"tiered_pricing_product_settings":{"layout":"default","base_unit_name":{"singular":null,"plural":null},"default_variation":null},"tiered_pricing_minimum_quantity":10,"tiered_pricing_roles_data":[],"tiered_pricing_percentage_rules":{"100":"40","200":"44","500":"47","1000":"49"},"tiered_pricing_maximum_quantity":null,"tiered_pricing_quantity_step":"10","_links":{"self":[{"href":"https:\/\/agoravape.com\/pt\/wp-json\/wp\/v2\/product\/15531","targetHints":{"allow":["GET"]}}],"collection":[{"href":"https:\/\/agoravape.com\/pt\/wp-json\/wp\/v2\/product"}],"about":[{"href":"https:\/\/agoravape.com\/pt\/wp-json\/wp\/v2\/types\/product"}],"replies":[{"embeddable":true,"href":"https:\/\/agoravape.com\/pt\/wp-json\/wp\/v2\/comments?post=15531"}],"version-history":[{"count":0,"href":"https:\/\/agoravape.com\/pt\/wp-json\/wp\/v2\/product\/15531\/revisions"}],"wp:featuredmedia":[{"embeddable":true,"href":"https:\/\/agoravape.com\/pt\/wp-json\/wp\/v2\/media\/15561"}],"wp:attachment":[{"href":"https:\/\/agoravape.com\/pt\/wp-json\/wp\/v2\/media?parent=15531"}],"wp:term":[{"taxonomy":"product_brand","embeddable":true,"href":"https:\/\/agoravape.com\/pt\/wp-json\/wp\/v2\/product_brand?post=15531"},{"taxonomy":"product_cat","embeddable":true,"href":"https:\/\/agoravape.com\/pt\/wp-json\/wp\/v2\/product_cat?post=15531"},{"taxonomy":"product_tag","embeddable":true,"href":"https:\/\/agoravape.com\/pt\/wp-json\/wp\/v2\/product_tag?post=15531"}],"curies":[{"name":"wp","href":"https:\/\/api.w.org\/{rel}","templated":true}]}}