{"id":15575,"date":"2025-10-16T16:43:23","date_gmt":"2025-10-16T08:43:23","guid":{"rendered":"https:\/\/green-grasshopper-921422.hostingersite.com\/?post_type=product&#038;p=15575"},"modified":"2026-01-19T22:03:27","modified_gmt":"2026-01-19T14:03:27","slug":"cloud-nine-d33-20k-puffs-dual-power-vape","status":"publish","type":"product","link":"https:\/\/agoravape.com\/pt\/product\/cloud-nine-d33-20k-puffs-dual-power-vape\/","title":{"rendered":"Cloud Nine D33 20K Puffs | Dual Power para uma tra\u00e7\u00e3o mais suave ou mais forte"},"content":{"rendered":"<h2 data-v-md-heading=\"cloud-nine-d33-20-what-are-the-special-features-of-a-dual-power-mode-vape-with-a-capacity-of-000\" data-v-md-line=\"3\"><img loading=\"lazy\" decoding=\"async\" class=\"aligncenter size-full wp-image-15596\" src=\"https:\/\/agoravape.com\/wp-content\/uploads\/2025\/10\/Cloud-Nine-D33-20K-Puffs-Dual-Power-Mode-Vape_Agora_vape-11-scaled.webp\" alt=\"\" width=\"1810\" height=\"2560\" srcset=\"https:\/\/agoravape.com\/wp-content\/uploads\/2025\/10\/Cloud-Nine-D33-20K-Puffs-Dual-Power-Mode-Vape_Agora_vape-11-scaled.webp 1810w, https:\/\/agoravape.com\/wp-content\/uploads\/2025\/10\/Cloud-Nine-D33-20K-Puffs-Dual-Power-Mode-Vape_Agora_vape-11-scaled-1200x1697.webp 1200w, https:\/\/agoravape.com\/wp-content\/uploads\/2025\/10\/Cloud-Nine-D33-20K-Puffs-Dual-Power-Mode-Vape_Agora_vape-11-212x300.webp 212w, https:\/\/agoravape.com\/wp-content\/uploads\/2025\/10\/Cloud-Nine-D33-20K-Puffs-Dual-Power-Mode-Vape_Agora_vape-11-724x1024.webp 724w, https:\/\/agoravape.com\/wp-content\/uploads\/2025\/10\/Cloud-Nine-D33-20K-Puffs-Dual-Power-Mode-Vape_Agora_vape-11-768x1086.webp 768w, https:\/\/agoravape.com\/wp-content\/uploads\/2025\/10\/Cloud-Nine-D33-20K-Puffs-Dual-Power-Mode-Vape_Agora_vape-11-1086x1536.webp 1086w, https:\/\/agoravape.com\/wp-content\/uploads\/2025\/10\/Cloud-Nine-D33-20K-Puffs-Dual-Power-Mode-Vape_Agora_vape-11-1448x2048.webp 1448w\" sizes=\"auto, (max-width: 1810px) 100vw, 1810px\" \/><\/h2>\n<h2 data-v-md-heading=\"cloud-nine-d33-20-what-are-the-special-features-of-a-dual-power-mode-vape-with-a-capacity-of-000\" data-v-md-line=\"3\">Cloud Nine D33 20, Quais s\u00e3o as carater\u00edsticas especiais de um vape de modo de alimenta\u00e7\u00e3o dupla com uma capacidade de 000?<\/h2>\n<p data-v-md-line=\"4\">Se est\u00e1 cansado do inc\u00f3modo de ficar sem e-l\u00edquido descart\u00e1vel logo ap\u00f3s saborear uma comida deliciosa, ent\u00e3o o Cloud Nine D33 pode tornar a sua semana muito mais f\u00e1cil. Foi concebido para uma utiliza\u00e7\u00e3o a longo prazo, tem capacidade para 20000 bocados e est\u00e1 equipado com um conveniente modo de alimenta\u00e7\u00e3o dupla, permitindo-lhe escolher livremente entre uma suc\u00e7\u00e3o mais suave ou um sabor mais forte.<\/p>\n<p data-v-md-line=\"6\">Se quiser obter facilmente um sabor consistente, este vape \u00e9 a escolha ideal. S\u00f3 precisa de escolher o sabor, dar uma passa suave e desfrutar. N\u00e3o h\u00e1 necessidade de aprender, n\u00e3o h\u00e1 necessidade de ajustes tediosos.<\/p>\n<h2 data-v-md-heading=\"excellent-performance-easy-and-convenient\" data-v-md-line=\"8\">Excelente desempenho, f\u00e1cil e pr\u00e1tico<\/h2>\n<p data-v-md-line=\"9\">Internamente, \u00e9 utilizada uma bobina de rede para manter a limpeza e a uniformidade durante cada aspira\u00e7\u00e3o. A bobina aquece uniformemente, permitindo-lhe manter um sabor rico do in\u00edcio ao fim. O D33 est\u00e1 equipado com um modo de pot\u00eancia dupla, com uma pot\u00eancia de sa\u00edda entre 13 e 23 watts, permitindo-lhe desfrutar de uma experi\u00eancia de vaporiza\u00e7\u00e3o mais suave no dia a dia ou mudar para uma sa\u00edda mais forte quando precisar de mais pot\u00eancia. Quando a bateria estiver fraca, pode carreg\u00e1-la e continuar a utiliz\u00e1-la.<\/p>\n<h2 data-v-md-heading=\"specification-introduction\" data-v-md-line=\"11\">Introdu\u00e7\u00e3o \u00e0 especifica\u00e7\u00e3o<\/h2>\n<ul data-v-md-line=\"12\">\n<li>Frequ\u00eancia de suc\u00e7\u00e3o: at\u00e9 20.000 vezes<\/li>\n<li>Nicotina: 5% (50 miligramas\/mililitro), o fornecimento espec\u00edfico pode variar consoante o pa\u00eds\/regi\u00e3o, dependendo da regulamenta\u00e7\u00e3o local<\/li>\n<li>Princ\u00edpio de funcionamento: Ativado por inala\u00e7\u00e3o<\/li>\n<li>M\u00e9todo de carregamento: Carregamento USB<\/li>\n<li>Capacidade do e-l\u00edquido: 26 mililitros<\/li>\n<li>Bateria: 500mAh<\/li>\n<li>Bobina: Malha, opcional 1,0 \u03a9 ou 0,5 \u03a9<\/li>\n<li>Estado: Pronto para usar assim que abrir a caixa.<\/li>\n<\/ul>\n<h2 data-v-md-heading=\"full-range-of-flavors\" data-v-md-line=\"21\">Full range of flavors<\/h2>\n<ul data-v-md-line=\"22\">\n<li>Casa da Moeda de Miami<\/li>\n<li>Pastilha el\u00e1stica com batido de mirtilo<\/li>\n<li>Melancia e mirtilos<\/li>\n<li>Marshmallows de mirtilo<\/li>\n<li>Batido de p\u00eassego<\/li>\n<li>Mirtilos e p\u00eassegos<\/li>\n<li>Mirtilos e framboesas<\/li>\n<li>Smoothie de mirtilo<\/li>\n<li>Smoothie de melancia<\/li>\n<li>Batido de uva<\/li>\n<\/ul>\n<h2 data-v-md-heading=\"for-you-for-your-business\" data-v-md-line=\"33\">Para voc\u00ea, para o seu neg\u00f3cio<\/h2>\n<p data-v-md-line=\"34\">Pode comprar o Cloud Nine D33 para uso pessoal ou adicion\u00e1-lo \u00e0 sua loja. Fornecemos por grosso, garantindo que as suas prateleiras est\u00e3o sempre cheias de novos produtos de v\u00e1rios sabores. N\u00e3o hesite em contactar-nos a qualquer momento para saber mais sobre as \u00faltimas quantidades em caixas e descontos de pre\u00e7o.<\/p>\n<p data-v-md-line=\"36\">Fornecemos servi\u00e7os de entrega DDP pagos com impostos em toda a Europa atrav\u00e9s de transportadoras de confian\u00e7a como a UPS, DPD e DHL, permitindo-lhe receber as suas mercadorias de forma f\u00e1cil e conveniente e evitar acidentes alfandeg\u00e1rios. Se o seu mercado tiver regulamentos especiais relativos \u00e0 concentra\u00e7\u00e3o de nicotina ou \u00e0 rotulagem, ajustaremos a sua encomenda de acordo com os requisitos locais.<\/p>\n<h2 data-v-md-heading=\"why-do-you-like-it\" data-v-md-line=\"38\">Por que voc\u00ea gosta disso?<\/h2>\n<ul data-v-md-line=\"39\">\n<li>Grande capacidade: at\u00e9 20000 baforadas, o que significa menos tempo de substitui\u00e7\u00e3o, permitindo-lhe desfrutar de uma experi\u00eancia de vapor mais agrad\u00e1vel<\/li>\n<li>M\u00faltiplas op\u00e7\u00f5es de pot\u00eancia: O modo duplo permite-lhe escolher entre uma suc\u00e7\u00e3o mais suave ou um sabor mais forte, consoante a sua disposi\u00e7\u00e3o<\/li>\n<li>Recarreg\u00e1vel: Pode utilizar todo o e-l\u00edquido que comprar em vez de deitar fora metade do dispositivo<\/li>\n<li>Bobina de malha: mant\u00e9m o sabor puro e consistente da primeira \u00e0 \u00faltima dentada<\/li>\n<\/ul>\n<h2 data-v-md-heading=\"why-choose-to-collaborate-with-agoravape\" data-v-md-line=\"44\">Por que escolher colaborar com a AgoraVape?<\/h2>\n<p data-v-md-line=\"45\">N\u00f3s vendemos apenas produtos genu\u00ednos 100% de fornecedores confi\u00e1veis. Para os nossos clientes empresariais, pode desfrutar de pre\u00e7os grossistas com desconto, apoio fi\u00e1vel e servi\u00e7os de entrega r\u00e1pida DDP atrav\u00e9s da Cloud Nine D33. Se quiser um produto descart\u00e1vel que seja dur\u00e1vel e tenha uma alta taxa de retorno do cliente, entre em contacto connosco.<\/p>\n<p><script src=\"chrome-extension:\/\/fpelahbljekknahkcaegamhcndkfpfnc\/iFrame.js\" type=\"text\/javascript\"><\/script><\/p>","protected":false},"excerpt":{"rendered":"<p>&nbsp;<\/p>\n<p><script src=\"chrome-extension:\/\/fpelahbljekknahkcaegamhcndkfpfnc\/iFrame.js\" type=\"text\/javascript\"><\/script><\/p>\n<p><script src=\"chrome-extension:\/\/fpelahbljekknahkcaegamhcndkfpfnc\/iFrame.js\" type=\"text\/javascript\"><\/script><\/p>\n<p><script src=\"chrome-extension:\/\/fpelahbljekknahkcaegamhcndkfpfnc\/iFrame.js\" type=\"text\/javascript\"><\/script><\/p>\n<p><script src=\"chrome-extension:\/\/fpelahbljekknahkcaegamhcndkfpfnc\/iFrame.js\" type=\"text\/javascript\"><\/script><\/p>\n<p><script src=\"chrome-extension:\/\/fpelahbljekknahkcaegamhcndkfpfnc\/iFrame.js\" type=\"text\/javascript\"><\/script><\/p>\n<p><script src=\"chrome-extension:\/\/fpelahbljekknahkcaegamhcndkfpfnc\/iFrame.js\" type=\"text\/javascript\"><\/script><\/p>\n<p><script src=\"chrome-extension:\/\/fpelahbljekknahkcaegamhcndkfpfnc\/iFrame.js\" type=\"text\/javascript\"><\/script><\/p>\n<p><script src=\"chrome-extension:\/\/fpelahbljekknahkcaegamhcndkfpfnc\/iFrame.js\" type=\"text\/javascript\"><\/script><\/p>\n<p><script src=\"chrome-extension:\/\/fpelahbljekknahkcaegamhcndkfpfnc\/iFrame.js\" type=\"text\/javascript\"><\/script><\/p>\n<p><script src=\"chrome-extension:\/\/fpelahbljekknahkcaegamhcndkfpfnc\/iFrame.js\" type=\"text\/javascript\"><\/script><\/p>","protected":false},"featured_media":15595,"comment_status":"open","ping_status":"closed","template":"","meta":[],"product_brand":[224],"product_cat":[124,185,194,151,177,174,175,193,191,173,186,180,190],"product_tag":[],"class_list":{"0":"post-15575","1":"product","2":"type-product","3":"status-publish","4":"has-post-thumbnail","6":"product_brand-cloud-nine","7":"product_cat-vape-by-brand","8":"product_cat-10000-puffs-high-capacity","9":"product_cat-adjustable-airflow","10":"product_cat-cloud-nine","11":"product_cat-dessert-sweets","12":"product_cat-fruit-flavors","13":"product_cat-icy-mint","14":"product_cat-mesh-coil","15":"product_cat-rechargeable-disposables","16":"product_cat-vape-by-flavor-profile","17":"product_cat-vape-by-nicotine-strength","18":"product_cat-vape-by-puff-count","19":"product_cat-vape-by-feature-or-type","21":"first","22":"onbackorder","23":"shipping-taxable","24":"purchasable","25":"product-type-variable","26":"has-default-attributes"},"tiered_pricing_type":"percentage","tiered_pricing_fixed_rules":[],"tiered_pricing_product_settings":{"layout":"default","base_unit_name":{"singular":null,"plural":null},"default_variation":null},"tiered_pricing_minimum_quantity":10,"tiered_pricing_roles_data":[],"tiered_pricing_percentage_rules":{"50":"35","100":"40","200":"44","500":"47","1000":"49"},"tiered_pricing_maximum_quantity":null,"tiered_pricing_quantity_step":"10","_links":{"self":[{"href":"https:\/\/agoravape.com\/pt\/wp-json\/wp\/v2\/product\/15575","targetHints":{"allow":["GET"]}}],"collection":[{"href":"https:\/\/agoravape.com\/pt\/wp-json\/wp\/v2\/product"}],"about":[{"href":"https:\/\/agoravape.com\/pt\/wp-json\/wp\/v2\/types\/product"}],"replies":[{"embeddable":true,"href":"https:\/\/agoravape.com\/pt\/wp-json\/wp\/v2\/comments?post=15575"}],"version-history":[{"count":0,"href":"https:\/\/agoravape.com\/pt\/wp-json\/wp\/v2\/product\/15575\/revisions"}],"wp:featuredmedia":[{"embeddable":true,"href":"https:\/\/agoravape.com\/pt\/wp-json\/wp\/v2\/media\/15595"}],"wp:attachment":[{"href":"https:\/\/agoravape.com\/pt\/wp-json\/wp\/v2\/media?parent=15575"}],"wp:term":[{"taxonomy":"product_brand","embeddable":true,"href":"https:\/\/agoravape.com\/pt\/wp-json\/wp\/v2\/product_brand?post=15575"},{"taxonomy":"product_cat","embeddable":true,"href":"https:\/\/agoravape.com\/pt\/wp-json\/wp\/v2\/product_cat?post=15575"},{"taxonomy":"product_tag","embeddable":true,"href":"https:\/\/agoravape.com\/pt\/wp-json\/wp\/v2\/product_tag?post=15575"}],"curies":[{"name":"wp","href":"https:\/\/api.w.org\/{rel}","templated":true}]}}