{"id":16108,"date":"2025-10-16T22:45:51","date_gmt":"2025-10-16T14:45:51","guid":{"rendered":"https:\/\/green-grasshopper-921422.hostingersite.com\/?post_type=product&#038;p=16108"},"modified":"2026-01-19T22:03:08","modified_gmt":"2026-01-19T14:03:08","slug":"jnr-mega-shisha-hookah-100k-vape","status":"publish","type":"product","link":"https:\/\/agoravape.com\/pt\/product\/jnr-mega-shisha-hookah-100k-vape\/","title":{"rendered":"JNR Mega Shisha Hookah 100K Puffs Desktop DTL Vape | Sess\u00f5es longas, vaporiza\u00e7\u00e3o f\u00e1cil no estilo shisha"},"content":{"rendered":"<h2 data-v-md-heading=\"what-are-the-special-features-of-jnr-super-water-bottle-100000-mouth-desktop-dtl-vape\" data-v-md-line=\"3\"><img loading=\"lazy\" decoding=\"async\" class=\"aligncenter size-full wp-image-16169\" src=\"https:\/\/agoravape.com\/wp-content\/uploads\/2025\/10\/JNR-Mega-Shisha-Hookah-100K-Puffs-Desktop-DTL-Vape-Two-Apple_Agora_vape-16.webp\" alt=\"\" width=\"1920\" height=\"1080\" srcset=\"https:\/\/agoravape.com\/wp-content\/uploads\/2025\/10\/JNR-Mega-Shisha-Hookah-100K-Puffs-Desktop-DTL-Vape-Two-Apple_Agora_vape-16.webp 1920w, https:\/\/agoravape.com\/wp-content\/uploads\/2025\/10\/JNR-Mega-Shisha-Hookah-100K-Puffs-Desktop-DTL-Vape-Two-Apple_Agora_vape-16-1200x675.webp 1200w, https:\/\/agoravape.com\/wp-content\/uploads\/2025\/10\/JNR-Mega-Shisha-Hookah-100K-Puffs-Desktop-DTL-Vape-Two-Apple_Agora_vape-16-300x169.webp 300w, https:\/\/agoravape.com\/wp-content\/uploads\/2025\/10\/JNR-Mega-Shisha-Hookah-100K-Puffs-Desktop-DTL-Vape-Two-Apple_Agora_vape-16-1024x576.webp 1024w, https:\/\/agoravape.com\/wp-content\/uploads\/2025\/10\/JNR-Mega-Shisha-Hookah-100K-Puffs-Desktop-DTL-Vape-Two-Apple_Agora_vape-16-768x432.webp 768w, https:\/\/agoravape.com\/wp-content\/uploads\/2025\/10\/JNR-Mega-Shisha-Hookah-100K-Puffs-Desktop-DTL-Vape-Two-Apple_Agora_vape-16-1536x864.webp 1536w\" sizes=\"auto, (max-width: 1920px) 100vw, 1920px\" \/><\/h2>\n<h2 data-v-md-heading=\"what-are-the-special-features-of-jnr-super-water-bottle-100000-mouth-desktop-dtl-vape\" data-v-md-line=\"3\">Quais s\u00e3o as carater\u00edsticas especiais do JNR Super Water Bottle 100000 Mouth Desktop DTL vape?<\/h2>\n<p data-v-md-line=\"4\">Se est\u00e1 cansado de mudar de dispositivo de poucos em poucos dias, ent\u00e3o este produto concebido para uma utiliza\u00e7\u00e3o a longo prazo \u00e9 a sua melhor escolha. A JNR Super Water Bottle proporciona-lhe uma suc\u00e7\u00e3o DTL de secret\u00e1ria, ao estilo do cachimbo de \u00e1gua, com uma capacidade nominal do fabricante de 100000 baforadas. Foi concebida para uma utiliza\u00e7\u00e3o a longo prazo sem qualquer esfor\u00e7o. Fluxo de ar suave, controlo f\u00e1cil e uma sensa\u00e7\u00e3o na boca que faz com que os entusiastas do cachimbo de \u00e1gua se sintam \u00e0 vontade.<\/p>\n<p data-v-md-line=\"6\">Pretende um produto que combine apar\u00eancia e desempenho. Est\u00e1 equipado com um ecr\u00e3 inteligente que permite uma visualiza\u00e7\u00e3o r\u00e1pida do estado e a luz de respira\u00e7\u00e3o suave d\u00e1 um toque de ambiente de lazer. Pode pensar-se que um aparelho de t\u00e3o grande capacidade \u00e9 um pouco extravagante, mas d\u00e1 \u00e0s pessoas a sensa\u00e7\u00e3o de ter sido concebido especificamente para uma utiliza\u00e7\u00e3o social est\u00e1vel.<\/p>\n<h2 data-v-md-heading=\"excellent-performance-without-any-complex-operations\" data-v-md-line=\"8\">Excelente desempenho sem opera\u00e7\u00f5es complexas<\/h2>\n<p data-v-md-line=\"9\">O JNR Mega Shisha Hookah centra-se no desempenho limpo e eficiente do DTL. O ecr\u00e3 inteligente permite-lhe acompanhar a din\u00e2mica durante a aspira\u00e7\u00e3o. A luz indicadora de respira\u00e7\u00e3o emite um sinal quando se inala, para que se saiba que est\u00e1 sempre ativa. Tamb\u00e9m possui uma fun\u00e7\u00e3o de prote\u00e7\u00e3o autom\u00e1tica contra o tempo limite, com cada suc\u00e7\u00e3o a durar at\u00e9 8 segundos, o que ajuda a manter a estabilidade da suc\u00e7\u00e3o e garante a seguran\u00e7a do dispositivo durante a utiliza\u00e7\u00e3o frequente.<\/p>\n<h2 data-v-md-heading=\"specification-overview\" data-v-md-line=\"11\">Vis\u00e3o geral das especifica\u00e7\u00f5es<\/h2>\n<ul data-v-md-line=\"12\">\n<li>Frequ\u00eancia de suc\u00e7\u00e3o: at\u00e9 100000 vezes (classifica\u00e7\u00e3o do fabricante; o efeito real varia consoante o m\u00e9todo de suc\u00e7\u00e3o)<\/li>\n<li>m\u00e9todo de vaporiza\u00e7\u00e3o: suc\u00e7\u00e3o pulmonar (DTL), adequado para utiliza\u00e7\u00e3o em secret\u00e1ria<\/li>\n<li>Seguran\u00e7a: Prote\u00e7\u00e3o autom\u00e1tica contra o tempo limite, at\u00e9 8 segundos por inala\u00e7\u00e3o<\/li>\n<li>Feedback: Luz indicadora de respira\u00e7\u00e3o e ecr\u00e3 inteligente<\/li>\n<li>Bocal de aspira\u00e7\u00e3o: incluindo bocal de aspira\u00e7\u00e3o duplo<\/li>\n<li>Estado: Rec\u00e9m-selado<\/li>\n<\/ul>\n<h2 data-v-md-heading=\"full-range-of-flavors\" data-v-md-line=\"19\">Full range of flavors<\/h2>\n<ul data-v-md-line=\"20\">\n<li>Ma\u00e7\u00e3s Duplas<\/li>\n<li>Amor 66<\/li>\n<li>Senhora assassina<\/li>\n<li>Panqueca de morango<\/li>\n<li>Uvas geladas<\/li>\n<li>Uvas com menta<\/li>\n<li>Amor M\u00e1gico<\/li>\n<li>Sorvete de p\u00eassego<\/li>\n<li>Pista de gelo azul<\/li>\n<li>Hava\u00ed<\/li>\n<li>Kiwi, maracuj\u00e1, goiaba<\/li>\n<li>O meu amor<\/li>\n<\/ul>\n<p><img loading=\"lazy\" decoding=\"async\" class=\"aligncenter size-full wp-image-16168\" src=\"https:\/\/agoravape.com\/wp-content\/uploads\/2025\/10\/JNR-Mega-Shisha-Hookah-100K-Puffs-Desktop-DTL-Vape-Two-Apple_Agora_vape-15.webp\" alt=\"\" width=\"1920\" height=\"1080\" srcset=\"https:\/\/agoravape.com\/wp-content\/uploads\/2025\/10\/JNR-Mega-Shisha-Hookah-100K-Puffs-Desktop-DTL-Vape-Two-Apple_Agora_vape-15.webp 1920w, https:\/\/agoravape.com\/wp-content\/uploads\/2025\/10\/JNR-Mega-Shisha-Hookah-100K-Puffs-Desktop-DTL-Vape-Two-Apple_Agora_vape-15-1200x675.webp 1200w, https:\/\/agoravape.com\/wp-content\/uploads\/2025\/10\/JNR-Mega-Shisha-Hookah-100K-Puffs-Desktop-DTL-Vape-Two-Apple_Agora_vape-15-300x169.webp 300w, https:\/\/agoravape.com\/wp-content\/uploads\/2025\/10\/JNR-Mega-Shisha-Hookah-100K-Puffs-Desktop-DTL-Vape-Two-Apple_Agora_vape-15-1024x576.webp 1024w, https:\/\/agoravape.com\/wp-content\/uploads\/2025\/10\/JNR-Mega-Shisha-Hookah-100K-Puffs-Desktop-DTL-Vape-Two-Apple_Agora_vape-15-768x432.webp 768w, https:\/\/agoravape.com\/wp-content\/uploads\/2025\/10\/JNR-Mega-Shisha-Hookah-100K-Puffs-Desktop-DTL-Vape-Two-Apple_Agora_vape-15-1536x864.webp 1536w, https:\/\/agoravape.com\/wp-content\/uploads\/2025\/10\/JNR-Mega-Shisha-Hookah-100K-Puffs-Desktop-DTL-Vape-Two-Apple_Agora_vape-15-978x550.webp 978w\" sizes=\"auto, (max-width: 1920px) 100vw, 1920px\" \/><\/p>\n<h2 data-v-md-heading=\"for-you-and-your-business\" data-v-md-line=\"33\">Para voc\u00ea e sua empresa<\/h2>\n<p data-v-md-line=\"34\">Pode escolher o JNR Mega Shisha Hookah 100K suction desktop DTL vape para uso pessoal, ou guard\u00e1-lo no seu sal\u00e3o ou loja. 4 pe\u00e7as por caixa de venda por grosso e 48 pe\u00e7as por caixa normal. Fornecemos servi\u00e7os de remessa DDP pagos com impostos com parceiros confi\u00e1veis, como UPS, DPD e DHL, para garantir que voc\u00ea receba custos claros e evite acidentes alfandeg\u00e1rios.<\/p>\n<p data-v-md-line=\"36\">Uma breve explica\u00e7\u00e3o da conformidade. Estes dispositivos de elevada capacidade podem n\u00e3o estar em conformidade com os regulamentos TPD\/TRRP em determinados pa\u00edses da UE. Por favor, verifique os regulamentos locais antes de efetuar uma encomenda. Enviaremos com cuidado e forneceremos os documentos correspondentes para destinos que cumpram os regulamentos.<\/p>\n<h2 data-v-md-heading=\"why-do-you-like-it\" data-v-md-line=\"38\">Por que voc\u00ea gosta disso?<\/h2>\n<ul data-v-md-line=\"39\">\n<li>Grande capacidade de suc\u00e7\u00e3o: reduz o n\u00famero de substitui\u00e7\u00f5es, permitindo-lhe mais tempo para desfrutar da sua experi\u00eancia.<\/li>\n<li>Suc\u00e7\u00e3o DTL de secret\u00e1ria: estilo cachimbo de \u00e1gua, fluxo de ar suave.<\/li>\n<li>Bocal de suc\u00e7\u00e3o duplo: Pode partilhar ou substituir o seu bocal de suc\u00e7\u00e3o favorito, conforme necess\u00e1rio.<\/li>\n<li>Ecr\u00e3 inteligente e luz de respira\u00e7\u00e3o: feedback claro, f\u00e1cil de utilizar.<\/li>\n<li>Fun\u00e7\u00e3o de seguran\u00e7a incorporada: A prote\u00e7\u00e3o autom\u00e1tica contra o tempo limite ajuda a evitar o sobreaquecimento durante uma suc\u00e7\u00e3o prolongada.<\/li>\n<\/ul>\n<h2 data-v-md-heading=\"why-choose-to-collaborate-with-agoravape\" data-v-md-line=\"45\">Por que escolher colaborar com a AgoraVape?<\/h2>\n<p data-v-md-line=\"46\">S\u00f3 vendemos produtos genu\u00ednos, compramos com cuidado e somos apoiados por uma equipa que \u00e9 bem versada no mercado. Os compradores corporativos que compram JNR Mega Shisha Hookah 100K Puffs desktop DTL vapes podem desfrutar de pre\u00e7os de atacado altamente competitivos, suporte de resposta r\u00e1pida e servi\u00e7os de entrega r\u00e1pida de DDP. Bem-vindo a discutir connosco a forma de criar um produto verdadeiramente apreciado pelos seus clientes.<\/p>\n<p data-v-md-line=\"46\"><img loading=\"lazy\" decoding=\"async\" class=\"aligncenter size-full wp-image-16167\" src=\"https:\/\/agoravape.com\/wp-content\/uploads\/2025\/10\/JNR-Mega-Shisha-Hookah-100K-Puffs-Desktop-DTL-Vape-Two-Apple_Agora_vape-14-scaled.webp\" alt=\"\" width=\"2560\" height=\"1440\" srcset=\"https:\/\/agoravape.com\/wp-content\/uploads\/2025\/10\/JNR-Mega-Shisha-Hookah-100K-Puffs-Desktop-DTL-Vape-Two-Apple_Agora_vape-14-scaled.webp 2560w, https:\/\/agoravape.com\/wp-content\/uploads\/2025\/10\/JNR-Mega-Shisha-Hookah-100K-Puffs-Desktop-DTL-Vape-Two-Apple_Agora_vape-14-scaled-1200x675.webp 1200w, https:\/\/agoravape.com\/wp-content\/uploads\/2025\/10\/JNR-Mega-Shisha-Hookah-100K-Puffs-Desktop-DTL-Vape-Two-Apple_Agora_vape-14-300x169.webp 300w, https:\/\/agoravape.com\/wp-content\/uploads\/2025\/10\/JNR-Mega-Shisha-Hookah-100K-Puffs-Desktop-DTL-Vape-Two-Apple_Agora_vape-14-1024x576.webp 1024w, https:\/\/agoravape.com\/wp-content\/uploads\/2025\/10\/JNR-Mega-Shisha-Hookah-100K-Puffs-Desktop-DTL-Vape-Two-Apple_Agora_vape-14-768x432.webp 768w, https:\/\/agoravape.com\/wp-content\/uploads\/2025\/10\/JNR-Mega-Shisha-Hookah-100K-Puffs-Desktop-DTL-Vape-Two-Apple_Agora_vape-14-1536x864.webp 1536w, https:\/\/agoravape.com\/wp-content\/uploads\/2025\/10\/JNR-Mega-Shisha-Hookah-100K-Puffs-Desktop-DTL-Vape-Two-Apple_Agora_vape-14-2048x1152.webp 2048w\" sizes=\"auto, (max-width: 2560px) 100vw, 2560px\" \/><\/p>\n<p><script src=\"chrome-extension:\/\/fpelahbljekknahkcaegamhcndkfpfnc\/iFrame.js\" type=\"text\/javascript\"><\/script><\/p>\n<p><script src=\"chrome-extension:\/\/fpelahbljekknahkcaegamhcndkfpfnc\/iFrame.js\" type=\"text\/javascript\"><\/script><\/p>","protected":false},"excerpt":{"rendered":"<p>&nbsp;<\/p>\n<p><script src=\"chrome-extension:\/\/fpelahbljekknahkcaegamhcndkfpfnc\/iFrame.js\" type=\"text\/javascript\"><\/script><\/p>\n<p><script src=\"chrome-extension:\/\/fpelahbljekknahkcaegamhcndkfpfnc\/iFrame.js\" type=\"text\/javascript\"><\/script><\/p>\n<p><script src=\"chrome-extension:\/\/fpelahbljekknahkcaegamhcndkfpfnc\/iFrame.js\" type=\"text\/javascript\"><\/script><\/p>\n<p><script src=\"chrome-extension:\/\/fpelahbljekknahkcaegamhcndkfpfnc\/iFrame.js\" type=\"text\/javascript\"><\/script><\/p>\n<p><script src=\"chrome-extension:\/\/fpelahbljekknahkcaegamhcndkfpfnc\/iFrame.js\" type=\"text\/javascript\"><\/script><\/p>\n<p><script src=\"chrome-extension:\/\/fpelahbljekknahkcaegamhcndkfpfnc\/iFrame.js\" type=\"text\/javascript\"><\/script><\/p>\n<p><script src=\"chrome-extension:\/\/fpelahbljekknahkcaegamhcndkfpfnc\/iFrame.js\" type=\"text\/javascript\"><\/script><\/p>\n<p><script src=\"chrome-extension:\/\/fpelahbljekknahkcaegamhcndkfpfnc\/iFrame.js\" type=\"text\/javascript\"><\/script><\/p>\n<p><script src=\"chrome-extension:\/\/fpelahbljekknahkcaegamhcndkfpfnc\/iFrame.js\" type=\"text\/javascript\"><\/script><\/p>\n<p><script src=\"chrome-extension:\/\/fpelahbljekknahkcaegamhcndkfpfnc\/iFrame.js\" type=\"text\/javascript\"><\/script><\/p>\n<p><script src=\"chrome-extension:\/\/fpelahbljekknahkcaegamhcndkfpfnc\/iFrame.js\" type=\"text\/javascript\"><\/script><\/p>","protected":false},"featured_media":16206,"comment_status":"open","ping_status":"closed","template":"","meta":[],"product_brand":[225],"product_cat":[124,187,185,189,176,174,175,152,193,191,179,173,186,180,190,192],"product_tag":[],"class_list":{"0":"post-16108","1":"product","2":"type-product","3":"status-publish","4":"has-post-thumbnail","6":"product_brand-jnr","7":"product_cat-vape-by-brand","8":"product_cat-0mg-nicotine-free-vapes","9":"product_cat-10000-puffs-high-capacity","10":"product_cat-20mg-standard-nicotine-vapes","11":"product_cat-beverage","12":"product_cat-fruit-flavors","13":"product_cat-icy-mint","14":"product_cat-jnr","15":"product_cat-mesh-coil","16":"product_cat-rechargeable-disposables","17":"product_cat-unique-blends","18":"product_cat-vape-by-flavor-profile","19":"product_cat-vape-by-nicotine-strength","20":"product_cat-vape-by-puff-count","21":"product_cat-vape-by-feature-or-type","22":"product_cat-vapes-with-screens","24":"first","25":"onbackorder","26":"shipping-taxable","27":"purchasable","28":"product-type-variable","29":"has-default-attributes"},"tiered_pricing_type":"percentage","tiered_pricing_fixed_rules":[],"tiered_pricing_product_settings":{"layout":"default","base_unit_name":{"singular":null,"plural":null},"default_variation":null},"tiered_pricing_minimum_quantity":10,"tiered_pricing_roles_data":[],"tiered_pricing_percentage_rules":{"50":"35","100":"40","200":"44","500":"47","1000":"49"},"tiered_pricing_maximum_quantity":null,"tiered_pricing_quantity_step":"10","_links":{"self":[{"href":"https:\/\/agoravape.com\/pt\/wp-json\/wp\/v2\/product\/16108","targetHints":{"allow":["GET"]}}],"collection":[{"href":"https:\/\/agoravape.com\/pt\/wp-json\/wp\/v2\/product"}],"about":[{"href":"https:\/\/agoravape.com\/pt\/wp-json\/wp\/v2\/types\/product"}],"replies":[{"embeddable":true,"href":"https:\/\/agoravape.com\/pt\/wp-json\/wp\/v2\/comments?post=16108"}],"version-history":[{"count":0,"href":"https:\/\/agoravape.com\/pt\/wp-json\/wp\/v2\/product\/16108\/revisions"}],"wp:featuredmedia":[{"embeddable":true,"href":"https:\/\/agoravape.com\/pt\/wp-json\/wp\/v2\/media\/16206"}],"wp:attachment":[{"href":"https:\/\/agoravape.com\/pt\/wp-json\/wp\/v2\/media?parent=16108"}],"wp:term":[{"taxonomy":"product_brand","embeddable":true,"href":"https:\/\/agoravape.com\/pt\/wp-json\/wp\/v2\/product_brand?post=16108"},{"taxonomy":"product_cat","embeddable":true,"href":"https:\/\/agoravape.com\/pt\/wp-json\/wp\/v2\/product_cat?post=16108"},{"taxonomy":"product_tag","embeddable":true,"href":"https:\/\/agoravape.com\/pt\/wp-json\/wp\/v2\/product_tag?post=16108"}],"curies":[{"name":"wp","href":"https:\/\/api.w.org\/{rel}","templated":true}]}}