{"id":16270,"date":"2025-10-17T13:11:32","date_gmt":"2025-10-17T05:11:32","guid":{"rendered":"https:\/\/green-grasshopper-921422.hostingersite.com\/?post_type=product&#038;p=16270"},"modified":"2026-03-28T03:22:38","modified_gmt":"2026-03-28T02:22:38","slug":"vozol-rave-40k-50000-puffs-vape","status":"publish","type":"product","link":"https:\/\/agoravape.com\/pt\/product\/vozol-rave-40k-50000-puffs-vape\/","title":{"rendered":"Vozol RAVE 40k Puffs Modo Boost Vape Descart\u00e1vel | Vaporiza\u00e7\u00e3o Intensa, Carregamento F\u00e1cil"},"content":{"rendered":"<h2 data-v-md-heading=\"what-is-special-about-the-vozol-rave-40k-speed-mode-disposable-vape\" data-v-md-line=\"3\"><\/h2>\n<h2 data-v-md-heading=\"what-is-special-about-the-vozol-rave-40k-speed-mode-disposable-vape\" data-v-md-line=\"3\"><img loading=\"lazy\" decoding=\"async\" class=\"aligncenter size-full wp-image-16340\" src=\"https:\/\/agoravape.com\/wp-content\/uploads\/2025\/10\/Vozol-RAVE-40k-Puffs-Boost-Mode-Disposable-Vape-Vape_Agora_vape-1.webp\" alt=\"\" width=\"1920\" height=\"1081\" srcset=\"https:\/\/agoravape.com\/wp-content\/uploads\/2025\/10\/Vozol-RAVE-40k-Puffs-Boost-Mode-Disposable-Vape-Vape_Agora_vape-1.webp 1920w, https:\/\/agoravape.com\/wp-content\/uploads\/2025\/10\/Vozol-RAVE-40k-Puffs-Boost-Mode-Disposable-Vape-Vape_Agora_vape-1-1200x676.webp 1200w, https:\/\/agoravape.com\/wp-content\/uploads\/2025\/10\/Vozol-RAVE-40k-Puffs-Boost-Mode-Disposable-Vape-Vape_Agora_vape-1-300x169.webp 300w, https:\/\/agoravape.com\/wp-content\/uploads\/2025\/10\/Vozol-RAVE-40k-Puffs-Boost-Mode-Disposable-Vape-Vape_Agora_vape-1-1024x577.webp 1024w, https:\/\/agoravape.com\/wp-content\/uploads\/2025\/10\/Vozol-RAVE-40k-Puffs-Boost-Mode-Disposable-Vape-Vape_Agora_vape-1-768x432.webp 768w, https:\/\/agoravape.com\/wp-content\/uploads\/2025\/10\/Vozol-RAVE-40k-Puffs-Boost-Mode-Disposable-Vape-Vape_Agora_vape-1-1536x865.webp 1536w\" sizes=\"auto, (max-width: 1920px) 100vw, 1920px\" \/><\/h2>\n<h2 data-v-md-heading=\"what-is-special-about-the-vozol-rave-40k-speed-mode-disposable-vape\" data-v-md-line=\"3\">O que torna o vape descart\u00e1vel Vozol RAVE 40k com modo de alta velocidade t\u00e3o especial?<\/h2>\n<p data-v-md-line=\"4\">Se voc\u00ea est\u00e1 cansado de vapes descart\u00e1veis \u200b\u200bque consomem muito l\u00edquido, talvez queira dar uma olhada neste produto. O Vozol RAVE vem equipado com um tanque de armazenamento de \u00f3leo de alta capacidade e bateria recarreg\u00e1vel, permitindo que voc\u00ea alcance facilmente uma longa dura\u00e7\u00e3o de uso. Se voc\u00ea busca um vape confi\u00e1vel, dur\u00e1vel, saboroso e para uso di\u00e1rio, esta \u00e9 a escolha ideal.<\/p>\n<p data-v-md-line=\"6\">Voc\u00ea pode escolher entre dois modos de pot\u00eancia para atender \u00e0s suas diferentes necessidades. O modo normal mant\u00e9m a suavidade e a estabilidade. Se preferir uma suc\u00e7\u00e3o mais forte e precisa, selecione o modo de velocidade dupla. \u00c9 simples assim.<\/p>\n<h2 data-v-md-heading=\"excellent-performance-worry-free\" data-v-md-line=\"8\">Excelente desempenho, sem preocupa\u00e7\u00f5es.<\/h2>\n<p data-v-md-line=\"9\">O n\u00facleo do RAVE adota uma bobina de malha para garantir que cada vaporiza\u00e7\u00e3o seja t\u00e3o pura e suave quanto a primeira. Ele \u00e9 equipado com uma entrada de ar ajust\u00e1vel para facilitar o controle da suc\u00e7\u00e3o e tamb\u00e9m possui uma tela din\u00e2mica de 270\u00b0 com sensor de batimentos card\u00edacos para maior prazer durante a vaporiza\u00e7\u00e3o. Quando a bateria estiver fraca, voc\u00ea pode usar o cabo de dados Tipo-C que provavelmente j\u00e1 vem no seu celular para conectar. Voc\u00ea pode pensar que o modo Boost consome muita energia, mas com uma bateria de 1000mAh e suporte para carregamento r\u00e1pido Tipo-C, voc\u00ea n\u00e3o precisa se preocupar em ficar sem bateria.<\/p>\n<h2 data-v-md-heading=\"specification-introduction\" data-v-md-line=\"11\">Introdu\u00e7\u00e3o \u00e0 especifica\u00e7\u00e3o<\/h2>\n<ul data-v-md-line=\"12\">\n<li>Frequ\u00eancia de suc\u00e7\u00e3o: at\u00e9 50.000 vezes no modo normal e at\u00e9 35.000 vezes no modo aprimorado.<\/li>\n<li>Capacidade do e-l\u00edquido: 20 mililitros<\/li>\n<li>Nicotina: 5% de sal de nicotina<\/li>\n<li>Battery: 1000mAh rechargeable battery<\/li>\n<li>N\u00facleo de atomiza\u00e7\u00e3o: N\u00facleo de atomiza\u00e7\u00e3o em malha<\/li>\n<li>Modos: Normal e Aprimorado com fluxo de ar ajust\u00e1vel.<\/li>\n<li>Tela de exibi\u00e7\u00e3o: tela sens\u00edvel ao toque de 270\u00b0<\/li>\n<li>Princ\u00edpio de funcionamento: Ativado por inala\u00e7\u00e3o.<\/li>\n<li>Charging: Standard Type-C USB interface<\/li>\n<li>Estado: Pronto para usar assim que abrir a caixa.<\/li>\n<\/ul>\n<h2 data-v-md-heading=\"complete-flavor-series\" data-v-md-line=\"23\">S\u00e9rie completa de sabores<\/h2>\n<ul data-v-md-line=\"24\">\n<li>Smoothie de mirtilo<\/li>\n<li>Morango Cereja<\/li>\n<li>Menta refrescante<\/li>\n<li>Ma\u00e7\u00e3 dupla<\/li>\n<li>Manga e P\u00eassego<\/li>\n<li>\u00c1gua com p\u00eassego, framboesa e lim\u00e3o<\/li>\n<li>E mais op\u00e7\u00f5es para 34 sabores.<\/li>\n<\/ul>\n<h2 data-v-md-heading=\"to-create-for-you-and-your-business\" data-v-md-line=\"32\">Para criar algo para voc\u00ea e para o seu neg\u00f3cio.<\/h2>\n<p data-v-md-line=\"33\">Voc\u00ea pode escolher um para si ou comprar o RAVE para a sua loja. Vendemos no atacado 100 unidades por caixa para atender facilmente \u00e0s suas necessidades de prateleira. Oferecemos servi\u00e7os de entrega DDP em toda a Europa atrav\u00e9s de parceiros confi\u00e1veis \u200b\u200bcomo UPS, DPD e DHL, garantindo que as tarifas sejam tratadas corretamente e evitando problemas alfandeg\u00e1rios.<\/p>\n<p data-v-md-line=\"35\">Se voc\u00ea precisar combinar sabores ou entender quais s\u00e3o os sabores mais vendidos em sua regi\u00e3o, n\u00f3s o ajudaremos a escolher a linha de produtos adequada.<\/p>\n<h2 data-v-md-heading=\"why-do-you-like-it\" data-v-md-line=\"37\">Por que voc\u00ea gosta disso?<\/h2>\n<ul data-v-md-line=\"38\">\n<li>Ciclos de suc\u00e7\u00e3o m\u00faltiplos: dur\u00e1vel e de longa dura\u00e7\u00e3o, sem necessidade de substitui\u00e7\u00e3o a cada poucos dias.<\/li>\n<li>Recarreg\u00e1vel: Use todo o e-l\u00edquido comprado de uma s\u00f3 vez, em vez de usar apenas metade.<\/li>\n<li>N\u00facleo atomizador em malha: proporciona sabor consistente do in\u00edcio ao fim.<\/li>\n<li>Modo duplo: Quando quiser um sabor mais intenso, escolha o modo aprimorado; quando preferir um sabor mais suave, escolha o modo regular.<\/li>\n<li>Entrada ajust\u00e1vel: Voc\u00ea pode escolher entre o modo de suc\u00e7\u00e3o firme ou ventilada, de acordo com o seu m\u00e9todo de suc\u00e7\u00e3o preferido.<\/li>\n<li>Tela n\u00edtida: a tela de 270\u00b0 proporciona uma experi\u00eancia de suc\u00e7\u00e3o mais personalizada.<\/li>\n<\/ul>\n<h2 data-v-md-heading=\"why-choose-to-collaborate-with-agoravape\" data-v-md-line=\"45\">Por que escolher colaborar com a AgoraVape?<\/h2>\n<p data-v-md-line=\"46\">Somos um dos distribuidores de vaporizadores mais confi\u00e1veis \u200b\u200bda Europa e vendemos apenas produtos 100% genu\u00ednos. Para compradores corporativos, isso significa que os vaporizadores descart\u00e1veis \u200b\u200bVozol RAVE 40k com modo boost t\u00eam pre\u00e7os de atacado com desconto, suporte confi\u00e1vel e entrega r\u00e1pida e segura. Entre em contato conosco para abastecer seu estoque com um dispositivo que seus clientes v\u00e3o adorar.<\/p>\n<p><script src=\"chrome-extension:\/\/fpelahbljekknahkcaegamhcndkfpfnc\/iFrame.js\" type=\"text\/javascript\"><\/script><\/p>","protected":false},"excerpt":{"rendered":"<p>&nbsp;<\/p>\n<p><script src=\"chrome-extension:\/\/fpelahbljekknahkcaegamhcndkfpfnc\/iFrame.js\" type=\"text\/javascript\"><\/script><\/p>\n<p><script src=\"chrome-extension:\/\/fpelahbljekknahkcaegamhcndkfpfnc\/iFrame.js\" type=\"text\/javascript\"><\/script><\/p>\n<p><script src=\"chrome-extension:\/\/fpelahbljekknahkcaegamhcndkfpfnc\/iFrame.js\" type=\"text\/javascript\"><\/script><\/p>\n<p><script src=\"chrome-extension:\/\/fpelahbljekknahkcaegamhcndkfpfnc\/iFrame.js\" type=\"text\/javascript\"><\/script><\/p>\n<p><script src=\"chrome-extension:\/\/fpelahbljekknahkcaegamhcndkfpfnc\/iFrame.js\" type=\"text\/javascript\"><\/script><\/p>\n<p><script src=\"chrome-extension:\/\/fpelahbljekknahkcaegamhcndkfpfnc\/iFrame.js\" type=\"text\/javascript\"><\/script><\/p>\n<p><script src=\"chrome-extension:\/\/fpelahbljekknahkcaegamhcndkfpfnc\/iFrame.js\" type=\"text\/javascript\"><\/script><\/p>\n<p><script src=\"chrome-extension:\/\/fpelahbljekknahkcaegamhcndkfpfnc\/iFrame.js\" type=\"text\/javascript\"><\/script><\/p>\n<p><script src=\"chrome-extension:\/\/fpelahbljekknahkcaegamhcndkfpfnc\/iFrame.js\" type=\"text\/javascript\"><\/script><\/p>\n<p><script src=\"chrome-extension:\/\/fpelahbljekknahkcaegamhcndkfpfnc\/iFrame.js\" type=\"text\/javascript\"><\/script><\/p>\n<p><script src=\"chrome-extension:\/\/fpelahbljekknahkcaegamhcndkfpfnc\/iFrame.js\" type=\"text\/javascript\"><\/script><\/p>\n<p><script src=\"chrome-extension:\/\/fpelahbljekknahkcaegamhcndkfpfnc\/iFrame.js\" type=\"text\/javascript\"><\/script><\/p>","protected":false},"featured_media":16350,"comment_status":"open","ping_status":"closed","template":"","meta":[],"product_brand":[226],"product_cat":[124,185,189,194,1674,174,175,193,191,173,186,180,190,192,153],"product_tag":[],"class_list":{"0":"post-16270","1":"product","2":"type-product","3":"status-publish","4":"has-post-thumbnail","6":"product_brand-vozol","7":"product_cat-vape-by-brand","8":"product_cat-10000-puffs-high-capacity","9":"product_cat-20mg-standard-nicotine-vapes","10":"product_cat-adjustable-airflow","11":"product_cat-eu-warehouse","12":"product_cat-fruit-flavors","13":"product_cat-icy-mint","14":"product_cat-mesh-coil","15":"product_cat-rechargeable-disposables","16":"product_cat-vape-by-flavor-profile","17":"product_cat-vape-by-nicotine-strength","18":"product_cat-vape-by-puff-count","19":"product_cat-vape-by-feature-or-type","20":"product_cat-vapes-with-screens","21":"product_cat-vozol","23":"first","24":"instock","25":"shipping-taxable","26":"purchasable","27":"product-type-variable","28":"has-default-attributes"},"tiered_pricing_type":"percentage","tiered_pricing_fixed_rules":[],"tiered_pricing_product_settings":{"layout":"default","base_unit_name":{"singular":null,"plural":null},"default_variation":null},"tiered_pricing_minimum_quantity":10,"tiered_pricing_roles_data":[],"tiered_pricing_percentage_rules":{"30":"29","50":"35","100":"40","200":"44","500":"47","1000":"49"},"tiered_pricing_maximum_quantity":null,"tiered_pricing_quantity_step":"10","_links":{"self":[{"href":"https:\/\/agoravape.com\/pt\/wp-json\/wp\/v2\/product\/16270","targetHints":{"allow":["GET"]}}],"collection":[{"href":"https:\/\/agoravape.com\/pt\/wp-json\/wp\/v2\/product"}],"about":[{"href":"https:\/\/agoravape.com\/pt\/wp-json\/wp\/v2\/types\/product"}],"replies":[{"embeddable":true,"href":"https:\/\/agoravape.com\/pt\/wp-json\/wp\/v2\/comments?post=16270"}],"version-history":[{"count":0,"href":"https:\/\/agoravape.com\/pt\/wp-json\/wp\/v2\/product\/16270\/revisions"}],"wp:featuredmedia":[{"embeddable":true,"href":"https:\/\/agoravape.com\/pt\/wp-json\/wp\/v2\/media\/16350"}],"wp:attachment":[{"href":"https:\/\/agoravape.com\/pt\/wp-json\/wp\/v2\/media?parent=16270"}],"wp:term":[{"taxonomy":"product_brand","embeddable":true,"href":"https:\/\/agoravape.com\/pt\/wp-json\/wp\/v2\/product_brand?post=16270"},{"taxonomy":"product_cat","embeddable":true,"href":"https:\/\/agoravape.com\/pt\/wp-json\/wp\/v2\/product_cat?post=16270"},{"taxonomy":"product_tag","embeddable":true,"href":"https:\/\/agoravape.com\/pt\/wp-json\/wp\/v2\/product_tag?post=16270"}],"curies":[{"name":"wp","href":"https:\/\/api.w.org\/{rel}","templated":true}]}}