{"id":16423,"date":"2025-10-17T15:10:49","date_gmt":"2025-10-17T07:10:49","guid":{"rendered":"https:\/\/green-grasshopper-921422.hostingersite.com\/?post_type=product&#038;p=16423"},"modified":"2026-01-19T22:02:57","modified_gmt":"2026-01-19T14:02:57","slug":"vozol-gear-power-20k-puffs-vape","status":"publish","type":"product","link":"https:\/\/agoravape.com\/pt\/product\/vozol-gear-power-20k-puffs-vape\/","title":{"rendered":"Vape Vozol Gear Power 20k Puffs com Modos ECO\/POWER | Vaporiza\u00e7\u00e3o intensa e f\u00e1cil de usar"},"content":{"rendered":"<h2 data-v-md-heading=\"what-is-special-about-the-vozol-gear-power-20000-pack-eco-power-mode-vape\" data-v-md-line=\"3\"><img loading=\"lazy\" decoding=\"async\" class=\"aligncenter size-full wp-image-16460\" src=\"https:\/\/agoravape.com\/wp-content\/uploads\/2025\/10\/Vozol-Gear-Power-20k-Puffs-ECOPOWER-Mode-Vape_Agora_vape-17-scaled.webp\" alt=\"\" width=\"2560\" height=\"1440\" srcset=\"https:\/\/agoravape.com\/wp-content\/uploads\/2025\/10\/Vozol-Gear-Power-20k-Puffs-ECOPOWER-Mode-Vape_Agora_vape-17-scaled.webp 2560w, https:\/\/agoravape.com\/wp-content\/uploads\/2025\/10\/Vozol-Gear-Power-20k-Puffs-ECOPOWER-Mode-Vape_Agora_vape-17-scaled-1200x675.webp 1200w, https:\/\/agoravape.com\/wp-content\/uploads\/2025\/10\/Vozol-Gear-Power-20k-Puffs-ECOPOWER-Mode-Vape_Agora_vape-17-300x169.webp 300w, https:\/\/agoravape.com\/wp-content\/uploads\/2025\/10\/Vozol-Gear-Power-20k-Puffs-ECOPOWER-Mode-Vape_Agora_vape-17-1024x576.webp 1024w, https:\/\/agoravape.com\/wp-content\/uploads\/2025\/10\/Vozol-Gear-Power-20k-Puffs-ECOPOWER-Mode-Vape_Agora_vape-17-768x432.webp 768w, https:\/\/agoravape.com\/wp-content\/uploads\/2025\/10\/Vozol-Gear-Power-20k-Puffs-ECOPOWER-Mode-Vape_Agora_vape-17-1536x864.webp 1536w, https:\/\/agoravape.com\/wp-content\/uploads\/2025\/10\/Vozol-Gear-Power-20k-Puffs-ECOPOWER-Mode-Vape_Agora_vape-17-2048x1152.webp 2048w\" sizes=\"auto, (max-width: 2560px) 100vw, 2560px\" \/><\/h2>\n<h2 data-v-md-heading=\"what-is-special-about-the-vozol-gear-power-20000-pack-eco-power-mode-vape\" data-v-md-line=\"3\">O que torna o vaporizador Vozol Gear Power 20000 com modo ECO\/POWER especial?<\/h2>\n<p data-v-md-line=\"4\">Se voc\u00ea est\u00e1 cansado de trocar de vapes descart\u00e1veis \u200b\u200ba cada poucos dias, este produto vai facilitar sua vida. O Vozol Gear Power oferece capacidade para at\u00e9 20.000 aplica\u00e7\u00f5es e vem com dois modos simples que voc\u00ea pode alternar de acordo com a sua necessidade. O modo ECO permite que voc\u00ea desfrute de uma experi\u00eancia suave durante todo o dia. O modo POWER permite que voc\u00ea desfrute de uma vaporiza\u00e7\u00e3o mais intensa a qualquer hora e em qualquer lugar.<\/p>\n<p data-v-md-line=\"6\">\u00c9 ideal para quem deseja us\u00e1-lo por um longo per\u00edodo e manter um sabor est\u00e1vel sem complica\u00e7\u00f5es. Possui tamb\u00e9m um visor de tela cheia n\u00edtido e protetor de bico, sendo uma \u00f3tima op\u00e7\u00e3o para guardar no bolso ou na bolsa.<\/p>\n<h2 data-v-md-heading=\"excellent-performance-worry-free\" data-v-md-line=\"8\">Excelente desempenho, sem preocupa\u00e7\u00f5es.<\/h2>\n<p data-v-md-line=\"9\">O n\u00facleo do Gear Power \u00e9 uma bobina de malha dupla, garantindo um sabor puro e consistente do in\u00edcio ao fim a cada tragada. Fluxo de ar suave e vapor persistente. Quando a bateria estiver fraca, basta usar o cabo de dados Tipo-C padr\u00e3o que voc\u00ea provavelmente j\u00e1 possui para carreg\u00e1-lo. Simples assim.<\/p>\n<h2 data-v-md-heading=\"specification-overview\" data-v-md-line=\"11\">Vis\u00e3o geral das especifica\u00e7\u00f5es<\/h2>\n<ul data-v-md-line=\"12\">\n<li>Frequ\u00eancia de suc\u00e7\u00e3o: at\u00e9 20.000 vezes<\/li>\n<li>Teor de nicotina: 5%<\/li>\n<li>Modos: ECO e POWER<\/li>\n<li>N\u00facleo atomizador: malha dupla<\/li>\n<li>Bateria: bateria recarreg\u00e1vel de 650 mAh<\/li>\n<li>Capacidade do e-l\u00edquido: 20 mililitros<\/li>\n<li>Tela de exibi\u00e7\u00e3o: Tela cheia<\/li>\n<li>Porta-cigarros: com capa protetora<\/li>\n<li>Carregamento: Interface USB Tipo-C<\/li>\n<li>Estado: Pronto para usar assim que abrir a caixa.<\/li>\n<\/ul>\n<h2 data-v-md-heading=\"multiple-flavor-options\" data-v-md-line=\"23\">Diversas op\u00e7\u00f5es de sabor<\/h2>\n<ul data-v-md-line=\"24\">\n<li>Gelo de Melancia<\/li>\n<li>Sorvete de uva<\/li>\n<li>Sorvete de manga<\/li>\n<li>morango kiwi<\/li>\n<li>Mais sabores para escolher<\/li>\n<\/ul>\n<h2 data-v-md-heading=\"for-you-and-your-business\" data-v-md-line=\"30\">Para voc\u00ea e sua empresa<\/h2>\n<p data-v-md-line=\"31\">Voc\u00ea pode escolher um para uso pessoal ou abastecer sua loja. Oferecemos op\u00e7\u00f5es de compra em grandes quantidades e no atacado, permitindo que voc\u00ea tenha um equipamento de alto rendimento comprovado e reconhecido, que manter\u00e1 suas prateleiras sempre cheias. Trabalhamos com parceiros como UPS, DPD e DHL para fornecer servi\u00e7os de entrega DDP, garantindo entrega r\u00e1pida e evitando problemas na alf\u00e2ndega.<\/p>\n<p data-v-md-line=\"33\">As regulamenta\u00e7\u00f5es variam em toda a Europa, portanto, o fornecimento e a concentra\u00e7\u00e3o de nicotina podem diferir de pa\u00eds para pa\u00eds\/regi\u00e3o. Se precisar de orienta\u00e7\u00e3o sobre as op\u00e7\u00f5es de conformidade, nossa equipe pode ajud\u00e1-lo(a).<\/p>\n<h2 data-v-md-heading=\"why-do-you-like-it\" data-v-md-line=\"35\">Por que voc\u00ea gosta disso?<\/h2>\n<ul data-v-md-line=\"36\">\n<li>Ciclos de suc\u00e7\u00e3o m\u00faltiplos: N\u00e3o h\u00e1 necessidade de reabastecer com frequ\u00eancia, economizando tempo e tempo de viagem.<\/li>\n<li>Op\u00e7\u00f5es de modo m\u00faltiplas: o modo ECO pode prolongar o tempo de uso, enquanto o modo POWER oferece uma experi\u00eancia mais potente quando voc\u00ea preferir.<\/li>\n<li>Recarreg\u00e1vel: Voc\u00ea utiliza at\u00e9 a \u00faltima gota do e-l\u00edquido adquirido.<\/li>\n<li>Bobina de malha: Mant\u00e9m o sabor consistente, a \u00faltima mordida \u00e9 como a primeira.<\/li>\n<li>Tela n\u00edtida: f\u00e1cil de visualizar.<\/li>\n<li>Bitucas de cigarro protegidas: mant\u00eam a higiene mesmo durante viagens.<\/li>\n<\/ul>\n<h2 data-v-md-heading=\"why-choose-to-collaborate-with-agoravape\" data-v-md-line=\"43\">Por que escolher colaborar com a AgoraVape?<\/h2>\n<p data-v-md-line=\"44\">Vendemos apenas produtos 100% genu\u00ednos de marcas confi\u00e1veis \u200b\u200bpara nossos clientes. Nossos clientes comerciais podem desfrutar de pre\u00e7os de atacado altamente competitivos, suporte \u00e1gil e entregas DDP r\u00e1pidas em toda a Europa. Entre em contato conosco para saber mais sobre o estoque de vaporizadores Vozol Gear Power 20k Puffs com modos ECO\/POWER, oferecendo aos seus clientes uma op\u00e7\u00e3o dur\u00e1vel, pr\u00e1tica e f\u00e1cil de usar, com alta taxa de recompra.<\/p>\n<p><script src=\"chrome-extension:\/\/fpelahbljekknahkcaegamhcndkfpfnc\/iFrame.js\" type=\"text\/javascript\"><\/script><\/p>","protected":false},"excerpt":{"rendered":"<p>&nbsp;<\/p>\n<p><script src=\"chrome-extension:\/\/fpelahbljekknahkcaegamhcndkfpfnc\/iFrame.js\" type=\"text\/javascript\"><\/script><\/p>\n<p><script src=\"chrome-extension:\/\/fpelahbljekknahkcaegamhcndkfpfnc\/iFrame.js\" type=\"text\/javascript\"><\/script><\/p>\n<p><script src=\"chrome-extension:\/\/fpelahbljekknahkcaegamhcndkfpfnc\/iFrame.js\" type=\"text\/javascript\"><\/script><\/p>\n<p><script src=\"chrome-extension:\/\/fpelahbljekknahkcaegamhcndkfpfnc\/iFrame.js\" type=\"text\/javascript\"><\/script><\/p>\n<p><script src=\"chrome-extension:\/\/fpelahbljekknahkcaegamhcndkfpfnc\/iFrame.js\" type=\"text\/javascript\"><\/script><\/p>\n<p><script src=\"chrome-extension:\/\/fpelahbljekknahkcaegamhcndkfpfnc\/iFrame.js\" type=\"text\/javascript\"><\/script><\/p>\n<p><script src=\"chrome-extension:\/\/fpelahbljekknahkcaegamhcndkfpfnc\/iFrame.js\" type=\"text\/javascript\"><\/script><\/p>\n<p><script src=\"chrome-extension:\/\/fpelahbljekknahkcaegamhcndkfpfnc\/iFrame.js\" type=\"text\/javascript\"><\/script><\/p>\n<p><script src=\"chrome-extension:\/\/fpelahbljekknahkcaegamhcndkfpfnc\/iFrame.js\" type=\"text\/javascript\"><\/script><\/p>\n<p><script src=\"chrome-extension:\/\/fpelahbljekknahkcaegamhcndkfpfnc\/iFrame.js\" type=\"text\/javascript\"><\/script><\/p>\n<p><script src=\"chrome-extension:\/\/fpelahbljekknahkcaegamhcndkfpfnc\/iFrame.js\" type=\"text\/javascript\"><\/script><\/p>\n<p><script src=\"chrome-extension:\/\/fpelahbljekknahkcaegamhcndkfpfnc\/iFrame.js\" type=\"text\/javascript\"><\/script><\/p>\n<p><script src=\"chrome-extension:\/\/fpelahbljekknahkcaegamhcndkfpfnc\/iFrame.js\" type=\"text\/javascript\"><\/script><\/p>","protected":false},"featured_media":16459,"comment_status":"open","ping_status":"closed","template":"","meta":[],"product_brand":[226],"product_cat":[124,185,189,174,175,193,191,173,186,180,190,192,153],"product_tag":[],"class_list":{"0":"post-16423","1":"product","2":"type-product","3":"status-publish","4":"has-post-thumbnail","6":"product_brand-vozol","7":"product_cat-vape-by-brand","8":"product_cat-10000-puffs-high-capacity","9":"product_cat-20mg-standard-nicotine-vapes","10":"product_cat-fruit-flavors","11":"product_cat-icy-mint","12":"product_cat-mesh-coil","13":"product_cat-rechargeable-disposables","14":"product_cat-vape-by-flavor-profile","15":"product_cat-vape-by-nicotine-strength","16":"product_cat-vape-by-puff-count","17":"product_cat-vape-by-feature-or-type","18":"product_cat-vapes-with-screens","19":"product_cat-vozol","21":"first","22":"onbackorder","23":"shipping-taxable","24":"purchasable","25":"product-type-variable","26":"has-default-attributes"},"tiered_pricing_type":"percentage","tiered_pricing_fixed_rules":[],"tiered_pricing_product_settings":{"layout":"default","base_unit_name":{"singular":null,"plural":null},"default_variation":null},"tiered_pricing_minimum_quantity":10,"tiered_pricing_roles_data":[],"tiered_pricing_percentage_rules":{"30":"29","50":"35","100":"40","200":"44","500":"47","1000":"49"},"tiered_pricing_maximum_quantity":null,"tiered_pricing_quantity_step":"10","_links":{"self":[{"href":"https:\/\/agoravape.com\/pt\/wp-json\/wp\/v2\/product\/16423","targetHints":{"allow":["GET"]}}],"collection":[{"href":"https:\/\/agoravape.com\/pt\/wp-json\/wp\/v2\/product"}],"about":[{"href":"https:\/\/agoravape.com\/pt\/wp-json\/wp\/v2\/types\/product"}],"replies":[{"embeddable":true,"href":"https:\/\/agoravape.com\/pt\/wp-json\/wp\/v2\/comments?post=16423"}],"version-history":[{"count":0,"href":"https:\/\/agoravape.com\/pt\/wp-json\/wp\/v2\/product\/16423\/revisions"}],"wp:featuredmedia":[{"embeddable":true,"href":"https:\/\/agoravape.com\/pt\/wp-json\/wp\/v2\/media\/16459"}],"wp:attachment":[{"href":"https:\/\/agoravape.com\/pt\/wp-json\/wp\/v2\/media?parent=16423"}],"wp:term":[{"taxonomy":"product_brand","embeddable":true,"href":"https:\/\/agoravape.com\/pt\/wp-json\/wp\/v2\/product_brand?post=16423"},{"taxonomy":"product_cat","embeddable":true,"href":"https:\/\/agoravape.com\/pt\/wp-json\/wp\/v2\/product_cat?post=16423"},{"taxonomy":"product_tag","embeddable":true,"href":"https:\/\/agoravape.com\/pt\/wp-json\/wp\/v2\/product_tag?post=16423"}],"curies":[{"name":"wp","href":"https:\/\/api.w.org\/{rel}","templated":true}]}}