{"id":16478,"date":"2025-10-17T15:19:27","date_gmt":"2025-10-17T07:19:27","guid":{"rendered":"https:\/\/green-grasshopper-921422.hostingersite.com\/?post_type=product&#038;p=16478"},"modified":"2026-01-30T17:23:57","modified_gmt":"2026-01-30T09:23:57","slug":"vozol-star-20k-20000-puffs-vape","status":"publish","type":"product","link":"https:\/\/agoravape.com\/pt\/product\/vozol-star-20k-20000-puffs-vape\/","title":{"rendered":"Vozol Star 20k Puffs Vape Descart\u00e1vel com Tela Cheia | Sabor Duradouro, F\u00e1cil de Usar"},"content":{"rendered":"<h2 data-v-md-heading=\"what-is-special-about-the-vozol-star-20k-disposable-full-screen-vape\" data-v-md-line=\"3\"><img loading=\"lazy\" decoding=\"async\" class=\"aligncenter size-full wp-image-16512\" src=\"https:\/\/agoravape.com\/wp-content\/uploads\/2025\/10\/Vozol-Star-20k-Puffs-Disposable-Vape-with-Full-Screen_Agora_vape-2.webp\" alt=\"\" width=\"1920\" height=\"1080\" srcset=\"https:\/\/agoravape.com\/wp-content\/uploads\/2025\/10\/Vozol-Star-20k-Puffs-Disposable-Vape-with-Full-Screen_Agora_vape-2.webp 1920w, https:\/\/agoravape.com\/wp-content\/uploads\/2025\/10\/Vozol-Star-20k-Puffs-Disposable-Vape-with-Full-Screen_Agora_vape-2-1200x675.webp 1200w, https:\/\/agoravape.com\/wp-content\/uploads\/2025\/10\/Vozol-Star-20k-Puffs-Disposable-Vape-with-Full-Screen_Agora_vape-2-300x169.webp 300w, https:\/\/agoravape.com\/wp-content\/uploads\/2025\/10\/Vozol-Star-20k-Puffs-Disposable-Vape-with-Full-Screen_Agora_vape-2-1024x576.webp 1024w, https:\/\/agoravape.com\/wp-content\/uploads\/2025\/10\/Vozol-Star-20k-Puffs-Disposable-Vape-with-Full-Screen_Agora_vape-2-768x432.webp 768w, https:\/\/agoravape.com\/wp-content\/uploads\/2025\/10\/Vozol-Star-20k-Puffs-Disposable-Vape-with-Full-Screen_Agora_vape-2-1536x864.webp 1536w\" sizes=\"auto, (max-width: 1920px) 100vw, 1920px\" \/><\/h2>\n<h2 data-v-md-heading=\"what-is-special-about-the-vozol-star-20k-disposable-full-screen-vape\" data-v-md-line=\"3\">O que torna o vape descart\u00e1vel com tela cheia Vozol Star 20k t\u00e3o especial?<\/h2>\n<p data-v-md-line=\"4\">Se voc\u00ea est\u00e1 cansado de usar vapes descart\u00e1veis \u200b\u200bantes do fim de semana, o Vozol Star 20k vai facilitar sua vida. Ele oferece at\u00e9 20.000 utiliza\u00e7\u00f5es e o visor de tela cheia facilita o controle da pot\u00eancia. Sem necessidade de adivinhar, sem preocupa\u00e7\u00f5es.<\/p>\n<p data-v-md-line=\"6\">Se voc\u00ea busca sabores consistentes sem bot\u00f5es ou menus complicados, esta \u00e9 a escolha ideal. Basta dar uma tragada e aproveitar. Voc\u00ea pode pensar que tantos vaporizadores seriam volumosos, mas este cabe facilmente no bolso e \u00e9 pr\u00e1tico para transportar.<\/p>\n<h2 data-v-md-heading=\"excellent-performance-worry-free\" data-v-md-line=\"8\">Excelente desempenho, sem preocupa\u00e7\u00f5es.<\/h2>\n<p data-v-md-line=\"9\">O n\u00facleo do Star 20k adota uma bobina de malha, para que cada vaporiza\u00e7\u00e3o seja t\u00e3o deliciosa quanto a primeira. A tecnologia de fragr\u00e2ncia SiLC da Vozol mant\u00e9m um aroma puro e consistente. Quando a bateria estiver fraca, voc\u00ea pode carreg\u00e1-lo atrav\u00e9s da interface Tipo-C, e o cabo de carregamento pode ser o mesmo do seu celular. Simples e pr\u00e1tico.<\/p>\n<h2 data-v-md-heading=\"specification-introduction\" data-v-md-line=\"11\">Introdu\u00e7\u00e3o \u00e0 especifica\u00e7\u00e3o<\/h2>\n<ul data-v-md-line=\"12\">\n<li>Frequ\u00eancia de suc\u00e7\u00e3o: at\u00e9 20.000 vezes<\/li>\n<li>Teor de nicotina: 5%<\/li>\n<li>Capacidade do e-l\u00edquido: 24 mililitros<\/li>\n<li>Bateria: bateria recarreg\u00e1vel de 650 mAh<\/li>\n<li>N\u00facleo de atomiza\u00e7\u00e3o: N\u00facleo de atomiza\u00e7\u00e3o em malha<\/li>\n<li>Tela de exibi\u00e7\u00e3o: Tela cheia<\/li>\n<li>Princ\u00edpio de funcionamento: Ativa-se com apenas uma tragada.<\/li>\n<li>Carregamento: Interface USB Tipo-C<\/li>\n<li>Estado: Pronto para usar assim que abrir a caixa.<\/li>\n<\/ul>\n<h2 data-v-md-heading=\"full-range-of-flavors\" data-v-md-line=\"22\">Full range of flavors<\/h2>\n<ul data-v-md-line=\"23\">\n<li>Gelo de Melancia<\/li>\n<li>Sorvete de uva<\/li>\n<li>Sorvete de manga<\/li>\n<li>Gelo de Ma\u00e7\u00e3 Duplo<\/li>\n<li>morango kiwi<\/li>\n<li>Melancia de framboesa<\/li>\n<li>Pista de gelo azul<\/li>\n<li>Morango e Manga<\/li>\n<li>P\u00eassego, Manga, Melancia<\/li>\n<li>Cola de Cereja<\/li>\n<li>Sorvete de p\u00eassego<\/li>\n<li>Frutas vermelhas misturadas<\/li>\n<li>Lim\u00e3o e lima<\/li>\n<li>Tempestade de Mirtilo<\/li>\n<li>Love 777<\/li>\n<\/ul>\n<h2 data-v-md-heading=\"for-you-and-your-business\" data-v-md-line=\"39\">Para voc\u00ea e sua empresa<\/h2>\n<p data-v-md-line=\"40\">Escolha uma para si ou compre para a sua loja. Fornecemos caixas de cart\u00e3o no atacado em pacotes de 200 unidades para garantir uma reposi\u00e7\u00e3o tranquila. As caixas de cart\u00e3o s\u00e3o transportadas pelo m\u00e9todo Delivered Duty Paid (DDP) e manuseadas por parceiros de confian\u00e7a como a UPS, DPD e DHL para evitar problemas na alf\u00e2ndega.<\/p>\n<p data-v-md-line=\"42\">Se voc\u00ea est\u00e1 criando uma linha de produtos para clientes recorrentes, o Star 20k \u00e9 um vaporizador descart\u00e1vel recarreg\u00e1vel de alta capacidade, com tela n\u00edtida e diversos sabores populares.<\/p>\n<h2 data-v-md-heading=\"why-do-you-like-it\" data-v-md-line=\"44\">Por que voc\u00ea gosta disso?<\/h2>\n<ul data-v-md-line=\"45\">\n<li>Grande capacidade: Maior dura\u00e7\u00e3o da bateria, sem necessidade de comprar cartuchos novos com frequ\u00eancia.<\/li>\n<li>Exibi\u00e7\u00e3o em tela cheia: N\u00e3o \u00e9 necess\u00e1rio clicar em nenhum bot\u00e3o, o status do dispositivo fica claro num relance.<\/li>\n<li>Carregamento pr\u00e1tico: O carregamento Tipo C permite carregar rapidamente usando o seu cabo de dados existente.<\/li>\n<li>Tecnologia Mesh Coil + SiLC: Sabor consistente.<\/li>\n<li>Capacidade de 24 mililitros: projetada para uso prolongado, sem preocupa\u00e7\u00f5es.<\/li>\n<\/ul>\n<h2 data-v-md-heading=\"why-choose-to-collaborate-with-agoravape\" data-v-md-line=\"51\">Por que escolher colaborar com a AgoraVape?<\/h2>\n<p data-v-md-line=\"52\">Adquirimos produtos 100% genu\u00ednos e oferecemos garantia disso. Para clientes comerciais, isso significa que os vapes descart\u00e1veis \u200b\u200bVozol Star 20k com tela completa podem desfrutar de pre\u00e7os de atacado com desconto, suporte ao cliente \u00e1gil e entrega DDP r\u00e1pida. Entre em contato conosco para encomendar um dispositivo que seus clientes realmente ir\u00e3o apreciar.<\/p>","protected":false},"excerpt":{"rendered":"<p>&nbsp;<\/p>\n<p><script src=\"chrome-extension:\/\/fpelahbljekknahkcaegamhcndkfpfnc\/iFrame.js\" type=\"text\/javascript\"><\/script><\/p>\n<p><script src=\"chrome-extension:\/\/fpelahbljekknahkcaegamhcndkfpfnc\/iFrame.js\" type=\"text\/javascript\"><\/script><\/p>\n<p><script src=\"chrome-extension:\/\/fpelahbljekknahkcaegamhcndkfpfnc\/iFrame.js\" type=\"text\/javascript\"><\/script><\/p>\n<p><script src=\"chrome-extension:\/\/fpelahbljekknahkcaegamhcndkfpfnc\/iFrame.js\" type=\"text\/javascript\"><\/script><\/p>\n<p><script src=\"chrome-extension:\/\/fpelahbljekknahkcaegamhcndkfpfnc\/iFrame.js\" type=\"text\/javascript\"><\/script><\/p>\n<p><script src=\"chrome-extension:\/\/fpelahbljekknahkcaegamhcndkfpfnc\/iFrame.js\" type=\"text\/javascript\"><\/script><\/p>\n<p><script src=\"chrome-extension:\/\/fpelahbljekknahkcaegamhcndkfpfnc\/iFrame.js\" type=\"text\/javascript\"><\/script><\/p>\n<p><script src=\"chrome-extension:\/\/fpelahbljekknahkcaegamhcndkfpfnc\/iFrame.js\" type=\"text\/javascript\"><\/script><\/p>\n<p><script src=\"chrome-extension:\/\/fpelahbljekknahkcaegamhcndkfpfnc\/iFrame.js\" type=\"text\/javascript\"><\/script><\/p>\n<p><script src=\"chrome-extension:\/\/fpelahbljekknahkcaegamhcndkfpfnc\/iFrame.js\" type=\"text\/javascript\"><\/script><\/p>\n<p><script src=\"chrome-extension:\/\/fpelahbljekknahkcaegamhcndkfpfnc\/iFrame.js\" type=\"text\/javascript\"><\/script><\/p>\n<p><script src=\"chrome-extension:\/\/fpelahbljekknahkcaegamhcndkfpfnc\/iFrame.js\" type=\"text\/javascript\"><\/script><\/p>","protected":false},"featured_media":16514,"comment_status":"open","ping_status":"closed","template":"","meta":[],"product_brand":[226],"product_cat":[124,185,189,174,175,193,191,173,186,180,190,192,153],"product_tag":[],"class_list":{"0":"post-16478","1":"product","2":"type-product","3":"status-publish","4":"has-post-thumbnail","6":"product_brand-vozol","7":"product_cat-vape-by-brand","8":"product_cat-10000-puffs-high-capacity","9":"product_cat-20mg-standard-nicotine-vapes","10":"product_cat-fruit-flavors","11":"product_cat-icy-mint","12":"product_cat-mesh-coil","13":"product_cat-rechargeable-disposables","14":"product_cat-vape-by-flavor-profile","15":"product_cat-vape-by-nicotine-strength","16":"product_cat-vape-by-puff-count","17":"product_cat-vape-by-feature-or-type","18":"product_cat-vapes-with-screens","19":"product_cat-vozol","21":"first","22":"onbackorder","23":"shipping-taxable","24":"purchasable","25":"product-type-variable","26":"has-default-attributes"},"tiered_pricing_type":"percentage","tiered_pricing_fixed_rules":[],"tiered_pricing_product_settings":{"layout":"default","base_unit_name":{"singular":null,"plural":null},"default_variation":null},"tiered_pricing_minimum_quantity":10,"tiered_pricing_roles_data":[],"tiered_pricing_percentage_rules":{"30":"29","50":"35","100":"40","200":"44","500":"47","1000":"49"},"tiered_pricing_maximum_quantity":null,"tiered_pricing_quantity_step":"10","_links":{"self":[{"href":"https:\/\/agoravape.com\/pt\/wp-json\/wp\/v2\/product\/16478","targetHints":{"allow":["GET"]}}],"collection":[{"href":"https:\/\/agoravape.com\/pt\/wp-json\/wp\/v2\/product"}],"about":[{"href":"https:\/\/agoravape.com\/pt\/wp-json\/wp\/v2\/types\/product"}],"replies":[{"embeddable":true,"href":"https:\/\/agoravape.com\/pt\/wp-json\/wp\/v2\/comments?post=16478"}],"version-history":[{"count":0,"href":"https:\/\/agoravape.com\/pt\/wp-json\/wp\/v2\/product\/16478\/revisions"}],"wp:featuredmedia":[{"embeddable":true,"href":"https:\/\/agoravape.com\/pt\/wp-json\/wp\/v2\/media\/16514"}],"wp:attachment":[{"href":"https:\/\/agoravape.com\/pt\/wp-json\/wp\/v2\/media?parent=16478"}],"wp:term":[{"taxonomy":"product_brand","embeddable":true,"href":"https:\/\/agoravape.com\/pt\/wp-json\/wp\/v2\/product_brand?post=16478"},{"taxonomy":"product_cat","embeddable":true,"href":"https:\/\/agoravape.com\/pt\/wp-json\/wp\/v2\/product_cat?post=16478"},{"taxonomy":"product_tag","embeddable":true,"href":"https:\/\/agoravape.com\/pt\/wp-json\/wp\/v2\/product_tag?post=16478"}],"curies":[{"name":"wp","href":"https:\/\/api.w.org\/{rel}","templated":true}]}}