{"id":16532,"date":"2025-10-17T15:28:04","date_gmt":"2025-10-17T07:28:04","guid":{"rendered":"https:\/\/green-grasshopper-921422.hostingersite.com\/?post_type=product&#038;p=16532"},"modified":"2026-02-22T15:15:02","modified_gmt":"2026-02-22T14:15:02","slug":"vozol-gear-shisha-25k-puffs-dtl-vape","status":"publish","type":"product","link":"https:\/\/agoravape.com\/pt\/product\/vozol-gear-shisha-25k-puffs-dtl-vape\/","title":{"rendered":"Vozol Gear Shisha 25k Audio\u2011Interactive DTL Vape | Big Puffs, Big Screen, Zero Fuss"},"content":{"rendered":"<h2 data-v-md-heading=\"what-is-the-vozol-gear-shisha-25k-audio-interactive-dtl-vape\" data-v-md-line=\"3\"><img loading=\"lazy\" decoding=\"async\" class=\"aligncenter size-full wp-image-16549\" src=\"https:\/\/agoravape.com\/wp-content\/uploads\/2025\/10\/Vozol-Gear-Shisha-25k-Puffs-Audio-Interactive-DTL-Vape_Agora_vape-1.webp\" alt=\"\" width=\"550\" height=\"403\" srcset=\"https:\/\/agoravape.com\/wp-content\/uploads\/2025\/10\/Vozol-Gear-Shisha-25k-Puffs-Audio-Interactive-DTL-Vape_Agora_vape-1.webp 550w, https:\/\/agoravape.com\/wp-content\/uploads\/2025\/10\/Vozol-Gear-Shisha-25k-Puffs-Audio-Interactive-DTL-Vape_Agora_vape-1-300x220.webp 300w\" sizes=\"auto, (max-width: 550px) 100vw, 550px\" \/><\/h2>\n<h2 data-v-md-heading=\"what-is-the-vozol-gear-shisha-25k-audio-interactive-dtl-vape\" data-v-md-line=\"3\">What is the Vozol Gear Shisha 25k Audio Interactive DTL vape?<\/h2>\n<p data-v-md-line=\"4\">If you want a disposable vape that truly meets your daily needs, this product is your ideal choice. The Vozol Gear Shisha 25k is a disposable vape that can be directly inhaled into the lungs (DTL). It can inhale up to 25000 puffs in regular mode and up to 18000 puffs in enhanced mode. It not only has a long battery life, but also comes with a 2.1-inch color screen and an audio interactive mode that responds to sound. Full of fun and easy to use.<\/p>\n<p data-v-md-line=\"6\">It is suitable for anyone who enjoys a smooth and transparent DTL suction experience, without the need to tinker with coils or menus. You may think that vapes with screens and fancy features can be cumbersome to operate, but they are very simple and easy to use. Open the packaging box and you can start using it.<\/p>\n<h2 data-v-md-heading=\"excellent-performance-easy-and-convenient\" data-v-md-line=\"8\">Excelente desempenho, f\u00e1cil e pr\u00e1tico<\/h2>\n<p data-v-md-line=\"9\">The double mesh coil bears the responsibility of ensuring a stable taste from the first bite to the last bite. If you want a stronger taste and reduce the total number of puffs, switch to Boost mode. When the battery is low, you can use the Type-C data cable that you may already have to charge it. No need for special chargers, easy to handle.<\/p>\n<h2 data-v-md-heading=\"specification-introduction\" data-v-md-line=\"11\">Introdu\u00e7\u00e3o \u00e0 especifica\u00e7\u00e3o<\/h2>\n<ul data-v-md-line=\"12\">\n<li>Suction frequency: up to 25000 times (conventional type) or up to 18000 times (enhanced type)<\/li>\n<li>E-liquid: 24 milliliters pre filled type<\/li>\n<li>Nicotine content: 5% (50 milligrams\/milliliter), within the range allowed by local laws<\/li>\n<li>Battery: 1000mAh rechargeable battery<\/li>\n<li>Working principle: DTL suction, adjustable intake volume, and providing audio interactive mode on a 2.1-inch color screen<\/li>\n<li>Charging: Standard Type-C USB interface<\/li>\n<li>Estado: Pronto para usar assim que abrir a caixa.<\/li>\n<\/ul>\n<h2 data-v-md-heading=\"multiple-flavor-options\" data-v-md-line=\"20\">Diversas op\u00e7\u00f5es de sabor<\/h2>\n<ul data-v-md-line=\"21\">\n<li>Double apple flavor<\/li>\n<li>Gelo de Melancia<\/li>\n<li>Mango peach flavor<\/li>\n<li>Pista de gelo azul<\/li>\n<li>Pista de gelo azul<\/li>\n<li>Sorvete de uva<\/li>\n<li>Strawberry Strange Fruit Flavor<\/li>\n<li>Blueberry and watermelon flavor<\/li>\n<li>Cherry Coke Flavor<\/li>\n<li>Strawberry and watermelon flavor<\/li>\n<li>Love 777<\/li>\n<li>Gelo de Cereja<\/li>\n<li>Sorvete de p\u00eassego<\/li>\n<li>Berry Ice<\/li>\n<li>Sweet passion fruit flavor<\/li>\n<li>Frozen Strawberry Kiwi<\/li>\n<li>Banana, cherry, dragon fruit<\/li>\n<\/ul>\n<h2 data-v-md-heading=\"for-you-and-for-your-business-as-well\" data-v-md-line=\"40\">Para voc\u00ea e para o seu neg\u00f3cio tamb\u00e9m.<\/h2>\n<p data-v-md-line=\"41\">Do you want to purchase for yourself? Simple and easy to implement. Choose your favorite flavor and enjoy a long-lasting DTL experience with simple Type-C charging. The audio interactive mode adds fun without affecting your clean and enjoyable suction experience.<\/p>\n<p data-v-md-line=\"43\">Deseja abastecer sua loja? Oferecemos servi\u00e7os de atacado com pre\u00e7o fixo para caixas de 200 unidades (peso bruto de 25,28 kg). Disponibilizamos envios DDP com parceiros confi\u00e1veis \u200b\u200bcomo UPS, DPD e DHL, permitindo o processamento antecipado das tarifas alfandeg\u00e1rias e evitando imprevistos. Como as regulamenta\u00e7\u00f5es variam na Europa, a disponibilidade, a concentra\u00e7\u00e3o de nicotina e o volume de vendas podem diferir conforme o pa\u00eds\/regi\u00e3o.<\/p>\n<h2 data-v-md-heading=\"why-do-you-like-it\" data-v-md-line=\"45\">Por que voc\u00ea gosta disso?<\/h2>\n<ul data-v-md-line=\"46\">\n<li>Suc\u00e7\u00e3o em massa: At\u00e9 25.000 unidades no modo normal, para que voc\u00ea n\u00e3o precise substitu\u00ed-las a cada poucos dias.<\/li>\n<li>Melhoria sob demanda: mude para um e-l\u00edquido mais forte se quiser dar algumas tragadas, economizando algumas tragadas.<\/li>\n<li>M\u00e9todo de carregamento pr\u00e1tico: O carregamento Tipo-C significa que voc\u00ea s\u00f3 precisa do e-l\u00edquido que comprou.<\/li>\n<li>N\u00facleo atomizador de malha dupla: Sabor consistente e vapor suave.<\/li>\n<li>Entrada ajust\u00e1vel: Ajuste a suc\u00e7\u00e3o do DTL conforme desejado.<\/li>\n<li>Divers\u00e3o interativa por \u00e1udio: o dispositivo responder\u00e1 ao som, proporcionando uma experi\u00eancia mais imersiva.<\/li>\n<\/ul>\n<h2 data-v-md-heading=\"why-collaborate-with-agoravape\" data-v-md-line=\"53\">Por que colaborar com a AgoraVape?<\/h2>\n<p data-v-md-line=\"54\">Adquirimos apenas produtos 100% genu\u00ednos de fabricantes confi\u00e1veis. Isso significa que o vape descart\u00e1vel Vozol Gear Shisha 25k Puffs com \u00e1udio interativo DTL oferece pre\u00e7os de atacado confi\u00e1veis, suporte ao produto de alta qualidade e log\u00edstica r\u00e1pida e segura, em conformidade com as normas da UE. Entre em contato conosco para saber mais sobre este vape descart\u00e1vel de longa dura\u00e7\u00e3o e repleto de recursos. Seus clientes certamente voltar\u00e3o.<\/p>\n<p data-v-md-line=\"56\">Declara\u00e7\u00e3o de conformidade: Quando permitido, o teor de nicotina de 5% e a capacidade de 24 mililitros indicados devem ser respeitados. Os regulamentos da Diretiva de Produtos de Tabaco (TPD) da UE podem limitar a concentra\u00e7\u00e3o de nicotina e o volume do e-l\u00edquido, pelo que as varia\u00e7\u00f5es no mercado local e as situa\u00e7\u00f5es de abastecimento podem ser diferentes.<\/p>","protected":false},"excerpt":{"rendered":"<p>&nbsp;<\/p>\n<p><script src=\"chrome-extension:\/\/fpelahbljekknahkcaegamhcndkfpfnc\/iFrame.js\" type=\"text\/javascript\"><\/script><\/p>\n<p><script src=\"chrome-extension:\/\/fpelahbljekknahkcaegamhcndkfpfnc\/iFrame.js\" type=\"text\/javascript\"><\/script><\/p>\n<p><script src=\"chrome-extension:\/\/fpelahbljekknahkcaegamhcndkfpfnc\/iFrame.js\" type=\"text\/javascript\"><\/script><\/p>\n<p><script src=\"chrome-extension:\/\/fpelahbljekknahkcaegamhcndkfpfnc\/iFrame.js\" type=\"text\/javascript\"><\/script><\/p>\n<p><script src=\"chrome-extension:\/\/fpelahbljekknahkcaegamhcndkfpfnc\/iFrame.js\" type=\"text\/javascript\"><\/script><\/p>\n<p><script src=\"chrome-extension:\/\/fpelahbljekknahkcaegamhcndkfpfnc\/iFrame.js\" type=\"text\/javascript\"><\/script><\/p>\n<p><script src=\"chrome-extension:\/\/fpelahbljekknahkcaegamhcndkfpfnc\/iFrame.js\" type=\"text\/javascript\"><\/script><\/p>\n<p><script src=\"chrome-extension:\/\/fpelahbljekknahkcaegamhcndkfpfnc\/iFrame.js\" type=\"text\/javascript\"><\/script><\/p>\n<p><script src=\"chrome-extension:\/\/fpelahbljekknahkcaegamhcndkfpfnc\/iFrame.js\" type=\"text\/javascript\"><\/script><\/p>\n<p><script src=\"chrome-extension:\/\/fpelahbljekknahkcaegamhcndkfpfnc\/iFrame.js\" type=\"text\/javascript\"><\/script><\/p>\n<p><script src=\"chrome-extension:\/\/fpelahbljekknahkcaegamhcndkfpfnc\/iFrame.js\" type=\"text\/javascript\"><\/script><\/p>\n<p><script src=\"chrome-extension:\/\/fpelahbljekknahkcaegamhcndkfpfnc\/iFrame.js\" type=\"text\/javascript\"><\/script><\/p>","protected":false},"featured_media":16554,"comment_status":"open","ping_status":"closed","template":"","meta":[],"product_brand":[226],"product_cat":[124,185,189,194,174,175,193,191,173,186,180,190,192,153],"product_tag":[],"class_list":{"0":"post-16532","1":"product","2":"type-product","3":"status-publish","4":"has-post-thumbnail","6":"product_brand-vozol","7":"product_cat-vape-by-brand","8":"product_cat-10000-puffs-high-capacity","9":"product_cat-20mg-standard-nicotine-vapes","10":"product_cat-adjustable-airflow","11":"product_cat-fruit-flavors","12":"product_cat-icy-mint","13":"product_cat-mesh-coil","14":"product_cat-rechargeable-disposables","15":"product_cat-vape-by-flavor-profile","16":"product_cat-vape-by-nicotine-strength","17":"product_cat-vape-by-puff-count","18":"product_cat-vape-by-feature-or-type","19":"product_cat-vapes-with-screens","20":"product_cat-vozol","22":"first","23":"onbackorder","24":"shipping-taxable","25":"purchasable","26":"product-type-variable","27":"has-default-attributes"},"tiered_pricing_type":"percentage","tiered_pricing_fixed_rules":[],"tiered_pricing_product_settings":{"layout":"default","base_unit_name":{"singular":null,"plural":null},"default_variation":null},"tiered_pricing_minimum_quantity":10,"tiered_pricing_roles_data":[],"tiered_pricing_percentage_rules":{"30":"29","50":"35","100":"40","200":"44","500":"47","1000":"49"},"tiered_pricing_maximum_quantity":null,"tiered_pricing_quantity_step":"10","_links":{"self":[{"href":"https:\/\/agoravape.com\/pt\/wp-json\/wp\/v2\/product\/16532","targetHints":{"allow":["GET"]}}],"collection":[{"href":"https:\/\/agoravape.com\/pt\/wp-json\/wp\/v2\/product"}],"about":[{"href":"https:\/\/agoravape.com\/pt\/wp-json\/wp\/v2\/types\/product"}],"replies":[{"embeddable":true,"href":"https:\/\/agoravape.com\/pt\/wp-json\/wp\/v2\/comments?post=16532"}],"version-history":[{"count":0,"href":"https:\/\/agoravape.com\/pt\/wp-json\/wp\/v2\/product\/16532\/revisions"}],"wp:featuredmedia":[{"embeddable":true,"href":"https:\/\/agoravape.com\/pt\/wp-json\/wp\/v2\/media\/16554"}],"wp:attachment":[{"href":"https:\/\/agoravape.com\/pt\/wp-json\/wp\/v2\/media?parent=16532"}],"wp:term":[{"taxonomy":"product_brand","embeddable":true,"href":"https:\/\/agoravape.com\/pt\/wp-json\/wp\/v2\/product_brand?post=16532"},{"taxonomy":"product_cat","embeddable":true,"href":"https:\/\/agoravape.com\/pt\/wp-json\/wp\/v2\/product_cat?post=16532"},{"taxonomy":"product_tag","embeddable":true,"href":"https:\/\/agoravape.com\/pt\/wp-json\/wp\/v2\/product_tag?post=16532"}],"curies":[{"name":"wp","href":"https:\/\/api.w.org\/{rel}","templated":true}]}}