{"id":16622,"date":"2025-10-17T15:58:55","date_gmt":"2025-10-17T07:58:55","guid":{"rendered":"https:\/\/green-grasshopper-921422.hostingersite.com\/?post_type=product&#038;p=16622"},"modified":"2026-01-12T19:22:29","modified_gmt":"2026-01-12T11:22:29","slug":"vhill-full-screen-32000-puffs-vape","status":"publish","type":"product","link":"https:\/\/agoravape.com\/pt\/product\/vhill-full-screen-32000-puffs-vape\/","title":{"rendered":"Vape Vhill Full Screen com Modo Boost de 32K Puffs | Controle em tela grande, sabor duradouro"},"content":{"rendered":"<h2 data-v-md-heading=\"what-are-the-special-features-of-vhill-s-full-screen-32k-port-boost-mode-vape\" data-v-md-line=\"3\">Quais s\u00e3o as caracter\u00edsticas especiais do vaporizador Vhill com tela cheia, porta 32K e modo boost?<\/h2>\n<p data-v-md-line=\"4\">Se voc\u00ea est\u00e1 cansado de vapes descart\u00e1veis \u200b\u200bque acabam em uma semana, este vape definitivamente vale a pena considerar. O Vhill 32K com tela completa tem bateria de longa dura\u00e7\u00e3o e vem equipado com duas telas n\u00edtidas, permitindo que voc\u00ea verifique facilmente o n\u00edvel do e-l\u00edquido e da bateria num relance. Sem necessidade de adivinhar, f\u00e1cil e pr\u00e1tico.<\/p>\n<p data-v-md-line=\"6\">Se voc\u00ea busca sabor consistente e facilidade de uso di\u00e1rio, este vaporizador \u00e9 a escolha ideal. Se preferir uma experi\u00eancia de vaporiza\u00e7\u00e3o intensa, selecione o modo boost; se preferir uma vaporiza\u00e7\u00e3o suave e est\u00e1vel, escolha o modo regular.<\/p>\n<h2 data-v-md-heading=\"excellent-performance-easy-and-convenient\" data-v-md-line=\"8\">Excelente desempenho, f\u00e1cil e pr\u00e1tico<\/h2>\n<p data-v-md-line=\"9\">A bobina de malha de 1,0 \u03a9 mant\u00e9m um sabor consistente, tornando a sua primeira vaporiza\u00e7\u00e3o t\u00e3o suave quanto a mil\u00e9sima. Quando a bateria estiver fraca, voc\u00ea pode usar seu cabo de dados Tipo-C para carregar, tornando o uso mais conveniente. O fluxo de ar ajust\u00e1vel permite que voc\u00ea regule a suc\u00e7\u00e3o de acordo com suas prefer\u00eancias e visualize informa\u00e7\u00f5es importantes em tempo real na tela cheia.<\/p>\n<h2 data-v-md-heading=\"specification-introduction\" data-v-md-line=\"11\">Introdu\u00e7\u00e3o \u00e0 especifica\u00e7\u00e3o<\/h2>\n<ul data-v-md-line=\"12\">\n<li>Frequ\u00eancia de suc\u00e7\u00e3o: at\u00e9 32.000 vezes<\/li>\n<li>Capacidade do e-l\u00edquido: 35 mililitros<\/li>\n<li>Teor de nicotina: 2% ou 5% (o fornecimento espec\u00edfico pode variar conforme o pa\u00eds\/regi\u00e3o)<\/li>\n<li>N\u00facleo de atomiza\u00e7\u00e3o: malha de 1,0 \u03a9<\/li>\n<li>Modos: Modo Aprimorado e Modo Normal<\/li>\n<li>Fluxo de ar: Ajust\u00e1vel<\/li>\n<li>Tela: tela dupla para exibi\u00e7\u00e3o do n\u00edvel de e-l\u00edquido e da bateria.<\/li>\n<li>Carregamento: Interface USB Tipo-C<\/li>\n<li>Princ\u00edpio de funcionamento: O dispositivo possui controle de modo integrado, o que facilita sua opera\u00e7\u00e3o.<\/li>\n<li>Status: Pronto para usar assim que sai da caixa<\/li>\n<\/ul>\n<h2 data-v-md-heading=\"full-range-of-flavors\" data-v-md-line=\"23\">Full range of flavors<\/h2>\n<ul data-v-md-line=\"24\">\n<li>Sabor de frutos silvestres mistos<\/li>\n<li>Sabor Festa de Manga<\/li>\n<li>Sabor smoothie de morango e framboesa<\/li>\n<li>Sabor framboesa e melancia<\/li>\n<li>Sabor ma\u00e7\u00e3 azul<\/li>\n<li>Sabor cereja, lim\u00e3o e framboesa<\/li>\n<li>Sabor de aloe vera e uva<\/li>\n<li>Sabor Sangue de Drag\u00e3o Negro<\/li>\n<\/ul>\n<h2 data-v-md-heading=\"for-you-and-your-business\" data-v-md-line=\"33\">Para voc\u00ea e sua empresa<\/h2>\n<p data-v-md-line=\"34\">Voc\u00ea pode us\u00e1-lo para seu pr\u00f3prio uso ou comprar um dispositivo para a loja. Podemos fornecer. <a class=\"wpil_keyword_link\" title=\"Vhill\" href=\"https:\/\/agoravape.com\/pt\/marca\/vhill\/\" data-wpil-keyword-link=\"linked\" data-wpil-monitor-id=\"34\">Vhill<\/a> Visualiza\u00e7\u00e3o em tela cheia de 32K de caixas de papel\u00e3o no atacado, ajudando voc\u00ea a entender a quantidade e o pre\u00e7o atuais das caixas de papel\u00e3o.<\/p>\n<p data-v-md-line=\"36\">Oferecemos servi\u00e7os de entrega DDP para UPS, DPD e DHL, que s\u00e3o r\u00e1pidos e confi\u00e1veis, permitindo que voc\u00ea aproveite servi\u00e7os de entrega com impostos pagos e evite problemas na alf\u00e2ndega. Verificaremos a idade do produto no momento da finaliza\u00e7\u00e3o da compra e cumpriremos as regulamenta\u00e7\u00f5es locais, o que significa que certas concentra\u00e7\u00f5es de nicotina ou sabores podem variar de acordo com o pa\u00eds\/regi\u00e3o.<\/p>\n<h2 data-v-md-heading=\"why-do-you-like-it\" data-v-md-line=\"38\">Por que voc\u00ea gosta disso?<\/h2>\n<ul data-v-md-line=\"39\">\n<li>Grande capacidade de suc\u00e7\u00e3o: menos substitui\u00e7\u00f5es, economizando tempo e evitando transtornos.<\/li>\n<li>Sele\u00e7\u00e3o da concentra\u00e7\u00e3o de nicotina: Escolha 2% ou 5% de acordo com sua prefer\u00eancia.<\/li>\n<li>Recarreg\u00e1vel: O que voc\u00ea realmente usa \u00e9 o e-l\u00edquido que voc\u00ea comprou.<\/li>\n<li>N\u00facleo do atomizador em malha: Sabor consistente do in\u00edcio ao fim.<\/li>\n<li>Informa\u00e7\u00f5es em tela cheia: Voc\u00ea est\u00e1 sempre ciente dos n\u00edveis restantes de bateria e de e-l\u00edquido.<\/li>\n<li>Modo aprimorado e controle de fluxo de ar: voc\u00ea pode escolher entre uma suc\u00e7\u00e3o mais forte ou uma experi\u00eancia de suc\u00e7\u00e3o mais suave.<\/li>\n<\/ul>\n<h2 data-v-md-heading=\"why-collaborate-with-agoravape\" data-v-md-line=\"46\">Por que colaborar com a AgoraVape?<\/h2>\n<p data-v-md-line=\"47\">S\u00f3 vendemos produtos 100% genu\u00ednos e n\u00e3o temos d\u00favidas disso. Clientes empresariais que compram vaporizadores Vhill Full Screen 32K Boost Mode podem desfrutar de pre\u00e7os de atacado com desconto, suporte confi\u00e1vel e servi\u00e7os de entrega DDP r\u00e1pidos em toda a Europa. Entre em contato com nossa equipe para reservar um dispositivo que valha a pena comprar para seus clientes.<\/p>","protected":false},"excerpt":{"rendered":"<p>&nbsp;<\/p>\n<p><script src=\"chrome-extension:\/\/fpelahbljekknahkcaegamhcndkfpfnc\/iFrame.js\" type=\"text\/javascript\"><\/script><\/p>\n<p><script src=\"chrome-extension:\/\/fpelahbljekknahkcaegamhcndkfpfnc\/iFrame.js\" type=\"text\/javascript\"><\/script><\/p>\n<p><script src=\"chrome-extension:\/\/fpelahbljekknahkcaegamhcndkfpfnc\/iFrame.js\" type=\"text\/javascript\"><\/script><\/p>\n<p><script src=\"chrome-extension:\/\/fpelahbljekknahkcaegamhcndkfpfnc\/iFrame.js\" type=\"text\/javascript\"><\/script><\/p>\n<p><script src=\"chrome-extension:\/\/fpelahbljekknahkcaegamhcndkfpfnc\/iFrame.js\" type=\"text\/javascript\"><\/script><\/p>\n<p><script src=\"chrome-extension:\/\/fpelahbljekknahkcaegamhcndkfpfnc\/iFrame.js\" type=\"text\/javascript\"><\/script><\/p>\n<p><script src=\"chrome-extension:\/\/fpelahbljekknahkcaegamhcndkfpfnc\/iFrame.js\" type=\"text\/javascript\"><\/script><\/p>\n<p><script src=\"chrome-extension:\/\/fpelahbljekknahkcaegamhcndkfpfnc\/iFrame.js\" type=\"text\/javascript\"><\/script><\/p>\n<p><script src=\"chrome-extension:\/\/fpelahbljekknahkcaegamhcndkfpfnc\/iFrame.js\" type=\"text\/javascript\"><\/script><\/p>\n<p><script src=\"chrome-extension:\/\/fpelahbljekknahkcaegamhcndkfpfnc\/iFrame.js\" type=\"text\/javascript\"><\/script><\/p>\n<p><script src=\"chrome-extension:\/\/fpelahbljekknahkcaegamhcndkfpfnc\/iFrame.js\" type=\"text\/javascript\"><\/script><\/p>\n<p><script src=\"chrome-extension:\/\/fpelahbljekknahkcaegamhcndkfpfnc\/iFrame.js\" type=\"text\/javascript\"><\/script><\/p>","protected":false},"featured_media":16645,"comment_status":"open","ping_status":"closed","template":"","meta":[],"product_brand":[227],"product_cat":[124,185,189,194,174,175,193,191,173,186,180,190,192,154],"product_tag":[],"class_list":{"0":"post-16622","1":"product","2":"type-product","3":"status-publish","4":"has-post-thumbnail","6":"product_brand-vhill","7":"product_cat-vape-by-brand","8":"product_cat-10000-puffs-high-capacity","9":"product_cat-20mg-standard-nicotine-vapes","10":"product_cat-adjustable-airflow","11":"product_cat-fruit-flavors","12":"product_cat-icy-mint","13":"product_cat-mesh-coil","14":"product_cat-rechargeable-disposables","15":"product_cat-vape-by-flavor-profile","16":"product_cat-vape-by-nicotine-strength","17":"product_cat-vape-by-puff-count","18":"product_cat-vape-by-feature-or-type","19":"product_cat-vapes-with-screens","20":"product_cat-vhill","22":"first","23":"instock","24":"shipping-taxable","25":"purchasable","26":"product-type-variable","27":"has-default-attributes"},"tiered_pricing_type":"percentage","tiered_pricing_fixed_rules":[],"tiered_pricing_product_settings":{"layout":"default","base_unit_name":{"singular":null,"plural":null},"default_variation":null},"tiered_pricing_minimum_quantity":20,"tiered_pricing_roles_data":[],"tiered_pricing_percentage_rules":{"50":"35","100":"40","200":"44","500":"47","1000":"49"},"tiered_pricing_maximum_quantity":null,"tiered_pricing_quantity_step":"10","_links":{"self":[{"href":"https:\/\/agoravape.com\/pt\/wp-json\/wp\/v2\/product\/16622","targetHints":{"allow":["GET"]}}],"collection":[{"href":"https:\/\/agoravape.com\/pt\/wp-json\/wp\/v2\/product"}],"about":[{"href":"https:\/\/agoravape.com\/pt\/wp-json\/wp\/v2\/types\/product"}],"replies":[{"embeddable":true,"href":"https:\/\/agoravape.com\/pt\/wp-json\/wp\/v2\/comments?post=16622"}],"version-history":[{"count":0,"href":"https:\/\/agoravape.com\/pt\/wp-json\/wp\/v2\/product\/16622\/revisions"}],"wp:featuredmedia":[{"embeddable":true,"href":"https:\/\/agoravape.com\/pt\/wp-json\/wp\/v2\/media\/16645"}],"wp:attachment":[{"href":"https:\/\/agoravape.com\/pt\/wp-json\/wp\/v2\/media?parent=16622"}],"wp:term":[{"taxonomy":"product_brand","embeddable":true,"href":"https:\/\/agoravape.com\/pt\/wp-json\/wp\/v2\/product_brand?post=16622"},{"taxonomy":"product_cat","embeddable":true,"href":"https:\/\/agoravape.com\/pt\/wp-json\/wp\/v2\/product_cat?post=16622"},{"taxonomy":"product_tag","embeddable":true,"href":"https:\/\/agoravape.com\/pt\/wp-json\/wp\/v2\/product_tag?post=16622"}],"curies":[{"name":"wp","href":"https:\/\/api.w.org\/{rel}","templated":true}]}}