{"id":16740,"date":"2025-10-17T17:26:17","date_gmt":"2025-10-17T09:26:17","guid":{"rendered":"https:\/\/green-grasshopper-921422.hostingersite.com\/?post_type=product&#038;p=16740"},"modified":"2026-01-19T22:02:16","modified_gmt":"2026-01-19T14:02:16","slug":"bug-monkey-12000-puffs-vape","status":"publish","type":"product","link":"https:\/\/agoravape.com\/pt\/product\/bug-monkey-12000-puffs-vape\/","title":{"rendered":"Vape descart\u00e1vel BUG Monkey 12K Puffs Mesh Coil | Sabor duradouro, recarga f\u00e1cil"},"content":{"rendered":"<h2 data-v-md-heading=\"what-is-special-about-the-bug-monkey-12k-mesh-coil-disposable-vape\" data-v-md-line=\"3\">O que tem de especial o vape descart\u00e1vel com bobina de malha BUG Monkey 12K?<\/h2>\n<p data-v-md-line=\"4\">Se est\u00e1 cansado daqueles vapes que s\u00e3o descartados nos dias de semana, vai querer definitivamente dar uma vista de olhos a este produto. O BUG Monkey 12K \u00e9 um vape descart\u00e1vel de alta capacidade equipado com uma bobina de malha lisa e uma interface de carregamento Type-C simples, fornecendo at\u00e9 12000 puffs. Pode conter 18 mililitros de e-l\u00edquido com um teor de nicotina de 2%, proporcionando-lhe uma experi\u00eancia de fumo est\u00e1vel e satisfat\u00f3ria.<\/p>\n<p data-v-md-line=\"6\">Pode pensar-se que um vape com uma capacidade de fumo t\u00e3o grande seria volumoso, mas o seu tamanho compacto vai surpreend\u00ea-lo. A sua forma \u00e9 muito confort\u00e1vel de segurar na m\u00e3o e pode ser facilmente colocada num bolso.<\/p>\n<h2 data-v-md-heading=\"excellent-performance-without-any-complexity\" data-v-md-line=\"8\">Excelente desempenho sem qualquer complexidade<\/h2>\n<p data-v-md-line=\"9\">A bobina de rede assume a grande responsabilidade. \u00c9 aquecida uniformemente e cada dentada \u00e9 t\u00e3o deliciosa como a primeira. A fun\u00e7\u00e3o de ativa\u00e7\u00e3o por suc\u00e7\u00e3o torna tudo mais simples. N\u00e3o \u00e9 necess\u00e1rio manipular nenhum bot\u00e3o. Quando a bateria estiver fraca, basta utilizar um cabo de dados Tipo C (pode j\u00e1 estar a utilizar um cabo de dados do telem\u00f3vel) para o carregar. \u00c9 simples.<\/p>\n<h2 data-v-md-heading=\"specification-introduction\" data-v-md-line=\"11\">Introdu\u00e7\u00e3o \u00e0 especifica\u00e7\u00e3o<\/h2>\n<ul data-v-md-line=\"12\">\n<li>Frequ\u00eancia de suc\u00e7\u00e3o: at\u00e9 12.000 vezes<\/li>\n<li>Teor de nicotina: 2% (20mg\/mL)<\/li>\n<li>E-liquid capacity: 18 milliliters<\/li>\n<li>N\u00facleo de atomiza\u00e7\u00e3o: bobina de malha de 1,1 \u03a9<\/li>\n<li>Bateria: Bateria recarreg\u00e1vel de 800 mAh<\/li>\n<li>Princ\u00edpio de funcionamento: Ativa-se com apenas uma tragada.<\/li>\n<li>Charging: Standard Type-C USB interface<\/li>\n<li>Tamanho: 91 \u00d7 27 \u00d7 47 mil\u00edmetros<\/li>\n<li>Peso: 82 gramas<\/li>\n<li>Estado: Pronto para usar assim que abrir a caixa.<\/li>\n<\/ul>\n<h2 data-v-md-heading=\"multiple-flavor-options\" data-v-md-line=\"23\">Diversas op\u00e7\u00f5es de sabor<\/h2>\n<ul data-v-md-line=\"24\">\n<li>Gelo de Melancia<\/li>\n<li>Sumo de morango<\/li>\n<li>Geleia de uva<\/li>\n<li>Sorvete de p\u00eassego<\/li>\n<li>Gelo de Amora<\/li>\n<li>Anan\u00e1s azedo<\/li>\n<li>Lim\u00e3o e lima<\/li>\n<li>Pista de gelo azul<\/li>\n<li>Maracuj\u00e1 Laranja Rom\u00e3<\/li>\n<li>Bebidas energ\u00e9ticas<\/li>\n<li>Pista de gelo azul<\/li>\n<li>Mirtilos e framboesas<\/li>\n<\/ul>\n<h2 data-v-md-heading=\"to-create-for-you-and-your-business\" data-v-md-line=\"37\">Para criar algo para voc\u00ea e para o seu neg\u00f3cio.<\/h2>\n<p data-v-md-line=\"38\">Pode comprar uma unidade ou comprar a granel em caixas para adicionar \u00e0s suas prateleiras. Fornecemos 10 unidades por caixa e 200 unidades por caixa principal, pelo que pode facilmente expandir a sua encomenda. Fornecemos servi\u00e7os de entrega DDP dentro da Uni\u00e3o Europeia atrav\u00e9s de parceiros de confian\u00e7a como a UPS, DPD e DHL, pelo que as tarifas s\u00e3o pagas antes da chegada e n\u00e3o haver\u00e1 incidentes inesperados na alf\u00e2ndega.<\/p>\n<p data-v-md-line=\"40\">S\u00f3 compramos dispositivos genu\u00ednos da BUG Monkey e fornecemos um envio r\u00e1pido e servi\u00e7os de rastreio completos. Aviso ao retalhista: Este dispositivo cont\u00e9m 18 mililitros de e-l\u00edquido com um teor de nicotina de 2%, pelo que deves verificar os regulamentos locais da TPD e apenas o colocar nos locais permitidos.<\/p>\n<h2 data-v-md-heading=\"why-do-you-like-it\" data-v-md-line=\"42\">Por que voc\u00ea gosta disso?<\/h2>\n<ul data-v-md-line=\"43\">\n<li>Suc\u00e7\u00e3o maci\u00e7a: at\u00e9 12000 baforadas, o que significa menos substitui\u00e7\u00f5es por dispositivo e maior valor.<\/li>\n<li>Nicotina 2%: uma concentra\u00e7\u00e3o conhecida dos fumadores electr\u00f3nicos adultos na Europa.<\/li>\n<li>Recarreg\u00e1vel: O carregamento tipo C pode ajud\u00e1-lo a utilizar 18 mililitros de e-l\u00edquido at\u00e9 \u00e0 \u00faltima gota.<\/li>\n<li>Bobina de malha: aquecimento uniforme, da primeira \u00e0 \u00faltima dentada, com um sabor consistente.<\/li>\n<li>Portabilidade de bolso: Tamanho compacto, conveniente para o transporte di\u00e1rio.<\/li>\n<\/ul>\n<h2 data-v-md-heading=\"why-collaborate-with-agoravape\" data-v-md-line=\"49\">Por que colaborar com a AgoraVape?<\/h2>\n<p data-v-md-line=\"50\">Somos um dos distribuidores de vape mais confi\u00e1veis da Europa e vendemos apenas produtos genu\u00ednos 100%. Ao comprar vapes descart\u00e1veis BUG Monkey 12K com bobinas de malha, voc\u00ea pode desfrutar de pre\u00e7os de atacado com desconto, suporte t\u00e9cnico r\u00e1pido e servi\u00e7os de entrega DDP r\u00e1pidos. Contacte-nos para abastecer os seus clientes e fazer com que fiquem felizes em visit\u00e1-lo novamente.<\/p>","protected":false},"excerpt":{"rendered":"<p>&nbsp;<\/p>\n<p><script src=\"chrome-extension:\/\/fpelahbljekknahkcaegamhcndkfpfnc\/iFrame.js\" type=\"text\/javascript\"><\/script><\/p>\n<p><script src=\"chrome-extension:\/\/fpelahbljekknahkcaegamhcndkfpfnc\/iFrame.js\" type=\"text\/javascript\"><\/script><\/p>\n<p><script src=\"chrome-extension:\/\/fpelahbljekknahkcaegamhcndkfpfnc\/iFrame.js\" type=\"text\/javascript\"><\/script><\/p>\n<p><script src=\"chrome-extension:\/\/fpelahbljekknahkcaegamhcndkfpfnc\/iFrame.js\" type=\"text\/javascript\"><\/script><\/p>\n<p><script src=\"chrome-extension:\/\/fpelahbljekknahkcaegamhcndkfpfnc\/iFrame.js\" type=\"text\/javascript\"><\/script><\/p>\n<p><script src=\"chrome-extension:\/\/fpelahbljekknahkcaegamhcndkfpfnc\/iFrame.js\" type=\"text\/javascript\"><\/script><\/p>\n<p><script src=\"chrome-extension:\/\/fpelahbljekknahkcaegamhcndkfpfnc\/iFrame.js\" type=\"text\/javascript\"><\/script><\/p>\n<p><script src=\"chrome-extension:\/\/fpelahbljekknahkcaegamhcndkfpfnc\/iFrame.js\" type=\"text\/javascript\"><\/script><\/p>\n<p><script src=\"chrome-extension:\/\/fpelahbljekknahkcaegamhcndkfpfnc\/iFrame.js\" type=\"text\/javascript\"><\/script><\/p>\n<p><script src=\"chrome-extension:\/\/fpelahbljekknahkcaegamhcndkfpfnc\/iFrame.js\" type=\"text\/javascript\"><\/script><\/p>\n<p><script src=\"chrome-extension:\/\/fpelahbljekknahkcaegamhcndkfpfnc\/iFrame.js\" type=\"text\/javascript\"><\/script><\/p>\n<p><script src=\"chrome-extension:\/\/fpelahbljekknahkcaegamhcndkfpfnc\/iFrame.js\" type=\"text\/javascript\"><\/script><\/p>","protected":false},"featured_media":16765,"comment_status":"open","ping_status":"closed","template":"","meta":[],"product_brand":[230],"product_cat":[124,185,189,157,174,175,193,191,173,186,180,190],"product_tag":[],"class_list":{"0":"post-16740","1":"product","2":"type-product","3":"status-publish","4":"has-post-thumbnail","6":"product_brand-bug","7":"product_cat-vape-by-brand","8":"product_cat-10000-puffs-high-capacity","9":"product_cat-20mg-standard-nicotine-vapes","10":"product_cat-bug","11":"product_cat-fruit-flavors","12":"product_cat-icy-mint","13":"product_cat-mesh-coil","14":"product_cat-rechargeable-disposables","15":"product_cat-vape-by-flavor-profile","16":"product_cat-vape-by-nicotine-strength","17":"product_cat-vape-by-puff-count","18":"product_cat-vape-by-feature-or-type","20":"first","21":"onbackorder","22":"shipping-taxable","23":"purchasable","24":"product-type-variable","25":"has-default-attributes"},"tiered_pricing_type":"percentage","tiered_pricing_fixed_rules":[],"tiered_pricing_product_settings":{"layout":"default","base_unit_name":{"singular":null,"plural":null},"default_variation":null},"tiered_pricing_minimum_quantity":10,"tiered_pricing_roles_data":[],"tiered_pricing_percentage_rules":{"30":"29","50":"35","100":"40","200":"44","500":"47","1000":"49"},"tiered_pricing_maximum_quantity":null,"tiered_pricing_quantity_step":"10","_links":{"self":[{"href":"https:\/\/agoravape.com\/pt\/wp-json\/wp\/v2\/product\/16740","targetHints":{"allow":["GET"]}}],"collection":[{"href":"https:\/\/agoravape.com\/pt\/wp-json\/wp\/v2\/product"}],"about":[{"href":"https:\/\/agoravape.com\/pt\/wp-json\/wp\/v2\/types\/product"}],"replies":[{"embeddable":true,"href":"https:\/\/agoravape.com\/pt\/wp-json\/wp\/v2\/comments?post=16740"}],"version-history":[{"count":0,"href":"https:\/\/agoravape.com\/pt\/wp-json\/wp\/v2\/product\/16740\/revisions"}],"wp:featuredmedia":[{"embeddable":true,"href":"https:\/\/agoravape.com\/pt\/wp-json\/wp\/v2\/media\/16765"}],"wp:attachment":[{"href":"https:\/\/agoravape.com\/pt\/wp-json\/wp\/v2\/media?parent=16740"}],"wp:term":[{"taxonomy":"product_brand","embeddable":true,"href":"https:\/\/agoravape.com\/pt\/wp-json\/wp\/v2\/product_brand?post=16740"},{"taxonomy":"product_cat","embeddable":true,"href":"https:\/\/agoravape.com\/pt\/wp-json\/wp\/v2\/product_cat?post=16740"},{"taxonomy":"product_tag","embeddable":true,"href":"https:\/\/agoravape.com\/pt\/wp-json\/wp\/v2\/product_tag?post=16740"}],"curies":[{"name":"wp","href":"https:\/\/api.w.org\/{rel}","templated":true}]}}