{"id":16783,"date":"2025-10-17T17:48:41","date_gmt":"2025-10-17T09:48:41","guid":{"rendered":"https:\/\/green-grasshopper-921422.hostingersite.com\/?post_type=product&#038;p=16783"},"modified":"2026-02-22T15:15:14","modified_gmt":"2026-02-22T14:15:14","slug":"bug-15000-puffs-visor-led-vape","status":"publish","type":"product","link":"https:\/\/agoravape.com\/pt\/product\/bug-15000-puffs-led-display-vape\/","title":{"rendered":"Caneta Vape recarreg\u00e1vel com ecr\u00e3 LED BUG 15K Puffs | Grande capacidade, ecr\u00e3 transparente"},"content":{"rendered":"<h2 data-v-md-heading=\"what-are-the-special-features-of-the-15k-suction-led-display-rechargeable-vape\" data-v-md-line=\"3\">Quais s\u00e3o as carater\u00edsticas especiais do vape recarreg\u00e1vel com ecr\u00e3 LED de suc\u00e7\u00e3o 15K?<\/h2>\n<p data-v-md-line=\"4\">Se est\u00e1 cansado de substituir os vaporizadores descart\u00e1veis a cada poucos dias, este produto facilitar\u00e1 a sua vida. O BUG 15K tem uma bateria de longa dura\u00e7\u00e3o, at\u00e9 15000 baforadas, e est\u00e1 equipado com um pr\u00e1tico ecr\u00e3 LED, o que facilita a sua visualiza\u00e7\u00e3o r\u00e1pida.<\/p>\n<p data-v-md-line=\"6\">\u00c9 adequado para qualquer pessoa que pretenda um sabor duradouro e sem esfor\u00e7o. Ao carregar com o Type-C e iniciar a suc\u00e7\u00e3o, gra\u00e7as \u00e0 bobina de malha, obter\u00e1 um desempenho consistente. \u00c9 simples assim.<\/p>\n<h2 data-v-md-heading=\"excellent-performance-worry-free\" data-v-md-line=\"8\">Excelente desempenho, sem preocupa\u00e7\u00f5es.<\/h2>\n<p data-v-md-line=\"9\">A bobina de malha \u00e9 o n\u00facleo do BUG 15K, de modo que cada suc\u00e7\u00e3o pode manter um sabor limpo e uniforme do in\u00edcio ao fim. A bateria de 800mAh \u00e9 recarreg\u00e1vel, pelo que pode utilizar o e-l\u00edquido completo de 20ml em vez de deitar fora o e-l\u00edquido comprado. Quando a bateria estiver fraca, pode utilizar o mesmo cabo de dados Tipo C do seu telem\u00f3vel para a carregar. \u00c9 simples.<\/p>\n<p data-v-md-line=\"11\">Com tantas baforadas de vapores e um volume enorme, continua a ser f\u00e1cil de transportar e confort\u00e1vel de segurar na m\u00e3o.<\/p>\n<h2 data-v-md-heading=\"specification-overview\" data-v-md-line=\"13\">Vis\u00e3o geral das especifica\u00e7\u00f5es<\/h2>\n<p data-v-md-line=\"14\"><strong>N\u00famero de portos<\/strong>: at\u00e9 15000 portas<br \/>\n<strong>Teor de nicotina<\/strong>2% Nicotina<br \/>\n<strong>Princ\u00edpio de funcionamento<\/strong>: Ativado por inala\u00e7\u00e3o<br \/>\n<strong>Carregando<\/strong>Porta USB tipo C padr\u00e3o<br \/>\n<strong>Status<\/strong>Pronto para usar assim que abrir a caixa.<br \/>\n*Outros pormenores:<br \/>\n-Bobina de malha 1.1 \u03a9<br \/>\n-Capacidade do l\u00edquido E 20 mililitros<br \/>\n-Bateria recarreg\u00e1vel de 800mAh<br \/>\n-Ecr\u00e3 de visualiza\u00e7\u00e3o LED<br \/>\n-Tamanho 125 \u00d7 32 mm<br \/>\n-Peso 100 gramas<\/p>\n<h2 data-v-md-heading=\"for-you-and-your-business\" data-v-md-line=\"27\">Para voc\u00ea e sua empresa<\/h2>\n<p data-v-md-line=\"28\">Escolha um para si ou adicione-o \u00e0 sua loja. Vendemos por grosso 200 unidades por caixa para garantir que as suas prateleiras est\u00e3o sempre cheias e que o cliente est\u00e1 satisfeito. Tamb\u00e9m fornecemos servi\u00e7os de envio DDP fi\u00e1veis com parceiros como a UPS, DPD e DHL, garantindo que as tarifas e os impostos s\u00e3o pr\u00e9-processados para evitar situa\u00e7\u00f5es inesperadas na alf\u00e2ndega.<\/p>\n<p data-v-md-line=\"30\">A situa\u00e7\u00e3o do fornecimento pode variar consoante os pa\u00edses\/regi\u00f5es. Se for um comprador B2B, consulte os regulamentos locais e os requisitos TPD antes de efetuar uma encomenda.<\/p>\n<h2 data-v-md-heading=\"why-do-you-like-it\" data-v-md-line=\"32\">Por que voc\u00ea gosta disso?<\/h2>\n<p data-v-md-line=\"33\"><strong>Grande capacidade de suc\u00e7\u00e3o:<\/strong>\u00a0Menos recargas e menos encomendas repetidas.<br \/>\n<strong>2% de nicotina:<\/strong>\u00a0Concentra\u00e7\u00e3o est\u00e1vel e familiar, adequada para utiliza\u00e7\u00e3o di\u00e1ria.<br \/>\n<strong>Recarreg\u00e1vel:<\/strong>\u00a0Utiliza todos os 20 mililitros de e-l\u00edquido sem desperd\u00edcio.<br \/>\n<strong>N\u00facleo de atomiza\u00e7\u00e3o em malha<\/strong>: Sabor consistente e suc\u00e7\u00e3o suave.<br \/>\n<strong>Ecr\u00e3 de LED:<\/strong>\u00a0Informa\u00e7\u00f5es r\u00e1pidas e claras num relance.<br \/>\n<strong>Tipo C Carregamento:<\/strong>\u00a0O carregamento pode ser efectuado utilizando um cabo de dados normal.<\/p>\n<h2 data-v-md-heading=\"why-choose-to-collaborate-with-agoravape\" data-v-md-line=\"40\">Por que escolher colaborar com a AgoraVape?<\/h2>\n<p data-v-md-line=\"41\">Vendemos apenas produtos genu\u00ednos 100%. BUG 15K Puffs LED display recarreg\u00e1vel vape pen, voc\u00ea pode desfrutar de pre\u00e7os de atacado com desconto, suporte ao cliente amig\u00e1vel e servi\u00e7os de entrega r\u00e1pida e rastre\u00e1vel na Europa. Cumprimos as regras de verifica\u00e7\u00e3o de idade e garantimos a seguran\u00e7a do pagamento, permitindo-lhe concentrar-se no atendimento aos clientes. Quer um produto duradouro e popular? Estamos sempre prontos para o abastecer.<\/p>","protected":false},"excerpt":{"rendered":"<p>&nbsp;<\/p>\n<p><script src=\"chrome-extension:\/\/fpelahbljekknahkcaegamhcndkfpfnc\/iFrame.js\" type=\"text\/javascript\"><\/script><\/p>\n<p><script src=\"chrome-extension:\/\/fpelahbljekknahkcaegamhcndkfpfnc\/iFrame.js\" type=\"text\/javascript\"><\/script><\/p>\n<p><script src=\"chrome-extension:\/\/fpelahbljekknahkcaegamhcndkfpfnc\/iFrame.js\" type=\"text\/javascript\"><\/script><\/p>\n<p><script src=\"chrome-extension:\/\/fpelahbljekknahkcaegamhcndkfpfnc\/iFrame.js\" type=\"text\/javascript\"><\/script><\/p>\n<p><script src=\"chrome-extension:\/\/fpelahbljekknahkcaegamhcndkfpfnc\/iFrame.js\" type=\"text\/javascript\"><\/script><\/p>\n<p><script src=\"chrome-extension:\/\/fpelahbljekknahkcaegamhcndkfpfnc\/iFrame.js\" type=\"text\/javascript\"><\/script><\/p>\n<p><script src=\"chrome-extension:\/\/fpelahbljekknahkcaegamhcndkfpfnc\/iFrame.js\" type=\"text\/javascript\"><\/script><\/p>\n<p><script src=\"chrome-extension:\/\/fpelahbljekknahkcaegamhcndkfpfnc\/iFrame.js\" type=\"text\/javascript\"><\/script><\/p>\n<p><script src=\"chrome-extension:\/\/fpelahbljekknahkcaegamhcndkfpfnc\/iFrame.js\" type=\"text\/javascript\"><\/script><\/p>\n<p><script src=\"chrome-extension:\/\/fpelahbljekknahkcaegamhcndkfpfnc\/iFrame.js\" type=\"text\/javascript\"><\/script><\/p>\n<p><script src=\"chrome-extension:\/\/fpelahbljekknahkcaegamhcndkfpfnc\/iFrame.js\" type=\"text\/javascript\"><\/script><\/p>\n<p><script src=\"chrome-extension:\/\/fpelahbljekknahkcaegamhcndkfpfnc\/iFrame.js\" type=\"text\/javascript\"><\/script><\/p>","protected":false},"featured_media":16806,"comment_status":"open","ping_status":"closed","template":"","meta":[],"product_brand":[230],"product_cat":[124,185,189,157,174,175,193,191,173,186,180,190,192],"product_tag":[],"class_list":{"0":"post-16783","1":"product","2":"type-product","3":"status-publish","4":"has-post-thumbnail","6":"product_brand-bug","7":"product_cat-vape-by-brand","8":"product_cat-10000-puffs-high-capacity","9":"product_cat-20mg-standard-nicotine-vapes","10":"product_cat-bug","11":"product_cat-fruit-flavors","12":"product_cat-icy-mint","13":"product_cat-mesh-coil","14":"product_cat-rechargeable-disposables","15":"product_cat-vape-by-flavor-profile","16":"product_cat-vape-by-nicotine-strength","17":"product_cat-vape-by-puff-count","18":"product_cat-vape-by-feature-or-type","19":"product_cat-vapes-with-screens","21":"first","22":"onbackorder","23":"shipping-taxable","24":"purchasable","25":"product-type-variable","26":"has-default-attributes"},"tiered_pricing_type":"percentage","tiered_pricing_fixed_rules":[],"tiered_pricing_product_settings":{"layout":"default","base_unit_name":{"singular":null,"plural":null},"default_variation":null},"tiered_pricing_minimum_quantity":10,"tiered_pricing_roles_data":[],"tiered_pricing_percentage_rules":{"30":"29","50":"35","100":"40","200":"44","500":"47","1000":"49"},"tiered_pricing_maximum_quantity":null,"tiered_pricing_quantity_step":"10","_links":{"self":[{"href":"https:\/\/agoravape.com\/pt\/wp-json\/wp\/v2\/product\/16783","targetHints":{"allow":["GET"]}}],"collection":[{"href":"https:\/\/agoravape.com\/pt\/wp-json\/wp\/v2\/product"}],"about":[{"href":"https:\/\/agoravape.com\/pt\/wp-json\/wp\/v2\/types\/product"}],"replies":[{"embeddable":true,"href":"https:\/\/agoravape.com\/pt\/wp-json\/wp\/v2\/comments?post=16783"}],"version-history":[{"count":0,"href":"https:\/\/agoravape.com\/pt\/wp-json\/wp\/v2\/product\/16783\/revisions"}],"wp:featuredmedia":[{"embeddable":true,"href":"https:\/\/agoravape.com\/pt\/wp-json\/wp\/v2\/media\/16806"}],"wp:attachment":[{"href":"https:\/\/agoravape.com\/pt\/wp-json\/wp\/v2\/media?parent=16783"}],"wp:term":[{"taxonomy":"product_brand","embeddable":true,"href":"https:\/\/agoravape.com\/pt\/wp-json\/wp\/v2\/product_brand?post=16783"},{"taxonomy":"product_cat","embeddable":true,"href":"https:\/\/agoravape.com\/pt\/wp-json\/wp\/v2\/product_cat?post=16783"},{"taxonomy":"product_tag","embeddable":true,"href":"https:\/\/agoravape.com\/pt\/wp-json\/wp\/v2\/product_tag?post=16783"}],"curies":[{"name":"wp","href":"https:\/\/api.w.org\/{rel}","templated":true}]}}