{"id":16821,"date":"2025-10-17T17:58:48","date_gmt":"2025-10-17T09:58:48","guid":{"rendered":"https:\/\/green-grasshopper-921422.hostingersite.com\/?post_type=product&#038;p=16821"},"modified":"2026-01-19T22:02:03","modified_gmt":"2026-01-19T14:02:03","slug":"bug-12000-puffs-rgb-light-vape","status":"publish","type":"product","link":"https:\/\/agoravape.com\/pt\/product\/bug-12000-puffs-rgb-light-vape\/","title":{"rendered":"BUG 12K Puffs LED Display Vape com luz RGB | Longa dura\u00e7\u00e3o, simples e de apar\u00eancia n\u00edtida"},"content":{"rendered":"<h2 data-v-md-heading=\"bug-12k-suction-capacity-led-display-vape-with-rgb-light-what-s-special-about-it\" data-v-md-line=\"3\">BUG 12K capacidade de suc\u00e7\u00e3o LED display vape com luz RGB, o que tem de especial?<\/h2>\n<p data-v-md-line=\"4\">Se est\u00e1 cansado de vaporizadores descart\u00e1veis que consomem demasiado combust\u00edvel, este produto vai definitivamente faz\u00ea-lo adorar. O vape BUG 12K tem uma capacidade de at\u00e9 12000 baforadas, equipado com um ecr\u00e3 LED n\u00edtido e luzes RGB apelativas, com um aspeto elegante mas discreto. Foi concebido para aqueles que procuram durabilidade, sabor puro e zero encargos.<\/p>\n<p data-v-md-line=\"6\">Pode pensar-se que ter um vape com uma capacidade de fumo t\u00e3o elevada o tornaria volumoso, mas este vape \u00e9 muito port\u00e1til. Pesa 91 gramas e mede aproximadamente 116 x 32 mil\u00edmetros, o que o torna f\u00e1cil de colocar num bolso ou numa mala. O teor de nicotina \u00e9 de 2%, pronto a ser utilizado logo que sai da caixa. Quando a bateria estiver fraca, basta usar o cabo de dados Tipo C para a carregar.<\/p>\n<h2 data-v-md-heading=\"excellent-performance-easy-and-convenient\" data-v-md-line=\"8\">Excelente desempenho, f\u00e1cil e pr\u00e1tico<\/h2>\n<p data-v-md-line=\"9\">A bobina de malha assume a grande responsabilidade. Consegue aquecer uniformemente, fazendo com que a primeira mordida seja t\u00e3o suave como a cent\u00e9sima. Uma bobina de 1,1 \u03a9 ajuda a manter um sabor suave e consistente. Inclui 16ml de e-l\u00edquido e uma bateria recarreg\u00e1vel de 800mAh. Quando for necess\u00e1rio carregar, basta utilizar o mesmo cabo de dados Tipo C do telem\u00f3vel. Simples e c\u00f3modo.<\/p>\n<h2 data-v-md-heading=\"specification-introduction\" data-v-md-line=\"11\">Introdu\u00e7\u00e3o \u00e0 especifica\u00e7\u00e3o<\/h2>\n<ul data-v-md-line=\"12\">\n<li>Frequ\u00eancia de suc\u00e7\u00e3o: at\u00e9 12.000 vezes<\/li>\n<li>Teor de nicotina: 2% (20mg\/mL)<\/li>\n<li>Princ\u00edpio de funcionamento: Ativado por inala\u00e7\u00e3o<\/li>\n<li>Carregamento: Interface USB Tipo-C<\/li>\n<li>Status: Pronto para usar assim que sai da caixa<\/li>\n<li>N\u00facleo atomizador: malha de 1,1 \u03a9<\/li>\n<li>Capacidade do e-l\u00edquido: 16 mililitros<\/li>\n<li>Bateria: Bateria recarreg\u00e1vel de 800 mAh<\/li>\n<li>Ecr\u00e3 de visualiza\u00e7\u00e3o e ilumina\u00e7\u00e3o: Ecr\u00e3 de LED com luzes RGB<\/li>\n<li>Carater\u00edsticas adicionais: inclui uma corda para pendurar<\/li>\n<li>Tamanho e peso: 116 \u00d7 32 mil\u00edmetros, 91 gramas<\/li>\n<\/ul>\n<h2 data-v-md-heading=\"for-you-and-your-business\" data-v-md-line=\"24\">Para voc\u00ea e sua empresa<\/h2>\n<p data-v-md-line=\"25\">Quer comprar para si? Simples e f\u00e1cil de implementar. Adicione ao carrinho de compras e desfrute de uma experi\u00eancia vape duradoura e f\u00e1cil de utilizar com leituras LED claras e uma ilumina\u00e7\u00e3o RGB impressionante.<\/p>\n<p data-v-md-line=\"27\">Est\u00e1 a fazer compras numa loja f\u00edsica ou numa loja online? Fornecemos vapes BUG 12K genu\u00ednos sob a forma de caixas de cart\u00e3o por grosso, com pre\u00e7os favor\u00e1veis e fornecimento est\u00e1vel. Trabalhamos com parceiros de confian\u00e7a como a UPS, DPD e DHL para fornecer servi\u00e7os de entrega DDP, pelo que as tarifas podem ser processadas antecipadamente para evitar acidentes alfandeg\u00e1rios. A nossa equipa pode ajud\u00e1-lo a planear a sua carteira de produtos para satisfazer os clientes que regressam.<\/p>\n<h2 data-v-md-heading=\"why-do-you-like-it\" data-v-md-line=\"29\">Por que voc\u00ea gosta disso?<\/h2>\n<ul data-v-md-line=\"30\">\n<li>Grande capacidade de suc\u00e7\u00e3o: at\u00e9 12K portas, permitindo-lhe reduzir os tempos de substitui\u00e7\u00e3o e desfrutar de mais divers\u00e3o.<\/li>\n<li>Carregamento c\u00f3modo: O carregamento tipo C significa que pode utilizar todos os e-l\u00edquidos comprados.<\/li>\n<li>Sabor consistente: A bobina de rede garante uma textura suave do in\u00edcio ao fim.<\/li>\n<li>F\u00e1cil de utilizar: O ecr\u00e3 LED apresenta uma imagem clara e a ilumina\u00e7\u00e3o RGB d\u00e1 um toque de divers\u00e3o.<\/li>\n<li>Port\u00e1til e f\u00e1cil de transportar: O corpo compacto est\u00e1 equipado com uma pr\u00e1tica corda para pendurar, o que facilita o transporte.<\/li>\n<\/ul>\n<h2 data-v-md-heading=\"why-choose-agoravape\" data-v-md-line=\"36\">Por que escolher a AgoraVape?<\/h2>\n<p data-v-md-line=\"37\">Apenas vendemos produtos genu\u00ednos 100% de marcas de confian\u00e7a. Ao adquirir os vapes com ecr\u00e3 LED BUG 12K (com ilumina\u00e7\u00e3o RGB), pode desfrutar de pre\u00e7os grossistas com desconto, apoio t\u00e9cnico r\u00e1pido e servi\u00e7os de entrega r\u00e1pida DDP na Europa. Discuta connosco como reservar equipamento que os seus clientes voltar\u00e3o a comprar.<\/p>","protected":false},"excerpt":{"rendered":"<p>&nbsp;<\/p>\n<p><script src=\"chrome-extension:\/\/fpelahbljekknahkcaegamhcndkfpfnc\/iFrame.js\" type=\"text\/javascript\"><\/script><\/p>\n<p><script src=\"chrome-extension:\/\/fpelahbljekknahkcaegamhcndkfpfnc\/iFrame.js\" type=\"text\/javascript\"><\/script><\/p>\n<p><script src=\"chrome-extension:\/\/fpelahbljekknahkcaegamhcndkfpfnc\/iFrame.js\" type=\"text\/javascript\"><\/script><\/p>\n<p><script src=\"chrome-extension:\/\/fpelahbljekknahkcaegamhcndkfpfnc\/iFrame.js\" type=\"text\/javascript\"><\/script><\/p>\n<p><script src=\"chrome-extension:\/\/fpelahbljekknahkcaegamhcndkfpfnc\/iFrame.js\" type=\"text\/javascript\"><\/script><\/p>\n<p><script src=\"chrome-extension:\/\/fpelahbljekknahkcaegamhcndkfpfnc\/iFrame.js\" type=\"text\/javascript\"><\/script><\/p>\n<p><script src=\"chrome-extension:\/\/fpelahbljekknahkcaegamhcndkfpfnc\/iFrame.js\" type=\"text\/javascript\"><\/script><\/p>\n<p><script src=\"chrome-extension:\/\/fpelahbljekknahkcaegamhcndkfpfnc\/iFrame.js\" type=\"text\/javascript\"><\/script><\/p>\n<p><script src=\"chrome-extension:\/\/fpelahbljekknahkcaegamhcndkfpfnc\/iFrame.js\" type=\"text\/javascript\"><\/script><\/p>\n<p><script src=\"chrome-extension:\/\/fpelahbljekknahkcaegamhcndkfpfnc\/iFrame.js\" type=\"text\/javascript\"><\/script><\/p>\n<p><script src=\"chrome-extension:\/\/fpelahbljekknahkcaegamhcndkfpfnc\/iFrame.js\" type=\"text\/javascript\"><\/script><\/p>\n<p><script src=\"chrome-extension:\/\/fpelahbljekknahkcaegamhcndkfpfnc\/iFrame.js\" type=\"text\/javascript\"><\/script><\/p>","protected":false},"featured_media":16846,"comment_status":"open","ping_status":"closed","template":"","meta":[],"product_brand":[230],"product_cat":[124,185,189,157,174,175,193,191,173,186,180,190,192],"product_tag":[],"class_list":{"0":"post-16821","1":"product","2":"type-product","3":"status-publish","4":"has-post-thumbnail","6":"product_brand-bug","7":"product_cat-vape-by-brand","8":"product_cat-10000-puffs-high-capacity","9":"product_cat-20mg-standard-nicotine-vapes","10":"product_cat-bug","11":"product_cat-fruit-flavors","12":"product_cat-icy-mint","13":"product_cat-mesh-coil","14":"product_cat-rechargeable-disposables","15":"product_cat-vape-by-flavor-profile","16":"product_cat-vape-by-nicotine-strength","17":"product_cat-vape-by-puff-count","18":"product_cat-vape-by-feature-or-type","19":"product_cat-vapes-with-screens","21":"first","22":"onbackorder","23":"shipping-taxable","24":"purchasable","25":"product-type-variable","26":"has-default-attributes"},"tiered_pricing_type":"percentage","tiered_pricing_fixed_rules":[],"tiered_pricing_product_settings":{"layout":"default","base_unit_name":{"singular":null,"plural":null},"default_variation":null},"tiered_pricing_minimum_quantity":10,"tiered_pricing_roles_data":[],"tiered_pricing_percentage_rules":{"30":"29","50":"35","100":"40","200":"44","500":"47","1000":"49"},"tiered_pricing_maximum_quantity":null,"tiered_pricing_quantity_step":"10","_links":{"self":[{"href":"https:\/\/agoravape.com\/pt\/wp-json\/wp\/v2\/product\/16821","targetHints":{"allow":["GET"]}}],"collection":[{"href":"https:\/\/agoravape.com\/pt\/wp-json\/wp\/v2\/product"}],"about":[{"href":"https:\/\/agoravape.com\/pt\/wp-json\/wp\/v2\/types\/product"}],"replies":[{"embeddable":true,"href":"https:\/\/agoravape.com\/pt\/wp-json\/wp\/v2\/comments?post=16821"}],"version-history":[{"count":0,"href":"https:\/\/agoravape.com\/pt\/wp-json\/wp\/v2\/product\/16821\/revisions"}],"wp:featuredmedia":[{"embeddable":true,"href":"https:\/\/agoravape.com\/pt\/wp-json\/wp\/v2\/media\/16846"}],"wp:attachment":[{"href":"https:\/\/agoravape.com\/pt\/wp-json\/wp\/v2\/media?parent=16821"}],"wp:term":[{"taxonomy":"product_brand","embeddable":true,"href":"https:\/\/agoravape.com\/pt\/wp-json\/wp\/v2\/product_brand?post=16821"},{"taxonomy":"product_cat","embeddable":true,"href":"https:\/\/agoravape.com\/pt\/wp-json\/wp\/v2\/product_cat?post=16821"},{"taxonomy":"product_tag","embeddable":true,"href":"https:\/\/agoravape.com\/pt\/wp-json\/wp\/v2\/product_tag?post=16821"}],"curies":[{"name":"wp","href":"https:\/\/api.w.org\/{rel}","templated":true}]}}