{"id":16862,"date":"2025-10-17T18:05:48","date_gmt":"2025-10-17T10:05:48","guid":{"rendered":"https:\/\/green-grasshopper-921422.hostingersite.com\/?post_type=product&#038;p=16862"},"modified":"2026-01-19T22:01:57","modified_gmt":"2026-01-19T14:01:57","slug":"bug-bc5000-puffs-vape","status":"publish","type":"product","link":"https:\/\/agoravape.com\/pt\/product\/bug-bc5000-puffs-vape\/","title":{"rendered":"BUG BC5000 Puffs Compact Mesh Coil Disposable Vape | Sabor intenso e duradouro"},"content":{"rendered":"<h2 data-v-md-heading=\"what-is-special-about-the-bug-bc5000-compact-mesh-coil-disposable-vape\" data-v-md-line=\"3\">O que tem de especial o Vape descart\u00e1vel com bobina de malha compacta BUG BC5000?<\/h2>\n<p data-v-md-line=\"4\">Se est\u00e1 cansado dos cigarros electr\u00f3nicos descart\u00e1veis que expiram num dia, este produto \u00e9 exatamente o que precisa. O BUG BC5000 est\u00e1 equipado com uma bobina de malha que pode atingir at\u00e9 5000 suc\u00e7\u00f5es, mantendo um sabor est\u00e1vel desde a primeira at\u00e9 \u00e0 \u00faltima dentada.<\/p>\n<p data-v-md-line=\"6\">Se pretende um vape fi\u00e1vel e pr\u00e1tico, esta \u00e9 a escolha ideal. N\u00e3o h\u00e1 necessidade de bot\u00f5es, nem de menus. Basta carregar atrav\u00e9s da interface Tipo C para inalar ar. Pode pensar-se que os vapes com tantas baforadas s\u00e3o volumosos, mas o seu tamanho \u00e9 de apenas 81 \u00d7 41 \u00d7 20 mil\u00edmetros e o peso \u00e9 de apenas 50 gramas, o que os torna muito pr\u00e1ticos de transportar.<\/p>\n<h2 data-v-md-heading=\"excellent-performance-easy-and-convenient\" data-v-md-line=\"8\">Excelente desempenho, f\u00e1cil e pr\u00e1tico<\/h2>\n<p data-v-md-line=\"9\">A bobina de malha \u00e9 aquecida uniformemente, tornando cada mordida t\u00e3o deliciosa quanto o primeiro gosto. Utiliza uma resist\u00eancia de 1,1 \u03a9, equilibrando um fumo suave e um sabor rico. Quando a bateria estiver fraca, pode utilizar o mesmo cabo de dados Tipo C do seu telem\u00f3vel para a carregar. \u00c9 simples.<\/p>\n<h2 data-v-md-heading=\"specification-introduction\" data-v-md-line=\"11\">Introdu\u00e7\u00e3o \u00e0 especifica\u00e7\u00e3o<\/h2>\n<p data-v-md-line=\"12\"><strong>Frequ\u00eancia de aspira\u00e7\u00e3o<\/strong>: at\u00e9 5000 vezes<br \/>\n<strong>Teor de nicotina<\/strong>: 2% Sal de nicotina<br \/>\n<strong>Princ\u00edpio de funcionamento<\/strong>Basta inalar para ativar.<br \/>\n<strong>Carregando<\/strong>: Interface padr\u00e3o Tipo C<br \/>\n<strong>Status<\/strong>Pronto para usar assim que abrir a caixa.<\/p>\n<h2 data-v-md-heading=\"multiple-flavor-options\" data-v-md-line=\"18\">Diversas op\u00e7\u00f5es de sabor<\/h2>\n<ul data-v-md-line=\"19\">\n<li>Gelo de Melancia<\/li>\n<li>Sumo de morango<\/li>\n<li>Geleia de uva<\/li>\n<li>Sorvete de p\u00eassego<\/li>\n<li>Gelo de Amora<\/li>\n<li>Anan\u00e1s azedo<\/li>\n<li>Lim\u00e3o e lima<\/li>\n<li>Pista de gelo azul<\/li>\n<li>Morango e Manga<\/li>\n<li>Mirtilo Baga<\/li>\n<li>Ma\u00e7\u00e3 \u00e1cida com framboesa<\/li>\n<li>Mirtilos e framboesas<\/li>\n<\/ul>\n<h2 data-v-md-heading=\"for-you-for-your-business\" data-v-md-line=\"32\">Para voc\u00ea, para o seu neg\u00f3cio<\/h2>\n<p data-v-md-line=\"33\">Pode adquirir o BUG BC5000 para si ou adicion\u00e1-lo \u00e0 sua loja. Oferecemos caixas de 10 unidades por grosso e caixas grandes de 200 unidades para satisfazer os requisitos de encomendas a granel. O dispositivo est\u00e1 equipado com um reservat\u00f3rio de e-l\u00edquido de 12 mililitros e uma bateria recarreg\u00e1vel de 500mAh, assegurando que os clientes podem utilizar plenamente cada gota de e-l\u00edquido.<\/p>\n<p data-v-md-line=\"35\">Utilizamos parceiros de confian\u00e7a como a UPS, a DPD e a DHL para efetuar envios dentro da Europa atrav\u00e9s da DDP, para que as tarifas e os procedimentos alfandeg\u00e1rios possam ser processados antecipadamente e as informa\u00e7\u00f5es de rastreio sejam claras. Devido \u00e0 capacidade do dispositivo de 12 mililitros, verifique os regulamentos locais antes de encomendar produtos de nicotina.<\/p>\n<h2 data-v-md-heading=\"why-do-you-like-it\" data-v-md-line=\"37\">Por que voc\u00ea gosta disso?<\/h2>\n<p data-v-md-line=\"38\"><strong>Grande capacidade de suc\u00e7\u00e3o:<\/strong>\u00a0Dur\u00e1vel e de longa dura\u00e7\u00e3o, n\u00e3o \u00e9 necess\u00e1rio comprar frequentemente novos l\u00edquidos electr\u00f3nicos.<br \/>\n<strong>2% de nicotina:<\/strong>\u00a0Concentra\u00e7\u00e3o moderada, sabor encorpado, mas n\u00e3o pungente.<br \/>\n<strong>Recarreg\u00e1vel:<\/strong>\u00a0Pode utilizar todos os e-l\u00edquidos comprados.<br \/>\n<strong>N\u00facleo do atomizador em malha:<\/strong>\u00a0O sabor \u00e9 consistente e pode desfrutar sempre de uma experi\u00eancia de suc\u00e7\u00e3o suave.<br \/>\n<strong>Estrutura compacta:<\/strong>\u00a0F\u00e1cil de transportar, pega confort\u00e1vel.<\/p>\n<h2 data-v-md-heading=\"why-choose-to-collaborate-with-agoravape\" data-v-md-line=\"44\">Por que escolher colaborar com a AgoraVape?<\/h2>\n<p data-v-md-line=\"45\">Vendemos apenas equipamento genu\u00edno 100% e n\u00e3o temos d\u00favidas quanto a isso. O BUG BC5000 fornece pre\u00e7os por atacado altamente competitivos, suporte de resposta r\u00e1pida e servi\u00e7os de entrega DDP r\u00e1pidos. Utilizamos gateways de pagamento seguros e poderosos mecanismos de verifica\u00e7\u00e3o de idade para garantir a conformidade do produto. A nossa pol\u00edtica de devolu\u00e7\u00e3o \u00e9 clara e expl\u00edcita, permitindo-lhe comprar com tranquilidade. Est\u00e1 pronto para adquirir um dispositivo que os clientes ir\u00e3o rever? Bem-vindo ao inqu\u00e9rito.<\/p>","protected":false},"excerpt":{"rendered":"<p>&nbsp;<\/p>\n<p><script src=\"chrome-extension:\/\/fpelahbljekknahkcaegamhcndkfpfnc\/iFrame.js\" type=\"text\/javascript\"><\/script><\/p>\n<p><script src=\"chrome-extension:\/\/fpelahbljekknahkcaegamhcndkfpfnc\/iFrame.js\" type=\"text\/javascript\"><\/script><\/p>\n<p><script src=\"chrome-extension:\/\/fpelahbljekknahkcaegamhcndkfpfnc\/iFrame.js\" type=\"text\/javascript\"><\/script><\/p>\n<p><script src=\"chrome-extension:\/\/fpelahbljekknahkcaegamhcndkfpfnc\/iFrame.js\" type=\"text\/javascript\"><\/script><\/p>\n<p><script src=\"chrome-extension:\/\/fpelahbljekknahkcaegamhcndkfpfnc\/iFrame.js\" type=\"text\/javascript\"><\/script><\/p>\n<p><script src=\"chrome-extension:\/\/fpelahbljekknahkcaegamhcndkfpfnc\/iFrame.js\" type=\"text\/javascript\"><\/script><\/p>\n<p><script src=\"chrome-extension:\/\/fpelahbljekknahkcaegamhcndkfpfnc\/iFrame.js\" type=\"text\/javascript\"><\/script><\/p>\n<p><script src=\"chrome-extension:\/\/fpelahbljekknahkcaegamhcndkfpfnc\/iFrame.js\" type=\"text\/javascript\"><\/script><\/p>\n<p><script src=\"chrome-extension:\/\/fpelahbljekknahkcaegamhcndkfpfnc\/iFrame.js\" type=\"text\/javascript\"><\/script><\/p>\n<p><script src=\"chrome-extension:\/\/fpelahbljekknahkcaegamhcndkfpfnc\/iFrame.js\" type=\"text\/javascript\"><\/script><\/p>\n<p><script src=\"chrome-extension:\/\/fpelahbljekknahkcaegamhcndkfpfnc\/iFrame.js\" type=\"text\/javascript\"><\/script><\/p>\n<p><script src=\"chrome-extension:\/\/fpelahbljekknahkcaegamhcndkfpfnc\/iFrame.js\" type=\"text\/javascript\"><\/script><\/p>","protected":false},"featured_media":16886,"comment_status":"open","ping_status":"closed","template":"","meta":[],"product_brand":[230],"product_cat":[124,189,184,157,174,175,193,191,173,186,180,190],"product_tag":[],"class_list":{"0":"post-16862","1":"product","2":"type-product","3":"status-publish","4":"has-post-thumbnail","6":"product_brand-bug","7":"product_cat-vape-by-brand","8":"product_cat-20mg-standard-nicotine-vapes","9":"product_cat-5000-8000-puffs","10":"product_cat-bug","11":"product_cat-fruit-flavors","12":"product_cat-icy-mint","13":"product_cat-mesh-coil","14":"product_cat-rechargeable-disposables","15":"product_cat-vape-by-flavor-profile","16":"product_cat-vape-by-nicotine-strength","17":"product_cat-vape-by-puff-count","18":"product_cat-vape-by-feature-or-type","20":"first","21":"onbackorder","22":"shipping-taxable","23":"purchasable","24":"product-type-variable","25":"has-default-attributes"},"tiered_pricing_type":"percentage","tiered_pricing_fixed_rules":[],"tiered_pricing_product_settings":{"layout":"default","base_unit_name":{"singular":null,"plural":null},"default_variation":null},"tiered_pricing_minimum_quantity":10,"tiered_pricing_roles_data":[],"tiered_pricing_percentage_rules":{"30":"29","50":"35","100":"40","200":"44","500":"47","1000":"49"},"tiered_pricing_maximum_quantity":null,"tiered_pricing_quantity_step":"10","_links":{"self":[{"href":"https:\/\/agoravape.com\/pt\/wp-json\/wp\/v2\/product\/16862","targetHints":{"allow":["GET"]}}],"collection":[{"href":"https:\/\/agoravape.com\/pt\/wp-json\/wp\/v2\/product"}],"about":[{"href":"https:\/\/agoravape.com\/pt\/wp-json\/wp\/v2\/types\/product"}],"replies":[{"embeddable":true,"href":"https:\/\/agoravape.com\/pt\/wp-json\/wp\/v2\/comments?post=16862"}],"version-history":[{"count":0,"href":"https:\/\/agoravape.com\/pt\/wp-json\/wp\/v2\/product\/16862\/revisions"}],"wp:featuredmedia":[{"embeddable":true,"href":"https:\/\/agoravape.com\/pt\/wp-json\/wp\/v2\/media\/16886"}],"wp:attachment":[{"href":"https:\/\/agoravape.com\/pt\/wp-json\/wp\/v2\/media?parent=16862"}],"wp:term":[{"taxonomy":"product_brand","embeddable":true,"href":"https:\/\/agoravape.com\/pt\/wp-json\/wp\/v2\/product_brand?post=16862"},{"taxonomy":"product_cat","embeddable":true,"href":"https:\/\/agoravape.com\/pt\/wp-json\/wp\/v2\/product_cat?post=16862"},{"taxonomy":"product_tag","embeddable":true,"href":"https:\/\/agoravape.com\/pt\/wp-json\/wp\/v2\/product_tag?post=16862"}],"curies":[{"name":"wp","href":"https:\/\/api.w.org\/{rel}","templated":true}]}}