{"id":16901,"date":"2025-10-17T18:13:13","date_gmt":"2025-10-17T10:13:13","guid":{"rendered":"https:\/\/green-grasshopper-921422.hostingersite.com\/?post_type=product&#038;p=16901"},"modified":"2026-01-19T22:01:51","modified_gmt":"2026-01-19T14:01:51","slug":"bug-30000-puffs-vape-de-duplo-sabor","status":"publish","type":"product","link":"https:\/\/agoravape.com\/pt\/product\/bug-30000-puffs-dual-flavor-vape\/","title":{"rendered":"BUG 30K Puffs Dual Flavor Switchable RGB Vape | Dois sabores num s\u00f3, feito para durar"},"content":{"rendered":"<h2 data-v-md-heading=\"how-great-is-the-30k-switchable-dual-flavor-rgb-vape-with-bug\" data-v-md-line=\"3\">Qu\u00e3o fant\u00e1stico \u00e9 o vape RGB de duplo sabor comut\u00e1vel de 30K com BUG?<\/h2>\n<p data-v-md-line=\"4\">Se est\u00e1 cansado daqueles vapes que se avariam a meio da semana, vale a pena dar uma vista de olhos a este produto. O BUG 30K est\u00e1 equipado com configura\u00e7\u00f5es inteligentes de duplo sabor, que podem alternar sabores at\u00e9 30000 bocados, facilitando a troca sem mudar de dispositivo.<\/p>\n<p data-v-md-line=\"6\">\u00c9 adequado para qualquer utilizador que procure um desempenho duradouro e uma comodidade f\u00e1cil. Poder\u00e1 pensar que um vape com uma capacidade t\u00e3o grande seria volumoso, mas ficar\u00e1 surpreendido por pesar apenas cerca de 100 gramas e ser leve e port\u00e1til. A ilumina\u00e7\u00e3o RGB acrescenta divers\u00e3o sem dar nas vistas, e o cord\u00e3o inclu\u00eddo \u00e9 pr\u00e1tico para transportar diariamente.<\/p>\n<h2 data-v-md-heading=\"excellent-performance-easy-and-convenient\" data-v-md-line=\"8\">Excelente desempenho, f\u00e1cil e pr\u00e1tico<\/h2>\n<p data-v-md-line=\"9\">A bobina de malha de 1,0 \u03a9 garante um sabor consistente do in\u00edcio ao fim. O aquecimento da malha \u00e9 r\u00e1pido e uniforme, fazendo com que cada mordida tenha um sabor puro e rico. Quando a bateria est\u00e1 fraca, pode utilizar a porta de carregamento Tipo C para carregar e drenar facilmente 30 mililitros de e-l\u00edquido. N\u00e3o s\u00e3o necess\u00e1rios cabos especiais ou passos complicados.<\/p>\n<h2 data-v-md-heading=\"specification-introduction\" data-v-md-line=\"11\">Introdu\u00e7\u00e3o \u00e0 especifica\u00e7\u00e3o<\/h2>\n<ul data-v-md-line=\"12\">\n<li>Suction frequency: up to 30000 times<\/li>\n<li>Nicotine content: 2%<\/li>\n<li>Modo de funcionamento: O dispositivo pode ser ativado de dois modos<\/li>\n<li>Carregamento: Interface USB tipo C padr\u00e3o<\/li>\n<li>Status: Pronto para usar assim que sai da caixa<\/li>\n<\/ul>\n<h2 data-v-md-heading=\"full-range-of-flavors\" data-v-md-line=\"18\">Full range of flavors<\/h2>\n<ul data-v-md-line=\"19\">\n<li>Gelo de melancia\/gelatina de uva<\/li>\n<li>Gelo de melancia\/Gelo de p\u00eassego<\/li>\n<li>Geleia de uva\/Gelo de amora<\/li>\n<li>P\u00eassego gelado\/Ma\u00e7\u00e3 \u00e1cida com framboesa<\/li>\n<li>Amora gelada\/manga azeda\/anan\u00e1s<\/li>\n<li>Bebida energ\u00e9tica de ma\u00e7\u00e3 \u00e1cida e framboesa<\/li>\n<li>Gelo de lim\u00e3o e lima\/melancia<\/li>\n<li>Geleia de uva\/Blueberries<\/li>\n<li>Mirtilo\/morango Kiwi<\/li>\n<li>Sumo de morango\/gelo de amora<\/li>\n<li>Morango kiwi\/manga azeda anan\u00e1s<\/li>\n<li>Sumo de morango\/frutos da paix\u00e3o Laranja Rom\u00e3<\/li>\n<\/ul>\n<h2 data-v-md-heading=\"for-you-and-your-business\" data-v-md-line=\"32\">Para voc\u00ea e sua empresa<\/h2>\n<p data-v-md-line=\"33\">Armazenar para uso pessoal ou para armazenamento. Oferecemos caixas de 10 unidades para venda por grosso e caixas de 200 unidades para grandes embalagens, para satisfazer encomendas a granel. O dispositivo \u00e9 fornecido com efeitos de ilumina\u00e7\u00e3o RGB e cordas suspensas, o que o torna uma embalagem de retalho elegante.<\/p>\n<p data-v-md-line=\"35\">Fornecemos servi\u00e7os de envio DDP que foram taxados, incluindo UPS, DPD e DHL, para que n\u00e3o haja acidentes na alf\u00e2ndega. Fornecemos servi\u00e7os de rastreio padr\u00e3o e a embalagem foi cuidadosamente manuseada. Nota: Devido \u00e0 capacidade de 30 mililitros do produto e \u00e0 concentra\u00e7\u00e3o de nicotina de 2%, este pode n\u00e3o cumprir as normas TPD em v\u00e1rios pa\u00edses\/regi\u00f5es da UE. Por conseguinte, o fornecimento e os m\u00e9todos de entrega do produto podem variar consoante o destino. Antes de efetuar uma encomenda, verifique os regulamentos relevantes na sua \u00e1rea local.<\/p>\n<h2 data-v-md-heading=\"why-do-you-like-it\" data-v-md-line=\"37\">Por que voc\u00ea gosta disso?<\/h2>\n<ul data-v-md-line=\"38\">\n<li>Capacidade ultra grande: at\u00e9 30000 portas, o que significa menos tempo de reabastecimento e substitui\u00e7\u00e3o<\/li>\n<li>Comuta\u00e7\u00e3o dupla de sabores: mude de sabores em qualquer altura<\/li>\n<li>2% Nicotina: Concentra\u00e7\u00e3o equilibrada de nicotina, adequada para uso di\u00e1rio<\/li>\n<li>Recarreg\u00e1vel: O carregamento tipo C permite-lhe utilizar at\u00e9 30 mililitros de e-l\u00edquido<\/li>\n<li>Bobina de malha: Sabor consistente<\/li>\n<li>RGB+pulseira: Elegante e moderno, f\u00e1cil de transportar, os bolsos n\u00e3o ficar\u00e3o cheios de tralha<\/li>\n<\/ul>\n<h2 data-v-md-heading=\"why-choose-to-collaborate-with-agoravape\" data-v-md-line=\"45\">Por que escolher colaborar com a AgoraVape?<\/h2>\n<p data-v-md-line=\"46\">Vendemos apenas produtos genu\u00ednos 100% e garantimos pre\u00e7os razo\u00e1veis, suporte confi\u00e1vel e entrega r\u00e1pida. Para clientes comerciais, isso significa fornecimento por atacado de vape RGB comut\u00e1vel de duplo sabor BUG 30K confi\u00e1vel, bem como m\u00e9todos de pagamento seguros e servi\u00e7os convenientes de devolu\u00e7\u00e3o de produtos com defeito. Entre em contato conosco para estocar um dispositivo verdadeiramente f\u00e1cil de usar para seus clientes.<\/p>\n<p><script src=\"chrome-extension:\/\/fpelahbljekknahkcaegamhcndkfpfnc\/iFrame.js\" type=\"text\/javascript\"><\/script><\/p>","protected":false},"excerpt":{"rendered":"<p>&nbsp;<\/p>\n<p><script src=\"chrome-extension:\/\/fpelahbljekknahkcaegamhcndkfpfnc\/iFrame.js\" type=\"text\/javascript\"><\/script><\/p>\n<p><script src=\"chrome-extension:\/\/fpelahbljekknahkcaegamhcndkfpfnc\/iFrame.js\" type=\"text\/javascript\"><\/script><\/p>\n<p><script src=\"chrome-extension:\/\/fpelahbljekknahkcaegamhcndkfpfnc\/iFrame.js\" type=\"text\/javascript\"><\/script><\/p>\n<p><script src=\"chrome-extension:\/\/fpelahbljekknahkcaegamhcndkfpfnc\/iFrame.js\" type=\"text\/javascript\"><\/script><\/p>\n<p><script src=\"chrome-extension:\/\/fpelahbljekknahkcaegamhcndkfpfnc\/iFrame.js\" type=\"text\/javascript\"><\/script><\/p>\n<p><script src=\"chrome-extension:\/\/fpelahbljekknahkcaegamhcndkfpfnc\/iFrame.js\" type=\"text\/javascript\"><\/script><\/p>\n<p><script src=\"chrome-extension:\/\/fpelahbljekknahkcaegamhcndkfpfnc\/iFrame.js\" type=\"text\/javascript\"><\/script><\/p>\n<p><script src=\"chrome-extension:\/\/fpelahbljekknahkcaegamhcndkfpfnc\/iFrame.js\" type=\"text\/javascript\"><\/script><\/p>\n<p><script src=\"chrome-extension:\/\/fpelahbljekknahkcaegamhcndkfpfnc\/iFrame.js\" type=\"text\/javascript\"><\/script><\/p>\n<p><script src=\"chrome-extension:\/\/fpelahbljekknahkcaegamhcndkfpfnc\/iFrame.js\" type=\"text\/javascript\"><\/script><\/p>\n<p><script src=\"chrome-extension:\/\/fpelahbljekknahkcaegamhcndkfpfnc\/iFrame.js\" type=\"text\/javascript\"><\/script><\/p>\n<p><script src=\"chrome-extension:\/\/fpelahbljekknahkcaegamhcndkfpfnc\/iFrame.js\" type=\"text\/javascript\"><\/script><\/p>","protected":false},"featured_media":16926,"comment_status":"open","ping_status":"closed","template":"","meta":[],"product_brand":[230],"product_cat":[124,185,189,157,195,174,175,193,191,173,186,180,190],"product_tag":[],"class_list":{"0":"post-16901","1":"product","2":"type-product","3":"status-publish","4":"has-post-thumbnail","6":"product_brand-bug","7":"product_cat-vape-by-brand","8":"product_cat-10000-puffs-high-capacity","9":"product_cat-20mg-standard-nicotine-vapes","10":"product_cat-bug","11":"product_cat-dual-flavor-switch","12":"product_cat-fruit-flavors","13":"product_cat-icy-mint","14":"product_cat-mesh-coil","15":"product_cat-rechargeable-disposables","16":"product_cat-vape-by-flavor-profile","17":"product_cat-vape-by-nicotine-strength","18":"product_cat-vape-by-puff-count","19":"product_cat-vape-by-feature-or-type","21":"first","22":"onbackorder","23":"shipping-taxable","24":"purchasable","25":"product-type-variable","26":"has-default-attributes"},"tiered_pricing_type":"percentage","tiered_pricing_fixed_rules":[],"tiered_pricing_product_settings":{"layout":"default","base_unit_name":{"singular":null,"plural":null},"default_variation":null},"tiered_pricing_minimum_quantity":10,"tiered_pricing_roles_data":[],"tiered_pricing_percentage_rules":{"30":"29","50":"35","100":"40","200":"44","500":"47","1000":"49"},"tiered_pricing_maximum_quantity":null,"tiered_pricing_quantity_step":"10","_links":{"self":[{"href":"https:\/\/agoravape.com\/pt\/wp-json\/wp\/v2\/product\/16901","targetHints":{"allow":["GET"]}}],"collection":[{"href":"https:\/\/agoravape.com\/pt\/wp-json\/wp\/v2\/product"}],"about":[{"href":"https:\/\/agoravape.com\/pt\/wp-json\/wp\/v2\/types\/product"}],"replies":[{"embeddable":true,"href":"https:\/\/agoravape.com\/pt\/wp-json\/wp\/v2\/comments?post=16901"}],"version-history":[{"count":0,"href":"https:\/\/agoravape.com\/pt\/wp-json\/wp\/v2\/product\/16901\/revisions"}],"wp:featuredmedia":[{"embeddable":true,"href":"https:\/\/agoravape.com\/pt\/wp-json\/wp\/v2\/media\/16926"}],"wp:attachment":[{"href":"https:\/\/agoravape.com\/pt\/wp-json\/wp\/v2\/media?parent=16901"}],"wp:term":[{"taxonomy":"product_brand","embeddable":true,"href":"https:\/\/agoravape.com\/pt\/wp-json\/wp\/v2\/product_brand?post=16901"},{"taxonomy":"product_cat","embeddable":true,"href":"https:\/\/agoravape.com\/pt\/wp-json\/wp\/v2\/product_cat?post=16901"},{"taxonomy":"product_tag","embeddable":true,"href":"https:\/\/agoravape.com\/pt\/wp-json\/wp\/v2\/product_tag?post=16901"}],"curies":[{"name":"wp","href":"https:\/\/api.w.org\/{rel}","templated":true}]}}