{"id":16963,"date":"2025-10-18T10:42:20","date_gmt":"2025-10-18T02:42:20","guid":{"rendered":"https:\/\/green-grasshopper-921422.hostingersite.com\/?post_type=product&#038;p=16963"},"modified":"2026-03-31T04:20:47","modified_gmt":"2026-03-31T02:20:47","slug":"bangbox-50000-puffs-vape-de-duplo-sabor","status":"publish","type":"product","link":"https:\/\/agoravape.com\/pt\/product\/bangbox-50000-puffs-dual-flavor-vape\/","title":{"rendered":"BANGBOX 50K Puffs Dual Flavor Dual Coil Vape Online | Dois sabores. Grande n\u00famero de puffs. Carregamento f\u00e1cil."},"content":{"rendered":"<h2 data-v-md-heading=\"what-are-the-special-features-of-online-purchase-of-bangbox-50k-dual-flavor-dual-coil-vape\" data-v-md-line=\"3\"><img loading=\"lazy\" decoding=\"async\" class=\"aligncenter size-full wp-image-16977\" src=\"https:\/\/agoravape.com\/wp-content\/uploads\/2025\/10\/BANGBOX-50K-Puffs-Dual-Flavor-Dual-Coil-Vape-Online_Agora_vape-1.webp\" alt=\"\" width=\"2000\" height=\"900\" srcset=\"https:\/\/agoravape.com\/wp-content\/uploads\/2025\/10\/BANGBOX-50K-Puffs-Dual-Flavor-Dual-Coil-Vape-Online_Agora_vape-1.webp 2000w, https:\/\/agoravape.com\/wp-content\/uploads\/2025\/10\/BANGBOX-50K-Puffs-Dual-Flavor-Dual-Coil-Vape-Online_Agora_vape-1-1200x540.webp 1200w, https:\/\/agoravape.com\/wp-content\/uploads\/2025\/10\/BANGBOX-50K-Puffs-Dual-Flavor-Dual-Coil-Vape-Online_Agora_vape-1-300x135.webp 300w, https:\/\/agoravape.com\/wp-content\/uploads\/2025\/10\/BANGBOX-50K-Puffs-Dual-Flavor-Dual-Coil-Vape-Online_Agora_vape-1-1024x461.webp 1024w, https:\/\/agoravape.com\/wp-content\/uploads\/2025\/10\/BANGBOX-50K-Puffs-Dual-Flavor-Dual-Coil-Vape-Online_Agora_vape-1-768x346.webp 768w, https:\/\/agoravape.com\/wp-content\/uploads\/2025\/10\/BANGBOX-50K-Puffs-Dual-Flavor-Dual-Coil-Vape-Online_Agora_vape-1-1536x691.webp 1536w\" sizes=\"auto, (max-width: 2000px) 100vw, 2000px\" \/><\/h2>\n<h2 data-v-md-heading=\"what-are-the-special-features-of-online-purchase-of-bangbox-50k-dual-flavor-dual-coil-vape\" data-v-md-line=\"3\">Quais s\u00e3o as carater\u00edsticas especiais da compra online do BANGBOX 50K dual flavor dual coil vape?<\/h2>\n<p data-v-md-line=\"4\">Se est\u00e1 cansado de mudar de aparelho para mudar de sabor, este produto vai satisfazer as suas necessidades. O BANGBOX integra dois sabores num vape descart\u00e1vel duradouro, permitindo-lhe substitu\u00ed-lo facilmente sem ter de transportar um vape de reserva. Tem uma dura\u00e7\u00e3o de bateria de at\u00e9 50000 unidades e mant\u00e9m-no sempre informado atrav\u00e9s de indicadores claros de bateria e e-l\u00edquido.<\/p>\n<p data-v-md-line=\"6\">Se pretende um vape simples e f\u00e1cil de utilizar com um sabor est\u00e1vel, sem necessidade de menus ou bot\u00f5es complicados, este produto \u00e9 a escolha ideal. A bobina de malha dupla proporciona um sabor forte, e a bateria pode ser carregada com um cabo tipo C padr\u00e3o. N\u00e3o s\u00e3o necess\u00e1rias opera\u00e7\u00f5es aborrecidas.<\/p>\n<h2 data-v-md-heading=\"excellent-performance-easy-and-convenient\" data-v-md-line=\"8\">Excelente desempenho, f\u00e1cil e pr\u00e1tico<\/h2>\n<p data-v-md-line=\"9\">O BANGBOX est\u00e1 equipado com bobinas de malha dupla de 0,8 \u03a9, que podem sempre manter um sabor consistente. Metade da semana se passou e n\u00e3o h\u00e1 cheiro de queimado. Carregamento da interface tipo C, portanto, o cabo de carregamento que voc\u00ea usa para o seu telefone tamb\u00e9m deve funcionar. O dispositivo exibir\u00e1 a bateria e o n\u00edvel da bateria, para que voc\u00ea n\u00e3o precise se preocupar em adivinhar o dia todo. Voc\u00ea pode pensar que um vape com uma contagem de boca t\u00e3o grande deve ter uma \u00f3tima sensa\u00e7\u00e3o, mas ainda \u00e9 muito confort\u00e1vel de segurar na m\u00e3o e f\u00e1cil de colocar no bolso.<\/p>\n<h2 data-v-md-heading=\"specification-introduction\" data-v-md-line=\"11\">Introdu\u00e7\u00e3o \u00e0 especifica\u00e7\u00e3o<\/h2>\n<ul data-v-md-line=\"12\">\n<li>Frequ\u00eancia de suc\u00e7\u00e3o: at\u00e9 50.000 vezes<\/li>\n<li>Teor de nicotina: 0%, 2%, 3%, 5% (o fornecimento espec\u00edfico depende da regulamenta\u00e7\u00e3o local)<\/li>\n<li>Capacidade do e-l\u00edquido: 45 mililitros<\/li>\n<li>N\u00facleo de atomiza\u00e7\u00e3o: bobina de malha dupla de 0,8 \u03a9<\/li>\n<li>Bateria: C\u00e9lula de cobalto puro 17350, 850mAh, descarga de 5A<\/li>\n<li>Ecr\u00e3 de visualiza\u00e7\u00e3o: indicador do n\u00edvel da bateria e do e-l\u00edquido<\/li>\n<li>Princ\u00edpio de funcionamento: Ativado por inala\u00e7\u00e3o.<\/li>\n<li>Carregamento: Interface USB Tipo-C<\/li>\n<li>Estado: Pronto para usar assim que abrir a caixa.<\/li>\n<\/ul>\n<h2 data-v-md-heading=\"multiple-flavor-options\" data-v-md-line=\"22\">Diversas op\u00e7\u00f5es de sabor<\/h2>\n<ul data-v-md-line=\"23\">\n<li>Sabores de morango, kiwi e uva dupla<\/li>\n<li>Sabores Anan\u00e1s Manga P\u00eassego e Morango Cereja<\/li>\n<li>Sumo de p\u00eassego e \u00e1gua de lim\u00e3o com mirtilo<\/li>\n<li>Sabores de refrigerante Blueberry Ice e Lemon Cola<\/li>\n<li>Sabores Blueberry Sour Raspberry Ice e Mixed Fruit<\/li>\n<li>Sabores Blueberry Ice e Lemon Lime<\/li>\n<li>Pastilha el\u00e1stica de melancia e sabor a morango Sabor a melancia<\/li>\n<li>Red Bull Watermelon Ice<\/li>\n<li>Sabor a ma\u00e7\u00e3, pera, kiwi, maracuj\u00e1 e goiaba<\/li>\n<li>Black Dragon Ice Mang Sabor a p\u00eassego e melancia<\/li>\n<li>Morango Framboesa A\u00e7\u00facar LOVE66 Sabor<\/li>\n<li>Gelo de morango Sabor a maracuj\u00e1<\/li>\n<\/ul>\n<h2 data-v-md-heading=\"for-you-and-for-your-business-as-well\" data-v-md-line=\"36\">Para voc\u00ea e para o seu neg\u00f3cio tamb\u00e9m.<\/h2>\n<p data-v-md-line=\"37\">Pode escolher uma para uso pessoal ou fazer um stock para a sua loja. Embalado por grosso, 10 unidades por caixa. Se precisar de comprar em grandes quantidades, tamb\u00e9m oferecemos embalagens de cart\u00e3o. Pode escolher caixas de cart\u00e3o pequenas, cada uma com 100 unidades e um peso aproximado de 15 kg; ou caixas de cart\u00e3o grandes, cada uma com 200 unidades e um peso aproximado de 29 kg.<\/p>\n<p data-v-md-line=\"39\">Enviamos atrav\u00e9s de parceiros de confian\u00e7a, como a UPS, DPD e DHL, numa base DDP (Delivered Duty Paid) em toda a Europa, pelo que as tarifas podem ser pr\u00e9-processadas. Pode usufruir do rastreio e de uma embalagem cuidadosa para garantir uma entrega sem problemas das mercadorias e evitar acidentes na alf\u00e2ndega.<\/p>\n<p data-v-md-line=\"41\">Declara\u00e7\u00e3o de conformidade: As op\u00e7\u00f5es de 0% e 2% de teor de nicotina s\u00e3o aplic\u00e1veis aos mercados regulamentados TPD\/TRRP. Concentra\u00e7\u00f5es mais elevadas de nicotina s\u00f3 est\u00e3o dispon\u00edveis ao abrigo da legisla\u00e7\u00e3o local. A situa\u00e7\u00e3o do fornecimento pode variar consoante o pa\u00eds\/regi\u00e3o.<\/p>\n<h2 data-v-md-heading=\"why-do-you-like-it\" data-v-md-line=\"43\">Por que voc\u00ea gosta disso?<\/h2>\n<ul data-v-md-line=\"44\">\n<li>Suc\u00e7\u00e3o maci\u00e7a: at\u00e9 50000 baforadas, o que significa menos encomendas repetidas e menos problemas.<\/li>\n<li>Dois sabores \u00e0 escolha: N\u00e3o \u00e9 necess\u00e1rio transportar dois vaporizadores para mudar de sabor.<\/li>\n<li>Sele\u00e7\u00e3o da concentra\u00e7\u00e3o de nicotina: Escolha uma concentra\u00e7\u00e3o que satisfa\u00e7a as suas prefer\u00eancias e os regulamentos locais.<\/li>\n<li>Recarreg\u00e1vel: O carregamento tipo C ajuda-o a utilizar todos os 45 mililitros de e-l\u00edquido.<\/li>\n<li>Bobina de malha: Bobinas duplas de 0,8 \u03a9, da primeira \u00e0 \u00faltima porta, para manter o sabor est\u00e1vel.<\/li>\n<li>Luzes indicadoras claras: n\u00edveis claros da bateria e do e-l\u00edquido num relance, evitando a suc\u00e7\u00e3o seca.<\/li>\n<\/ul>\n<h2 data-v-md-heading=\"why-choose-agoravape\" data-v-md-line=\"51\">Por que escolher a AgoraVape?<\/h2>\n<p data-v-md-line=\"52\">Apenas enviamos produtos genu\u00ednos 100% diretamente de fornecedores verificados. Os compradores corporativos que compram BANGBOX 50000 vapes de bobina dupla com sabor duplo podem desfrutar de pre\u00e7os de atacado com desconto, suporte t\u00e9cnico r\u00e1pido e entrega r\u00e1pida de DDP na Europa. Cumprimos os requisitos de verifica\u00e7\u00e3o de idade da UE e mantemos a transpar\u00eancia nas nossas p\u00e1ginas de produtos, permitindo-lhe fazer compras com tranquilidade.<\/p>\n<p data-v-md-line=\"54\">Pronto para encomendar a retalho ou por grosso? Contacte-nos para obter pre\u00e7os em tempo real e descontos para grandes quantidades.<\/p>","protected":false},"excerpt":{"rendered":"<p>&nbsp;<\/p>","protected":false},"featured_media":16989,"comment_status":"open","ping_status":"closed","template":"","meta":[],"product_brand":[231],"product_cat":[124,187,185,189,1641,158,195,174,175,193,191,173,186,180,190,192],"product_tag":[],"class_list":{"0":"post-16963","1":"product","2":"type-product","3":"status-publish","4":"has-post-thumbnail","6":"product_brand-bang-box","7":"product_cat-vape-by-brand","8":"product_cat-0mg-nicotine-free-vapes","9":"product_cat-10000-puffs-high-capacity","10":"product_cat-20mg-standard-nicotine-vapes","11":"product_cat-50000-puffs","12":"product_cat-bang-box","13":"product_cat-dual-flavor-switch","14":"product_cat-fruit-flavors","15":"product_cat-icy-mint","16":"product_cat-mesh-coil","17":"product_cat-rechargeable-disposables","18":"product_cat-vape-by-flavor-profile","19":"product_cat-vape-by-nicotine-strength","20":"product_cat-vape-by-puff-count","21":"product_cat-vape-by-feature-or-type","22":"product_cat-vapes-with-screens","24":"first","25":"instock","26":"shipping-taxable","27":"purchasable","28":"product-type-variable","29":"has-default-attributes"},"tiered_pricing_type":"percentage","tiered_pricing_fixed_rules":[],"tiered_pricing_product_settings":{"layout":"default","base_unit_name":{"singular":null,"plural":null},"default_variation":null},"tiered_pricing_minimum_quantity":10,"tiered_pricing_roles_data":[],"tiered_pricing_percentage_rules":{"30":"29","50":"35","100":"40","200":"44","500":"47","1000":"49"},"tiered_pricing_maximum_quantity":null,"tiered_pricing_quantity_step":"10","_links":{"self":[{"href":"https:\/\/agoravape.com\/pt\/wp-json\/wp\/v2\/product\/16963","targetHints":{"allow":["GET"]}}],"collection":[{"href":"https:\/\/agoravape.com\/pt\/wp-json\/wp\/v2\/product"}],"about":[{"href":"https:\/\/agoravape.com\/pt\/wp-json\/wp\/v2\/types\/product"}],"replies":[{"embeddable":true,"href":"https:\/\/agoravape.com\/pt\/wp-json\/wp\/v2\/comments?post=16963"}],"version-history":[{"count":0,"href":"https:\/\/agoravape.com\/pt\/wp-json\/wp\/v2\/product\/16963\/revisions"}],"wp:featuredmedia":[{"embeddable":true,"href":"https:\/\/agoravape.com\/pt\/wp-json\/wp\/v2\/media\/16989"}],"wp:attachment":[{"href":"https:\/\/agoravape.com\/pt\/wp-json\/wp\/v2\/media?parent=16963"}],"wp:term":[{"taxonomy":"product_brand","embeddable":true,"href":"https:\/\/agoravape.com\/pt\/wp-json\/wp\/v2\/product_brand?post=16963"},{"taxonomy":"product_cat","embeddable":true,"href":"https:\/\/agoravape.com\/pt\/wp-json\/wp\/v2\/product_cat?post=16963"},{"taxonomy":"product_tag","embeddable":true,"href":"https:\/\/agoravape.com\/pt\/wp-json\/wp\/v2\/product_tag?post=16963"}],"curies":[{"name":"wp","href":"https:\/\/api.w.org\/{rel}","templated":true}]}}