{"id":16994,"date":"2025-10-18T10:58:12","date_gmt":"2025-10-18T02:58:12","guid":{"rendered":"https:\/\/green-grasshopper-921422.hostingersite.com\/?post_type=product&#038;p=16994"},"modified":"2026-03-31T04:20:46","modified_gmt":"2026-03-31T02:20:46","slug":"bangbox-12000-puffs-vape","status":"publish","type":"product","link":"https:\/\/agoravape.com\/pt\/product\/bangbox-12000-puffs-vape\/","title":{"rendered":"Vape recarreg\u00e1vel BANGBOX com 12000 puffs e luz | Puffs grandes, carregamento f\u00e1cil"},"content":{"rendered":"<h2 data-v-md-heading=\"what-is-the-bangbox-12000-rechargeable-vape-with-a-light\" data-v-md-line=\"3\"><img loading=\"lazy\" decoding=\"async\" class=\"aligncenter size-full wp-image-17008\" src=\"https:\/\/agoravape.com\/wp-content\/uploads\/2025\/10\/BANGBOX-12000-Puffs-Rechargeable-Vape-with-Light_Agora_vape-2.webp\" alt=\"\" width=\"2500\" height=\"1406\" srcset=\"https:\/\/agoravape.com\/wp-content\/uploads\/2025\/10\/BANGBOX-12000-Puffs-Rechargeable-Vape-with-Light_Agora_vape-2.webp 2500w, https:\/\/agoravape.com\/wp-content\/uploads\/2025\/10\/BANGBOX-12000-Puffs-Rechargeable-Vape-with-Light_Agora_vape-2-1200x675.webp 1200w, https:\/\/agoravape.com\/wp-content\/uploads\/2025\/10\/BANGBOX-12000-Puffs-Rechargeable-Vape-with-Light_Agora_vape-2-300x169.webp 300w, https:\/\/agoravape.com\/wp-content\/uploads\/2025\/10\/BANGBOX-12000-Puffs-Rechargeable-Vape-with-Light_Agora_vape-2-1024x576.webp 1024w, https:\/\/agoravape.com\/wp-content\/uploads\/2025\/10\/BANGBOX-12000-Puffs-Rechargeable-Vape-with-Light_Agora_vape-2-768x432.webp 768w, https:\/\/agoravape.com\/wp-content\/uploads\/2025\/10\/BANGBOX-12000-Puffs-Rechargeable-Vape-with-Light_Agora_vape-2-1536x864.webp 1536w, https:\/\/agoravape.com\/wp-content\/uploads\/2025\/10\/BANGBOX-12000-Puffs-Rechargeable-Vape-with-Light_Agora_vape-2-2048x1152.webp 2048w\" sizes=\"auto, (max-width: 2500px) 100vw, 2500px\" \/><\/h2>\n<h2 data-v-md-heading=\"what-is-the-bangbox-12000-rechargeable-vape-with-a-light\" data-v-md-line=\"3\">O que \u00e9 o vape recarreg\u00e1vel BANGBOX 12000 com luz?<\/h2>\n<p data-v-md-line=\"4\">Se est\u00e1 cansado de usar vaporizadores descart\u00e1veis antes de se fartar, talvez queira experimentar este. A BANGBOX 12000 est\u00e1 equipada com uma bateria recarreg\u00e1vel e vem com um e-l\u00edquido de grande capacidade de 20 ml, proporcionando-lhe uma autonomia de at\u00e9 12000 baforadas, com uma boa rela\u00e7\u00e3o qualidade\/pre\u00e7o.<\/p>\n<p data-v-md-line=\"6\">Se pretende um vape simples e fi\u00e1vel que lhe permita desfrutar sempre de comida deliciosa sem qualquer inc\u00f3modo, ent\u00e3o este vape \u00e9 a sua escolha ideal. Est\u00e1 equipado com uma ilumina\u00e7\u00e3o suave de abajur, dando um toque de moda, mas n\u00e3o demasiado exagerado. O corpo \u00e9 grosso e n\u00e3o \u00e9 volumoso. Pesando apenas 84 gramas e medindo 137 x 40 x 40 mil\u00edmetros, cabe facilmente num bolso.<\/p>\n<h2 data-v-md-heading=\"excellent-performance-and-easy-operation\" data-v-md-line=\"8\">Excelente desempenho e opera\u00e7\u00e3o f\u00e1cil.<\/h2>\n<p data-v-md-line=\"9\">O n\u00facleo deste dispositivo \u00e9 a bobina de malha, garantindo um sabor consistente desde a primeira at\u00e9 \u00e0 \u00faltima dentada. N\u00e3o haver\u00e1 fen\u00f3menos anormais de baixa suc\u00e7\u00e3o ou suc\u00e7\u00e3o seca. Quando a bateria estiver fraca, basta utilizar a mesma interface Tipo C do cabo de carregamento do telem\u00f3vel para carregar. \u00c9 simples.<\/p>\n<h2 data-v-md-heading=\"specification-introduction\" data-v-md-line=\"11\">Introdu\u00e7\u00e3o \u00e0 especifica\u00e7\u00e3o<\/h2>\n<p data-v-md-line=\"12\"><strong>Frequ\u00eancia de aspira\u00e7\u00e3o<\/strong>: at\u00e9 12000 vezes<br \/>\n<strong>Nicotina<\/strong>: 0%, 2%, 3% e 5% opcionais<br \/>\n<strong>Princ\u00edpio de funcionamento<\/strong>: Ativado por inala\u00e7\u00e3o<br \/>\n<strong>Carregando<\/strong>Interface USB Tipo-C padr\u00e3o<br \/>\n<strong>Status<\/strong>Pronto para usar assim que abrir a caixa.<\/p>\n<h2 data-v-md-heading=\"full-range-of-flavors\" data-v-md-line=\"18\">Full range of flavors<\/h2>\n<ul data-v-md-line=\"19\">\n<li>Morango e banana<\/li>\n<li>Kiwi, maracuj\u00e1, goiaba<\/li>\n<li>morango kiwi<\/li>\n<li>Drag\u00e3o negro de gelo<\/li>\n<li>Ma\u00e7\u00e3 \u00e1cida e framboesa<\/li>\n<li>Chiclete de Melancia<\/li>\n<li>Melancia de morango<\/li>\n<li>Sumo de morango<\/li>\n<li>Gelo de Melancia<\/li>\n<li>Homem Melancia<\/li>\n<li>Pista de gelo azul<\/li>\n<\/ul>\n<p><img loading=\"lazy\" decoding=\"async\" class=\"aligncenter size-full wp-image-16993\" src=\"https:\/\/agoravape.com\/wp-content\/uploads\/2025\/10\/BANGBOX-12000-Puffs-Rechargeable-Vape-with-Light_Agora_vape-1-scaled.webp\" alt=\"\" width=\"1693\" height=\"2560\" srcset=\"https:\/\/agoravape.com\/wp-content\/uploads\/2025\/10\/BANGBOX-12000-Puffs-Rechargeable-Vape-with-Light_Agora_vape-1-scaled.webp 1693w, https:\/\/agoravape.com\/wp-content\/uploads\/2025\/10\/BANGBOX-12000-Puffs-Rechargeable-Vape-with-Light_Agora_vape-1-scaled-1200x1815.webp 1200w, https:\/\/agoravape.com\/wp-content\/uploads\/2025\/10\/BANGBOX-12000-Puffs-Rechargeable-Vape-with-Light_Agora_vape-1-198x300.webp 198w, https:\/\/agoravape.com\/wp-content\/uploads\/2025\/10\/BANGBOX-12000-Puffs-Rechargeable-Vape-with-Light_Agora_vape-1-677x1024.webp 677w, https:\/\/agoravape.com\/wp-content\/uploads\/2025\/10\/BANGBOX-12000-Puffs-Rechargeable-Vape-with-Light_Agora_vape-1-768x1161.webp 768w, https:\/\/agoravape.com\/wp-content\/uploads\/2025\/10\/BANGBOX-12000-Puffs-Rechargeable-Vape-with-Light_Agora_vape-1-1016x1536.webp 1016w, https:\/\/agoravape.com\/wp-content\/uploads\/2025\/10\/BANGBOX-12000-Puffs-Rechargeable-Vape-with-Light_Agora_vape-1-1355x2048.webp 1355w\" sizes=\"auto, (max-width: 1693px) 100vw, 1693px\" \/><\/p>\n<h2 data-v-md-heading=\"for-you-and-your-business\" data-v-md-line=\"31\">Para voc\u00ea e sua empresa<\/h2>\n<p data-v-md-line=\"32\">Voc\u00ea pode comprar um <a class=\"wpil_keyword_link\" href=\"https:\/\/agoravape.com\/pt\/vape-por-marca\/caixa-de-pancada\/\" target=\"_blank\" rel=\"noopener\" title=\"CAIXA DE ESTRONDO\" data-wpil-keyword-link=\"linked\" data-wpil-monitor-id=\"7165\">BANGBOX<\/a> 12000 para uso pessoal, ou pode comprar em grandes quantidades, 10 unidades por caixa. Est\u00e1 a planear uma produ\u00e7\u00e3o em massa? Cada caixa cont\u00e9m 200 unidades, tornando o reabastecimento conveniente. Trabalhamos com parceiros de confian\u00e7a, como UPS, DPD e DHL, para enviar mercadorias por toda a Europa com base no regime Delivered Duty Paid (DDP), evitando incidentes alfandeg\u00e1rios.<\/p>\n<h2 data-v-md-heading=\"why-do-you-like-it\" data-v-md-line=\"34\">Por que voc\u00ea gosta disso?<\/h2>\n<p data-v-md-line=\"35\"><strong>Grande capacidade de fumo:<\/strong>\u00a0Dur\u00e1vel e duradouro, n\u00e3o \u00e9 necess\u00e1rio comprar frequentemente novos cigarros.<br \/>\n<strong>Sele\u00e7\u00e3o de nicotina:<\/strong>\u00a0Escolha a concentra\u00e7\u00e3o de nicotina adequada para o seu dia.<br \/>\n<strong>Recarreg\u00e1vel:<\/strong>\u00a0Utiliza todos os e-l\u00edquidos sem desperdi\u00e7ar uma gota.<br \/>\n<strong>Bobina de malha:<\/strong>\u00a0Sabor consistente e experi\u00eancia suave.<\/p>\n<h2 data-v-md-heading=\"why-choose-agoravape\" data-v-md-line=\"40\">Por que escolher a AgoraVape?<\/h2>\n<p data-v-md-line=\"41\">S\u00f3 vendemos produtos genu\u00ednos 100% e n\u00e3o temos d\u00favidas quanto a isso. Para os compradores comerciais, isto significa que os vapes recarreg\u00e1veis BANGBOX 12000 (com luzes) t\u00eam pre\u00e7os por grosso altamente competitivos, apoio fi\u00e1vel e envio europeu r\u00e1pido e fi\u00e1vel. Por favor, contacte-nos para abastecer os seus clientes e fazer com que eles fiquem felizes em visit\u00e1-lo novamente.<\/p>","protected":false},"excerpt":{"rendered":"<p>&nbsp;<\/p>","protected":false},"featured_media":17019,"comment_status":"open","ping_status":"closed","template":"","meta":[],"product_brand":[231],"product_cat":[124,187,185,1634,189,158,174,175,193,191,173,186,180,190],"product_tag":[],"class_list":{"0":"post-16994","1":"product","2":"type-product","3":"status-publish","4":"has-post-thumbnail","6":"product_brand-bang-box","7":"product_cat-vape-by-brand","8":"product_cat-0mg-nicotine-free-vapes","9":"product_cat-10000-puffs-high-capacity","10":"product_cat-12000-puffs","11":"product_cat-20mg-standard-nicotine-vapes","12":"product_cat-bang-box","13":"product_cat-fruit-flavors","14":"product_cat-icy-mint","15":"product_cat-mesh-coil","16":"product_cat-rechargeable-disposables","17":"product_cat-vape-by-flavor-profile","18":"product_cat-vape-by-nicotine-strength","19":"product_cat-vape-by-puff-count","20":"product_cat-vape-by-feature-or-type","22":"first","23":"onbackorder","24":"shipping-taxable","25":"purchasable","26":"product-type-variable","27":"has-default-attributes"},"tiered_pricing_type":"percentage","tiered_pricing_fixed_rules":[],"tiered_pricing_product_settings":{"layout":"default","base_unit_name":{"singular":null,"plural":null},"default_variation":null},"tiered_pricing_minimum_quantity":10,"tiered_pricing_roles_data":[],"tiered_pricing_percentage_rules":{"30":"29","50":"35","100":"40","200":"44","500":"47","1000":"49"},"tiered_pricing_maximum_quantity":null,"tiered_pricing_quantity_step":"10","_links":{"self":[{"href":"https:\/\/agoravape.com\/pt\/wp-json\/wp\/v2\/product\/16994","targetHints":{"allow":["GET"]}}],"collection":[{"href":"https:\/\/agoravape.com\/pt\/wp-json\/wp\/v2\/product"}],"about":[{"href":"https:\/\/agoravape.com\/pt\/wp-json\/wp\/v2\/types\/product"}],"replies":[{"embeddable":true,"href":"https:\/\/agoravape.com\/pt\/wp-json\/wp\/v2\/comments?post=16994"}],"version-history":[{"count":1,"href":"https:\/\/agoravape.com\/pt\/wp-json\/wp\/v2\/product\/16994\/revisions"}],"predecessor-version":[{"id":29817,"href":"https:\/\/agoravape.com\/pt\/wp-json\/wp\/v2\/product\/16994\/revisions\/29817"}],"wp:featuredmedia":[{"embeddable":true,"href":"https:\/\/agoravape.com\/pt\/wp-json\/wp\/v2\/media\/17019"}],"wp:attachment":[{"href":"https:\/\/agoravape.com\/pt\/wp-json\/wp\/v2\/media?parent=16994"}],"wp:term":[{"taxonomy":"product_brand","embeddable":true,"href":"https:\/\/agoravape.com\/pt\/wp-json\/wp\/v2\/product_brand?post=16994"},{"taxonomy":"product_cat","embeddable":true,"href":"https:\/\/agoravape.com\/pt\/wp-json\/wp\/v2\/product_cat?post=16994"},{"taxonomy":"product_tag","embeddable":true,"href":"https:\/\/agoravape.com\/pt\/wp-json\/wp\/v2\/product_tag?post=16994"}],"curies":[{"name":"wp","href":"https:\/\/api.w.org\/{rel}","templated":true}]}}