{"id":17050,"date":"2025-10-18T11:22:24","date_gmt":"2025-10-18T03:22:24","guid":{"rendered":"https:\/\/green-grasshopper-921422.hostingersite.com\/?post_type=product&#038;p=17050"},"modified":"2026-03-31T04:20:45","modified_gmt":"2026-03-31T02:20:45","slug":"bangbox-20000-puffs-vape","status":"publish","type":"product","link":"https:\/\/agoravape.com\/pt\/product\/bangbox-20000-puffs-vape\/","title":{"rendered":"BANGBOX 20000 Puffs Mesh Coil Vape Descart\u00e1vel UE | Sabor Duradouro, Recarga F\u00e1cil"},"content":{"rendered":"<h2 data-v-md-heading=\"what-are-the-special-features-of-bangbox-20000-port-mesh-coil-disposable-vape-european-standard\" data-v-md-line=\"3\"><img loading=\"lazy\" decoding=\"async\" class=\"aligncenter size-full wp-image-17049\" src=\"https:\/\/agoravape.com\/wp-content\/uploads\/2025\/10\/BANGBOX-20000-Puffs-Mesh-Coil-Disposable-Vape-EU_Agora_vape-1.webp\" alt=\"\" width=\"2560\" height=\"1440\" srcset=\"https:\/\/agoravape.com\/wp-content\/uploads\/2025\/10\/BANGBOX-20000-Puffs-Mesh-Coil-Disposable-Vape-EU_Agora_vape-1.webp 2560w, https:\/\/agoravape.com\/wp-content\/uploads\/2025\/10\/BANGBOX-20000-Puffs-Mesh-Coil-Disposable-Vape-EU_Agora_vape-1-1200x675.webp 1200w, https:\/\/agoravape.com\/wp-content\/uploads\/2025\/10\/BANGBOX-20000-Puffs-Mesh-Coil-Disposable-Vape-EU_Agora_vape-1-300x169.webp 300w, https:\/\/agoravape.com\/wp-content\/uploads\/2025\/10\/BANGBOX-20000-Puffs-Mesh-Coil-Disposable-Vape-EU_Agora_vape-1-1024x576.webp 1024w, https:\/\/agoravape.com\/wp-content\/uploads\/2025\/10\/BANGBOX-20000-Puffs-Mesh-Coil-Disposable-Vape-EU_Agora_vape-1-768x432.webp 768w, https:\/\/agoravape.com\/wp-content\/uploads\/2025\/10\/BANGBOX-20000-Puffs-Mesh-Coil-Disposable-Vape-EU_Agora_vape-1-1536x864.webp 1536w, https:\/\/agoravape.com\/wp-content\/uploads\/2025\/10\/BANGBOX-20000-Puffs-Mesh-Coil-Disposable-Vape-EU_Agora_vape-1-2048x1152.webp 2048w\" sizes=\"auto, (max-width: 2560px) 100vw, 2560px\" \/><\/h2>\n<h2 data-v-md-heading=\"what-are-the-special-features-of-bangbox-20000-port-mesh-coil-disposable-vape-european-standard\" data-v-md-line=\"3\">Quais s\u00e3o as carater\u00edsticas especiais do vape descart\u00e1vel BANGBOX 20000 port mesh coil (padr\u00e3o europeu)?<\/h2>\n<p data-v-md-line=\"4\">Se est\u00e1 cansado dos vapes descart\u00e1veis usados durante a semana, talvez queira dar uma vista de olhos a este produto. A BANGBOX tem uma capacidade de at\u00e9 20000 portas e est\u00e1 equipada com um visor claro da bateria, permitindo-lhe saber com precis\u00e3o quando precisa de carregar. N\u00e3o precisa de adivinhar, \u00e9 f\u00e1cil e c\u00f3modo.<\/p>\n<p data-v-md-line=\"6\">Se procura um vaporizador fi\u00e1vel, delicioso e pronto a usar, ent\u00e3o este produto \u00e9 a escolha ideal. Pode pensar que um dispositivo com uma capacidade t\u00e3o grande seria volumoso, mas o tamanho do <a class=\"wpil_keyword_link\" href=\"https:\/\/agoravape.com\/pt\/produto\/bangbox-50000-puffs-vape-de-duplo-sabor\/\" target=\"_blank\" rel=\"noopener\" title=\"BANGBOX 50K Puffs Dual Flavor Dual Coil Vape Online | Dois sabores. Grande n\u00famero de puffs. Carregamento f\u00e1cil.\" data-wpil-keyword-link=\"linked\" data-wpil-monitor-id=\"7163\">BANGBOX<\/a> \u00e9 surpreendentemente pequeno, medindo apenas 142 \u00d7 33 \u00d7 33 mil\u00edmetros. Pesa cerca de 105 gramas, parece s\u00f3lido, mas n\u00e3o d\u00e1 a sensa\u00e7\u00e3o de ser pesado.<\/p>\n<h2 data-v-md-heading=\"excellent-performance-and-easy-operation\" data-v-md-line=\"8\">Excelente desempenho e opera\u00e7\u00e3o f\u00e1cil.<\/h2>\n<p data-v-md-line=\"9\">O n\u00facleo deste dispositivo \u00e9 a bobina de malha, que garante um sabor consistente desde a primeira at\u00e9 \u00e0 \u00faltima dentada. Basta dar uma passa para ativar. Quando a bateria estiver fraca, pode ligar o cabo de dados Tipo C e utilizar um carregador de telem\u00f3vel para a carregar. O pequeno ecr\u00e3 apresenta o estado da bateria, permitindo-lhe ter controlo sobre tudo.<\/p>\n<h2 data-v-md-heading=\"specification-introduction\" data-v-md-line=\"11\">Introdu\u00e7\u00e3o \u00e0 especifica\u00e7\u00e3o<\/h2>\n<p data-v-md-line=\"12\"><strong>Frequ\u00eancia de aspira\u00e7\u00e3o<\/strong>: at\u00e9 20000 vezes<br \/>\n<strong>Teor de nicotina<\/strong>: 0%, 2%, 3%, 5%<br \/>\n<strong>Princ\u00edpio de funcionamento<\/strong>Basta inalar para ativar.<br \/>\n<strong>Carregando<\/strong>Interface USB Tipo-C padr\u00e3o<br \/>\n<strong>Status<\/strong>Pronto para usar assim que abrir a caixa.<\/p>\n<h2 data-v-md-heading=\"full-range-of-flavors\" data-v-md-line=\"18\">Full range of flavors<\/h2>\n<ul data-v-md-line=\"19\">\n<li>morango kiwi<\/li>\n<li>Kiwi, maracuj\u00e1, goiaba<\/li>\n<li>Melancia de morango<\/li>\n<li>Melancia de framboesa<\/li>\n<li>Gelo de framboesa azeda com mirtilo<\/li>\n<li>Gelo de Melancia<\/li>\n<li>Gelo de banana<\/li>\n<li>Manga e P\u00eassego<\/li>\n<li>Pista de gelo azul<\/li>\n<li>Mr. Blueberry (Red Bull+Mixed Berry)<\/li>\n<li>Sorvete de uva<\/li>\n<li>Sorvete de manga<\/li>\n<\/ul>\n<p><img loading=\"lazy\" decoding=\"async\" class=\"aligncenter size-full wp-image-17076\" src=\"https:\/\/agoravape.com\/wp-content\/uploads\/2025\/10\/BANGBOX-20000-Puffs-Mesh-Coil-Disposable-Vape-EU_Agora_vape-14.webp\" alt=\"\" width=\"2269\" height=\"1276\" srcset=\"https:\/\/agoravape.com\/wp-content\/uploads\/2025\/10\/BANGBOX-20000-Puffs-Mesh-Coil-Disposable-Vape-EU_Agora_vape-14.webp 2269w, https:\/\/agoravape.com\/wp-content\/uploads\/2025\/10\/BANGBOX-20000-Puffs-Mesh-Coil-Disposable-Vape-EU_Agora_vape-14-1200x675.webp 1200w, https:\/\/agoravape.com\/wp-content\/uploads\/2025\/10\/BANGBOX-20000-Puffs-Mesh-Coil-Disposable-Vape-EU_Agora_vape-14-300x169.webp 300w, https:\/\/agoravape.com\/wp-content\/uploads\/2025\/10\/BANGBOX-20000-Puffs-Mesh-Coil-Disposable-Vape-EU_Agora_vape-14-1024x576.webp 1024w, https:\/\/agoravape.com\/wp-content\/uploads\/2025\/10\/BANGBOX-20000-Puffs-Mesh-Coil-Disposable-Vape-EU_Agora_vape-14-768x432.webp 768w, https:\/\/agoravape.com\/wp-content\/uploads\/2025\/10\/BANGBOX-20000-Puffs-Mesh-Coil-Disposable-Vape-EU_Agora_vape-14-1536x864.webp 1536w, https:\/\/agoravape.com\/wp-content\/uploads\/2025\/10\/BANGBOX-20000-Puffs-Mesh-Coil-Disposable-Vape-EU_Agora_vape-14-2048x1152.webp 2048w\" sizes=\"auto, (max-width: 2269px) 100vw, 2269px\" \/><\/p>\n<h2 data-v-md-heading=\"for-you-and-your-business\" data-v-md-line=\"32\">Para voc\u00ea e sua empresa<\/h2>\n<p data-v-md-line=\"33\">Pode adquirir uma BANGBOX 20000 para uso pessoal ou para armazenar na sua loja. A embalagem para venda por grosso \u00e9 de 10 unidades por caixa, 100 ou 200 unidades por caixa (se pretender comprar em grandes quantidades). O SKU que \u00e9 conveniente para encomendar \u00e9 BANG-BOX-20000-puff.<\/p>\n<p data-v-md-line=\"35\">Utilizamos parceiros de confian\u00e7a, como a UPS, a DPD e a DHL, para enviar produtos para muitos destinos na UE atrav\u00e9s da DDP, de modo a tratar corretamente os direitos aduaneiros e evitar quaisquer incidentes inesperados na alf\u00e2ndega. Os regulamentos variam nos diferentes mercados da Uni\u00e3o Europeia, pelo que \u00e9 importante verificar os regulamentos locais antes de importar, especialmente porque este dispositivo cont\u00e9m apenas 35 mililitros de e-l\u00edquido.<\/p>\n<h2 data-v-md-heading=\"why-do-you-like-it\" data-v-md-line=\"37\">Por que voc\u00ea gosta disso?<\/h2>\n<p data-v-md-line=\"38\"><strong>Suc\u00e7\u00e3o pesada<\/strong>: Dura mais tempo, pelo que n\u00e3o precisa de comprar novo e-l\u00edquido com frequ\u00eancia.<br \/>\n<strong>Sele\u00e7\u00e3o de nicotina<\/strong>: Escolha a concentra\u00e7\u00e3o de nicotina que melhor se adapta ao seu dia.<br \/>\n<strong>Recarreg\u00e1vel<\/strong>: Vai gastar todo o e-l\u00edquido que comprar.<br \/>\n<strong>Bobina de malha<\/strong>: Desfrute de uma textura suave e consistente em cada suc\u00e7\u00e3o.<br \/>\n<strong>Ecr\u00e3 do n\u00edvel da bateria<\/strong>: Obtenha uma compreens\u00e3o clara do n\u00edvel da bateria num relance.<\/p>\n<h2 data-v-md-heading=\"why-collaborate-with-agoravape\" data-v-md-line=\"44\">Por que colaborar com a AgoraVape?<\/h2>\n<p data-v-md-line=\"45\">Vendemos apenas produtos genu\u00ednos 100% com fontes claras. Para os compradores comerciais, isto significa pre\u00e7os grossistas com desconto, apoio fi\u00e1vel e entrega r\u00e1pida DDP em toda a Europa. Verificamos o ano do produto, cumprimos os padr\u00f5es da ind\u00fastria e mantemos a transpar\u00eancia da comunica\u00e7\u00e3o. Contacte-nos imediatamente para encomendar vapes descart\u00e1veis BANGBOX 20000 com bobinas de malha (vers\u00e3o da UE), fornecendo aos seus clientes um produto de retorno dur\u00e1vel e confi\u00e1vel.<\/p>","protected":false},"excerpt":{"rendered":"<p>Quais s\u00e3o as carater\u00edsticas especiais do vape descart\u00e1vel BANGBOX 20000 port mesh coil (padr\u00e3o europeu)? Se est\u00e1 cansado de<\/p>","protected":false},"featured_media":17075,"comment_status":"open","ping_status":"closed","template":"","meta":[],"product_brand":[231],"product_cat":[124,187,185,1636,189,158,174,175,193,191,173,186,180,190,192],"product_tag":[],"class_list":{"0":"post-17050","1":"product","2":"type-product","3":"status-publish","4":"has-post-thumbnail","6":"product_brand-bang-box","7":"product_cat-vape-by-brand","8":"product_cat-0mg-nicotine-free-vapes","9":"product_cat-10000-puffs-high-capacity","10":"product_cat-20000-puffs","11":"product_cat-20mg-standard-nicotine-vapes","12":"product_cat-bang-box","13":"product_cat-fruit-flavors","14":"product_cat-icy-mint","15":"product_cat-mesh-coil","16":"product_cat-rechargeable-disposables","17":"product_cat-vape-by-flavor-profile","18":"product_cat-vape-by-nicotine-strength","19":"product_cat-vape-by-puff-count","20":"product_cat-vape-by-feature-or-type","21":"product_cat-vapes-with-screens","23":"first","24":"onbackorder","25":"shipping-taxable","26":"purchasable","27":"product-type-variable","28":"has-default-attributes"},"tiered_pricing_type":"percentage","tiered_pricing_fixed_rules":[],"tiered_pricing_product_settings":{"layout":"default","base_unit_name":{"singular":null,"plural":null},"default_variation":null},"tiered_pricing_minimum_quantity":10,"tiered_pricing_roles_data":[],"tiered_pricing_percentage_rules":{"30":"29","50":"35","100":"40","200":"44","500":"47","1000":"49"},"tiered_pricing_maximum_quantity":null,"tiered_pricing_quantity_step":"10","_links":{"self":[{"href":"https:\/\/agoravape.com\/pt\/wp-json\/wp\/v2\/product\/17050","targetHints":{"allow":["GET"]}}],"collection":[{"href":"https:\/\/agoravape.com\/pt\/wp-json\/wp\/v2\/product"}],"about":[{"href":"https:\/\/agoravape.com\/pt\/wp-json\/wp\/v2\/types\/product"}],"replies":[{"embeddable":true,"href":"https:\/\/agoravape.com\/pt\/wp-json\/wp\/v2\/comments?post=17050"}],"version-history":[{"count":1,"href":"https:\/\/agoravape.com\/pt\/wp-json\/wp\/v2\/product\/17050\/revisions"}],"predecessor-version":[{"id":29815,"href":"https:\/\/agoravape.com\/pt\/wp-json\/wp\/v2\/product\/17050\/revisions\/29815"}],"wp:featuredmedia":[{"embeddable":true,"href":"https:\/\/agoravape.com\/pt\/wp-json\/wp\/v2\/media\/17075"}],"wp:attachment":[{"href":"https:\/\/agoravape.com\/pt\/wp-json\/wp\/v2\/media?parent=17050"}],"wp:term":[{"taxonomy":"product_brand","embeddable":true,"href":"https:\/\/agoravape.com\/pt\/wp-json\/wp\/v2\/product_brand?post=17050"},{"taxonomy":"product_cat","embeddable":true,"href":"https:\/\/agoravape.com\/pt\/wp-json\/wp\/v2\/product_cat?post=17050"},{"taxonomy":"product_tag","embeddable":true,"href":"https:\/\/agoravape.com\/pt\/wp-json\/wp\/v2\/product_tag?post=17050"}],"curies":[{"name":"wp","href":"https:\/\/api.w.org\/{rel}","templated":true}]}}