{"id":17079,"date":"2025-10-18T11:37:35","date_gmt":"2025-10-18T03:37:35","guid":{"rendered":"https:\/\/green-grasshopper-921422.hostingersite.com\/?post_type=product&#038;p=17079"},"modified":"2026-03-31T04:20:45","modified_gmt":"2026-03-31T02:20:45","slug":"bangbox-30000-puffs-vape-de-sabor-unico","status":"publish","type":"product","link":"https:\/\/agoravape.com\/pt\/product\/bangbox-30000-puffs-single-flavor-vape\/","title":{"rendered":"BANGBOX 30K Puffs Single Flavor Dual Coil Vape | Grande capacidade, vaporiza\u00e7\u00e3o f\u00e1cil para o dia a dia"},"content":{"rendered":"<h2 data-v-md-heading=\"what-are-the-special-features-of-bangbox-30k-single-flavor-dual-coil-vape\" data-v-md-line=\"3\"><img loading=\"lazy\" decoding=\"async\" class=\"aligncenter size-full wp-image-17078\" src=\"https:\/\/agoravape.com\/wp-content\/uploads\/2025\/10\/BANGBOX-30K-Puffs-Single-Flavor-Dual-Coil-Vape_Agora_vape-1-scaled.webp\" alt=\"\" width=\"2560\" height=\"1440\" srcset=\"https:\/\/agoravape.com\/wp-content\/uploads\/2025\/10\/BANGBOX-30K-Puffs-Single-Flavor-Dual-Coil-Vape_Agora_vape-1-scaled.webp 2560w, https:\/\/agoravape.com\/wp-content\/uploads\/2025\/10\/BANGBOX-30K-Puffs-Single-Flavor-Dual-Coil-Vape_Agora_vape-1-scaled-1200x675.webp 1200w, https:\/\/agoravape.com\/wp-content\/uploads\/2025\/10\/BANGBOX-30K-Puffs-Single-Flavor-Dual-Coil-Vape_Agora_vape-1-300x169.webp 300w, https:\/\/agoravape.com\/wp-content\/uploads\/2025\/10\/BANGBOX-30K-Puffs-Single-Flavor-Dual-Coil-Vape_Agora_vape-1-1024x576.webp 1024w, https:\/\/agoravape.com\/wp-content\/uploads\/2025\/10\/BANGBOX-30K-Puffs-Single-Flavor-Dual-Coil-Vape_Agora_vape-1-768x432.webp 768w, https:\/\/agoravape.com\/wp-content\/uploads\/2025\/10\/BANGBOX-30K-Puffs-Single-Flavor-Dual-Coil-Vape_Agora_vape-1-1536x864.webp 1536w, https:\/\/agoravape.com\/wp-content\/uploads\/2025\/10\/BANGBOX-30K-Puffs-Single-Flavor-Dual-Coil-Vape_Agora_vape-1-2048x1152.webp 2048w\" sizes=\"auto, (max-width: 2560px) 100vw, 2560px\" \/><\/h2>\n<h2 data-v-md-heading=\"what-are-the-special-features-of-bangbox-30k-single-flavor-dual-coil-vape\" data-v-md-line=\"3\">Quais s\u00e3o as carater\u00edsticas especiais do vape de bobina dupla de sabor \u00fanico BANGBOX 30K?<\/h2>\n<p data-v-md-line=\"4\">Se est\u00e1 cansado de mudar de vape a cada poucos dias, este produto ajud\u00e1-lo-\u00e1 a livrar-se das suas preocupa\u00e7\u00f5es. O BANGBOX 30K tem uma capacidade de at\u00e9 30000 baforadas, proporcionando uma experi\u00eancia de suc\u00e7\u00e3o suave e consistente, mantendo um sabor rico.<\/p>\n<p data-v-md-line=\"6\">\u00c9 adequado para todos os que pretendem um conforto duradouro sem a necessidade de menus ou opera\u00e7\u00f5es complicadas. Cada dispositivo oferece um \u00fanico sabor, permitindo-lhe saber claramente o que pretende. Al\u00e9m disso, est\u00e1 equipado com indicadores pr\u00e1ticos de pilhas e e-l\u00edquido, pelo que j\u00e1 n\u00e3o precisa de se preocupar com adivinha\u00e7\u00f5es.<\/p>\n<h2 data-v-md-heading=\"excellent-performance-without-any-doubts\" data-v-md-line=\"8\">Excelente desempenho sem qualquer d\u00favida<\/h2>\n<p data-v-md-line=\"9\">O n\u00facleo do BANGBOX 30K \u00e9 uma bobina de malha dupla. Isso torna cada suc\u00e7\u00e3o limpa e eficiente, sem enfraquecer gradualmente ap\u00f3s um ou dois dias. Quando a bateria est\u00e1 fraca, pode carreg\u00e1-la atrav\u00e9s da interface Tipo C, e o cabo de carregamento pode ser o mesmo que o cabo de carregamento do telefone. Muito c\u00f3modo. Os n\u00edveis da bateria e do e-l\u00edquido s\u00e3o claros \u00e0 primeira vista, permitindo-lhe ficar descansado e sem preocupa\u00e7\u00f5es.<\/p>\n<h2 data-v-md-heading=\"specification-introduction\" data-v-md-line=\"11\">Introdu\u00e7\u00e3o \u00e0 especifica\u00e7\u00e3o<\/h2>\n<ul data-v-md-line=\"12\">\n<li>Suction frequency: up to 30000 times<\/li>\n<li>Teor de nicotina: 0%, 2%, 3%, 5% opcional<\/li>\n<li>N\u00facleo de atomiza\u00e7\u00e3o: N\u00facleo de atomiza\u00e7\u00e3o de malha dupla (0,4 \u03a9), com um \u00fanico n\u00facleo de atomiza\u00e7\u00e3o no modo 0,8 \u03a9. Consulte a especifica\u00e7\u00e3o para obter detalhes<\/li>\n<li>E-l\u00edquido: 35 mililitros por unidade<\/li>\n<li>Bateria: 850mAh (17350 c\u00e9lulas, descarga de 5A)<\/li>\n<li>Carregamento: Interface USB Tipo-C<\/li>\n<li>Luz indicadora: indica\u00e7\u00e3o do n\u00edvel de e-l\u00edquido e da bateria<\/li>\n<li>Tamanho e peso: aproximadamente 115 \u00d7 60 \u00d7 33 mil\u00edmetros, 100 gramas<\/li>\n<li>Status: Pronto para usar assim que sai da caixa<\/li>\n<\/ul>\n<p data-v-md-line=\"22\">Com tantas baforadas de vapores, o grande volume \u00e9 assustador, mas o tamanho deste vaporizador \u00e9 de apenas 115 \u00d7 60 \u00d7 33 mil\u00edmetros, o que o torna f\u00e1cil de transportar.<\/p>\n<h2 data-v-md-heading=\"full-range-of-flavors\" data-v-md-line=\"24\">Full range of flavors<\/h2>\n<ul data-v-md-line=\"25\">\n<li>morango kiwi<\/li>\n<li>Gal\u00e3o preto rebentado (Gal\u00e3o preto+Pudim)<\/li>\n<li>Melancia de morango<\/li>\n<li>Sumo da selva<\/li>\n<li>Gelo de mirtilo e bagas \u00e1cidas<\/li>\n<li>Gelo de Melancia<\/li>\n<li>Pista de gelo azul<\/li>\n<li>Mirtilos e rom\u00e3s<\/li>\n<li>Blue Burst (Mirtilos+Bubblegum)<\/li>\n<li>Ma\u00e7\u00e3 p\u00eassego<\/li>\n<li>Maracuj\u00e1<\/li>\n<li>Uvas duplas<\/li>\n<\/ul>\n<h2 data-v-md-heading=\"for-you-and-your-business\" data-v-md-line=\"38\">Para voc\u00ea e sua empresa<\/h2>\n<p data-v-md-line=\"39\">Comprar voc\u00ea mesmo? Selecione o sabor e a concentra\u00e7\u00e3o de nicotina para come\u00e7ar a utilizar. Abastecer-se em lojas f\u00edsicas ou lojas online? Oferecemos op\u00e7\u00f5es convenientes de venda por grosso e embalagens para retalho.<\/p>\n<ul data-v-md-line=\"41\">\n<li>Embalagem: 10 unidades por caixa<\/li>\n<li>N\u00famero de caixas de cart\u00e3o: 100 caixas pequenas ou 200 caixas grandes<\/li>\n<\/ul>\n<p data-v-md-line=\"44\">Fornecemos servi\u00e7os de entrega DDP em toda a Europa atrav\u00e9s de parceiros de confian\u00e7a como a UPS, DPD e DHL, garantindo que recebe pre\u00e7os claros e evitando surpresas alfandeg\u00e1rias.<\/p>\n<h2 data-v-md-heading=\"why-do-you-like-it\" data-v-md-line=\"46\">Por que voc\u00ea gosta disso?<\/h2>\n<ul data-v-md-line=\"47\">\n<li>Suc\u00e7\u00e3o maci\u00e7a: at\u00e9 30000 baforadas, o que significa menos substitui\u00e7\u00f5es e maior valor de dispositivo \u00fanico.<\/li>\n<li>Sele\u00e7\u00e3o da concentra\u00e7\u00e3o de nicotina: Existem quatro concentra\u00e7\u00f5es, e pode escolher a que mais lhe conv\u00e9m.<\/li>\n<li>Recarreg\u00e1vel: O carregamento Tipo C ajuda voc\u00ea a aproveitar at\u00e9 a \u00faltima gota de e-l\u00edquido.<\/li>\n<li>Bobinas de malha dupla: proporcionam um sabor est\u00e1vel, desde a primeira at\u00e9 \u00e0 \u00faltima dentada, proporcionando uma experi\u00eancia satisfat\u00f3ria.<\/li>\n<li>Luz indicadora inteligente: As luzes indicadoras da bateria e do e-l\u00edquido mant\u00eam-no informado da situa\u00e7\u00e3o em qualquer altura.<\/li>\n<\/ul>\n<h2 data-v-md-heading=\"why-choose-to-collaborate-with-agoravape\" data-v-md-line=\"53\">Por que escolher colaborar com a AgoraVape?<\/h2>\n<p data-v-md-line=\"54\">N\u00f3s vendemos apenas produtos genu\u00ednos 100% e n\u00e3o temos d\u00favidas sobre isso. Nossos clientes B2B podem desfrutar de pre\u00e7os de atacado com desconto, suporte de resposta r\u00e1pida e servi\u00e7os de entrega DDP confi\u00e1veis para vapes de bobina dupla com sabor \u00fanico BANGBOX 30K. Quer comprar? Entre em contato conosco e n\u00f3s o ajudaremos rapidamente com o envio.<\/p>","protected":false},"excerpt":{"rendered":"<p>Quais s\u00e3o as carater\u00edsticas especiais do vape de bobina dupla de sabor \u00fanico BANGBOX 30K? Se est\u00e1s cansado de mudar de vape<\/p>","protected":false},"featured_media":17103,"comment_status":"open","ping_status":"closed","template":"","meta":[],"product_brand":[231],"product_cat":[124,187,185,189,1637,158,174,175,193,191,173,186,180,190,192],"product_tag":[],"class_list":{"0":"post-17079","1":"product","2":"type-product","3":"status-publish","4":"has-post-thumbnail","6":"product_brand-bang-box","7":"product_cat-vape-by-brand","8":"product_cat-0mg-nicotine-free-vapes","9":"product_cat-10000-puffs-high-capacity","10":"product_cat-20mg-standard-nicotine-vapes","11":"product_cat-30000-puffs","12":"product_cat-bang-box","13":"product_cat-fruit-flavors","14":"product_cat-icy-mint","15":"product_cat-mesh-coil","16":"product_cat-rechargeable-disposables","17":"product_cat-vape-by-flavor-profile","18":"product_cat-vape-by-nicotine-strength","19":"product_cat-vape-by-puff-count","20":"product_cat-vape-by-feature-or-type","21":"product_cat-vapes-with-screens","23":"first","24":"onbackorder","25":"shipping-taxable","26":"purchasable","27":"product-type-variable","28":"has-default-attributes"},"tiered_pricing_type":"percentage","tiered_pricing_fixed_rules":[],"tiered_pricing_product_settings":{"layout":"default","base_unit_name":{"singular":null,"plural":null},"default_variation":null},"tiered_pricing_minimum_quantity":10,"tiered_pricing_roles_data":[],"tiered_pricing_percentage_rules":{"30":"29","50":"35","100":"40","200":"44","500":"47","1000":"49"},"tiered_pricing_maximum_quantity":null,"tiered_pricing_quantity_step":"10","_links":{"self":[{"href":"https:\/\/agoravape.com\/pt\/wp-json\/wp\/v2\/product\/17079","targetHints":{"allow":["GET"]}}],"collection":[{"href":"https:\/\/agoravape.com\/pt\/wp-json\/wp\/v2\/product"}],"about":[{"href":"https:\/\/agoravape.com\/pt\/wp-json\/wp\/v2\/types\/product"}],"replies":[{"embeddable":true,"href":"https:\/\/agoravape.com\/pt\/wp-json\/wp\/v2\/comments?post=17079"}],"version-history":[{"count":1,"href":"https:\/\/agoravape.com\/pt\/wp-json\/wp\/v2\/product\/17079\/revisions"}],"predecessor-version":[{"id":29814,"href":"https:\/\/agoravape.com\/pt\/wp-json\/wp\/v2\/product\/17079\/revisions\/29814"}],"wp:featuredmedia":[{"embeddable":true,"href":"https:\/\/agoravape.com\/pt\/wp-json\/wp\/v2\/media\/17103"}],"wp:attachment":[{"href":"https:\/\/agoravape.com\/pt\/wp-json\/wp\/v2\/media?parent=17079"}],"wp:term":[{"taxonomy":"product_brand","embeddable":true,"href":"https:\/\/agoravape.com\/pt\/wp-json\/wp\/v2\/product_brand?post=17079"},{"taxonomy":"product_cat","embeddable":true,"href":"https:\/\/agoravape.com\/pt\/wp-json\/wp\/v2\/product_cat?post=17079"},{"taxonomy":"product_tag","embeddable":true,"href":"https:\/\/agoravape.com\/pt\/wp-json\/wp\/v2\/product_tag?post=17079"}],"curies":[{"name":"wp","href":"https:\/\/api.w.org\/{rel}","templated":true}]}}