{"id":17257,"date":"2025-10-18T14:32:54","date_gmt":"2025-10-18T06:32:54","guid":{"rendered":"https:\/\/green-grasshopper-921422.hostingersite.com\/?post_type=product&#038;p=17257"},"modified":"2026-02-22T15:14:51","modified_gmt":"2026-02-22T14:14:51","slug":"wga-15k-15000-puffs-vape","status":"publish","type":"product","link":"https:\/\/agoravape.com\/pt\/product\/wga-15k-15000-puffs-vape\/","title":{"rendered":"Vape descart\u00e1vel recarreg\u00e1vel WGA com 15.000 puffs dispon\u00edvel online | 15.000 puffs. Recarregue quando precisar."},"content":{"rendered":"<h2 data-v-md-heading=\"what-s-special-about-purchasing-wga-15k-rechargeable-disposable-vapes-online\" data-v-md-line=\"3\"><img loading=\"lazy\" decoding=\"async\" class=\"aligncenter size-full wp-image-17256\" src=\"https:\/\/agoravape.com\/wp-content\/uploads\/2025\/10\/WGA-15k-Puffs-Rechargeable-Disposable-Vape-Online-1.jpg\" alt=\"\" width=\"1920\" height=\"954\" srcset=\"https:\/\/agoravape.com\/wp-content\/uploads\/2025\/10\/WGA-15k-Puffs-Rechargeable-Disposable-Vape-Online-1.jpg 1920w, https:\/\/agoravape.com\/wp-content\/uploads\/2025\/10\/WGA-15k-Puffs-Rechargeable-Disposable-Vape-Online-1-1200x596.jpg 1200w, https:\/\/agoravape.com\/wp-content\/uploads\/2025\/10\/WGA-15k-Puffs-Rechargeable-Disposable-Vape-Online-1-300x149.jpg 300w, https:\/\/agoravape.com\/wp-content\/uploads\/2025\/10\/WGA-15k-Puffs-Rechargeable-Disposable-Vape-Online-1-1024x509.jpg 1024w, https:\/\/agoravape.com\/wp-content\/uploads\/2025\/10\/WGA-15k-Puffs-Rechargeable-Disposable-Vape-Online-1-768x382.jpg 768w, https:\/\/agoravape.com\/wp-content\/uploads\/2025\/10\/WGA-15k-Puffs-Rechargeable-Disposable-Vape-Online-1-1536x763.jpg 1536w\" sizes=\"auto, (max-width: 1920px) 100vw, 1920px\" \/><\/h2>\n<h2 data-v-md-heading=\"what-s-special-about-purchasing-wga-15k-rechargeable-disposable-vapes-online\" data-v-md-line=\"3\">O que torna a compra de vapes descart\u00e1veis \u200b\u200brecarreg\u00e1veis \u200b\u200bWGA 15k online t\u00e3o especial?<\/h2>\n<p data-v-md-line=\"4\">Se voc\u00ea est\u00e1 cansado de vapes descart\u00e1veis \u200b\u200be da bateria acabar toda hora, ent\u00e3o este vape foi feito sob medida para voc\u00ea. O vape descart\u00e1vel recarreg\u00e1vel WGA 15k oferece at\u00e9 15.000 tragadas, permitindo que voc\u00ea o use por muito tempo sem precisar trocar a bateria com frequ\u00eancia. Ele adota um design de ativa\u00e7\u00e3o por inspira\u00e7\u00e3o, sem a necessidade de bot\u00f5es complicados ou menus complexos.<\/p>\n<p data-v-md-line=\"6\">Voc\u00ea pode escolher a concentra\u00e7\u00e3o de nicotina de acordo com suas prefer\u00eancias. Oferece duas concentra\u00e7\u00f5es, 2% e 5%, e \u00e9 recarreg\u00e1vel sem desperdi\u00e7ar l\u00edquido. Para quem busca sabor consistente, bateria de longa dura\u00e7\u00e3o e desempenho simples e confi\u00e1vel, \u00e9 a escolha ideal.<\/p>\n<h2 data-v-md-heading=\"excellent-performance-and-easy-operation\" data-v-md-line=\"8\">Excelente desempenho e opera\u00e7\u00e3o f\u00e1cil.<\/h2>\n<p data-v-md-line=\"9\">O n\u00facleo deste dispositivo \u00e9 um atomizador de malha de 1,2 ohm, garantindo que cada vaporiza\u00e7\u00e3o seja t\u00e3o suave quanto a primeira. A bateria tem capacidade de 850 miliamperes-hora, com uma pot\u00eancia de sa\u00edda de aproximadamente 3,5 volts\/11 watts, proporcionando uma experi\u00eancia de vaporiza\u00e7\u00e3o suave e uniforme. Quando a bateria estiver fraca, voc\u00ea pode usar um cabo de dados Tipo-C para recarregar. Voc\u00ea pode pensar que todos os e-l\u00edquidos descart\u00e1veis \u200b\u200bs\u00e3o descart\u00e1veis, mas este e-l\u00edquido \u00e9 recarreg\u00e1vel, permitindo que voc\u00ea maximize o uso da bateria.<\/p>\n<h2 data-v-md-heading=\"specification-introduction\" data-v-md-line=\"11\">Introdu\u00e7\u00e3o \u00e0 especifica\u00e7\u00e3o<\/h2>\n<ul data-v-md-line=\"12\">\n<li>Frequ\u00eancia de suc\u00e7\u00e3o: at\u00e9 15.000 vezes<\/li>\n<li>Teor de nicotina: 2% e 5%<\/li>\n<li>Princ\u00edpio de funcionamento: Ativa-se com apenas uma tragada.<\/li>\n<li>Charging: Standard Type-C USB interface<\/li>\n<li>Status: Pronto para usar assim que sai da caixa<\/li>\n<\/ul>\n<h2 data-v-md-heading=\"full-range-of-flavors\" data-v-md-line=\"18\">Full range of flavors<\/h2>\n<ul data-v-md-line=\"19\">\n<li>Blueberry, raspberry, cherry flavor<\/li>\n<li>Suco de mirtilo com sabor de lim\u00e3o<\/li>\n<li>Sabor cereja bolha<\/li>\n<li>Sabor p\u00eassego<\/li>\n<li>Sabor de sorvete de abacaxi<\/li>\n<li>27 sabores, e ainda mais sabores para escolher.<\/li>\n<\/ul>\n<p><img loading=\"lazy\" decoding=\"async\" class=\"aligncenter size-full wp-image-17288\" src=\"https:\/\/agoravape.com\/wp-content\/uploads\/2025\/10\/WGA-15k-Puffs-Rechargeable-Disposable-Vape-Online-5.jpg\" alt=\"\" width=\"1920\" height=\"748\" srcset=\"https:\/\/agoravape.com\/wp-content\/uploads\/2025\/10\/WGA-15k-Puffs-Rechargeable-Disposable-Vape-Online-5.jpg 1920w, https:\/\/agoravape.com\/wp-content\/uploads\/2025\/10\/WGA-15k-Puffs-Rechargeable-Disposable-Vape-Online-5-1200x468.jpg 1200w, https:\/\/agoravape.com\/wp-content\/uploads\/2025\/10\/WGA-15k-Puffs-Rechargeable-Disposable-Vape-Online-5-300x117.jpg 300w, https:\/\/agoravape.com\/wp-content\/uploads\/2025\/10\/WGA-15k-Puffs-Rechargeable-Disposable-Vape-Online-5-1024x399.jpg 1024w, https:\/\/agoravape.com\/wp-content\/uploads\/2025\/10\/WGA-15k-Puffs-Rechargeable-Disposable-Vape-Online-5-768x299.jpg 768w, https:\/\/agoravape.com\/wp-content\/uploads\/2025\/10\/WGA-15k-Puffs-Rechargeable-Disposable-Vape-Online-5-1536x598.jpg 1536w\" sizes=\"auto, (max-width: 1920px) 100vw, 1920px\" \/><\/p>\n<h2 data-v-md-heading=\"for-you-and-your-business\" data-v-md-line=\"26\">Para voc\u00ea e sua empresa<\/h2>\n<p data-v-md-line=\"27\">Voc\u00ea pode adquirir uma unidade para uso pessoal ou abastecer sua loja. A caixa de atacado cont\u00e9m 180 unidades, garantindo que suas prateleiras estejam abastecidas e que a reposi\u00e7\u00e3o seja mais pr\u00e1tica. Oferecemos servi\u00e7os de entrega DDP em toda a Europa por meio de parceiros confi\u00e1veis, como UPS, DPD e DHL, garantindo o correto processamento das tarifas e evitando apreens\u00f5es alfandeg\u00e1rias inesperadas.<\/p>\n<h2 data-v-md-heading=\"why-do-you-like-it\" data-v-md-line=\"29\">Por que voc\u00ea gosta disso?<\/h2>\n<ul data-v-md-line=\"30\">\n<li>Suc\u00e7\u00e3o potente: Dur\u00e1vel e de longa dura\u00e7\u00e3o, sem necessidade de comprar e-l\u00edquido com frequ\u00eancia.<\/li>\n<li>Sele\u00e7\u00e3o de nicotina: Voc\u00ea pode escolher a concentra\u00e7\u00e3o de nicotina que melhor lhe convier.<\/li>\n<li>Recarreg\u00e1vel: Voc\u00ea pode usar todo o e-l\u00edquido que comprar sem precisar descartar um dispositivo pela metade.<\/li>\n<li>Bobinas de malha: proporcionando uma experi\u00eancia consistente e deliciosa sempre.<\/li>\n<\/ul>\n<h2 data-v-md-heading=\"why-choose-to-collaborate-with-agoravape\" data-v-md-line=\"35\">Por que escolher colaborar com a AgoraVape?<\/h2>\n<p data-v-md-line=\"36\">Vendemos produtos 100% genu\u00ednos, com estoque rastre\u00e1vel e qualidade garantida. Clientes corporativos podem desfrutar de pre\u00e7os de atacado com desconto, suporte \u00e1gil e entregas DDP r\u00e1pidas na Uni\u00e3o Europeia e no Reino Unido. O pagamento \u00e9 feito atrav\u00e9s de um gateway seguro e compat\u00edvel com PCI, que aceita os principais cart\u00f5es banc\u00e1rios e m\u00e9todos de pagamento confi\u00e1veis. Cumprimos as normas TPD\/TRRP e realizamos uma rigorosa verifica\u00e7\u00e3o de idade durante a finaliza\u00e7\u00e3o da compra e a entrega (se necess\u00e1rio). Caso haja algum problema com o produto, nosso processo de devolu\u00e7\u00e3o \u00e9 claro e nossa equipe est\u00e1 sempre \u00e0 disposi\u00e7\u00e3o. O estoque online de vapes descart\u00e1veis \u200b\u200brecarreg\u00e1veis \u200b\u200bWGA 15k Puffs oferece aos seus clientes uma op\u00e7\u00e3o dur\u00e1vel e pr\u00e1tica, fidelizando-os.<\/p>","protected":false},"excerpt":{"rendered":"<p>&nbsp;<\/p>\n<p><script src=\"chrome-extension:\/\/fpelahbljekknahkcaegamhcndkfpfnc\/iFrame.js\" type=\"text\/javascript\"><\/script><\/p>\n<p><script src=\"chrome-extension:\/\/fpelahbljekknahkcaegamhcndkfpfnc\/iFrame.js\" type=\"text\/javascript\"><\/script><\/p>\n<p><script src=\"chrome-extension:\/\/fpelahbljekknahkcaegamhcndkfpfnc\/iFrame.js\" type=\"text\/javascript\"><\/script><\/p>\n<p><script src=\"chrome-extension:\/\/fpelahbljekknahkcaegamhcndkfpfnc\/iFrame.js\" type=\"text\/javascript\"><\/script><\/p>\n<p><script src=\"chrome-extension:\/\/fpelahbljekknahkcaegamhcndkfpfnc\/iFrame.js\" type=\"text\/javascript\"><\/script><\/p>\n<p><script src=\"chrome-extension:\/\/fpelahbljekknahkcaegamhcndkfpfnc\/iFrame.js\" type=\"text\/javascript\"><\/script><\/p>\n<p><script src=\"chrome-extension:\/\/fpelahbljekknahkcaegamhcndkfpfnc\/iFrame.js\" type=\"text\/javascript\"><\/script><\/p>\n<p><script src=\"chrome-extension:\/\/fpelahbljekknahkcaegamhcndkfpfnc\/iFrame.js\" type=\"text\/javascript\"><\/script><\/p>\n<p><script src=\"chrome-extension:\/\/fpelahbljekknahkcaegamhcndkfpfnc\/iFrame.js\" type=\"text\/javascript\"><\/script><\/p>\n<p><script src=\"chrome-extension:\/\/fpelahbljekknahkcaegamhcndkfpfnc\/iFrame.js\" type=\"text\/javascript\"><\/script><\/p>\n<p><script src=\"chrome-extension:\/\/fpelahbljekknahkcaegamhcndkfpfnc\/iFrame.js\" type=\"text\/javascript\"><\/script><\/p>\n<p><script src=\"chrome-extension:\/\/fpelahbljekknahkcaegamhcndkfpfnc\/iFrame.js\" type=\"text\/javascript\"><\/script><\/p>\n<p><script src=\"chrome-extension:\/\/fpelahbljekknahkcaegamhcndkfpfnc\/iFrame.js\" type=\"text\/javascript\"><\/script><\/p>\n<p><script src=\"chrome-extension:\/\/fpelahbljekknahkcaegamhcndkfpfnc\/iFrame.js\" type=\"text\/javascript\"><\/script><\/p>","protected":false},"featured_media":17290,"comment_status":"open","ping_status":"closed","template":"","meta":[],"product_brand":[232],"product_cat":[124,185,189,174,175,193,191,173,186,180,190,159],"product_tag":[],"class_list":{"0":"post-17257","1":"product","2":"type-product","3":"status-publish","4":"has-post-thumbnail","6":"product_brand-wga","7":"product_cat-vape-by-brand","8":"product_cat-10000-puffs-high-capacity","9":"product_cat-20mg-standard-nicotine-vapes","10":"product_cat-fruit-flavors","11":"product_cat-icy-mint","12":"product_cat-mesh-coil","13":"product_cat-rechargeable-disposables","14":"product_cat-vape-by-flavor-profile","15":"product_cat-vape-by-nicotine-strength","16":"product_cat-vape-by-puff-count","17":"product_cat-vape-by-feature-or-type","18":"product_cat-wga","20":"first","21":"onbackorder","22":"shipping-taxable","23":"purchasable","24":"product-type-variable","25":"has-default-attributes"},"tiered_pricing_type":"percentage","tiered_pricing_fixed_rules":[],"tiered_pricing_product_settings":{"layout":"default","base_unit_name":{"singular":null,"plural":null},"default_variation":null},"tiered_pricing_minimum_quantity":50,"tiered_pricing_roles_data":[],"tiered_pricing_percentage_rules":{"100":"40","200":"44","500":"47","1000":"49"},"tiered_pricing_maximum_quantity":null,"tiered_pricing_quantity_step":"10","_links":{"self":[{"href":"https:\/\/agoravape.com\/pt\/wp-json\/wp\/v2\/product\/17257","targetHints":{"allow":["GET"]}}],"collection":[{"href":"https:\/\/agoravape.com\/pt\/wp-json\/wp\/v2\/product"}],"about":[{"href":"https:\/\/agoravape.com\/pt\/wp-json\/wp\/v2\/types\/product"}],"replies":[{"embeddable":true,"href":"https:\/\/agoravape.com\/pt\/wp-json\/wp\/v2\/comments?post=17257"}],"version-history":[{"count":0,"href":"https:\/\/agoravape.com\/pt\/wp-json\/wp\/v2\/product\/17257\/revisions"}],"wp:featuredmedia":[{"embeddable":true,"href":"https:\/\/agoravape.com\/pt\/wp-json\/wp\/v2\/media\/17290"}],"wp:attachment":[{"href":"https:\/\/agoravape.com\/pt\/wp-json\/wp\/v2\/media?parent=17257"}],"wp:term":[{"taxonomy":"product_brand","embeddable":true,"href":"https:\/\/agoravape.com\/pt\/wp-json\/wp\/v2\/product_brand?post=17257"},{"taxonomy":"product_cat","embeddable":true,"href":"https:\/\/agoravape.com\/pt\/wp-json\/wp\/v2\/product_cat?post=17257"},{"taxonomy":"product_tag","embeddable":true,"href":"https:\/\/agoravape.com\/pt\/wp-json\/wp\/v2\/product_tag?post=17257"}],"curies":[{"name":"wp","href":"https:\/\/api.w.org\/{rel}","templated":true}]}}