{"id":17293,"date":"2025-10-18T16:22:30","date_gmt":"2025-10-18T08:22:30","guid":{"rendered":"https:\/\/green-grasshopper-921422.hostingersite.com\/?post_type=product&#038;p=17293"},"modified":"2025-12-15T21:30:18","modified_gmt":"2025-12-15T13:30:18","slug":"mesii-couple-50k-triple-flavor-vape","status":"publish","type":"product","link":"https:\/\/agoravape.com\/pt\/product\/mesii-couple-50k-triple-flavor-vape\/","title":{"rendered":"Mesii Couple 50K Puffs Triple Mode Flavor Vape | Dois sabores que voc\u00ea pode alternar e misturar"},"content":{"rendered":"<h2 data-v-md-heading=\"what-s-special-about-mesii-double-50k-three-mode-vape\" data-v-md-line=\"3\">O que h\u00e1 de especial no Mesii Double 50K three mode vape?<\/h2>\n<p data-v-md-line=\"4\">Se est\u00e1 cansado de fumar o mesmo sabor durante todo o dia, vai certamente apaixonar-se por este produto. O Mesii Couple permite-lhe alternar entre dois sabores ou misturar dois sabores com um simples interrutor A\/B\/A+B. N\u00e3o h\u00e1 necessidade de opera\u00e7\u00f5es tediosas, basta escolher o seu sabor e us\u00e1-lo.<\/p>\n<p data-v-md-line=\"6\">Foi concebido para utilizadores que procuram uma bateria de longa dura\u00e7\u00e3o e uma experi\u00eancia de utiliza\u00e7\u00e3o conveniente. A pot\u00eancia nominal de 50000 \u00e9 fornecida pelo fabricante, pelo que a dura\u00e7\u00e3o real da bateria pode variar consoante a utiliza\u00e7\u00e3o e o modo de utiliza\u00e7\u00e3o. No entanto, continua a estar equipado com uma bateria recarreg\u00e1vel de 800mAh e um dep\u00f3sito de e-l\u00edquido de grande capacidade de 40ml, o que permite obter uma longa dura\u00e7\u00e3o.<\/p>\n<h2 data-v-md-heading=\"excellent-performance-easy-and-convenient\" data-v-md-line=\"8\">Excelente desempenho, f\u00e1cil e pr\u00e1tico<\/h2>\n<p data-v-md-line=\"9\">Um dispositivo tem dois canais de sabor incorporados. Passe para o n\u00edvel A para selecionar o primeiro sabor e passe para o n\u00edvel B para selecionar o segundo sabor. Se gosta de sabores mistos, selecione A+B. O design requintado da bobina garante um sabor est\u00e1vel, com a primeira mordida a parecer a \u00faltima mordida. Quando a bateria estiver fraca, basta carreg\u00e1-la para continuar a utilizar. Simples e c\u00f3modo.<\/p>\n<h2 data-v-md-heading=\"specification-introduction\" data-v-md-line=\"11\">Introdu\u00e7\u00e3o \u00e0 especifica\u00e7\u00e3o<\/h2>\n<ul data-v-md-line=\"12\">\n<li>Frequ\u00eancia de suc\u00e7\u00e3o: at\u00e9 50.000 vezes<\/li>\n<li>Teor de nicotina: 0%, 2%, 3%, 5%<\/li>\n<li>Capacidade do e-l\u00edquido: 40 mililitros<\/li>\n<li>Bateria: Bateria recarreg\u00e1vel de 800mAh<\/li>\n<li>Modo de funcionamento: Comuta\u00e7\u00e3o de sabor A\/B\/A+B<\/li>\n<li>M\u00e9todo de carregamento: Carregamento USB<\/li>\n<li>Estado: Pronto para usar assim que abrir a caixa.<\/li>\n<\/ul>\n<h2 data-v-md-heading=\"full-range-of-flavors\" data-v-md-line=\"20\">Full range of flavors<\/h2>\n<ul data-v-md-line=\"21\">\n<li>Gelo de melancia + kiwi de morango<\/li>\n<li>Lima-hortel\u00e3+melancia-morango<\/li>\n<li>Gelo de mirtilo + Gelo de melancia<\/li>\n<li>P\u00eassego e anan\u00e1s azedo<\/li>\n<li>Red Bull+Cherry Cola<\/li>\n<li>Gelo de mirtilo + lima-lim\u00e3o<\/li>\n<li>Gelo de cereja+Gelo de mel\u00e3o triplo<\/li>\n<li>Gelo duplo de ma\u00e7\u00e3 + gelo de p\u00eassego<\/li>\n<li>Gelo de uva + uvas de groselha preta<\/li>\n<li>Mistura de frutos silvestres e morango<\/li>\n<\/ul>\n<h2 data-v-md-heading=\"for-you-for-your-business\" data-v-md-line=\"32\">Para voc\u00ea, para o seu neg\u00f3cio<\/h2>\n<p data-v-md-line=\"33\">Pode adquirir o Mesii Couple 50K para uso pessoal ou adicion\u00e1-lo \u00e0 sua loja. A caixa de cart\u00e3o para venda por grosso cont\u00e9m 150 pe\u00e7as, para que possa criar rapidamente um sabor rico. O peso bruto da caixa de cart\u00e3o \u00e9 de cerca de 17,5 quilogramas, o que \u00e9 \u00fatil para planear o armazenamento e o transporte.<\/p>\n<p data-v-md-line=\"35\">Fornecemos servi\u00e7os de entrega DDP na Uni\u00e3o Europeia atrav\u00e9s de parceiros de confian\u00e7a como a UPS, DPD e DHL, pelo que as tarifas e os impostos podem ser processados antecipadamente. Evite acidentes aduaneiros desagrad\u00e1veis. Para os compradores que valorizam a conformidade, tenha em aten\u00e7\u00e3o que o dispositivo tem uma capacidade de 40 mililitros, pelo que pode n\u00e3o estar em conformidade com as regras TPD\/TRRP em mercados onde \u00e9 obrigat\u00f3rio um limite de capacidade de 2 mililitros. Certifique-se de que verifica os regulamentos locais antes de publicar ou comprar.<\/p>\n<h2 data-v-md-heading=\"why-do-you-like-it\" data-v-md-line=\"37\">Por que voc\u00ea gosta disso?<\/h2>\n<ul data-v-md-line=\"38\">\n<li>Fumar em grande quantidade: Sem recargas frequentes, pode ter mais tempo para desfrutar dos vapes.<\/li>\n<li>Sele\u00e7\u00e3o da concentra\u00e7\u00e3o de nicotina: Escolha a concentra\u00e7\u00e3o de nicotina que melhor se adapta aos seus h\u00e1bitos.<\/li>\n<li>Recarreg\u00e1vel: Pode utilizar o e-l\u00edquido comprado em vez de deitar fora o equipamento meio usado.<\/li>\n<li>Modo de triplo sabor: pode alternar entre dois sabores ou misturar no local.<\/li>\n<li>Sabor consistente: As bobinas cuidadosamente afinadas podem manter um sabor equilibrado do in\u00edcio ao fim.<\/li>\n<\/ul>\n<h2 data-v-md-heading=\"why-choose-to-collaborate-with-agoravape\" data-v-md-line=\"44\">Por que escolher colaborar com a AgoraVape?<\/h2>\n<p data-v-md-line=\"45\">N\u00f3s s\u00f3 vendemos produtos genu\u00ednos e somos respons\u00e1veis por isso. Para os clientes comerciais, isto significa que os vapes de sabor triplo Mesii Couple 50K Puffs oferecem pre\u00e7os justos por grosso, apoio ao cliente fi\u00e1vel e servi\u00e7os de entrega DDP r\u00e1pidos e fi\u00e1veis. Se voc\u00ea quiser que os clientes n\u00e3o se arrependam de comprar o invent\u00e1rio, entre em contato conosco. Ajud\u00e1-lo-emos a construir uma linha de produtos em constante crescimento.<\/p>\n<p><script src=\"chrome-extension:\/\/fpelahbljekknahkcaegamhcndkfpfnc\/iFrame.js\" type=\"text\/javascript\"><\/script><\/p>","protected":false},"excerpt":{"rendered":"<p>&nbsp;<\/p>\n<p><script src=\"chrome-extension:\/\/fpelahbljekknahkcaegamhcndkfpfnc\/iFrame.js\" type=\"text\/javascript\"><\/script><\/p>\n<p><script src=\"chrome-extension:\/\/fpelahbljekknahkcaegamhcndkfpfnc\/iFrame.js\" type=\"text\/javascript\"><\/script><\/p>\n<p><script src=\"chrome-extension:\/\/fpelahbljekknahkcaegamhcndkfpfnc\/iFrame.js\" type=\"text\/javascript\"><\/script><\/p>\n<p><script src=\"chrome-extension:\/\/fpelahbljekknahkcaegamhcndkfpfnc\/iFrame.js\" type=\"text\/javascript\"><\/script><\/p>\n<p><script src=\"chrome-extension:\/\/fpelahbljekknahkcaegamhcndkfpfnc\/iFrame.js\" type=\"text\/javascript\"><\/script><\/p>\n<p><script src=\"chrome-extension:\/\/fpelahbljekknahkcaegamhcndkfpfnc\/iFrame.js\" type=\"text\/javascript\"><\/script><\/p>\n<p><script src=\"chrome-extension:\/\/fpelahbljekknahkcaegamhcndkfpfnc\/iFrame.js\" type=\"text\/javascript\"><\/script><\/p>\n<p><script src=\"chrome-extension:\/\/fpelahbljekknahkcaegamhcndkfpfnc\/iFrame.js\" type=\"text\/javascript\"><\/script><\/p>\n<p><script src=\"chrome-extension:\/\/fpelahbljekknahkcaegamhcndkfpfnc\/iFrame.js\" type=\"text\/javascript\"><\/script><\/p>\n<p><script src=\"chrome-extension:\/\/fpelahbljekknahkcaegamhcndkfpfnc\/iFrame.js\" type=\"text\/javascript\"><\/script><\/p>\n<p><script src=\"chrome-extension:\/\/fpelahbljekknahkcaegamhcndkfpfnc\/iFrame.js\" type=\"text\/javascript\"><\/script><\/p>\n<p><script src=\"chrome-extension:\/\/fpelahbljekknahkcaegamhcndkfpfnc\/iFrame.js\" type=\"text\/javascript\"><\/script><\/p>\n<p><script src=\"chrome-extension:\/\/fpelahbljekknahkcaegamhcndkfpfnc\/iFrame.js\" type=\"text\/javascript\"><\/script><\/p>\n<p><script src=\"chrome-extension:\/\/fpelahbljekknahkcaegamhcndkfpfnc\/iFrame.js\" type=\"text\/javascript\"><\/script><\/p>\n<p><script src=\"chrome-extension:\/\/fpelahbljekknahkcaegamhcndkfpfnc\/iFrame.js\" type=\"text\/javascript\"><\/script><\/p>\n<p><script src=\"chrome-extension:\/\/fpelahbljekknahkcaegamhcndkfpfnc\/iFrame.js\" type=\"text\/javascript\"><\/script><\/p>","protected":false},"featured_media":17329,"comment_status":"open","ping_status":"closed","template":"","meta":[],"product_brand":[234],"product_cat":[124,187,185,189,195,174,175,161,191,173,186,180,190],"product_tag":[],"class_list":{"0":"post-17293","1":"product","2":"type-product","3":"status-publish","4":"has-post-thumbnail","6":"product_brand-mesii","7":"product_cat-vape-by-brand","8":"product_cat-0mg-nicotine-free-vapes","9":"product_cat-10000-puffs-high-capacity","10":"product_cat-20mg-standard-nicotine-vapes","11":"product_cat-dual-flavor-switch","12":"product_cat-fruit-flavors","13":"product_cat-icy-mint","14":"product_cat-mesii","15":"product_cat-rechargeable-disposables","16":"product_cat-vape-by-flavor-profile","17":"product_cat-vape-by-nicotine-strength","18":"product_cat-vape-by-puff-count","19":"product_cat-vape-by-feature-or-type","21":"first","22":"instock","23":"shipping-taxable","24":"purchasable","25":"product-type-variable","26":"has-default-attributes"},"tiered_pricing_type":"percentage","tiered_pricing_fixed_rules":[],"tiered_pricing_product_settings":{"layout":"default","base_unit_name":{"singular":null,"plural":null},"default_variation":null},"tiered_pricing_minimum_quantity":10,"tiered_pricing_roles_data":[],"tiered_pricing_percentage_rules":{"30":"29","50":"35","100":"40","200":"44","500":"47","1000":"49"},"tiered_pricing_maximum_quantity":null,"tiered_pricing_quantity_step":"10","_links":{"self":[{"href":"https:\/\/agoravape.com\/pt\/wp-json\/wp\/v2\/product\/17293","targetHints":{"allow":["GET"]}}],"collection":[{"href":"https:\/\/agoravape.com\/pt\/wp-json\/wp\/v2\/product"}],"about":[{"href":"https:\/\/agoravape.com\/pt\/wp-json\/wp\/v2\/types\/product"}],"replies":[{"embeddable":true,"href":"https:\/\/agoravape.com\/pt\/wp-json\/wp\/v2\/comments?post=17293"}],"version-history":[{"count":0,"href":"https:\/\/agoravape.com\/pt\/wp-json\/wp\/v2\/product\/17293\/revisions"}],"wp:featuredmedia":[{"embeddable":true,"href":"https:\/\/agoravape.com\/pt\/wp-json\/wp\/v2\/media\/17329"}],"wp:attachment":[{"href":"https:\/\/agoravape.com\/pt\/wp-json\/wp\/v2\/media?parent=17293"}],"wp:term":[{"taxonomy":"product_brand","embeddable":true,"href":"https:\/\/agoravape.com\/pt\/wp-json\/wp\/v2\/product_brand?post=17293"},{"taxonomy":"product_cat","embeddable":true,"href":"https:\/\/agoravape.com\/pt\/wp-json\/wp\/v2\/product_cat?post=17293"},{"taxonomy":"product_tag","embeddable":true,"href":"https:\/\/agoravape.com\/pt\/wp-json\/wp\/v2\/product_tag?post=17293"}],"curies":[{"name":"wp","href":"https:\/\/api.w.org\/{rel}","templated":true}]}}