{"id":17342,"date":"2025-10-18T16:38:23","date_gmt":"2025-10-18T08:38:23","guid":{"rendered":"https:\/\/green-grasshopper-921422.hostingersite.com\/?post_type=product&#038;p=17342"},"modified":"2026-02-22T15:16:06","modified_gmt":"2026-02-22T14:16:06","slug":"narguile-mesii-heavy-hitter-50k-vape","status":"publish","type":"product","link":"https:\/\/agoravape.com\/pt\/product\/mesii-shisha-heavy-hitter-50k-vape\/","title":{"rendered":"Mesii Shisha Heavy Hitter 50k Puffs DTL\/MTL Vape | Grande n\u00famero de baforadas com estilos de saque duplos"},"content":{"rendered":"<h2 data-v-md-heading=\"what-are-the-characteristics-of-mesii-shisha-heavy-hitter-50k-caliber-caliber-vapes\" data-v-md-line=\"3\"><img loading=\"lazy\" decoding=\"async\" class=\"aligncenter size-full wp-image-17354\" src=\"https:\/\/agoravape.com\/wp-content\/uploads\/2025\/10\/Mesii-Shisha-Heavy-Hitter-50k-Puffs-DTLMTL-Vape_Agora_vape-1-scaled.webp\" alt=\"\" width=\"1810\" height=\"2560\" srcset=\"https:\/\/agoravape.com\/wp-content\/uploads\/2025\/10\/Mesii-Shisha-Heavy-Hitter-50k-Puffs-DTLMTL-Vape_Agora_vape-1-scaled.webp 1810w, https:\/\/agoravape.com\/wp-content\/uploads\/2025\/10\/Mesii-Shisha-Heavy-Hitter-50k-Puffs-DTLMTL-Vape_Agora_vape-1-scaled-1200x1697.webp 1200w, https:\/\/agoravape.com\/wp-content\/uploads\/2025\/10\/Mesii-Shisha-Heavy-Hitter-50k-Puffs-DTLMTL-Vape_Agora_vape-1-212x300.webp 212w, https:\/\/agoravape.com\/wp-content\/uploads\/2025\/10\/Mesii-Shisha-Heavy-Hitter-50k-Puffs-DTLMTL-Vape_Agora_vape-1-724x1024.webp 724w, https:\/\/agoravape.com\/wp-content\/uploads\/2025\/10\/Mesii-Shisha-Heavy-Hitter-50k-Puffs-DTLMTL-Vape_Agora_vape-1-768x1086.webp 768w, https:\/\/agoravape.com\/wp-content\/uploads\/2025\/10\/Mesii-Shisha-Heavy-Hitter-50k-Puffs-DTLMTL-Vape_Agora_vape-1-1086x1536.webp 1086w, https:\/\/agoravape.com\/wp-content\/uploads\/2025\/10\/Mesii-Shisha-Heavy-Hitter-50k-Puffs-DTLMTL-Vape_Agora_vape-1-1448x2048.webp 1448w\" sizes=\"auto, (max-width: 1810px) 100vw, 1810px\" \/><\/h2>\n<h2 data-v-md-heading=\"what-are-the-characteristics-of-mesii-shisha-heavy-hitter-50k-caliber-caliber-vapes\" data-v-md-line=\"3\">Quais s\u00e3o as carater\u00edsticas dos vapes Mesii Shisha Heavy Hitter 50k calibre\/calibre?<\/h2>\n<p data-v-md-line=\"4\">Se est\u00e1 cansado de vaporizadores descart\u00e1veis que podem ser usados em poucos dias, ent\u00e3o vai querer dar uma vista de olhos a este produto. O Mesii Shisha Heavy Hitter est\u00e1 equipado com bobinas de malha que podem acomodar at\u00e9 50000 bocados, garantindo um sabor consistente e puro em todos os momentos.<\/p>\n<p data-v-md-line=\"6\">\u00c9 adequado para duas formas de fumar. Quer prefira uma suc\u00e7\u00e3o bucal apertada ou uma suc\u00e7\u00e3o suave e direta, este dispositivo \u00e9 f\u00e1cil de manusear. Pode pensar-se que um vape de t\u00e3o grande capacidade seria volumoso, mas a sua leveza e portabilidade v\u00e3o surpreend\u00ea-lo.<\/p>\n<h2 data-v-md-heading=\"excellent-performance-and-easy-operation\" data-v-md-line=\"8\">Excelente desempenho e opera\u00e7\u00e3o f\u00e1cil.<\/h2>\n<p data-v-md-line=\"9\">Bobina de malha incorporada para uma dissipa\u00e7\u00e3o uniforme do calor, tornando cada suc\u00e7\u00e3o t\u00e3o suave como a suc\u00e7\u00e3o inicial. Ativa\u00e7\u00e3o por inala\u00e7\u00e3o, sem necessidade de bot\u00f5es ou menus. Quando a bateria estiver fraca, pode utilizar um cabo de dados Tipo C padr\u00e3o (que pode ser o mesmo que o utilizado no seu telem\u00f3vel) para carregar. Simples e c\u00f3modo.<\/p>\n<h2 data-v-md-heading=\"specification-overview\" data-v-md-line=\"11\">Vis\u00e3o geral das especifica\u00e7\u00f5es<\/h2>\n<p data-v-md-line=\"12\"><strong>Frequ\u00eancia de aspira\u00e7\u00e3o<\/strong>: at\u00e9 50000 vezes<br \/>\n<strong>Teor de nicotina<\/strong>: 0%, 0.2%, 0.3%, 0.5%<br \/>\n<strong>Utiliza\u00e7\u00e3o<\/strong>: D\u00ea uma passa para ativar<br \/>\n<strong>M\u00e9todo de carregamento<\/strong>Interface USB Tipo-C padr\u00e3o<br \/>\n<strong>Status<\/strong>Pronto para usar assim que abrir a caixa.<br \/>\n<strong>M\u00e9todo de aspira\u00e7\u00e3o<\/strong>: suc\u00e7\u00e3o ligeira ou suc\u00e7\u00e3o oral<br \/>\n<strong>Capacidade do e-l\u00edquido<\/strong>: 45 mililitros<br \/>\n<strong>Bateria<\/strong>Bateria recarreg\u00e1vel de 800mAh<br \/>\n<strong>N\u00facleo atomizador<\/strong>: Malha como<\/p>\n<h2 data-v-md-heading=\"full-range-of-flavors\" data-v-md-line=\"22\">Full range of flavors<\/h2>\n<ul data-v-md-line=\"23\">\n<li>Margarita de morango (narguil\u00e9)<\/li>\n<li>Love 777 (cachimbo de \u00e1gua)<\/li>\n<li>Menta de uva (narguil\u00e9)<\/li>\n<li>Gelo duplo de ma\u00e7\u00e3 (narguil\u00e9)<\/li>\n<li>Lady Killer (narguil\u00e9)<\/li>\n<li>Sorvete de p\u00eassego<\/li>\n<li>Pista de gelo azul<\/li>\n<li>Gelo de Melancia<\/li>\n<li>Berry Ice<\/li>\n<li>Gelo de Amora<\/li>\n<li>Gelo de morango e cereja<\/li>\n<li>Gelo de mirtilo e melancia<\/li>\n<li>Gelo de lim\u00e3o e lima<\/li>\n<li>Sour Mango Pineapple Ice<\/li>\n<li>Sorvete de uva<\/li>\n<\/ul>\n<h2 data-v-md-heading=\"for-you-and-for-your-business-as-well\" data-v-md-line=\"39\">Para voc\u00ea e para o seu neg\u00f3cio tamb\u00e9m.<\/h2>\n<p data-v-md-line=\"40\">Pode comprar o Mesii Shisha Heavy Hitter 50k para si ou para a sua loja. A caixa de cart\u00e3o para venda por grosso cont\u00e9m 150 unidades, pelo que pode facilmente criar uma s\u00e9rie de sabores campe\u00f5es de vendas. O peso bruto da caixa de cart\u00e3o \u00e9 de cerca de 17,5 quilogramas, o que \u00e9 conveniente para planear e enviar.<\/p>\n<p data-v-md-line=\"42\">Enviamos atrav\u00e9s da UPS, DPD e DHL dentro da Europa numa base DDP com pagamento de impostos, para que as encomendas possam ser libertadas sem taxas adicionais ou atrasos. Fornecemos servi\u00e7os de rastreio e embalamos cuidadosamente.<\/p>\n<h2 data-v-md-heading=\"why-do-you-like-it\" data-v-md-line=\"44\">Por que voc\u00ea gosta disso?<\/h2>\n<p data-v-md-line=\"45\"><strong>Suc\u00e7\u00e3o massiva:<\/strong>\u00a0O tempo de suc\u00e7\u00e3o \u00e9 mais longo, pelo que n\u00e3o \u00e9 necess\u00e1rio comprar novos aparelhos com frequ\u00eancia.<br \/>\n<strong>Sele\u00e7\u00e3o de nicotina:<\/strong>\u00a0Escolha a concentra\u00e7\u00e3o que mais lhe conv\u00e9m.<br \/>\n<strong>Recarreg\u00e1vel:<\/strong>\u00a0Utilize todo o e-l\u00edquido comprado de uma s\u00f3 vez.<br \/>\n<strong>N\u00facleo do atomizador em malha:<\/strong>\u00a0proporciona sempre um sabor est\u00e1vel e rico.<br \/>\n<strong>Flex\u00edvel e vers\u00e1til:<\/strong>\u00a0Pode mudar o m\u00e9todo de suc\u00e7\u00e3o de acordo com a sua disposi\u00e7\u00e3o.<\/p>\n<h2 data-v-md-heading=\"why-collaborate-with-agoravape\" data-v-md-line=\"51\">Por que colaborar com a AgoraVape?<\/h2>\n<p data-v-md-line=\"52\">Vendemos apenas produtos genu\u00ednos 100% e fornecemos uma garantia para isso. Para clientes comerciais, pode desfrutar de pre\u00e7os grossistas com desconto, apoio p\u00f3s-venda r\u00e1pido e entrega r\u00e1pida de pagamentos de impostos para os vapes Mesii Shisha Heavy Hitter 50k Puffs DTL\/MTL. Contacte-nos e prepararemos um produto descart\u00e1vel duradouro para aumentar a sua taxa de reten\u00e7\u00e3o de clientes.<\/p>\n<p><script src=\"chrome-extension:\/\/fpelahbljekknahkcaegamhcndkfpfnc\/iFrame.js\" type=\"text\/javascript\"><\/script><\/p>","protected":false},"excerpt":{"rendered":"<p>&nbsp;<\/p>\n<p><script src=\"chrome-extension:\/\/fpelahbljekknahkcaegamhcndkfpfnc\/iFrame.js\" type=\"text\/javascript\"><\/script><\/p>\n<p><script src=\"chrome-extension:\/\/fpelahbljekknahkcaegamhcndkfpfnc\/iFrame.js\" type=\"text\/javascript\"><\/script><\/p>\n<p><script src=\"chrome-extension:\/\/fpelahbljekknahkcaegamhcndkfpfnc\/iFrame.js\" type=\"text\/javascript\"><\/script><\/p>\n<p><script src=\"chrome-extension:\/\/fpelahbljekknahkcaegamhcndkfpfnc\/iFrame.js\" type=\"text\/javascript\"><\/script><\/p>\n<p><script src=\"chrome-extension:\/\/fpelahbljekknahkcaegamhcndkfpfnc\/iFrame.js\" type=\"text\/javascript\"><\/script><\/p>\n<p><script src=\"chrome-extension:\/\/fpelahbljekknahkcaegamhcndkfpfnc\/iFrame.js\" type=\"text\/javascript\"><\/script><\/p>\n<p><script src=\"chrome-extension:\/\/fpelahbljekknahkcaegamhcndkfpfnc\/iFrame.js\" type=\"text\/javascript\"><\/script><\/p>\n<p><script src=\"chrome-extension:\/\/fpelahbljekknahkcaegamhcndkfpfnc\/iFrame.js\" type=\"text\/javascript\"><\/script><\/p>\n<p><script src=\"chrome-extension:\/\/fpelahbljekknahkcaegamhcndkfpfnc\/iFrame.js\" type=\"text\/javascript\"><\/script><\/p>\n<p><script src=\"chrome-extension:\/\/fpelahbljekknahkcaegamhcndkfpfnc\/iFrame.js\" type=\"text\/javascript\"><\/script><\/p>\n<p><script src=\"chrome-extension:\/\/fpelahbljekknahkcaegamhcndkfpfnc\/iFrame.js\" type=\"text\/javascript\"><\/script><\/p>\n<p><script src=\"chrome-extension:\/\/fpelahbljekknahkcaegamhcndkfpfnc\/iFrame.js\" type=\"text\/javascript\"><\/script><\/p>\n<p><script src=\"chrome-extension:\/\/fpelahbljekknahkcaegamhcndkfpfnc\/iFrame.js\" type=\"text\/javascript\"><\/script><\/p>\n<p><script src=\"chrome-extension:\/\/fpelahbljekknahkcaegamhcndkfpfnc\/iFrame.js\" type=\"text\/javascript\"><\/script><\/p>\n<p><script src=\"chrome-extension:\/\/fpelahbljekknahkcaegamhcndkfpfnc\/iFrame.js\" type=\"text\/javascript\"><\/script><\/p>","protected":false},"featured_media":17366,"comment_status":"open","ping_status":"closed","template":"","meta":[],"product_brand":[234],"product_cat":[124,187,185,189,174,175,193,161,191,179,173,186,180,190,192],"product_tag":[],"class_list":{"0":"post-17342","1":"product","2":"type-product","3":"status-publish","4":"has-post-thumbnail","6":"product_brand-mesii","7":"product_cat-vape-by-brand","8":"product_cat-0mg-nicotine-free-vapes","9":"product_cat-10000-puffs-high-capacity","10":"product_cat-20mg-standard-nicotine-vapes","11":"product_cat-fruit-flavors","12":"product_cat-icy-mint","13":"product_cat-mesh-coil","14":"product_cat-mesii","15":"product_cat-rechargeable-disposables","16":"product_cat-unique-blends","17":"product_cat-vape-by-flavor-profile","18":"product_cat-vape-by-nicotine-strength","19":"product_cat-vape-by-puff-count","20":"product_cat-vape-by-feature-or-type","21":"product_cat-vapes-with-screens","23":"first","24":"onbackorder","25":"shipping-taxable","26":"purchasable","27":"product-type-variable","28":"has-default-attributes"},"tiered_pricing_type":"percentage","tiered_pricing_fixed_rules":[],"tiered_pricing_product_settings":{"layout":"default","base_unit_name":{"singular":null,"plural":null},"default_variation":null},"tiered_pricing_minimum_quantity":10,"tiered_pricing_roles_data":[],"tiered_pricing_percentage_rules":{"30":"29","50":"35","100":"40","200":"44","500":"47","1000":"49"},"tiered_pricing_maximum_quantity":null,"tiered_pricing_quantity_step":"10","_links":{"self":[{"href":"https:\/\/agoravape.com\/pt\/wp-json\/wp\/v2\/product\/17342","targetHints":{"allow":["GET"]}}],"collection":[{"href":"https:\/\/agoravape.com\/pt\/wp-json\/wp\/v2\/product"}],"about":[{"href":"https:\/\/agoravape.com\/pt\/wp-json\/wp\/v2\/types\/product"}],"replies":[{"embeddable":true,"href":"https:\/\/agoravape.com\/pt\/wp-json\/wp\/v2\/comments?post=17342"}],"version-history":[{"count":0,"href":"https:\/\/agoravape.com\/pt\/wp-json\/wp\/v2\/product\/17342\/revisions"}],"wp:featuredmedia":[{"embeddable":true,"href":"https:\/\/agoravape.com\/pt\/wp-json\/wp\/v2\/media\/17366"}],"wp:attachment":[{"href":"https:\/\/agoravape.com\/pt\/wp-json\/wp\/v2\/media?parent=17342"}],"wp:term":[{"taxonomy":"product_brand","embeddable":true,"href":"https:\/\/agoravape.com\/pt\/wp-json\/wp\/v2\/product_brand?post=17342"},{"taxonomy":"product_cat","embeddable":true,"href":"https:\/\/agoravape.com\/pt\/wp-json\/wp\/v2\/product_cat?post=17342"},{"taxonomy":"product_tag","embeddable":true,"href":"https:\/\/agoravape.com\/pt\/wp-json\/wp\/v2\/product_tag?post=17342"}],"curies":[{"name":"wp","href":"https:\/\/api.w.org\/{rel}","templated":true}]}}